{"id":162454,"date":"2023-09-07T09:54:21","date_gmt":"2023-09-07T07:54:21","guid":{"rendered":"https:\/\/us.edu.pl\/wydzial\/wns\/?page_id=162454"},"modified":"2023-11-06T09:54:05","modified_gmt":"2023-11-06T08:54:05","slug":"wyklady-dla-szkol-i-studentow","status":"publish","type":"page","link":"https:\/\/us.edu.pl\/wydzial\/wns\/wyklady-dla-szkol-i-studentow\/","title":{"rendered":"Wyk\u0142ady"},"content":{"rendered":"<p>[vc_row][vc_column]\r\n                <div class=\"text-modules\">\r\n                    <div class=\"container\">\r\n                        \r\n                        <div class=\"text-modules__content\"><p>Wydzia\u0142 Nauk Spo\u0142ecznych Uniwersytetu \u015al\u0105skiego w Katowicach powsta\u0142 1 pa\u017adziernika 1973 roku. To dla wydzia\u0142u wyj\u0105tkowy czas &#8211; \u015bwi\u0119tuje \u00a050. rok istnienia.<\/p>\n<p>Partnerem wydarze\u0144 odbywaj\u0105cych si\u0119 w ramach obchod\u00f3w 50-lecia Wydzia\u0142u Nauk Spo\u0142ecznych U\u015a jest G\u00f3rno\u015bl\u0105sko-Zag\u0142\u0119biowska Metropolia.<\/p>\n<p>Obchody 50-lecia istnienia wydzia\u0142u zaplanowane zosta\u0142y na dzie\u0144 10 pa\u017adziernika br. na ul. Bankowej 11 (deptak i \u00a0budynek Wydzia\u0142u Nauk Spo\u0142ecznych).<\/p>\n<p>Zach\u0119camy do udzia\u0142u i odwiedzenia mur\u00f3w Wydzia\u0142u Nauk Spo\u0142ecznych w tym szczeg\u00f3lnym dniu. Przygotowali\u015bmy wiele ciekawych wyk\u0142ad\u00f3w, na kt\u00f3re serdecznie zapraszamy!<\/p>\n<p><span style=\"color: #339966;\"><span style=\"font-size: 12pt;\">\u21d2 Na wyk\u0142ady obowi\u0105zuj\u0105 zapisy poprzez <\/span><span style=\"color: #4aa9ed;\"><strong><span style=\"font-size: 12pt;\"><a style=\"color: #4aa9ed;\" href=\"https:\/\/el.us.edu.pl\/ankiety\/index.php\/1111?newtest=Y&amp;lang=pl\">formularz rejestracyjny.<\/a><\/span><\/strong><\/span><\/span><\/p>\n<p>&nbsp;<\/p>\n<p><strong><u>Sala wyk\u0142adowa\u00a0 240\u00a0<\/u><\/strong><\/p>\n<p>10:00 &#8211; dr Andrzej G\u00f3rny \u2013 \u201eSpo\u0142ecze\u0144stwo w internecie, internet w spo\u0142ecze\u0144stwie. Socjologiczne refleksje wok\u00f3\u0142 cyfrowego \u015bwiata\u201d<\/p>\n<p>11:00 \u2013 dr Anna Wato\u0142a \u2013 \u201eTo by\u0142a prawdziwa szko\u0142a \u017cycia \u2013 czyli o pobycie w Afryce\u201d<\/p>\n<p>12:00 &#8211; dr hab. Violetta Rodek, prof. U\u015a: \u201eW kalejdoskopie pasji\u201d<\/p>\n<p>&nbsp;<\/p>\n<p><strong><u>Sala wyk\u0142adowa sympozjalna 2 (3 pi\u0119tro)<\/u><\/strong><\/p>\n<p>10:00 &#8211; dr Maciej Marmola i dr Agata Olszanecka-Marmola: Kulisy powstawania film\u00f3w i premiera serii \u201ePolacy, kt\u00f3rzy zmienili \u015bwiat medycyny&#8221;<\/p>\n<p>11:00 &#8211; dr Monika Frania: pasja podr\u00f3\u017cnicza: &#8222;9 pere\u0142ek na \u015brodku Atlantyku, czyli o tym jak goni\u0142a mnie krowa i gdzie mieszkaj\u0105 wieloryby&#8221;<\/p>\n<p>&nbsp;<\/p>\n<p><strong><u>Sala wyk\u0142adowa 233\u00a0<\/u><\/strong><\/p>\n<p>10:00 \u2013 dr Zuzanna Neuve-\u00c9glise\u00a0 &#8211; \u201e\u015awiat jutra \u2013 Metropolia\u201d<\/p>\n<p>11:00 &#8211;\u00a0 dr Zuzanna Neuve-\u00c9glise &#8211; \u00a0\u201eSzacunek dla drugiego cz\u0142owieka na przestrzeni ostatnich lat \u2013 Metropolia wsp\u00f3lnot\u0105 nadziei\u201d<\/p>\n<p>12:00 &#8211;\u00a0 dr Daniela Dzienniak-Pulina \u2013 \u201eCzy pasja mo\u017ce leczy\u0107? &#8211; na przyk\u0142adzie zlot\u00f3w pasjonat\u00f3w VW Garbusa\u201d<\/p>\n<p>13:00 &#8211; dr Agnieszka Skorupa: \u201e Kung Fu po \u015bl\u0105sku \u2013 czyli jak trenuj\u0105c w Katowicach pojecha\u0107 na Mistrzostwa \u015awiata do Chin\u201d<\/p>\n<p>&nbsp;<\/p>\n<p><strong>Aula im. Popio\u0142ka<\/strong><\/p>\n<p>13:30 &#8211; uroczyste otwarcie \u2013 prof. dr hab. Zenon Gajdzica<\/p>\n<p>13:45 \u2013 debata: \u201dWszystkie dzieci nasze s\u0105\u201d \u2013 Metropolia atrakcyjna dla ludzi m\u0142odych<\/p>\n<p>Moderatorzy: dr Zuzanna Neuve-\u00c9glise i dr hab. Tomasz Huk, prof. U\u015a<\/p>\n<\/div>\r\n                    <\/div>\r\n                <\/div>[\/vc_column][\/vc_row]<\/p>","protected":false},"excerpt":{"rendered":"<p>[vc_row][vc_column][\/vc_column][\/vc_row] [&#8230;]<\/p>\n<p><a class=\"btn btn-secondary understrap-read-more-link\" href=\"https:\/\/us.edu.pl\/wydzial\/wns\/wyklady-dla-szkol-i-studentow\/\">Read More&#8230;<\/a><\/p>\n","protected":false},"author":133,"featured_media":0,"parent":0,"menu_order":0,"comment_status":"closed","ping_status":"closed","template":"","meta":{"_expiration-date-status":"","_expiration-date":0,"_expiration-date-type":"","_expiration-date-categories":[],"_expiration-date-options":[]},"acf":[],"_links":{"self":[{"href":"https:\/\/us.edu.pl\/wydzial\/wns\/wp-json\/wp\/v2\/pages\/162454"}],"collection":[{"href":"https:\/\/us.edu.pl\/wydzial\/wns\/wp-json\/wp\/v2\/pages"}],"about":[{"href":"https:\/\/us.edu.pl\/wydzial\/wns\/wp-json\/wp\/v2\/types\/page"}],"author":[{"embeddable":true,"href":"https:\/\/us.edu.pl\/wydzial\/wns\/wp-json\/wp\/v2\/users\/133"}],"replies":[{"embeddable":true,"href":"https:\/\/us.edu.pl\/wydzial\/wns\/wp-json\/wp\/v2\/comments?post=162454"}],"version-history":[{"count":9,"href":"https:\/\/us.edu.pl\/wydzial\/wns\/wp-json\/wp\/v2\/pages\/162454\/revisions"}],"predecessor-version":[{"id":163435,"href":"https:\/\/us.edu.pl\/wydzial\/wns\/wp-json\/wp\/v2\/pages\/162454\/revisions\/163435"}],"wp:attachment":[{"href":"https:\/\/us.edu.pl\/wydzial\/wns\/wp-json\/wp\/v2\/media?parent=162454"}],"curies":[{"name":"wp","href":"https:\/\/api.w.org\/{rel}","templated":true}]}}