{"id":162458,"date":"2023-09-07T10:06:38","date_gmt":"2023-09-07T08:06:38","guid":{"rendered":"https:\/\/us.edu.pl\/wydzial\/wns\/?page_id=162458"},"modified":"2023-09-07T10:24:14","modified_gmt":"2023-09-07T08:24:14","slug":"inauguracja-roku-akademickiego","status":"publish","type":"page","link":"https:\/\/us.edu.pl\/wydzial\/wns\/inauguracja-roku-akademickiego\/","title":{"rendered":"Inauguracja roku akademickiego"},"content":{"rendered":"<p>[vc_row][vc_column]\r\n                <div class=\"text-modules\">\r\n                    <div class=\"container\">\r\n                        \r\n                        <div class=\"text-modules__content\"><p>Zapraszamy na Inauguracj\u0119 roku akademickiego 2023\/2024, kt\u00f3ra odb\u0119dzie si\u0119 10 pa\u017adziernika 2023 roku w auli im. Kazimierza Popio\u0142ka o godz. 11:00 (ul. Bankowa 11, I pi\u0119tro).<\/p>\n<\/div>\r\n                    <\/div>\r\n                <\/div>\r\n                <div class=\"text-modules\">\r\n                    <div class=\"container\">\r\n                        \r\n                        <div class=\"text-modules__content\"><p><img class=\"wp-image-162459 size-full aligncenter\" src=\"https:\/\/us.edu.pl\/wydzial\/wns\/wp-content\/uploads\/sites\/17\/Bez-kategorii\/prezentacja_1920x1080px_WNS-002.png\" alt=\"slider inauguracja\" width=\"1920\" height=\"1080\" srcset=\"https:\/\/us.edu.pl\/wydzial\/wns\/wp-content\/uploads\/sites\/17\/Bez-kategorii\/prezentacja_1920x1080px_WNS-002.png 1920w, https:\/\/us.edu.pl\/wydzial\/wns\/wp-content\/uploads\/sites\/17\/Bez-kategorii\/prezentacja_1920x1080px_WNS-002-300x169.png 300w, https:\/\/us.edu.pl\/wydzial\/wns\/wp-content\/uploads\/sites\/17\/Bez-kategorii\/prezentacja_1920x1080px_WNS-002-1024x576.png 1024w, https:\/\/us.edu.pl\/wydzial\/wns\/wp-content\/uploads\/sites\/17\/Bez-kategorii\/prezentacja_1920x1080px_WNS-002-768x432.png 768w, https:\/\/us.edu.pl\/wydzial\/wns\/wp-content\/uploads\/sites\/17\/Bez-kategorii\/prezentacja_1920x1080px_WNS-002-1536x864.png 1536w, https:\/\/us.edu.pl\/wydzial\/wns\/wp-content\/uploads\/sites\/17\/Bez-kategorii\/prezentacja_1920x1080px_WNS-002-575x323.png 575w\" sizes=\"(max-width: 1920px) 100vw, 1920px\" \/><\/p>\n<\/div>\r\n                    <\/div>\r\n                <\/div>[\/vc_column][\/vc_row]<\/p>","protected":false},"excerpt":{"rendered":"<p>[vc_row][vc_column][\/vc_column][\/vc_row] [&#8230;]<\/p>\n<p><a class=\"btn btn-secondary understrap-read-more-link\" href=\"https:\/\/us.edu.pl\/wydzial\/wns\/inauguracja-roku-akademickiego\/\">Read More&#8230;<\/a><\/p>\n","protected":false},"author":133,"featured_media":0,"parent":0,"menu_order":0,"comment_status":"closed","ping_status":"closed","template":"","meta":{"_expiration-date-status":"","_expiration-date":0,"_expiration-date-type":"","_expiration-date-categories":[],"_expiration-date-options":[]},"acf":[],"_links":{"self":[{"href":"https:\/\/us.edu.pl\/wydzial\/wns\/wp-json\/wp\/v2\/pages\/162458"}],"collection":[{"href":"https:\/\/us.edu.pl\/wydzial\/wns\/wp-json\/wp\/v2\/pages"}],"about":[{"href":"https:\/\/us.edu.pl\/wydzial\/wns\/wp-json\/wp\/v2\/types\/page"}],"author":[{"embeddable":true,"href":"https:\/\/us.edu.pl\/wydzial\/wns\/wp-json\/wp\/v2\/users\/133"}],"replies":[{"embeddable":true,"href":"https:\/\/us.edu.pl\/wydzial\/wns\/wp-json\/wp\/v2\/comments?post=162458"}],"version-history":[{"count":6,"href":"https:\/\/us.edu.pl\/wydzial\/wns\/wp-json\/wp\/v2\/pages\/162458\/revisions"}],"predecessor-version":[{"id":162475,"href":"https:\/\/us.edu.pl\/wydzial\/wns\/wp-json\/wp\/v2\/pages\/162458\/revisions\/162475"}],"wp:attachment":[{"href":"https:\/\/us.edu.pl\/wydzial\/wns\/wp-json\/wp\/v2\/media?parent=162458"}],"curies":[{"name":"wp","href":"https:\/\/api.w.org\/{rel}","templated":true}]}}