{"id":162696,"date":"2023-09-27T12:40:45","date_gmt":"2023-09-27T10:40:45","guid":{"rendered":"https:\/\/us.edu.pl\/wydzial\/wns\/?page_id=162696"},"modified":"2023-09-27T12:50:53","modified_gmt":"2023-09-27T10:50:53","slug":"grazynskiego-53","status":"publish","type":"page","link":"https:\/\/us.edu.pl\/wydzial\/wns\/grazynskiego-53\/","title":{"rendered":"Gra\u017cy\u0144skiego 53"},"content":{"rendered":"<p>[vc_row][vc_column]\r\n                <div class=\"text-modules\">\r\n                    <div class=\"container\">\r\n                        \r\n                        <div class=\"text-modules__content\"><p>Kierunek:<\/p>\n<p>Pedagogika specjalna jednolite magisterskie stacjonarne &#8211; pok\u00f3j nr 11A<\/p>\n<p>02.10.2023 r. \u2013 od godz.8.00-11.30<\/p>\n<p>03.10.2023 r. \u2013 w godzinach od 11.00-14.00<\/p>\n<p>04.10.2023 r. \u2013 w godzinach od 11.00-14.00<\/p>\n<p>&nbsp;<\/p>\n<p>Pedagogika wczesnoszkolna i przedszkolna\u00a0 jednolite magisterskie stacjonarne &#8211; pok\u00f3j nr 11A<\/p>\n<p>02.10.2023 r. \u2013 od godz.8.00-11.30<\/p>\n<p>03.10.2023 r. \u2013 w godzinach od 10.30-14.00<\/p>\n<p>04.10.2023 r. \u2013 w godzinach od 11.00-14.00<\/p>\n<p>&nbsp;<\/p>\n<p>Pedagogika studia I stopnia stacjonarne &#8211; pok\u00f3j nr 11A<\/p>\n<p>02.10.2022 r. \u2013 od godz.8.00-11.30<\/p>\n<p>03.10.2022 r. \u2013 w godzinach od 11.30-14.00<\/p>\n<p>04.10.2023 r. \u2013 w godzinach od 11.00-14.00<\/p>\n<p>&nbsp;<\/p>\n<p>Arteterapia I stopie\u0144 stacjonarne &#8211; pok\u00f3j nr 11A<\/p>\n<p>02.10.2022 r. \u2013 od godz.11.40-14.00<\/p>\n<p>04.10.2023 r. \u2013 w godzinach od 11.00-14.00<\/p>\n<p>&nbsp;<\/p>\n<p>Psychologia jednolite magisterskie &#8211; pok\u00f3j nr 11A<\/p>\n<p>02.10.2023 r. \u2013 od godz.11.40-14.00<\/p>\n<p>04.10.2023 r. \u2013 w godzinach od 11.00-14.00<\/p>\n<p>&nbsp;<\/p>\n<p>&nbsp;<\/p>\n<p>&nbsp;<\/p>\n<p>Osoby, kt\u00f3re nie odbior\u0105 legitymacji w wy\u017cej wyznaczonych dniach proszone s\u0105 o zg\u0142oszenie si\u0119 w innym terminie w godzinach pracy dziekanatu.<\/p>\n<p>Godziny pracy Dziekanatu:<\/p>\n<p>Poniedzia\u0142ek:11.00-14.00<\/p>\n<p>Wtorek: 9.30-14.00<\/p>\n<p>\u015aroda: 11.00-14.00<\/p>\n<p>Czwartek: 9.30-14.00<\/p>\n<p>Pi\u0105tek: nieczynne<\/p>\n<p><strong>Przypominamy o obowi\u0105zku uiszczenia op\u0142aty za legitymacje studenck\u0105 w kwocie 22 z\u0142.<\/strong><\/p>\n<p><strong>Przypominamy o obowi\u0105zku zaakceptowania w systemie USOS: \u015alubowania, O\u015bwiadczenia\u00a0 studenta o zapoznaniu si\u0119 z warunkami odp\u0142atno\u015bci oraz O\u015bwiadczenia o zapoznaniu si\u0119 z Regulaminem ochrony, korzystania i zarz\u0105dzania wynikami prac intelektualnych na Uniwersytecie \u015al\u0105skim w Katowicach.<\/strong><\/p>\n<\/div>\r\n                    <\/div>\r\n                <\/div>[\/vc_column][\/vc_row]<\/p>","protected":false},"excerpt":{"rendered":"<p>[vc_row][vc_column][\/vc_column][\/vc_row] [&#8230;]<\/p>\n<p><a class=\"btn btn-secondary understrap-read-more-link\" href=\"https:\/\/us.edu.pl\/wydzial\/wns\/grazynskiego-53\/\">Read More&#8230;<\/a><\/p>\n","protected":false},"author":133,"featured_media":0,"parent":0,"menu_order":0,"comment_status":"closed","ping_status":"closed","template":"","meta":{"_expiration-date-status":"","_expiration-date":0,"_expiration-date-type":"","_expiration-date-categories":[],"_expiration-date-options":[]},"acf":[],"_links":{"self":[{"href":"https:\/\/us.edu.pl\/wydzial\/wns\/wp-json\/wp\/v2\/pages\/162696"}],"collection":[{"href":"https:\/\/us.edu.pl\/wydzial\/wns\/wp-json\/wp\/v2\/pages"}],"about":[{"href":"https:\/\/us.edu.pl\/wydzial\/wns\/wp-json\/wp\/v2\/types\/page"}],"author":[{"embeddable":true,"href":"https:\/\/us.edu.pl\/wydzial\/wns\/wp-json\/wp\/v2\/users\/133"}],"replies":[{"embeddable":true,"href":"https:\/\/us.edu.pl\/wydzial\/wns\/wp-json\/wp\/v2\/comments?post=162696"}],"version-history":[{"count":2,"href":"https:\/\/us.edu.pl\/wydzial\/wns\/wp-json\/wp\/v2\/pages\/162696\/revisions"}],"predecessor-version":[{"id":162700,"href":"https:\/\/us.edu.pl\/wydzial\/wns\/wp-json\/wp\/v2\/pages\/162696\/revisions\/162700"}],"wp:attachment":[{"href":"https:\/\/us.edu.pl\/wydzial\/wns\/wp-json\/wp\/v2\/media?parent=162696"}],"curies":[{"name":"wp","href":"https:\/\/api.w.org\/{rel}","templated":true}]}}