{"id":163363,"date":"2023-10-27T13:18:00","date_gmt":"2023-10-27T11:18:00","guid":{"rendered":"https:\/\/us.edu.pl\/wydzial\/wns\/?page_id=163363"},"modified":"2023-11-06T09:56:22","modified_gmt":"2023-11-06T08:56:22","slug":"163363-2","status":"publish","type":"page","link":"https:\/\/us.edu.pl\/wydzial\/wns\/163363-2\/","title":{"rendered":""},"content":{"rendered":"<p>[vc_row][vc_column]\r\n                <div class=\"text-modules\">\r\n                    <div class=\"container\">\r\n                        \r\n                        <div class=\"text-modules__content\"><p>Wydzia\u0142 tworz\u0105 ludzie: 45 pracownik\u00f3w administracyjnych oraz 247 pracownik\u00f3w naukowych i dydaktycznych. Niekt\u00f3rzy, poprzez swoj\u0105 dzia\u0142alno\u015b\u0107 szczeg\u00f3lnie przyczynili si\u0119 do trwa\u0142ego rozwoju Uczelni.<br \/>\nNa podstawie uchwa\u0142y nr 460 Senat Uniwersytetu \u015al\u0105skiego w Katowicach z dnia 19 wrze\u015bnia 2023 r. przyzna\u0142 z\u0142ote i srebrne odznaki \u201e Za Zas\u0142ugi dla Uniwersytetu \u015al\u0105skiego\u201d, kt\u00f3re zostan\u0105 wr\u0119czone w dniu 16 listopada br. w Teatrze Korez. Osoby nagrodzone otrzymaj\u0105 imienne zaproszenia na to wydarzenie.<\/p>\n<p>&nbsp;<\/p>\n<p>Partnerem wydarze\u0144 odbywaj\u0105cych si\u0119 w ramach obchod\u00f3w 50-lecia Wydzia\u0142u Nauk Spo\u0142ecznych U\u015a jest G\u00f3rno\u015bl\u0105sko-Zag\u0142\u0119biowska Metropolia.<\/p>\n<p>&nbsp;<\/p>\n<p>&nbsp;<\/p>\n<p>&nbsp;<\/p>\n<p>\n<\/div>\r\n                    <\/div>\r\n                <\/div>[\/vc_column][\/vc_row]<\/p>","protected":false},"excerpt":{"rendered":"<p>[vc_row][vc_column][\/vc_column][\/vc_row] [&#8230;]<\/p>\n<p><a class=\"btn btn-secondary understrap-read-more-link\" href=\"https:\/\/us.edu.pl\/wydzial\/wns\/163363-2\/\">Read More&#8230;<\/a><\/p>\n","protected":false},"author":133,"featured_media":0,"parent":0,"menu_order":0,"comment_status":"closed","ping_status":"closed","template":"","meta":{"_expiration-date-status":"","_expiration-date":0,"_expiration-date-type":"","_expiration-date-categories":[],"_expiration-date-options":[]},"acf":[],"_links":{"self":[{"href":"https:\/\/us.edu.pl\/wydzial\/wns\/wp-json\/wp\/v2\/pages\/163363"}],"collection":[{"href":"https:\/\/us.edu.pl\/wydzial\/wns\/wp-json\/wp\/v2\/pages"}],"about":[{"href":"https:\/\/us.edu.pl\/wydzial\/wns\/wp-json\/wp\/v2\/types\/page"}],"author":[{"embeddable":true,"href":"https:\/\/us.edu.pl\/wydzial\/wns\/wp-json\/wp\/v2\/users\/133"}],"replies":[{"embeddable":true,"href":"https:\/\/us.edu.pl\/wydzial\/wns\/wp-json\/wp\/v2\/comments?post=163363"}],"version-history":[{"count":3,"href":"https:\/\/us.edu.pl\/wydzial\/wns\/wp-json\/wp\/v2\/pages\/163363\/revisions"}],"predecessor-version":[{"id":163436,"href":"https:\/\/us.edu.pl\/wydzial\/wns\/wp-json\/wp\/v2\/pages\/163363\/revisions\/163436"}],"wp:attachment":[{"href":"https:\/\/us.edu.pl\/wydzial\/wns\/wp-json\/wp\/v2\/media?parent=163363"}],"curies":[{"name":"wp","href":"https:\/\/api.w.org\/{rel}","templated":true}]}}