{"id":165035,"date":"2024-03-27T08:50:40","date_gmt":"2024-03-27T07:50:40","guid":{"rendered":"https:\/\/us.edu.pl\/wydzial\/wns\/?page_id=165035"},"modified":"2024-03-27T08:50:40","modified_gmt":"2024-03-27T07:50:40","slug":"organizatorzy","status":"publish","type":"page","link":"https:\/\/us.edu.pl\/wydzial\/wns\/organizatorzy\/","title":{"rendered":"Organizatorzy"},"content":{"rendered":"<p>[vc_row][vc_column]\r\n                <div class=\"text-modules\">\r\n                    <div class=\"container\">\r\n                        \r\n                        <div class=\"text-modules__content\"><\/p>\n<p style=\"text-align: center;\">Uniwersytet \u015al\u0105ski w Katowicach<\/p>\n<p style=\"text-align: center;\">Wydzia\u0142 Sztuki i Nauk o Edukacji<\/p>\n<p style=\"text-align: center;\">Specjalny O\u015brodek Szkolno-Wychowawczy dla Nies\u0142ysz\u0105cych i S\u0142abos\u0142ysz\u0105cych w Raciborzu<\/p>\n<p style=\"text-align: center;\">Internationaler Verband fur Schwerhorige Seelsorge<\/p>\n<p>\n<\/div>\r\n                    <\/div>\r\n                <\/div>[\/vc_column][\/vc_row]<\/p>","protected":false},"excerpt":{"rendered":"<p>[vc_row][vc_column][\/vc_column][\/vc_row] [&#8230;]<\/p>\n<p><a class=\"btn btn-secondary understrap-read-more-link\" href=\"https:\/\/us.edu.pl\/wydzial\/wns\/organizatorzy\/\">Read More&#8230;<\/a><\/p>\n","protected":false},"author":133,"featured_media":0,"parent":0,"menu_order":0,"comment_status":"closed","ping_status":"closed","template":"","meta":{"_expiration-date-status":"","_expiration-date":0,"_expiration-date-type":"","_expiration-date-categories":[],"_expiration-date-options":[]},"acf":[],"_links":{"self":[{"href":"https:\/\/us.edu.pl\/wydzial\/wns\/wp-json\/wp\/v2\/pages\/165035"}],"collection":[{"href":"https:\/\/us.edu.pl\/wydzial\/wns\/wp-json\/wp\/v2\/pages"}],"about":[{"href":"https:\/\/us.edu.pl\/wydzial\/wns\/wp-json\/wp\/v2\/types\/page"}],"author":[{"embeddable":true,"href":"https:\/\/us.edu.pl\/wydzial\/wns\/wp-json\/wp\/v2\/users\/133"}],"replies":[{"embeddable":true,"href":"https:\/\/us.edu.pl\/wydzial\/wns\/wp-json\/wp\/v2\/comments?post=165035"}],"version-history":[{"count":1,"href":"https:\/\/us.edu.pl\/wydzial\/wns\/wp-json\/wp\/v2\/pages\/165035\/revisions"}],"predecessor-version":[{"id":165036,"href":"https:\/\/us.edu.pl\/wydzial\/wns\/wp-json\/wp\/v2\/pages\/165035\/revisions\/165036"}],"wp:attachment":[{"href":"https:\/\/us.edu.pl\/wydzial\/wns\/wp-json\/wp\/v2\/media?parent=165035"}],"curies":[{"name":"wp","href":"https:\/\/api.w.org\/{rel}","templated":true}]}}