{"id":165041,"date":"2024-03-27T09:01:09","date_gmt":"2024-03-27T08:01:09","guid":{"rendered":"https:\/\/us.edu.pl\/wydzial\/wns\/?page_id=165041"},"modified":"2024-03-27T09:01:09","modified_gmt":"2024-03-27T08:01:09","slug":"informacje-dotyczace-konferencji","status":"publish","type":"page","link":"https:\/\/us.edu.pl\/wydzial\/wns\/informacje-dotyczace-konferencji\/","title":{"rendered":"Informacje dotycz\u0105ce konferencji"},"content":{"rendered":"<p>[vc_row][vc_column]\r\n                <div class=\"text-modules\">\r\n                    <div class=\"container\">\r\n                        \r\n                        <div class=\"text-modules__content\"><p>V Surdokonferencja \u201eCodzienno\u015b\u0107 osoby z niepe\u0142nosprawno\u015bci\u0105 s\u0142uchu\u201d- sztuka, kreatywno\u015b\u0107 i tw\u00f3rczo\u015b\u0107 w \u017cyciu os\u00f3b z niepe\u0142nosprawno\u015bci\u0105 s\u0142uchu, odb\u0119dzie si\u0119 7 czerwca 2024 roku na Wydziale Sztuki i Nauk o Edukacji (ul. Bielska 62 , 43-400 Cieszyn).<\/p>\n<p>&nbsp;<\/p>\n<p>Celem konferencji jest dotarcie do szerokiego grona odbiorc\u00f3w, \u015brodowiska os\u00f3b g\u0142uchych, nauczycieli, akademik\u00f3w, przedstawicieli Poradni pedagogiczno-Psychologicznych, rodzic\u00f3w, student\u00f3w, aby pokaza\u0107 jak wygl\u0105da faktyczna codzienna rzeczywisto\u015b\u0107 os\u00f3b z niepe\u0142nosprawno\u015bci\u0105 s\u0142uchu oraz jak wa\u017cna jest konieczno\u015b\u0107 uwzgl\u0119dniania sztuki w codziennym \u017cyciu, dzia\u0142alno\u015bci wychowawczej, edukacji, terapii. Umo\u017cliwiaj\u0105c prezentowanie osi\u0105gni\u0119\u0107 G\u0142uchych artyst\u00f3w mo\u017cemy zobaczy\u0107 jak wa\u017cne miejsce zajmuje sztuka w ich \u017cyciu i jakie ma znaczenie m\u00f3c pokazywa\u0107 ich \u015bwiat poprzez sztuk\u0119.<\/p>\n<p>Konferencja ma charakter naukowy z w\u0105tkami praktycznymi i jest organizowana cyklicznie. Jest wydarzeniem, integruj\u0105cym \u015brodowiska os\u00f3b s\u0142ysz\u0105cych, s\u0142abos\u0142ysz\u0105cych i G\u0142uchych w przestrzeni akademickiej, kt\u00f3ra z za\u0142o\u017cenia powinna by\u0107 miejscem przyjaznym ka\u017cdemu, pe\u0142nym akceptacji i wysokiej kultury wzajemnej. Konferencja w swoim programie ma przewidzianych zar\u00f3wno go\u015bci z innych o\u015brodk\u00f3w naukowych w Polsce, jak r\u00f3wnie\u017c go\u015bci z zagranicy. Wa\u017cnym elementem, a zarazem upowszechnieniem podj\u0119tej problematyki jest prezentacja tw\u00f3rczo\u015bci dzieci i m\u0142odzie\u017cy\u00a0 ze Specjalnego O\u015brodka Szkolno-Wychowawczego dla dzieci i m\u0142odzie\u017cy nies\u0142ysz\u0105cej i s\u0142abos\u0142ysz\u0105cej w Raciborzu w zakresie dzia\u0142a\u0144 florystycznych, stolarskich, gastronomicznych). Zale\u017cy nam na budowaniu \u015bwiadomo\u015bci oraz gotowo\u015bci do podejmowania koniecznych zmian i w tym duchu budowania sieci relacji pomi\u0119dzy badaczami o\u015brodk\u00f3w z ca\u0142ego kraju i z zagranicy, jak i teoretykami oraz praktykami.<\/p>\n<p>Wa\u017cnym elementem konferencji jest wsp\u00f3\u0142udzia\u0142 Organizacji Pozarz\u0105dowych dzia\u0142aj\u0105cych na rzecz os\u00f3b z niepe\u0142nosprawno\u015bci\u0105 s\u0142uchu w tworzeniu konferencji, aby pokazywa\u0107 praktyczne aspekty funkcjonowania tej grupy spo\u0142ecznej. W\u015br\u00f3d organizacji s\u0105 te\u017c takie o charakterze mi\u0119dzynarodowym.<\/p>\n<p>Celem konferencji jest prowadzenie dialogu pomi\u0119dzy \u015brodowiskiem badaczy i praktyk\u00f3w dzia\u0142aj\u0105cych na rzecz os\u00f3b z niepe\u0142nosprawno\u015bci\u0105 s\u0142uchu na arenie mi\u0119dzynarodowego na temat roli sztuki i kreatywno\u015bci w \u017cyciu os\u00f3b z niepe\u0142nosprawno\u015bci\u0105 s\u0142uchu. Chcemy podkre\u015bli\u0107 istot\u0119 wykorzystania sztuki jako narz\u0119dzia integruj\u0105cego, rozwijaj\u0105cego potencja\u0142 oraz wspieraj\u0105cego procesy adaptacji spo\u0142ecznej. Szczeg\u00f3\u0142owe\u00a0 cele zawieraj\u0105 si\u0119 w obszarach tematycznych:<\/p>\n<ol>\n<li>Integracja wiedzy naukowej i praktyki: Tworzenie most\u00f3w mi\u0119dzy badaniami naukowymi a praktycznymi do\u015bwiadczeniami w dziedzinie sztuki i kreatywno\u015bci w kontek\u015bcie niepe\u0142nosprawno\u015bci s\u0142uchu.<\/li>\n<li>Sztuka jako narz\u0119dzie komunikacji: Om\u00f3wienie roli sztuki w prze\u0142amywaniu barier komunikacyjnych oraz tworzeniu most\u00f3w mi\u0119dzy osobami z niepe\u0142nosprawno\u015bci\u0105 s\u0142uchu a spo\u0142ecze\u0144stwem.<\/li>\n<li>Wsp\u00f3\u0142praca mi\u0119dzynarodowa: Zach\u0119canie do wsp\u00f3\u0142pracy mi\u0119dzynarodowej w celu wymiany najlepszych praktyk i do\u015bwiadcze\u0144 dotycz\u0105cych pracy z dzie\u0107mi i m\u0142odzie\u017c\u0105 z niepe\u0142nosprawno\u015bci\u0105 s\u0142uchu.<\/li>\n<li>Nowoczesne metody edukacyjne: Przedstawienie innowacyjnych podej\u015b\u0107 do nauczania sztuki, kt\u00f3re \u0142\u0105cz\u0105 w sobie zar\u00f3wno elementy teoretyczne, jak i praktyczne, z naciskiem na efektywne strategie edukacyjne.<\/li>\n<li>Sztuka jako narz\u0119dzie terapeutyczne: Analiza skuteczno\u015bci sztuki i dzia\u0142a\u0144 kreatywnych jako formy terapii wspieraj\u0105cej rozw\u00f3j dzieci i m\u0142odzie\u017cy z niepe\u0142nosprawno\u015bci\u0105 s\u0142uchu.<\/li>\n<li>Kreatywno\u015b\u0107 i innowacje w edukacji: Przedstawienie nowatorskich podej\u015b\u0107 do nauczania wykorzystuj\u0105cych sztuk\u0119 i kreatywno\u015b\u0107 w kontek\u015bcie edukacji i wsparcia os\u00f3b z niepe\u0142nosprawno\u015bci\u0105 s\u0142uchu.<\/li>\n<li>Projekty artystyczne i ich wp\u0142yw: Analiza projekt\u00f3w artystycznych skierowanych do os\u00f3b z niepe\u0142nosprawno\u015bci\u0105 s\u0142uchu oraz dyskusja na temat ich wp\u0142ywu na rozw\u00f3j spo\u0142eczny i jednostkowy.<\/li>\n<li>Praktyki terapeutyczne: Przedstawienie terapeutycznych aspekt\u00f3w sztuki oraz kreatywno\u015bci w procesie rehabilitacji i wspierania os\u00f3b z niepe\u0142nosprawno\u015bci\u0105 s\u0142uchu.<\/li>\n<li>Innowacje technologiczne w \u017cyciu os\u00f3b z niepe\u0142nosprawno\u015bci\u0105 s\u0142uchu: Zaprezentowanie nowoczesnych narz\u0119dzi i technologii wspieraj\u0105cych osoby ograniczonym s\u0142uchem, w tym w zakresie dost\u0119pno\u015bci sztuki (mo\u017cliwo\u015b\u0107 zobaczenia nowoczesnego sprz\u0119tu w ramach prezentacji przez PFOS.<\/li>\n<\/ol>\n<p>\n<\/div>\r\n                    <\/div>\r\n                <\/div>[\/vc_column][\/vc_row]<\/p>","protected":false},"excerpt":{"rendered":"<p>[vc_row][vc_column][\/vc_column][\/vc_row] [&#8230;]<\/p>\n<p><a class=\"btn btn-secondary understrap-read-more-link\" href=\"https:\/\/us.edu.pl\/wydzial\/wns\/informacje-dotyczace-konferencji\/\">Read More&#8230;<\/a><\/p>\n","protected":false},"author":133,"featured_media":0,"parent":0,"menu_order":0,"comment_status":"closed","ping_status":"closed","template":"","meta":{"_expiration-date-status":"","_expiration-date":0,"_expiration-date-type":"","_expiration-date-categories":[],"_expiration-date-options":[]},"acf":[],"_links":{"self":[{"href":"https:\/\/us.edu.pl\/wydzial\/wns\/wp-json\/wp\/v2\/pages\/165041"}],"collection":[{"href":"https:\/\/us.edu.pl\/wydzial\/wns\/wp-json\/wp\/v2\/pages"}],"about":[{"href":"https:\/\/us.edu.pl\/wydzial\/wns\/wp-json\/wp\/v2\/types\/page"}],"author":[{"embeddable":true,"href":"https:\/\/us.edu.pl\/wydzial\/wns\/wp-json\/wp\/v2\/users\/133"}],"replies":[{"embeddable":true,"href":"https:\/\/us.edu.pl\/wydzial\/wns\/wp-json\/wp\/v2\/comments?post=165041"}],"version-history":[{"count":1,"href":"https:\/\/us.edu.pl\/wydzial\/wns\/wp-json\/wp\/v2\/pages\/165041\/revisions"}],"predecessor-version":[{"id":165043,"href":"https:\/\/us.edu.pl\/wydzial\/wns\/wp-json\/wp\/v2\/pages\/165041\/revisions\/165043"}],"wp:attachment":[{"href":"https:\/\/us.edu.pl\/wydzial\/wns\/wp-json\/wp\/v2\/media?parent=165041"}],"curies":[{"name":"wp","href":"https:\/\/api.w.org\/{rel}","templated":true}]}}