{"id":165543,"date":"2024-05-13T10:11:23","date_gmt":"2024-05-13T08:11:23","guid":{"rendered":"https:\/\/us.edu.pl\/wydzial\/wns\/?page_id=165543"},"modified":"2024-05-17T11:58:55","modified_gmt":"2024-05-17T09:58:55","slug":"partnerzy-i-patronaty","status":"publish","type":"page","link":"https:\/\/us.edu.pl\/wydzial\/wns\/partnerzy-i-patronaty\/","title":{"rendered":"Partnerzy i patronaty"},"content":{"rendered":"<p>[vc_row][vc_column]\r\n                <div class=\"text-modules\">\r\n                    <div class=\"container\">\r\n                        \r\n                        <div class=\"text-modules__content\"><\/p>\n<p style=\"text-align: center;\"><strong>Partnerzy:<\/strong><\/p>\n<p style=\"text-align: center;\">Europe Direct \u015al\u0105skie<\/p>\n<p style=\"text-align: center;\">Muzeum \u015al\u0105skie<\/p>\n<p style=\"text-align: center;\">MISZUNG Pracownia Animacji Kulturowej<\/p>\n<p>&nbsp;<\/p>\n<p style=\"text-align: center;\"><strong>Patronaty:<\/strong><\/p>\n<p style=\"text-align: center;\">Marsza\u0142ek Wojew\u00f3dztwa \u015al\u0105skiego Wojciech Sa\u0142uga<\/p>\n<p style=\"text-align: center;\">JM Rektor prof. dr hab. Ryszard Kozio\u0142ek<\/p>\n<p style=\"text-align: center;\">\u015al\u0105ska Kurator O\u015bwiaty Aleksandra Dyla<\/p>\n<p style=\"text-align: center;\">Dziekan Wydzia\u0142u Sztuki i Nauk o Edukacji<\/p>\n<p style=\"text-align: center;\">Dziekan Wydzia\u0142u Nauk Spo\u0142ecznych<\/p>\n<p style=\"text-align: center;\">Polskie Towarzystwo Pedagogiczne &#8211; Oddzia\u0142 w Cieszynie<\/p>\n<p style=\"text-align: center;\">Magazyn Integracja<\/p>\n<p style=\"text-align: center;\">Stowarzyszenie MOCnaMOC<\/p>\n<p>&nbsp;<\/p>\n<p style=\"text-align: center;\">Konferencja jest w\u0142\u0105czona w program obchod\u00f3w Europejskiego Miasta Nauki w pa\u015bmie Miasto-Region-Akademia i wsp\u00f3\u0142finansowana ze \u015brodk\u00f3w Europejskich.<\/p>\n<p>\n<\/div>\r\n                    <\/div>\r\n                <\/div>[\/vc_column][\/vc_row]<\/p>","protected":false},"excerpt":{"rendered":"<p>[vc_row][vc_column][\/vc_column][\/vc_row] [&#8230;]<\/p>\n<p><a class=\"btn btn-secondary understrap-read-more-link\" href=\"https:\/\/us.edu.pl\/wydzial\/wns\/partnerzy-i-patronaty\/\">Read More&#8230;<\/a><\/p>\n","protected":false},"author":133,"featured_media":0,"parent":0,"menu_order":0,"comment_status":"closed","ping_status":"closed","template":"","meta":{"_expiration-date-status":"","_expiration-date":0,"_expiration-date-type":"","_expiration-date-categories":[],"_expiration-date-options":[]},"acf":[],"_links":{"self":[{"href":"https:\/\/us.edu.pl\/wydzial\/wns\/wp-json\/wp\/v2\/pages\/165543"}],"collection":[{"href":"https:\/\/us.edu.pl\/wydzial\/wns\/wp-json\/wp\/v2\/pages"}],"about":[{"href":"https:\/\/us.edu.pl\/wydzial\/wns\/wp-json\/wp\/v2\/types\/page"}],"author":[{"embeddable":true,"href":"https:\/\/us.edu.pl\/wydzial\/wns\/wp-json\/wp\/v2\/users\/133"}],"replies":[{"embeddable":true,"href":"https:\/\/us.edu.pl\/wydzial\/wns\/wp-json\/wp\/v2\/comments?post=165543"}],"version-history":[{"count":2,"href":"https:\/\/us.edu.pl\/wydzial\/wns\/wp-json\/wp\/v2\/pages\/165543\/revisions"}],"predecessor-version":[{"id":165593,"href":"https:\/\/us.edu.pl\/wydzial\/wns\/wp-json\/wp\/v2\/pages\/165543\/revisions\/165593"}],"wp:attachment":[{"href":"https:\/\/us.edu.pl\/wydzial\/wns\/wp-json\/wp\/v2\/media?parent=165543"}],"curies":[{"name":"wp","href":"https:\/\/api.w.org\/{rel}","templated":true}]}}