{"id":1723,"date":"2020-02-10T11:01:13","date_gmt":"2020-02-10T10:01:13","guid":{"rendered":"https:\/\/us.edu.pl\/wydzial\/wns\/?page_id=1723"},"modified":"2025-12-09T13:27:55","modified_gmt":"2025-12-09T12:27:55","slug":"1723-2","status":"publish","type":"page","link":"https:\/\/us.edu.pl\/wydzial\/wns\/1723-2\/","title":{"rendered":"Dziennikarstwo i Komunikacja Spo\u0142eczna"},"content":{"rendered":"<p>[vc_row][vc_column]\r\n                <div class=\"text-modules reverse\">\r\n                    <div class=\"container\">\r\n                        <h3 class=\"section-title section-title_border-bottom\">Dyrektor Kierunku Dziennikarstwo i komunikacja spo\u0142eczna<\/h3> \r\n                        <div class=\"row m-0\">\r\n                            <div class=\"text-modules__content\">\r\n                                Dyrektor Kierunku<br \/>\nDziennikarstwo i komunikacja spo\u0142eczna<\/p>\n<p>dr hab. Miros\u0142awa Wielopolska-Szymura<\/p>\n<p><a href=\"mailto:miroslawa.wielopolska-szymura@us.edu.pl\">miroslawa.wielopolska-szymura@us.edu.pl<\/a> \r\n                                <div class=\"mt-3\"><\/div>\r\n                            <\/div>\r\n                            \r\n                            <div class=\"text-modules__img\"><img src=\"https:\/\/us.edu.pl\/wydzial\/wns\/wp-content\/uploads\/sites\/17\/Nieprzypisane\/IMG_9897_Wielopolska_Szymura2305843009216713996.jpg\" alt=\"img\"><\/div>\r\n                        <\/div>\r\n                    <\/div>\r\n                <\/div>[\/vc_column][\/vc_row][vc_row][vc_column]\r\n                <div class=\"text-modules reverse\">\r\n                    <div class=\"container\">\r\n                         \r\n                        <div class=\"row m-0\">\r\n                            <div class=\"text-modules__content\">\r\n                                Zast\u0119pca Dyrektora Kierunku<br \/>\nDziennikarstwo i komunikacja spo\u0142eczna<\/p>\n<p>dr Pawe\u0142 Grzywna, prof. U\u015a<\/p>\n<p><a href=\"mailto:pawel.grzywna@us.edu.pl\">pawel.grzywna@us.edu.pl<\/a><\/p>\n<div class=\"mt-3\"><\/div>\r\n                            <\/div>\r\n                            \r\n                            <div class=\"text-modules__img\"><img src=\"https:\/\/us.edu.pl\/wydzial\/wns\/wp-content\/uploads\/sites\/17\/Bez-kategorii\/Pawel-Grzywna_DSC_3978.jpg\" alt=\"img\"><\/div>\r\n                        <\/div>\r\n                    <\/div>\r\n                <\/div>[\/vc_column][\/vc_row][vc_row][vc_column]\r\n                <div class=\"text-modules\">\r\n                    <div class=\"container\">\r\n                        \r\n                        <div class=\"text-modules__content\"><p>Dyrektor kierunku Dziennikarstwo i komunikacja spo\u0142eczna:<\/p>\n<ol>\n<li>przewodniczy radzie dydaktycznej kierunku studi\u00f3w;<\/li>\n<li>zapewnia w\u0142a\u015bciw\u0105 jako\u015b\u0107 kszta\u0142cenia na kierunku studi\u00f3w, w szczeg\u00f3lno\u015bci poprzez realizowanie lub nadz\u00f3r nad realizacj\u0105 procedur wskazanych w wydzia\u0142owym Systemie Zapewniania Jako\u015bci Kszta\u0142cenia;<\/li>\n<li>inicjuje i koordynuje dzia\u0142ania w zakresie doskonalenia programu studi\u00f3w kierunku studi\u00f3w;<\/li>\n<li>przedstawia dziekanowi propozycje obsady dydaktycznej i indywidualnych przydzia\u0142\u00f3w zaj\u0119\u0107 dydaktycznych na kierunku studi\u00f3w w danym roku akademickim;<\/li>\n<li>sprawuje nadz\u00f3r merytoryczny i organizacyjny nad zaj\u0119ciami prowadzonymi na danym kierunku studi\u00f3w;<\/li>\n<li>przygotowuje propozycje warunk\u00f3w i trybu rekrutacji na studia, kryteri\u00f3w kwalifikacji, zasad przyjmowania na I rok laureat\u00f3w i finalist\u00f3w olimpiad stopnia centralnego oraz laureat\u00f3w konkurs\u00f3w mi\u0119dzynarodowych i og\u00f3lnopolskich, a tak\u017ce limit\u00f3w przyj\u0119\u0107 na studia w danym roku akademickim;<\/li>\n<li>koordynuje opracowywanie harmonogram\u00f3w zaj\u0119\u0107 na dany semestr dla kierunku studi\u00f3w;<\/li>\n<li>sprawuje nadz\u00f3r nad poprawno\u015bci\u0105 danych dotycz\u0105cych programu studi\u00f3w i prowadzonych w danym semestrze zaj\u0119\u0107 dydaktycznych w systemie USOS i w Karcie kierunku;<\/li>\n<li>sprawuje nadz\u00f3r nad koordynatorami praktyk studenckich na danym kierunku studi\u00f3w oraz przedstawia dziekanowi propozycje kandydat\u00f3w do pe\u0142nienia tej funkcji;<\/li>\n<li>wsp\u00f3\u0142pracuje z pe\u0142nomocnikami dziekana ds. wsp\u00f3\u0142pracy mi\u0119dzynarodowej oraz ds. kszta\u0142cenia na odleg\u0142o\u015b\u0107;<\/li>\n<li>koordynuje wsp\u00f3\u0142prac\u0119 dydaktyczn\u0105 z interesariuszami zewn\u0119trznymi i wewn\u0119trznymi kierunku studi\u00f3w;<\/li>\n<li>proponuje sk\u0142ady komisji rekrutacyjnych na dany rok akademicki;<\/li>\n<li>uczestniczy w procesie potwierdzenia efekt\u00f3w uczenia si\u0119 uzyskanych poza systemem studi\u00f3w;<\/li>\n<li>odpowiada za przygotowanie dokumentacji do akredytacji, w szczeg\u00f3lno\u015bci ocen przeprowadzanych przez Polsk\u0105 Komisj\u0119 Akredytacyjn\u0105;<\/li>\n<li>opiniuje pod wzgl\u0119dem merytorycznym rozstrzygni\u0119cia podejmowane w stosunku do student\u00f3w wynikaj\u0105ce z regulaminu studi\u00f3w;<\/li>\n<li>wskazuje dziekanowi propozycje os\u00f3b maj\u0105cych wej\u015b\u0107 w sk\u0142ad rady dydaktycznej kierunku studi\u00f3w zgodnie z przepisami statutu;<\/li>\n<li>realizuje inne zadania zwi\u0105zane z prowadzeniem kszta\u0142cenia na kierunku studi\u00f3w powierzone przez dziekana.<\/li>\n<\/ol>\n<p>Zast\u0119pca dyrektora kierunku studi\u00f3w wykonuje zadania powierzone przez dyrektora kierunk\u00f3w studi\u00f3w.<\/p>\n<p>We\u00a0 wszystkich sprawach mo\u017cna si\u0119 kontaktowa\u0107\u00a0 z dyrektorem kierunku lub jego zast\u0119pc\u0105.<\/p>\n<\/div>\r\n                    <\/div>\r\n                <\/div>[\/vc_column][\/vc_row][vc_row][vc_column]\r\n                <div class=\"text-modules\">\r\n                    <div class=\"container\">\r\n                        \r\n                        <div class=\"text-modules__content\"><p>Pracownicy dydaktyczni:<\/p>\n<p>mgr Rados\u0142aw Aksamit &#8211; asystent<br \/>\nmgr Jacek Filus &#8211; asystent<br \/>\ndr Bernard Grzonka &#8211; Profesor Uczelni<br \/>\nmgr Henryk Grzonka &#8211; asystent<br \/>\ndr Krzysztof Kiczek &#8211; adiunkt<br \/>\nmgr Micha\u0142 Loskot &#8211; asystent<br \/>\nmgr Zbigniew Markowski &#8211; asystent<br \/>\ndr Gra\u017cyna Pawlik &#8211; adiunkt<br \/>\ndr Karolina Poli\u0144ska &#8211; adiunkt<br \/>\nmgr Katarzyna Siwczyk &#8211; asystent<br \/>\nmgr Anna Wichrowska &#8211; asystent<\/p>\n<\/div>\r\n                    <\/div>\r\n                <\/div>[\/vc_column][\/vc_row]<\/p>","protected":false},"excerpt":{"rendered":"<p>[vc_row][vc_column][\/vc_column][\/vc_row][vc_row][vc_column][\/vc_column][\/vc_row][vc_row][vc_column][\/vc_column][\/vc_row][vc_row][vc_column][\/vc_column][\/vc_row] [&#8230;]<\/p>\n<p><a class=\"btn btn-secondary understrap-read-more-link\" href=\"https:\/\/us.edu.pl\/wydzial\/wns\/1723-2\/\">Read More&#8230;<\/a><\/p>\n","protected":false},"author":133,"featured_media":0,"parent":0,"menu_order":0,"comment_status":"closed","ping_status":"closed","template":"","meta":{"_expiration-date-status":"","_expiration-date":0,"_expiration-date-type":"","_expiration-date-categories":[],"_expiration-date-options":[]},"acf":[],"_links":{"self":[{"href":"https:\/\/us.edu.pl\/wydzial\/wns\/wp-json\/wp\/v2\/pages\/1723"}],"collection":[{"href":"https:\/\/us.edu.pl\/wydzial\/wns\/wp-json\/wp\/v2\/pages"}],"about":[{"href":"https:\/\/us.edu.pl\/wydzial\/wns\/wp-json\/wp\/v2\/types\/page"}],"author":[{"embeddable":true,"href":"https:\/\/us.edu.pl\/wydzial\/wns\/wp-json\/wp\/v2\/users\/133"}],"replies":[{"embeddable":true,"href":"https:\/\/us.edu.pl\/wydzial\/wns\/wp-json\/wp\/v2\/comments?post=1723"}],"version-history":[{"count":11,"href":"https:\/\/us.edu.pl\/wydzial\/wns\/wp-json\/wp\/v2\/pages\/1723\/revisions"}],"predecessor-version":[{"id":183581,"href":"https:\/\/us.edu.pl\/wydzial\/wns\/wp-json\/wp\/v2\/pages\/1723\/revisions\/183581"}],"wp:attachment":[{"href":"https:\/\/us.edu.pl\/wydzial\/wns\/wp-json\/wp\/v2\/media?parent=1723"}],"curies":[{"name":"wp","href":"https:\/\/api.w.org\/{rel}","templated":true}]}}