{"id":172360,"date":"2025-01-02T14:08:24","date_gmt":"2025-01-02T13:08:24","guid":{"rendered":"https:\/\/us.edu.pl\/wydzial\/wns\/?page_id=172360"},"modified":"2025-04-08T08:30:12","modified_gmt":"2025-04-08T06:30:12","slug":"pedagogika-specjalna-2","status":"publish","type":"page","link":"https:\/\/us.edu.pl\/wydzial\/wns\/pedagogika-specjalna-2\/","title":{"rendered":"pedagogika specjalna"},"content":{"rendered":"<p>[vc_row][vc_column]\r\n                <div class=\"text-modules\">\r\n                    <div class=\"container\">\r\n                        \r\n                        <div class=\"text-modules__content\"><p><a href=\"https:\/\/us.edu.pl\/wydzial\/wns\/wp-content\/uploads\/sites\/17\/Bez-kategorii\/PED.-SPECJALNA-regulamin-praktyk-od-naboru-2023_24-1.pdf\" class=\"mtli_attachment mtli_pdf\" data-mtli=\"mtli_filesize701,49kB\" class=\"mtli_attachment mtli_pdf\" data-mtli=\"mtli_filesize701,49kB\">PED. SPECJALNA regulamin praktyk od naboru 2023_24<\/a><\/p>\n<p><a href=\"https:\/\/us.edu.pl\/wydzial\/wns\/wp-content\/uploads\/sites\/17\/Bez-kategorii\/PED.-SPECJALNA-schemat-praktyk-od-naboru-2023_24.pdf\" class=\"mtli_attachment mtli_pdf\" data-mtli=\"mtli_filesize585,16kB\" class=\"mtli_attachment mtli_pdf\" data-mtli=\"mtli_filesize585,16kB\">PED. SPECJALNA schemat praktyk od naboru 2023_24<\/a><\/p>\n<p><a href=\"https:\/\/us.edu.pl\/wydzial\/wns\/wp-content\/uploads\/sites\/17\/Bez-kategorii\/PED.-SPECJALNA-wykaz-placowek-praktyk.pdf\" class=\"mtli_attachment mtli_pdf\" data-mtli=\"mtli_filesize217,25kB\" class=\"mtli_attachment mtli_pdf\" data-mtli=\"mtli_filesize217,25kB\">PED. SPECJALNA wykaz plac\u00f3wek praktyk<\/a><\/p>\n<p><a href=\"https:\/\/us.edu.pl\/wydzial\/wns\/wp-content\/uploads\/sites\/17\/Bez-kategorii\/PED.-SPECJALNA-ZALACZNIK-1-skierowanie-na-praktyki-z-efektami-07.04.2025.docx\" class=\"mtli_attachment mtli_docx\" data-mtli=\"mtli_filesize106,13kB\" class=\"mtli_attachment mtli_docx\" data-mtli=\"mtli_filesize106,13kB\">PED. SPECJALNA ZA\u0141\u0104CZNIK 1 skierowanie na praktyki z efektami<\/a><\/p>\n<p><a href=\"https:\/\/us.edu.pl\/wydzial\/wns\/wp-content\/uploads\/sites\/17\/Bez-kategorii\/PED.-SPECJALNA-ZALACZNIK-2-oswiadczenie-7.04.2025.docx\" class=\"mtli_attachment mtli_docx\" data-mtli=\"mtli_filesize92,38kB\" class=\"mtli_attachment mtli_docx\" data-mtli=\"mtli_filesize92,38kB\">PED. SPECJALNA ZA\u0141\u0104CZNIK 2 o\u015bwiadczenie\u00a0<\/a><\/p>\n<p><a href=\"https:\/\/us.edu.pl\/wydzial\/wns\/wp-content\/uploads\/sites\/17\/Bez-kategorii\/PED.-SPECJALNA-ZALACZNIK-3c-ramowy-program-ed.-wlaczajaca.pdf\" class=\"mtli_attachment mtli_pdf\" data-mtli=\"mtli_filesize455,77kB\" class=\"mtli_attachment mtli_pdf\" data-mtli=\"mtli_filesize455,77kB\">PED. SPECJALNA ZA\u0141\u0104CZNIK 3c ramowy program ed. w\u0142\u0105czaj\u0105ca<\/a><\/p>\n<p><a href=\"https:\/\/us.edu.pl\/wydzial\/wns\/wp-content\/uploads\/sites\/17\/Bez-kategorii\/PED.-SPECJALNA-ZALACZNIK-3d-ramowy-program-praktyk-niepelnosprawnosc-intelektualna.pdf\" class=\"mtli_attachment mtli_pdf\" data-mtli=\"mtli_filesize390,08kB\" class=\"mtli_attachment mtli_pdf\" data-mtli=\"mtli_filesize390,08kB\">PED. SPECJALNA ZA\u0141\u0104CZNIK 3d ramowy program praktyk niepe\u0142nosprawno\u015b\u0107 intelektualna<\/a><\/p>\n<p><a href=\"https:\/\/us.edu.pl\/wydzial\/wns\/wp-content\/uploads\/sites\/17\/Bez-kategorii\/PED.-SPECJALNA-ZALACZNIK-3f-ramowy-program-praktyk-spektrum-autyzmu.pdf\" class=\"mtli_attachment mtli_pdf\" data-mtli=\"mtli_filesize391,30kB\" class=\"mtli_attachment mtli_pdf\" data-mtli=\"mtli_filesize391,30kB\">PED. SPECJALNA ZA\u0141\u0104CZNIK 3f ramowy program praktyk spektrum autyzmu<\/a><\/p>\n<p><a href=\"https:\/\/us.edu.pl\/wydzial\/wns\/wp-content\/uploads\/sites\/17\/Bez-kategorii\/PED.-SPECJALNA-ZALACZNIK-5a-porozumienie-nauczyciel-13.docx\" class=\"mtli_attachment mtli_docx\" data-mtli=\"mtli_filesize21,12kB\" class=\"mtli_attachment mtli_docx\" data-mtli=\"mtli_filesize21,12kB\">PED. SPECJALNA ZA\u0141\u0104CZNIK 5a porozumienie nauczyciel <\/a><\/p>\n<p><a href=\"https:\/\/us.edu.pl\/wydzial\/wns\/wp-content\/uploads\/sites\/17\/Bez-kategorii\/PED.-SPECJALNA-ZALACZNIK-7-raport-praktyka-ciagla.docx\" class=\"mtli_attachment mtli_docx\" data-mtli=\"mtli_filesize127,39kB\" class=\"mtli_attachment mtli_docx\" data-mtli=\"mtli_filesize127,39kB\">PED. SPECJALNA ZA\u0141\u0104CZNIK 7 raport praktyka ci\u0105g\u0142a<\/a><\/p>\n<p><a href=\"https:\/\/us.edu.pl\/wydzial\/wns\/wp-content\/uploads\/sites\/17\/Bez-kategorii\/PED.-SPECJALNA-ZALACZNIK-8-wniosek-o-zaliczenie-praktyki-na-podstawie-pracy.docx\" class=\"mtli_attachment mtli_docx\" data-mtli=\"mtli_filesize24,02kB\" class=\"mtli_attachment mtli_docx\" data-mtli=\"mtli_filesize24,02kB\">PED. SPECJALNA ZA\u0141\u0104CZNIK 8 wniosek o zaliczenie praktyki na podstawie pracy<\/a><\/p>\n<p><a href=\"https:\/\/us.edu.pl\/wydzial\/wns\/wp-content\/uploads\/sites\/17\/Bez-kategorii\/PED.-SPECJALNA-ZALACZNIK-9-sprawozdanie-z-obserwacji.docx\" class=\"mtli_attachment mtli_docx\" data-mtli=\"mtli_filesize108,43kB\" class=\"mtli_attachment mtli_docx\" data-mtli=\"mtli_filesize108,43kB\">PED. SPECJALNA ZA\u0141\u0104CZNIK 9 sprawozdanie z obserwacji<\/a><\/p>\n<p><a href=\"https:\/\/us.edu.pl\/wydzial\/wns\/wp-content\/uploads\/sites\/17\/Bez-kategorii\/PED.-SPECJALNA-ZALACZNIK-10-raport-praktyka-srodroczna.docx\" class=\"mtli_attachment mtli_docx\" data-mtli=\"mtli_filesize127,83kB\" class=\"mtli_attachment mtli_docx\" data-mtli=\"mtli_filesize127,83kB\">PED. SPECJALNA ZA\u0141\u0104CZNIK 10 raport praktyka \u015br\u00f3droczna<\/a><\/p>\n<p><a href=\"https:\/\/us.edu.pl\/wydzial\/wns\/wp-content\/uploads\/sites\/17\/Bez-kategorii\/PED.-SPECJALNA-ZALACZNIK-11_A-dziennik-praktyk.docx\" class=\"mtli_attachment mtli_docx\" data-mtli=\"mtli_filesize109,19kB\" class=\"mtli_attachment mtli_docx\" data-mtli=\"mtli_filesize109,19kB\">PED. SPECJALNA ZA\u0141\u0104CZNIK 11_A dziennik praktyk<\/a><\/p>\n<p><a href=\"https:\/\/us.edu.pl\/wydzial\/wns\/wp-content\/uploads\/sites\/17\/Bez-kategorii\/PED.-SPECJALNA-ZALACZNIK-11_B-harmonogram.docx\" class=\"mtli_attachment mtli_docx\" data-mtli=\"mtli_filesize105,80kB\" class=\"mtli_attachment mtli_docx\" data-mtli=\"mtli_filesize105,80kB\">PED. SPECJALNA ZA\u0141\u0104CZNIK 11_B harmonogram<\/a><\/p>\n<p><a href=\"https:\/\/us.edu.pl\/wydzial\/wns\/wp-content\/uploads\/sites\/17\/Bez-kategorii\/PED.-SPECJALNA-ZALACZNIK-12-scenariusz-zajec.docx\" class=\"mtli_attachment mtli_docx\" data-mtli=\"mtli_filesize109,61kB\" class=\"mtli_attachment mtli_docx\" data-mtli=\"mtli_filesize109,61kB\">PED. SPECJALNA ZA\u0141\u0104CZNIK 12 scenariusz zaj\u0119\u0107<\/a><\/p>\n<style type=\"text\/css\">a[data-mtli~=\"mtli_filesize701,49kB\"]:after {content:\" (701,49 kB)\"}a[data-mtli~=\"mtli_filesize585,16kB\"]:after {content:\" (585,16 kB)\"}a[data-mtli~=\"mtli_filesize217,25kB\"]:after {content:\" (217,25 kB)\"}a[data-mtli~=\"mtli_filesize106,13kB\"]:after {content:\" (106,13 kB)\"}a[data-mtli~=\"mtli_filesize92,38kB\"]:after {content:\" (92,38 kB)\"}a[data-mtli~=\"mtli_filesize455,77kB\"]:after {content:\" (455,77 kB)\"}a[data-mtli~=\"mtli_filesize390,08kB\"]:after {content:\" (390,08 kB)\"}a[data-mtli~=\"mtli_filesize391,30kB\"]:after {content:\" (391,30 kB)\"}a[data-mtli~=\"mtli_filesize21,12kB\"]:after {content:\" (21,12 kB)\"}a[data-mtli~=\"mtli_filesize127,39kB\"]:after {content:\" (127,39 kB)\"}a[data-mtli~=\"mtli_filesize24,02kB\"]:after {content:\" (24,02 kB)\"}a[data-mtli~=\"mtli_filesize108,43kB\"]:after {content:\" (108,43 kB)\"}a[data-mtli~=\"mtli_filesize127,83kB\"]:after {content:\" (127,83 kB)\"}a[data-mtli~=\"mtli_filesize109,19kB\"]:after {content:\" (109,19 kB)\"}a[data-mtli~=\"mtli_filesize105,80kB\"]:after {content:\" (105,80 kB)\"}a[data-mtli~=\"mtli_filesize109,61kB\"]:after {content:\" (109,61 kB)\"}<\/style><\/div>\r\n                    <\/div>\r\n                <\/div>[\/vc_column][\/vc_row]<\/p>\n<style type=\"text\/css\">a[data-mtli~=\"mtli_filesize701,49kB\"]:after {content:\" (701,49 kB)\"}a[data-mtli~=\"mtli_filesize585,16kB\"]:after {content:\" (585,16 kB)\"}a[data-mtli~=\"mtli_filesize217,25kB\"]:after {content:\" (217,25 kB)\"}a[data-mtli~=\"mtli_filesize106,13kB\"]:after {content:\" (106,13 kB)\"}a[data-mtli~=\"mtli_filesize92,38kB\"]:after {content:\" (92,38 kB)\"}a[data-mtli~=\"mtli_filesize455,77kB\"]:after {content:\" (455,77 kB)\"}a[data-mtli~=\"mtli_filesize390,08kB\"]:after {content:\" (390,08 kB)\"}a[data-mtli~=\"mtli_filesize391,30kB\"]:after {content:\" (391,30 kB)\"}a[data-mtli~=\"mtli_filesize21,12kB\"]:after {content:\" (21,12 kB)\"}a[data-mtli~=\"mtli_filesize127,39kB\"]:after {content:\" (127,39 kB)\"}a[data-mtli~=\"mtli_filesize24,02kB\"]:after {content:\" (24,02 kB)\"}a[data-mtli~=\"mtli_filesize108,43kB\"]:after {content:\" (108,43 kB)\"}a[data-mtli~=\"mtli_filesize127,83kB\"]:after {content:\" (127,83 kB)\"}a[data-mtli~=\"mtli_filesize109,19kB\"]:after {content:\" (109,19 kB)\"}a[data-mtli~=\"mtli_filesize105,80kB\"]:after {content:\" (105,80 kB)\"}a[data-mtli~=\"mtli_filesize109,61kB\"]:after {content:\" (109,61 kB)\"}<\/style>","protected":false},"excerpt":{"rendered":"<p>[vc_row][vc_column][\/vc_column][\/vc_row] [&#8230;]<\/p>\n<p><a class=\"btn btn-secondary understrap-read-more-link\" href=\"https:\/\/us.edu.pl\/wydzial\/wns\/pedagogika-specjalna-2\/\">Read More&#8230;<\/a><\/p>\n","protected":false},"author":133,"featured_media":0,"parent":0,"menu_order":0,"comment_status":"closed","ping_status":"closed","template":"","meta":{"_expiration-date-status":"","_expiration-date":0,"_expiration-date-type":"","_expiration-date-categories":[],"_expiration-date-options":[]},"acf":[],"_links":{"self":[{"href":"https:\/\/us.edu.pl\/wydzial\/wns\/wp-json\/wp\/v2\/pages\/172360"}],"collection":[{"href":"https:\/\/us.edu.pl\/wydzial\/wns\/wp-json\/wp\/v2\/pages"}],"about":[{"href":"https:\/\/us.edu.pl\/wydzial\/wns\/wp-json\/wp\/v2\/types\/page"}],"author":[{"embeddable":true,"href":"https:\/\/us.edu.pl\/wydzial\/wns\/wp-json\/wp\/v2\/users\/133"}],"replies":[{"embeddable":true,"href":"https:\/\/us.edu.pl\/wydzial\/wns\/wp-json\/wp\/v2\/comments?post=172360"}],"version-history":[{"count":5,"href":"https:\/\/us.edu.pl\/wydzial\/wns\/wp-json\/wp\/v2\/pages\/172360\/revisions"}],"predecessor-version":[{"id":177671,"href":"https:\/\/us.edu.pl\/wydzial\/wns\/wp-json\/wp\/v2\/pages\/172360\/revisions\/177671"}],"wp:attachment":[{"href":"https:\/\/us.edu.pl\/wydzial\/wns\/wp-json\/wp\/v2\/media?parent=172360"}],"curies":[{"name":"wp","href":"https:\/\/api.w.org\/{rel}","templated":true}]}}