{"id":172880,"date":"2025-01-21T08:02:02","date_gmt":"2025-01-21T07:02:02","guid":{"rendered":"https:\/\/us.edu.pl\/wydzial\/wns\/?page_id=172880"},"modified":"2025-02-25T09:06:39","modified_gmt":"2025-02-25T08:06:39","slug":"zespol","status":"publish","type":"page","link":"https:\/\/us.edu.pl\/wydzial\/wns\/zespol\/","title":{"rendered":"Zesp\u00f3\u0142"},"content":{"rendered":"<p>[vc_row][vc_column]\r\n                <div class=\"text-modules\">\r\n                    <div class=\"container\">\r\n                        \r\n                        <div class=\"text-modules__content\"><p><strong>Marcin Jurczyk<\/strong><\/p>\n<p>Doktor w dziedzinie nauk spo\u0142ecznych w dyscyplinie naukowej pedagogika, adiunkt w Instytucie Pedagogiki Uniwersytetu \u015al\u0105skiego w Katowicach. Autor kilkunastu publikacji naukowych z zakresu penitencjarystyki i resocjalizacji. G\u0142\u00f3wne zainteresowania badawcze dotycz\u0105 wychowania, terapii i opieki os\u00f3b niedostosowanych spo\u0142ecznie, agresywno\u015bci m\u0142odzie\u017cy, diagnozy resocjalizacyjnej, teorii napi\u0119cia oraz patologii spo\u0142ecznych. Cz\u0142onek International Society for Research on Aggression oraz The International Corrections and Prisons Association. Dyrektor Instytutu Nauk Spo\u0142ecznych PASSH w Londynie oraz Redaktor naczelny mi\u0119dzynarodowego czasopisma Archive od Social Sciences and Humanities w Londynie. Cz\u0142onek Rady Redakcyjnej American Journal of Psychiatry and Neuroscience oraz Journal of Community Medicine and Public Health Reports. W 2024 roku w The International Historical Biographical Institute (Dubai-New York-Rome-Burgas-Jerusalem\u2013Beijing) usyska\u0142 status International Teacher &amp; Senior Research Fellow. Ponadto posiada kwalifikacje zawodowe NVQ3: Diploma for Residential Childcare, National Vocational Qualifications, status wykwalifikowanego nauczyciela w Wielkiej Brytanii (Qualified Teacher Status (QTS), Department for Education UK, Teacher Reference Number: 1656258, England 2015) oraz uko\u0144czone studia podyplomowe z zakresu zarz\u0105dzania o\u015bwiat\u0105. 2020.<\/p>\n<p>ORCID ID:\u00a0<a href=\"https:\/\/orcid.org\/0000-0003-0099-4730\">https:\/\/orcid.org\/0000-0003-0099-4730<\/a><br \/>\nResearchGate:\u00a0<a href=\"https:\/\/www.researchgate.net\/profile\/Marcin_Jurczyk\/publications\">https:\/\/www.researchgate.net\/profile\/Marcin_Jurczyk\/publications<\/a><br \/>\nAcademia:\u00a0<a href=\"https:\/\/silesian.academia.edu\/MarcinJurczykPhD\">https:\/\/silesian.academia.edu\/MarcinJurczykPhD<\/a><\/p>\n<p>Web of Science Researcher ID: AFI-4901-2022<\/p>\n<p>&nbsp;<\/p>\n<p>&nbsp;<\/p>\n<p>&nbsp;<\/p>\n<p>&nbsp;<\/p>\n<p>&nbsp;<\/p>\n<p>&nbsp;<\/p>\n<p><strong>Marta Niemiec<\/strong><\/p>\n<p>Doktor nauk spo\u0142ecznych w dyscyplinie pedagogika, pracownik badawczo \u2013 dydaktyczny, nauczyciel akademicki w Uniwersytecie \u015al\u0105skim w Katowicach; pracownik dydaktyczny, wyk\u0142adowca, szkoleniowiec, m.in.: Wy\u017cszej Szko\u0142y Biznesu w D\u0105browie G\u00f3rniczej, Wy\u017cszej Szko\u0142y Bankowej w Poznaniu (obecnie MERITO), Regionalnego O\u015brodka Doskonalenia Nauczycieli WOM w Katowicach. Pedagog specjalny (uko\u0144czone studia podyplomowe kwalifikacyjne z zakresu: tyflopedagogiki, diagnozy i terapii os\u00f3b z autyzmem, zespo\u0142em Aspergera oraz innymi ca\u0142o\u015bciowymi zaburzeniami rozwojowymi oraz uczestniczka szkole\u0144 i kurs\u00f3w kwalifikacyjnych m.in. z zakresu diagnozy i terapii os\u00f3b z ADHD, wczesnego wspomagania rozwoju, treningu umiej\u0119tno\u015bci spo\u0142ecznych os\u00f3b ze spektrum autyzmu), praktyk (nauczyciel wsp\u00f3\u0142organizuj\u0105cy proces kszta\u0142cenia uczni\u00f3w z niepe\u0142nosprawno\u015bci\u0105 w Szkole Podstawowej nr 5 im. Polskiej Macierzy Szkolnej w Czeladzi, pedagog SOSW, terapeuta \u2013 m.in. realizowanie rz\u0105dowych projekt\u00f3w w ramach PFRON dla doros\u0142ych os\u00f3b z niepe\u0142nosprawno\u015bci\u0105 intelektualn\u0105). Specjalizuje si\u0119 w diagnozie i terapii dzieci i m\u0142odzie\u017cy ze zr\u00f3\u017cnicowanymi potrzebami edukacyjnymi oraz diagnozie i terapii doros\u0142ych os\u00f3b z niepe\u0142nosprawno\u015bciami oraz ich rodzin. Zainteresowania naukowo-badawcze, dydaktyczne i szkoleniowe koncentruj\u0105 si\u0119 g\u0142\u00f3wnie na procesie diagnozy oraz kontekstach psychospo\u0142ecznego funkcjonowania os\u00f3b niepe\u0142nosprawnych, szczeg\u00f3lnie dotycz\u0105cych kszta\u0142towania i rozwijania umiej\u0119tno\u015bci spo\u0142ecznych os\u00f3b z niepe\u0142nosprawno\u015bciami, wsparcia i terapii doros\u0142ych os\u00f3b ze spektrum autyzmu, ADHD oraz ich rodzin<\/p>\n<p>ORCID\u00a0ID:<a href=\"https:\/\/orcid.org\/0000-0002-1366-9542\">https:\/\/orcid.org\/0000-0002-1366-9542<\/a><br \/>\nGoogle\u00a0Scholar:<a href=\"https:\/\/scholar.google.pl\/citations?user=5Z3fbTgAAAAJ&amp;hl=pl\">https:\/\/scholar.google.pl\/citations?user=5Z3fbTgAAAAJ&amp;hl=pl<\/a><br \/>\nResearchGate:\u00a0<a href=\"https:\/\/www.researchgate.net\/profile\/Marta_Niemiec\">https:\/\/www.researchgate.net\/profile\/Marta_Niemiec<\/a><\/p>\n<p>&nbsp;<\/p>\n<p>&nbsp;<\/p>\n<p>&nbsp;<\/p>\n<p>&nbsp;<\/p>\n<p><strong>Anida Szafra\u0144ska<\/strong><\/p>\n<p>Doktor nauk spo\u0142ecznych w dyscyplinie naukowej pedagogika, adiunkt w Instytucie Pedagogiki Uniwersytetu \u015al\u0105skiego w Katowicach. Pedagog specjalny. Autorka kilkunastu publikacji naukowych z zakresu wsparcia spo\u0142ecznego rodzin z dzieckiem z autyzmem, do\u015bwiadcze\u0144 ojc\u00f3w, potrzeb w zakresie pomocy a tak\u017ce kszta\u0142cenia dzieci z zaburzeniami ze spektrum autyzmu. Wsp\u00f3lnie z prof. dr hab. Ann\u0105 Nowak opracowa\u0142a i prowadzi\u0142a projekt dydaktyczny pt: Inkluzja spo\u0142eczna os\u00f3b z niepe\u0142nosprawno\u015bciami. Posiada do\u015bwiadczenie w pracy z dzie\u0107mi z zaburzeniami ze spektrum autyzmu. Uko\u0144czy\u0142a liczne kursy i szkolenia, min. Early Start Denver Model: Introduction Course Workshop oraz kurs w zakresie stosowania Metody Feuersteina &#8211; Instrumental Enrichment \u2013 Poziom I &#8211; certyfikat mi\u0119dzynarodowy. Uko\u0144czy\u0142a studia podyplomowe w zakresie zarz\u0105dzania o\u015bwiat\u0105.<\/p>\n<p>ORCID: <a href=\"https:\/\/orcid.org\/0000-0002-2469-5375\">https:\/\/orcid.org\/0000-0002-2469-5375<\/a><\/p>\n<p>&nbsp;<\/p>\n<p>&nbsp;<\/p>\n<p>&nbsp;<\/p>\n<p>&nbsp;<\/p>\n<p>&nbsp;<\/p>\n<p>&nbsp;<\/p>\n<p>&nbsp;<\/p>\n<p>&nbsp;<\/p>\n<p>&nbsp;<\/p>\n<p><strong>Aleksandra J\u0119dryszek<\/strong><\/p>\n<p>Doktor nauk spo\u0142ecznych w\u00a0dziedzinie psychologii, magister psychologii, magister pedagogiki. Posiada kilkunastoletnie do\u015bwiadczenie w\u00a0pracy jako nauczyciel. Wyk\u0142adowca Polish Academy of Social Sciences ang Humanities in London. Cz\u0142onek Polish Psychologist\u2019s Association w\u00a0Londynie. Uczestniczka oraz\u00a0organizatorka konferencji naukowych oraz\u00a0sympozj\u00f3w w\u00a0Anglii, Szkocji, Hiszpanii, W\u0142oszech, Portugalii i\u00a0Stanach Zjednoczonych. Od kilkunastu lat zajmuje si\u0119 kszta\u0142ceniem nauczycieli w\u00a0Polsce, Wielkiej Brytanii, Stanach Zjednoczonych Ameryki, Islandii, Hiszpanii, W\u0142oszech. W\u00a0obszarze zainteresowa\u0144 naukowych le\u017cy mi\u0119dzy innymi wypalenie zawodowe, agresja, czy\u00a0praca z\u00a0uczniem sprawiaj\u0105cym trudno\u015bci. Posiada kilkunastoletni sta\u017c pracy z\u00a0m\u0142odzie\u017c\u0105 niedostosowan\u0105 spo\u0142ecznie, osadzonymi w\u00a0zak\u0142adach karnych oraz\u00a0z osobami potrzebuj\u0105cymi wsparcia psychologicznego. Zajmuje si\u0119 r\u00f3wnie\u017c diagnoz\u0105 psychologiczn\u0105. Obecnie Prodziekan Wydzia\u0142u Psychologii i Pedagogiki w Menad\u017cerskiej Akademii Nauk Stosowanych w Warszawie.<\/p>\n<p>&nbsp;<\/p>\n<p>ORCID ID:\u00a0<a href=\"https:\/\/orcid.org\/0000-0002-8360-8622\">https:\/\/orcid.org\/0000-0002-8360-8622<\/a><\/p>\n<p>ResearchGate:\u00a0<a href=\"https:\/\/www.researchgate.net\/profile\/Aleksandra-Jedryszek\">https:\/\/www.researchgate.net\/profile\/Aleksandra-Jedryszek<\/a><\/p>\n<p>&nbsp;<\/p>\n<p>&nbsp;<\/p>\n<p>&nbsp;<\/p>\n<p>&nbsp;<\/p>\n<p>&nbsp;<\/p>\n<p><strong>Wiktoria \u017bmudka<\/strong><\/p>\n<p>Studentka I roku pedagogiki specjalnej i II roku psychologii na Uniwersytecie \u015al\u0105skim w Katowicach. Zainteresowania badawcze koncentruj\u0105 si\u0119 wok\u00f3\u0142 spektrum autyzmu, resocjalizacji oraz wp\u0142ywu trudnych \u015brodowisk na rozw\u00f3j emocjonalny i spo\u0142eczny dzieci. \u00a0Zainteresowania dotycz\u0105 szczeg\u00f3lnie skuteczno\u015bci r\u00f3\u017cnorodnych metod terapeutycznych wspieraj\u0105cych dzieci z trudno\u015bciami rozwojowymi oraz ich rodziny w codziennym funkcjonowaniu.<\/p>\n<p>Wolontariuszka w organizacjach wspieraj\u0105cych dzieci i m\u0142odzie\u017c. Wsp\u00f3\u0142pracuje z Fundacj\u0105 Edukacja z Serca w ramach projektu \u201eSzkolenia z serca\u201d dla specjalist\u00f3w zdrowia psychicznego, kt\u00f3ra obejmuje organizacj\u0119 wydarze\u0144, tworzenie tre\u015bci promocyjnych oraz zarz\u0105dzanie komunikacj\u0105 na platformach spo\u0142eczno\u015bciowych. Jest czynn\u0105 i zaanga\u017cowan\u0105 wolontariuszk\u0105 w Stowarzyszeniu Pomocy Dzieciom i M\u0142odzie\u017cy \u201eDom Anio\u0142\u00f3w Str\u00f3\u017c\u00f3w\u201d oraz Fundacji dla Ludzi Potrzebuj\u0105cych Pomocy \u201eGniazdo\u201d, gdzie prowadzone s\u0105 zaj\u0119cia dla dzieci w wieku przedszkolnym i wczesnoszkolnym.<\/p>\n<p>Do\u015bwiadczenie w pracy terapeutycznej z dzie\u0107mi poszerzane jest poprzez udzia\u0142 w licznych szkoleniach i kursach. Uko\u0144czone zosta\u0142y certyfikowane kursy Trenera Umiej\u0119tno\u015bci Spo\u0142ecznych oraz Terapeuty r\u0119ki z elementami grafomotoryki, a tak\u017ce szkolenia z zakresu pracy z dzie\u0107mi w spektrum autyzmu i innymi trudno\u015bciami rozwojowymi.<\/p>\n<p>Ponadto zainteresowania badawcze koncentruj\u0105 si\u0119 r\u00f3wnie\u017c na psychologii dzieci\u0119cej oraz wsparciu terapeutycznym, g\u0142\u00f3wnie z wykorzystaniem bajkoterapii; pomoc dzieciom mierz\u0105cym si\u0119 z wyzwaniami wynikaj\u0105cymi z funkcjonowania w trudnych wychowawczo \u015brodowiskach oraz dzieciom ze zr\u00f3\u017cnicowanymi potrzebami rozwojowymi.<\/p>\n<\/div>\r\n                    <\/div>\r\n                <\/div>[\/vc_column][\/vc_row]<\/p>","protected":false},"excerpt":{"rendered":"<p>[vc_row][vc_column][\/vc_column][\/vc_row] [&#8230;]<\/p>\n<p><a class=\"btn btn-secondary understrap-read-more-link\" href=\"https:\/\/us.edu.pl\/wydzial\/wns\/zespol\/\">Read More&#8230;<\/a><\/p>\n","protected":false},"author":133,"featured_media":0,"parent":0,"menu_order":0,"comment_status":"closed","ping_status":"closed","template":"","meta":{"_expiration-date-status":"","_expiration-date":0,"_expiration-date-type":"","_expiration-date-categories":[],"_expiration-date-options":[]},"acf":[],"_links":{"self":[{"href":"https:\/\/us.edu.pl\/wydzial\/wns\/wp-json\/wp\/v2\/pages\/172880"}],"collection":[{"href":"https:\/\/us.edu.pl\/wydzial\/wns\/wp-json\/wp\/v2\/pages"}],"about":[{"href":"https:\/\/us.edu.pl\/wydzial\/wns\/wp-json\/wp\/v2\/types\/page"}],"author":[{"embeddable":true,"href":"https:\/\/us.edu.pl\/wydzial\/wns\/wp-json\/wp\/v2\/users\/133"}],"replies":[{"embeddable":true,"href":"https:\/\/us.edu.pl\/wydzial\/wns\/wp-json\/wp\/v2\/comments?post=172880"}],"version-history":[{"count":4,"href":"https:\/\/us.edu.pl\/wydzial\/wns\/wp-json\/wp\/v2\/pages\/172880\/revisions"}],"predecessor-version":[{"id":175584,"href":"https:\/\/us.edu.pl\/wydzial\/wns\/wp-json\/wp\/v2\/pages\/172880\/revisions\/175584"}],"wp:attachment":[{"href":"https:\/\/us.edu.pl\/wydzial\/wns\/wp-json\/wp\/v2\/media?parent=172880"}],"curies":[{"name":"wp","href":"https:\/\/api.w.org\/{rel}","templated":true}]}}