{"id":176739,"date":"2025-03-12T08:47:42","date_gmt":"2025-03-12T07:47:42","guid":{"rendered":"https:\/\/us.edu.pl\/wydzial\/wns\/?page_id=176739"},"modified":"2025-03-12T09:58:46","modified_gmt":"2025-03-12T08:58:46","slug":"zwiazek-pomiedzy-poczuciem-narodowej-wiktymizacji-a-postawami-wobec-skrajnie-prawicowego-brutalnego-ekstremizmu","status":"publish","type":"page","link":"https:\/\/us.edu.pl\/wydzial\/wns\/zwiazek-pomiedzy-poczuciem-narodowej-wiktymizacji-a-postawami-wobec-skrajnie-prawicowego-brutalnego-ekstremizmu\/","title":{"rendered":"\u201eZwi\u0105zek pomi\u0119dzy poczuciem narodowej wiktymizacji a postawami wobec skrajnie prawicowego brutalnego ekstremizmu\u201d"},"content":{"rendered":"<p>[vc_row][vc_column]\r\n                <div class='sidebar_moduls sidebar_one_header' style='color:#FFFFFF;background-color: #002E5A'>\r\n                    <a href='' class='link'>\u201eZwi\u0105zek pomi\u0119dzy poczuciem narodowej wiktymizacji a postawami wobec skrajnie prawicowego brutalnego ekstremizmu\u201d<\/a>\r\n                <\/div>[\/vc_column][vc_column]\r\n                <div class='sidebar_moduls sidebar_one_header' style='color:#FFFFFF;background-color: #002E5A'>\r\n                    <a href='' class='link'>Kierownik projektu: Justyna Lipka<\/a>\r\n                <\/div>[\/vc_column][vc_column]\r\n                <div class=\"text-modules \">\r\n                    <div class=\"container\">\r\n                         \r\n                        <div class=\"row m-0\">\r\n                            <div class=\"text-modules__content\">\r\n                                Justyna Lipka &#8211; pracowniczka badawczo-dydaktyczna w Instytucie Psychologii i studentka w Szkole Doktorskiej Uniwersytetu \u015al\u0105skiego w Katowicach.<\/p>\n<p>Jej zainteresowania badawcze dotycz\u0105 postaw wobec ekstremizmu oraz psychologicznych aspekt\u00f3w odbioru filmu i jego wp\u0142ywu na postawy m\u0142odych doros\u0142ych.<\/p>\n<p>Jest kierowniczk\u0105 projektu badawczego pt. \u201eZwi\u0105zek pomi\u0119dzy poczuciem narodowej wiktymizacji a postawami wobec skrajnie prawicowego brutalnego ekstremizmu\u201d (PRELUDIUM NCN).<\/p>\n<p>Realizuje zainteresowania naukowe zwi\u0105zane z psychologiczn\u0105 prac\u0105 z filmem, prowadz\u0105c prelekcje i warsztaty dotycz\u0105ce popularyzacji psychologii. Jako prelegentka uczestniczy m.in. w wydarzeniach z cyklu \u201eFilmowe spotkania z psychologi\u0105\u201d, organizowanego przez Kino \u015awiatowid w Katowicach.<\/p>\n<p>Uko\u0144czy\u0142a seksuologi\u0119 kliniczn\u0105 na Uniwersytecie SWPS w Katowicach. Jako psycholo\u017ck\u0119-seksuolo\u017ck\u0119 szczeg\u00f3lnie interesuj\u0105 j\u0105 oddzia\u0142ywania zwi\u0105zane ze stresem mniejszo\u015bciowym, wsparcie os\u00f3b LGBTQ+ w procesie coming outu i tranzycji oraz praca z osobami w spektrum autyzmu, w tym wsparcie i poradnictwo w obszarze seksualno\u015bci. \r\n                                <div class=\"mt-3\"><\/div>\r\n                            <\/div>\r\n                            \r\n                            <div class=\"text-modules__img\"><img src=\"https:\/\/us.edu.pl\/wydzial\/wns\/wp-content\/uploads\/sites\/17\/Bez-kategorii\/Zdjecie-nr-7-scaled.jpg\" alt=\"img\"><\/div>\r\n                        <\/div>\r\n                    <\/div>\r\n                <\/div>\r\n                <div class=\"tiles-section\" style=\"background: \">\r\n                    <div class=\"container\">\r\n                        <h3 class=\"page-title\"><\/h3>\r\n                        <div class=\"tiles tiles-2\">\r\n                            <a href=\"https:\/\/us.edu.pl\/wydzial\/wns\/informacje-o-projekcie-i-realizowanych-badaniach\/\" class=\"tile tile_double justify-content-center\" style=\"background-color: #002E5A; font-weight: bold; color: #ffffff;  \">\r\n                                \r\n                                   \r\n                               \r\n                                <div class=\"tile__name\">Informacje o projekcie i realizowanych badaniach<\/div>\r\n                            <\/a>\r\n                            <a href=\"https:\/\/us.edu.pl\/wydzial\/wns\/udzial-w-konferencjach\/\" class=\"tile tile_double justify-content-center\" style=\"background-color: #002E5A; font-weight: bold; color: #ffffff;  \">\r\n                                \r\n                                   \r\n                               \r\n                                <div class=\"tile__name\">Udzia\u0142 w konferencjach<\/div>\r\n                            <\/a><\/div>\r\n                    <\/div>\r\n                <\/div>[\/vc_column][vc_column][\/vc_column][\/vc_row][vc_row][vc_column][\/vc_column][\/vc_row][vc_row][vc_column]\r\n                <div class='sidebar_moduls sidebar_one_header' style='color:#FFFFFF;background-color: #002E5A'>\r\n                    <a href='' class='link'>justyna.lipka@us.edu.pl<\/a>\r\n                <\/div>[\/vc_column][\/vc_row]<\/p>","protected":false},"excerpt":{"rendered":"<p>[vc_row][vc_column][\/vc_column][vc_column][\/vc_column][vc_column][\/vc_column][vc_column][\/vc_column][\/vc_row][vc_row][vc_column][\/vc_column][\/vc_row][vc_row][vc_column][\/vc_column][\/vc_row] [&#8230;]<\/p>\n<p><a class=\"btn btn-secondary understrap-read-more-link\" href=\"https:\/\/us.edu.pl\/wydzial\/wns\/zwiazek-pomiedzy-poczuciem-narodowej-wiktymizacji-a-postawami-wobec-skrajnie-prawicowego-brutalnego-ekstremizmu\/\">Read More&#8230;<\/a><\/p>\n","protected":false},"author":133,"featured_media":0,"parent":0,"menu_order":0,"comment_status":"closed","ping_status":"closed","template":"","meta":{"_expiration-date-status":"","_expiration-date":0,"_expiration-date-type":"","_expiration-date-categories":[],"_expiration-date-options":[]},"acf":[],"_links":{"self":[{"href":"https:\/\/us.edu.pl\/wydzial\/wns\/wp-json\/wp\/v2\/pages\/176739"}],"collection":[{"href":"https:\/\/us.edu.pl\/wydzial\/wns\/wp-json\/wp\/v2\/pages"}],"about":[{"href":"https:\/\/us.edu.pl\/wydzial\/wns\/wp-json\/wp\/v2\/types\/page"}],"author":[{"embeddable":true,"href":"https:\/\/us.edu.pl\/wydzial\/wns\/wp-json\/wp\/v2\/users\/133"}],"replies":[{"embeddable":true,"href":"https:\/\/us.edu.pl\/wydzial\/wns\/wp-json\/wp\/v2\/comments?post=176739"}],"version-history":[{"count":8,"href":"https:\/\/us.edu.pl\/wydzial\/wns\/wp-json\/wp\/v2\/pages\/176739\/revisions"}],"predecessor-version":[{"id":176747,"href":"https:\/\/us.edu.pl\/wydzial\/wns\/wp-json\/wp\/v2\/pages\/176739\/revisions\/176747"}],"wp:attachment":[{"href":"https:\/\/us.edu.pl\/wydzial\/wns\/wp-json\/wp\/v2\/media?parent=176739"}],"curies":[{"name":"wp","href":"https:\/\/api.w.org\/{rel}","templated":true}]}}