{"id":176806,"date":"2025-03-12T09:28:01","date_gmt":"2025-03-12T08:28:01","guid":{"rendered":"https:\/\/us.edu.pl\/wydzial\/wns\/?page_id=176806"},"modified":"2025-03-12T09:28:01","modified_gmt":"2025-03-12T08:28:01","slug":"dismantling-democracy-insecurity-emotions-and-authoritarian-populism","status":"publish","type":"page","link":"https:\/\/us.edu.pl\/wydzial\/wns\/dismantling-democracy-insecurity-emotions-and-authoritarian-populism\/","title":{"rendered":"\u201eDismantling Democracy: Insecurity, emotions and authoritarian populism\u201d"},"content":{"rendered":"<p>[vc_row][vc_column]\r\n                <div class=\"text-modules\">\r\n                    <div class=\"container\">\r\n                        \r\n                        <div class=\"text-modules__content\"><p>W dniach 4-6 lipca 2024 roku mgr Justyna Lipka wzi\u0119\u0142a udzia\u0142 w corocznej konferencji naukowej organizowanej przez International Society of Political Psychology. W tym roku spotkanie pod has\u0142em \u201eDismantling Democracy: Insecurity, emotions and authoritarian populism\u201d odby\u0142o si\u0119 w Santiago, Chile. Podczas konferencji mgr Lipka przedstawi\u0142a informacje o realizowanym projekcie podczas wyst\u0105pienia \u201eSupport for state violence, support for extremism? Attitudes toward extremism and violence among Polish youth\u201d. Moderowa\u0142a r\u00f3wnie\u017c dyskusj\u0119 w ramach sesji \u201ePathways Towards Support for Violence\u201d. Udzia\u0142 w International Society of Political Psychology Annual Meeting 2024 by\u0142 nie tylko okazj\u0105 do zaprezentowania realizowanego projektu, ale r\u00f3wnie\u017c rozm\u00f3w z osobami, kt\u00f3rych zainteresowania naukowe dotycz\u0105 bada\u0144 nad ekstremizmem i procesem radykalizacji.<\/p>\n<\/div>\r\n                    <\/div>\r\n                <\/div>            \r\n                    <div class=\"container\">\r\n                        <div class=\"gallery gallery_3\" data-images-in-row=\"3\">\r\n                            \r\n                            <div class=\"row m-0\">\r\n                                <a data-fancybox-group=\"button\" title=\"\" data-fancybox=\"1020\" href=\"https:\/\/us.edu.pl\/wydzial\/wns\/wp-content\/uploads\/sites\/17\/Bez-kategorii\/Zdjecie-nr-1.jpg\" class=\"gallery__item thumbnail\"\r\n                                    style=\"background-image: url(https:\/\/us.edu.pl\/wydzial\/wns\/wp-content\/uploads\/sites\/17\/Bez-kategorii\/Zdjecie-nr-1.jpg)\"> <span class=\"d-none\">https:\/\/us.edu.pl\/wydzial\/wns\/wp-content\/uploads\/sites\/17\/Bez-kategorii\/Zdjecie-nr-1.jpg<\/span> <\/a><a data-fancybox-group=\"button\" title=\"\" data-fancybox=\"1020\" href=\"https:\/\/us.edu.pl\/wydzial\/wns\/wp-content\/uploads\/sites\/17\/Bez-kategorii\/Zdjecie-nr-2.jpg\" class=\"gallery__item thumbnail\"\r\n                                    style=\"background-image: url(https:\/\/us.edu.pl\/wydzial\/wns\/wp-content\/uploads\/sites\/17\/Bez-kategorii\/Zdjecie-nr-2.jpg)\"> <span class=\"d-none\">https:\/\/us.edu.pl\/wydzial\/wns\/wp-content\/uploads\/sites\/17\/Bez-kategorii\/Zdjecie-nr-2.jpg<\/span> <\/a><a data-fancybox-group=\"button\" title=\"\" data-fancybox=\"1020\" href=\"https:\/\/us.edu.pl\/wydzial\/wns\/wp-content\/uploads\/sites\/17\/Bez-kategorii\/Zdjecie-nr-3.jpg\" class=\"gallery__item thumbnail\"\r\n                                    style=\"background-image: url(https:\/\/us.edu.pl\/wydzial\/wns\/wp-content\/uploads\/sites\/17\/Bez-kategorii\/Zdjecie-nr-3.jpg)\"> <span class=\"d-none\">https:\/\/us.edu.pl\/wydzial\/wns\/wp-content\/uploads\/sites\/17\/Bez-kategorii\/Zdjecie-nr-3.jpg<\/span> <\/a>\r\n                            <\/div>\r\n                    <\/div>\r\n                <\/div>[\/vc_column][\/vc_row]<\/p>","protected":false},"excerpt":{"rendered":"<p>[vc_row][vc_column][\/vc_column][\/vc_row] [&#8230;]<\/p>\n<p><a class=\"btn btn-secondary understrap-read-more-link\" href=\"https:\/\/us.edu.pl\/wydzial\/wns\/dismantling-democracy-insecurity-emotions-and-authoritarian-populism\/\">Read More&#8230;<\/a><\/p>\n","protected":false},"author":133,"featured_media":0,"parent":0,"menu_order":0,"comment_status":"closed","ping_status":"closed","template":"","meta":{"_expiration-date-status":"","_expiration-date":0,"_expiration-date-type":"","_expiration-date-categories":[],"_expiration-date-options":[]},"acf":[],"_links":{"self":[{"href":"https:\/\/us.edu.pl\/wydzial\/wns\/wp-json\/wp\/v2\/pages\/176806"}],"collection":[{"href":"https:\/\/us.edu.pl\/wydzial\/wns\/wp-json\/wp\/v2\/pages"}],"about":[{"href":"https:\/\/us.edu.pl\/wydzial\/wns\/wp-json\/wp\/v2\/types\/page"}],"author":[{"embeddable":true,"href":"https:\/\/us.edu.pl\/wydzial\/wns\/wp-json\/wp\/v2\/users\/133"}],"replies":[{"embeddable":true,"href":"https:\/\/us.edu.pl\/wydzial\/wns\/wp-json\/wp\/v2\/comments?post=176806"}],"version-history":[{"count":1,"href":"https:\/\/us.edu.pl\/wydzial\/wns\/wp-json\/wp\/v2\/pages\/176806\/revisions"}],"predecessor-version":[{"id":176819,"href":"https:\/\/us.edu.pl\/wydzial\/wns\/wp-json\/wp\/v2\/pages\/176806\/revisions\/176819"}],"wp:attachment":[{"href":"https:\/\/us.edu.pl\/wydzial\/wns\/wp-json\/wp\/v2\/media?parent=176806"}],"curies":[{"name":"wp","href":"https:\/\/api.w.org\/{rel}","templated":true}]}}