{"id":176823,"date":"2025-03-12T09:36:12","date_gmt":"2025-03-12T08:36:12","guid":{"rendered":"https:\/\/us.edu.pl\/wydzial\/wns\/?page_id=176823"},"modified":"2025-03-12T09:36:59","modified_gmt":"2025-03-12T08:36:59","slug":"international-society-of-political-psychology","status":"publish","type":"page","link":"https:\/\/us.edu.pl\/wydzial\/wns\/international-society-of-political-psychology\/","title":{"rendered":"International Congress of Psychology"},"content":{"rendered":"<p>[vc_row][vc_column]\r\n                <div class=\"text-modules\">\r\n                    <div class=\"container\">\r\n                        \r\n                        <div class=\"text-modules__content\"><p>W dniach 21\u201326 lipca 2024 roku mgr Justyna Lipka wzi\u0119\u0142a udzia\u0142 w mi\u0119dzynarodowej konferencji International Congress of Psychology, prezentuj\u0105c wyniki badania podczas sesji posterowej z wyst\u0105pieniem \u201eHow lonely are radicalised youth? Predictors of violent radicalisation among Polish emerging adults\u201d.<\/p>\n<p>Dla mgr Lipki, kt\u00f3ra zajmuje si\u0119 r\u00f3wnie\u017c psychologiczn\u0105 prac\u0105 z filmem i tematem immersji podczas seansu, pobyt w Pradze by\u0142 r\u00f3wnie\u017c okazj\u0105 do odwiedzenia NaFilM \u2013 N\u00e1rodn\u00ed filmov\u00e9 muzeum i do\u015bwiadczenia filmu VR \u201eDarkening\u201d dotycz\u0105cego depresji.<\/p>\n<\/div>\r\n                    <\/div>\r\n                <\/div>            \r\n                    <div class=\"container\">\r\n                        <div class=\"gallery gallery_3\" data-images-in-row=\"3\">\r\n                            \r\n                            <div class=\"row m-0\">\r\n                                <a data-fancybox-group=\"button\" title=\"\" data-fancybox=\"7561\" href=\"https:\/\/us.edu.pl\/wydzial\/wns\/wp-content\/uploads\/sites\/17\/Bez-kategorii\/Zdjecie-nr-6.jpg\" class=\"gallery__item thumbnail\"\r\n                                    style=\"background-image: url(https:\/\/us.edu.pl\/wydzial\/wns\/wp-content\/uploads\/sites\/17\/Bez-kategorii\/Zdjecie-nr-6-1024x768.jpg)\"> <span class=\"d-none\">https:\/\/us.edu.pl\/wydzial\/wns\/wp-content\/uploads\/sites\/17\/Bez-kategorii\/Zdjecie-nr-6.jpg<\/span> <\/a><a data-fancybox-group=\"button\" title=\"\" data-fancybox=\"7561\" href=\"https:\/\/us.edu.pl\/wydzial\/wns\/wp-content\/uploads\/sites\/17\/Bez-kategorii\/Zdjecie-nr-4.jpg\" class=\"gallery__item thumbnail\"\r\n                                    style=\"background-image: url(https:\/\/us.edu.pl\/wydzial\/wns\/wp-content\/uploads\/sites\/17\/Bez-kategorii\/Zdjecie-nr-4-543x1024.jpg)\"> <span class=\"d-none\">https:\/\/us.edu.pl\/wydzial\/wns\/wp-content\/uploads\/sites\/17\/Bez-kategorii\/Zdjecie-nr-4.jpg<\/span> <\/a><a data-fancybox-group=\"button\" title=\"\" data-fancybox=\"7561\" href=\"https:\/\/us.edu.pl\/wydzial\/wns\/wp-content\/uploads\/sites\/17\/Bez-kategorii\/Zdjecie-nr-5.jpg\" class=\"gallery__item thumbnail\"\r\n                                    style=\"background-image: url(https:\/\/us.edu.pl\/wydzial\/wns\/wp-content\/uploads\/sites\/17\/Bez-kategorii\/Zdjecie-nr-5-1024x768.jpg)\"> <span class=\"d-none\">https:\/\/us.edu.pl\/wydzial\/wns\/wp-content\/uploads\/sites\/17\/Bez-kategorii\/Zdjecie-nr-5.jpg<\/span> <\/a>\r\n                            <\/div>\r\n                    <\/div>\r\n                <\/div>[\/vc_column][\/vc_row]<\/p>","protected":false},"excerpt":{"rendered":"<p>[vc_row][vc_column][\/vc_column][\/vc_row] [&#8230;]<\/p>\n<p><a class=\"btn btn-secondary understrap-read-more-link\" href=\"https:\/\/us.edu.pl\/wydzial\/wns\/international-society-of-political-psychology\/\">Read More&#8230;<\/a><\/p>\n","protected":false},"author":133,"featured_media":0,"parent":0,"menu_order":0,"comment_status":"closed","ping_status":"closed","template":"","meta":{"_expiration-date-status":"","_expiration-date":0,"_expiration-date-type":"","_expiration-date-categories":[],"_expiration-date-options":[]},"acf":[],"_links":{"self":[{"href":"https:\/\/us.edu.pl\/wydzial\/wns\/wp-json\/wp\/v2\/pages\/176823"}],"collection":[{"href":"https:\/\/us.edu.pl\/wydzial\/wns\/wp-json\/wp\/v2\/pages"}],"about":[{"href":"https:\/\/us.edu.pl\/wydzial\/wns\/wp-json\/wp\/v2\/types\/page"}],"author":[{"embeddable":true,"href":"https:\/\/us.edu.pl\/wydzial\/wns\/wp-json\/wp\/v2\/users\/133"}],"replies":[{"embeddable":true,"href":"https:\/\/us.edu.pl\/wydzial\/wns\/wp-json\/wp\/v2\/comments?post=176823"}],"version-history":[{"count":2,"href":"https:\/\/us.edu.pl\/wydzial\/wns\/wp-json\/wp\/v2\/pages\/176823\/revisions"}],"predecessor-version":[{"id":176840,"href":"https:\/\/us.edu.pl\/wydzial\/wns\/wp-json\/wp\/v2\/pages\/176823\/revisions\/176840"}],"wp:attachment":[{"href":"https:\/\/us.edu.pl\/wydzial\/wns\/wp-json\/wp\/v2\/media?parent=176823"}],"curies":[{"name":"wp","href":"https:\/\/api.w.org\/{rel}","templated":true}]}}