{"id":180646,"date":"2025-06-16T12:02:09","date_gmt":"2025-06-16T10:02:09","guid":{"rendered":"https:\/\/us.edu.pl\/wydzial\/wns\/?page_id=180646"},"modified":"2025-06-16T12:06:20","modified_gmt":"2025-06-16T10:06:20","slug":"gdzie-na-erasmus","status":"publish","type":"page","link":"https:\/\/us.edu.pl\/wydzial\/wns\/gdzie-na-erasmus\/","title":{"rendered":"Praktyki i studia cz\u0119\u015bciowe za granic\u0105"},"content":{"rendered":"<p>[vc_row][vc_column]\r\n                <div class=\"text-modules\">\r\n                    <div class=\"container\">\r\n                        \r\n                        <div class=\"text-modules__content\"><p><strong>W ramach\u00a0programu Erasmus+ studentka\/student kierunku mo\u017ce zrealizowa\u0107 zagraniczn\u0105 praktyk\u0119 w r\u00f3\u017cnych instytucjach w 31 pa\u0144stwach uczestnicz\u0105cych w programie lub cz\u0119\u015b\u0107 studi\u00f3w w zagranicznej uczelni partnerskiej w: <\/strong><\/p>\n<ol>\n<li>Kierunek studi\u00f3w: <strong>arteterapia<\/strong><\/li>\n<\/ol>\n<p>Kraj: Bu\u0142garia, Estonia, Niemcy, Litwa, Francja, Hiszpania, Portugalia, S\u0142owenia<\/p>\n<ol start=\"2\">\n<li>Kierunek studi\u00f3w: <strong>bezpiecze\u0144stwo narodowe i mi\u0119dzynarodowe<\/strong><\/li>\n<\/ol>\n<p>Kraj: Bu\u0142garia, Czechy, Cypr, Estonia, Francja, Hiszpania, Litwa, Niemcy, Portugalia, Rumunia, S\u0142owacja, S\u0142owenia, Turcja, W\u0142ochy<\/p>\n<ol start=\"3\">\n<li>Kierunek studi\u00f3w: <strong>doradztwo polityczne i publiczne<\/strong><\/li>\n<\/ol>\n<p>Kraj: Bu\u0142garia, Czechy, Cypr, Estonia, Francja, Hiszpania, Litwa, Niemcy, Portugalia, Rumunia, S\u0142owacja, S\u0142owenia, Turcja, W\u0142ochy<\/p>\n<ol start=\"4\">\n<li>Kierunek studi\u00f3w: <strong>dziennikarstwo i komunikacja spo\u0142eczna<\/strong><\/li>\n<\/ol>\n<p>Kraj: Bu\u0142garia, Czechy, Cypr, Estonia, Francja, Hiszpania, Litwa, Niemcy, Portugalia, Rumunia, S\u0142owacja, S\u0142owenia, Turcja, W\u0142ochy<\/p>\n<ol start=\"5\">\n<li>Kierunek studi\u00f3w: <strong>International Studies in Political Science and Diplomacy<\/strong><\/li>\n<\/ol>\n<p>Kraj: Bu\u0142garia, Czechy, Cypr, Estonia, Francja, Hiszpania, Litwa, Niemcy, Portugalia, Rumunia, S\u0142owacja, S\u0142owenia, Turcja, W\u0142ochy<\/p>\n<ol start=\"6\">\n<li>Kierunek studi\u00f3w: <strong>mi\u0119dzynarodowe studia nauk politycznych i dyplomacji<\/strong><\/li>\n<\/ol>\n<p>Kraj: Bu\u0142garia, Czechy, Cypr, Estonia, Francja, Hiszpania, Litwa, Niemcy, Portugalia, Rumunia, S\u0142owacja, S\u0142owenia, Turcja, W\u0142ochy<\/p>\n<ol start=\"7\">\n<li>Kierunek studi\u00f3w: <strong>pedagogika przedszkolna i wczesnoszkolna<\/strong><\/li>\n<\/ol>\n<p>Kraj: Bu\u0142garia, Estonia, Niemcy, Litwa, Francja, Hiszpania, Portugalia, S\u0142owenia<\/p>\n<ol start=\"8\">\n<li>Kierunek studi\u00f3w: <strong>pedagogika specjalna<\/strong><\/li>\n<\/ol>\n<p>Kraj: Bu\u0142garia, Estonia, Niemcy, Litwa, Francja, Hiszpania, Portugalia, S\u0142owenia<\/p>\n<ol start=\"9\">\n<li>Kierunek studi\u00f3w: <strong>pedagogika <\/strong><\/li>\n<\/ol>\n<p>Kraj: Bu\u0142garia, Estonia, Niemcy, Litwa, Francja, Hiszpania, Portugalia, S\u0142owenia<\/p>\n<ol start=\"10\">\n<li>Kierunek studi\u00f3w: <strong>politologia<\/strong><\/li>\n<\/ol>\n<p>Kraj: Bu\u0142garia, Czechy, Cypr, Estonia, Francja, Hiszpania, Litwa, Niemcy, Portugalia, Rumunia, S\u0142owacja, S\u0142owenia, Turcja, W\u0142ochy<\/p>\n<ol start=\"11\">\n<li>Kierunek studi\u00f3w: <strong>polityki miejskie i doradztwo publiczne<\/strong><\/li>\n<\/ol>\n<p>Kraj: Bu\u0142garia, Czechy, Cypr, Estonia, Francja, Hiszpania, Litwa, Niemcy, Portugalia, Rumunia, S\u0142owacja, S\u0142owenia, Turcja, W\u0142ochy<\/p>\n<ol start=\"12\">\n<li>Kierunek studi\u00f3w: <strong>praca socjalna<\/strong><\/li>\n<\/ol>\n<p>Kraj: Austria, Bu\u0142garia, Czechy, Estonia, Francja, Hiszpania, Litwa, Niemcy, Norwegia, Portugalia, Rumunia, S\u0142owacja, S\u0142owenia, Turcja, W\u0142ochy<\/p>\n<ol start=\"13\">\n<li>Kierunek studi\u00f3w: <strong>psychologia<\/strong><\/li>\n<\/ol>\n<p>Kraj: Bu\u0142garia, Chorwacja, Czechy, Estonia, Niemcy, Litwa, Francja, Hiszpania, Portugalia, S\u0142owacja, S\u0142owenia, Turcja, W\u0142ochy<\/p>\n<ol start=\"14\">\n<li>Kierunek studi\u00f3w: <strong>socjologia<\/strong><\/li>\n<\/ol>\n<p>Kraj: Austria, Bu\u0142garia, Czechy, Estonia, Francja, Hiszpania, Litwa, Niemcy, Norwegia, Portugalia, Rumunia, S\u0142owacja, S\u0142owenia, Turcja, W\u0142ochy<\/p>\n<ol start=\"15\">\n<li>Kierunek studi\u00f3w: <strong>zarz\u0105dzanie zasobami ludzkimi w organizacji<\/strong><\/li>\n<\/ol>\n<p>Kraj: Bu\u0142garia, Estonia, Niemcy, Litwa, Francja, Hiszpania, Portugalia, S\u0142owenia, W\u0142ochy<\/p>\n<\/div>\r\n                    <\/div>\r\n                <\/div>[\/vc_column][\/vc_row]<\/p>","protected":false},"excerpt":{"rendered":"<p>[vc_row][vc_column][\/vc_column][\/vc_row] [&#8230;]<\/p>\n<p><a class=\"btn btn-secondary understrap-read-more-link\" href=\"https:\/\/us.edu.pl\/wydzial\/wns\/gdzie-na-erasmus\/\">Read More&#8230;<\/a><\/p>\n","protected":false},"author":7197,"featured_media":0,"parent":0,"menu_order":0,"comment_status":"closed","ping_status":"closed","template":"","meta":{"_expiration-date-status":"","_expiration-date":0,"_expiration-date-type":"","_expiration-date-categories":[],"_expiration-date-options":[]},"acf":[],"_links":{"self":[{"href":"https:\/\/us.edu.pl\/wydzial\/wns\/wp-json\/wp\/v2\/pages\/180646"}],"collection":[{"href":"https:\/\/us.edu.pl\/wydzial\/wns\/wp-json\/wp\/v2\/pages"}],"about":[{"href":"https:\/\/us.edu.pl\/wydzial\/wns\/wp-json\/wp\/v2\/types\/page"}],"author":[{"embeddable":true,"href":"https:\/\/us.edu.pl\/wydzial\/wns\/wp-json\/wp\/v2\/users\/7197"}],"replies":[{"embeddable":true,"href":"https:\/\/us.edu.pl\/wydzial\/wns\/wp-json\/wp\/v2\/comments?post=180646"}],"version-history":[{"count":3,"href":"https:\/\/us.edu.pl\/wydzial\/wns\/wp-json\/wp\/v2\/pages\/180646\/revisions"}],"predecessor-version":[{"id":180659,"href":"https:\/\/us.edu.pl\/wydzial\/wns\/wp-json\/wp\/v2\/pages\/180646\/revisions\/180659"}],"wp:attachment":[{"href":"https:\/\/us.edu.pl\/wydzial\/wns\/wp-json\/wp\/v2\/media?parent=180646"}],"curies":[{"name":"wp","href":"https:\/\/api.w.org\/{rel}","templated":true}]}}