{"id":181251,"date":"2025-07-07T10:53:58","date_gmt":"2025-07-07T08:53:58","guid":{"rendered":"https:\/\/us.edu.pl\/wydzial\/wns\/?page_id=181251"},"modified":"2026-02-03T09:26:15","modified_gmt":"2026-02-03T08:26:15","slug":"praktyki-od-naboru-2025-2026-arteterapia","status":"publish","type":"page","link":"https:\/\/us.edu.pl\/wydzial\/wns\/praktyki-od-naboru-2025-2026-arteterapia\/","title":{"rendered":"Praktyki od naboru 2025\/2026: Arteterapia"},"content":{"rendered":"<p>[vc_row][vc_column]\r\n                <div class=\"text-modules\">\r\n                    <div class=\"container\">\r\n                        \r\n                        <div class=\"text-modules__content\"><p><a href=\"https:\/\/us.edu.pl\/wydzial\/wns\/wp-content\/uploads\/sites\/17\/Bez-kategorii\/REGULAMIN-ODBYWANIA-PRAKTYK.pdf\" class=\"mtli_attachment mtli_pdf\" data-mtli=\"mtli_filesize415,75kB\" class=\"mtli_attachment mtli_pdf\" data-mtli=\"mtli_filesize415,75kB\" target=\"_blank\" rel=\"noopener\">REGULAMIN ODBYWANIA PRAKTYK<\/a><\/p>\n<p><a href=\"https:\/\/us.edu.pl\/wydzial\/wns\/wp-content\/uploads\/sites\/17\/Bez-kategorii\/Zalacznik-nr-1-do-zarzadzenia-nr-92-2022-POROZUMIENIE-O-ORGANIZACJI-PRAKTYKI-ZAWODOWEJ-1.docx\" class=\"mtli_attachment mtli_docx\" data-mtli=\"mtli_filesize21,04kB\" class=\"mtli_attachment mtli_docx\" data-mtli=\"mtli_filesize21,04kB\" target=\"_blank\" rel=\"noopener\">Zalacznik nr 1 do-zarzadzenia-nr-92-2022-POROZUMIENIE-O-ORGANIZACJI-PRAKTYKI-ZAWODOWEJ<\/a><\/p>\n<p><a href=\"https:\/\/us.edu.pl\/wydzial\/wns\/wp-content\/uploads\/sites\/17\/Bez-kategorii\/Zalacznik-nr-2-oswiadczenie-studenta.docx\" class=\"mtli_attachment mtli_docx\" data-mtli=\"mtli_filesize89,58kB\" class=\"mtli_attachment mtli_docx\" data-mtli=\"mtli_filesize89,58kB\" target=\"_blank\" rel=\"noopener\">Za\u0142\u0105cznik nr 2 o\u015bwiadczenie studenta<\/a><\/p>\n<p><a href=\"https:\/\/us.edu.pl\/wydzial\/wns\/wp-content\/uploads\/sites\/17\/Bez-kategorii\/Zalacznik-nr-3e-Ramowy-program-Arteterapia-KODY.docx\" class=\"mtli_attachment mtli_docx\" data-mtli=\"mtli_filesize27,64kB\" class=\"mtli_attachment mtli_docx\" data-mtli=\"mtli_filesize27,64kB\" target=\"_blank\" rel=\"noopener\">Za\u0142\u0105cznik nr 3e &#8211; Ramowy-program-Arteterapia &#8211; KODY<\/a><\/p>\n<p><a href=\"https:\/\/us.edu.pl\/wydzial\/wns\/wp-content\/uploads\/sites\/17\/Bez-kategorii\/Zalacznik-nr-4-karta-zaliczenia-praktyk-\u253cTr\u251c\u2502drocznych-asystenckich.docx\" class=\"mtli_attachment mtli_docx\" data-mtli=\"mtli_filesize22,92kB\" class=\"mtli_attachment mtli_docx\" data-mtli=\"mtli_filesize22,92kB\" target=\"_blank\" rel=\"noopener\">Za\u0142\u0105cznik nr 4 karta zaliczenia praktyk \u015br\u00f3drocznych asystenckich<\/a><\/p>\n<p><a href=\"https:\/\/us.edu.pl\/wydzial\/wns\/wp-content\/uploads\/sites\/17\/Bez-kategorii\/Zalacznik-nr-5-karta-ewaluacji-praktyki-\u253cTr\u251c\u2502drocznej-asystenckiej.docx\" class=\"mtli_attachment mtli_docx\" data-mtli=\"mtli_filesize26,34kB\" class=\"mtli_attachment mtli_docx\" data-mtli=\"mtli_filesize26,34kB\" target=\"_blank\" rel=\"noopener\">Za\u0142\u0105cznik nr 5 karta ewaluacji praktyki \u015br\u00f3drocznej asystenckiej<\/a><\/p>\n<p><a href=\"https:\/\/us.edu.pl\/wydzial\/wns\/wp-content\/uploads\/sites\/17\/Bez-kategorii\/Zalacznik-nr-6-opis-sesji-arteterapii-praktyka-uczestniczaca.docx\" class=\"mtli_attachment mtli_docx\" data-mtli=\"mtli_filesize24,28kB\" class=\"mtli_attachment mtli_docx\" data-mtli=\"mtli_filesize24,28kB\" target=\"_blank\" rel=\"noopener\">Za\u0142acznik nr 6 opis sesji arteterapii &#8211; praktyka uczestniczaca<\/a><\/p>\n<p><a href=\"https:\/\/us.edu.pl\/wydzial\/wns\/wp-content\/uploads\/sites\/17\/Bez-kategorii\/Zalacznik-nr-7Arte-Raport-z-praktyk-\u253cTr\u251c\u2502drocznych-asystenckich.docx\" class=\"mtli_attachment mtli_docx\" data-mtli=\"mtli_filesize116,29kB\" class=\"mtli_attachment mtli_docx\" data-mtli=\"mtli_filesize116,29kB\" target=\"_blank\" rel=\"noopener\">Za\u0142acznik nr 7Arte &#8211; Raport z praktyk \u015br\u00f3drocznych asystenckich<\/a><\/p>\n<p><a href=\"https:\/\/us.edu.pl\/wydzial\/wns\/wp-content\/uploads\/sites\/17\/Bez-kategorii\/Zalacznik-nr-8-Arkusz-autorefleksji-praktyka-uczestnicz\u2500uca.docx\" class=\"mtli_attachment mtli_docx\" data-mtli=\"mtli_filesize25,55kB\" class=\"mtli_attachment mtli_docx\" data-mtli=\"mtli_filesize25,55kB\" target=\"_blank\" rel=\"noopener\">Za\u0142\u0105cznik nr 8 Arkusz autorefleksji &#8211; praktyka uczestnicz\u0105ca<\/a><\/p>\n<p>\n<style type=\"text\/css\">a[data-mtli~=\"mtli_filesize415,75kB\"]:after {content:\" (415,75 kB)\"}a[data-mtli~=\"mtli_filesize21,04kB\"]:after {content:\" (21,04 kB)\"}a[data-mtli~=\"mtli_filesize89,58kB\"]:after {content:\" (89,58 kB)\"}a[data-mtli~=\"mtli_filesize27,64kB\"]:after {content:\" (27,64 kB)\"}a[data-mtli~=\"mtli_filesize22,92kB\"]:after {content:\" (22,92 kB)\"}a[data-mtli~=\"mtli_filesize26,34kB\"]:after {content:\" (26,34 kB)\"}a[data-mtli~=\"mtli_filesize24,28kB\"]:after {content:\" (24,28 kB)\"}a[data-mtli~=\"mtli_filesize116,29kB\"]:after {content:\" (116,29 kB)\"}a[data-mtli~=\"mtli_filesize25,55kB\"]:after {content:\" (25,55 kB)\"}<\/style><\/div>\r\n                    <\/div>\r\n                <\/div>[\/vc_column][\/vc_row][vc_row][vc_column]\r\n                <div class=\"text-modules\">\r\n                    <div class=\"container\">\r\n                        \r\n                        <div class=\"text-modules__content\"><p><a href=\"https:\/\/us.edu.pl\/wydzial\/wns\/wp-content\/uploads\/sites\/17\/Bez-kategorii\/III-rok-Arteterapii-HARMONOGRAM-PRAKTYK-TERENOWYCH-UCZESTNICZACYCH-5.docx\" class=\"mtli_attachment mtli_docx\" data-mtli=\"mtli_filesize15,72kB\" class=\"mtli_attachment mtli_docx\" data-mtli=\"mtli_filesize15,72kB\">III rok Arteterapii &#8211; HARMONOGRAM PRAKTYK TERENOWYCH UCZESTNICZ\u0104CYCH (5)<\/a><\/p>\n<p>&nbsp;<\/p>\n<p><a href=\"https:\/\/us.edu.pl\/wydzial\/wns\/wp-content\/uploads\/sites\/17\/Bez-kategorii\/II-rok-Arteterapii-HARMONOGRAM-PRAKTYK-TERENOWYCH-UCZESTNICZACYCH-3.docx\" class=\"mtli_attachment mtli_docx\" data-mtli=\"mtli_filesize16,10kB\" class=\"mtli_attachment mtli_docx\" data-mtli=\"mtli_filesize16,10kB\">II rok Arteterapii &#8211; HARMONOGRAM PRAKTYK TERENOWYCH UCZESTNICZ\u0104CYCH (3)<\/a><\/p>\n<style type=\"text\/css\">a[data-mtli~=\"mtli_filesize15,72kB\"]:after {content:\" (15,72 kB)\"}a[data-mtli~=\"mtli_filesize16,10kB\"]:after {content:\" (16,10 kB)\"}<\/style><\/div>\r\n                    <\/div>\r\n                <\/div>[\/vc_column][\/vc_row]<\/p>\n<style type=\"text\/css\">a[data-mtli~=\"mtli_filesize415,75kB\"]:after {content:\" (415,75 kB)\"}a[data-mtli~=\"mtli_filesize21,04kB\"]:after {content:\" (21,04 kB)\"}a[data-mtli~=\"mtli_filesize89,58kB\"]:after {content:\" (89,58 kB)\"}a[data-mtli~=\"mtli_filesize27,64kB\"]:after {content:\" (27,64 kB)\"}a[data-mtli~=\"mtli_filesize22,92kB\"]:after {content:\" (22,92 kB)\"}a[data-mtli~=\"mtli_filesize26,34kB\"]:after {content:\" (26,34 kB)\"}a[data-mtli~=\"mtli_filesize24,28kB\"]:after {content:\" (24,28 kB)\"}a[data-mtli~=\"mtli_filesize116,29kB\"]:after {content:\" (116,29 kB)\"}a[data-mtli~=\"mtli_filesize25,55kB\"]:after {content:\" (25,55 kB)\"}a[data-mtli~=\"mtli_filesize15,72kB\"]:after {content:\" (15,72 kB)\"}a[data-mtli~=\"mtli_filesize16,10kB\"]:after {content:\" (16,10 kB)\"}<\/style>","protected":false},"excerpt":{"rendered":"<p>[vc_row][vc_column][\/vc_column][\/vc_row][vc_row][vc_column][\/vc_column][\/vc_row] [&#8230;]<\/p>\n<p><a class=\"btn btn-secondary understrap-read-more-link\" href=\"https:\/\/us.edu.pl\/wydzial\/wns\/praktyki-od-naboru-2025-2026-arteterapia\/\">Read More&#8230;<\/a><\/p>\n","protected":false},"author":7197,"featured_media":0,"parent":0,"menu_order":0,"comment_status":"closed","ping_status":"closed","template":"","meta":{"_expiration-date-status":"","_expiration-date":0,"_expiration-date-type":"","_expiration-date-categories":[],"_expiration-date-options":[]},"acf":[],"_links":{"self":[{"href":"https:\/\/us.edu.pl\/wydzial\/wns\/wp-json\/wp\/v2\/pages\/181251"}],"collection":[{"href":"https:\/\/us.edu.pl\/wydzial\/wns\/wp-json\/wp\/v2\/pages"}],"about":[{"href":"https:\/\/us.edu.pl\/wydzial\/wns\/wp-json\/wp\/v2\/types\/page"}],"author":[{"embeddable":true,"href":"https:\/\/us.edu.pl\/wydzial\/wns\/wp-json\/wp\/v2\/users\/7197"}],"replies":[{"embeddable":true,"href":"https:\/\/us.edu.pl\/wydzial\/wns\/wp-json\/wp\/v2\/comments?post=181251"}],"version-history":[{"count":3,"href":"https:\/\/us.edu.pl\/wydzial\/wns\/wp-json\/wp\/v2\/pages\/181251\/revisions"}],"predecessor-version":[{"id":184066,"href":"https:\/\/us.edu.pl\/wydzial\/wns\/wp-json\/wp\/v2\/pages\/181251\/revisions\/184066"}],"wp:attachment":[{"href":"https:\/\/us.edu.pl\/wydzial\/wns\/wp-json\/wp\/v2\/media?parent=181251"}],"curies":[{"name":"wp","href":"https:\/\/api.w.org\/{rel}","templated":true}]}}