{"id":184234,"date":"2026-02-12T13:52:23","date_gmt":"2026-02-12T12:52:23","guid":{"rendered":"https:\/\/us.edu.pl\/wydzial\/wns\/?page_id=184234"},"modified":"2026-02-20T11:20:53","modified_gmt":"2026-02-20T10:20:53","slug":"organizacja-praktyk-studenckich-na-kierunku-doradztwo-polityczne-i-publiczne","status":"publish","type":"page","link":"https:\/\/us.edu.pl\/wydzial\/wns\/organizacja-praktyk-studenckich-na-kierunku-doradztwo-polityczne-i-publiczne\/","title":{"rendered":"Organizacja praktyk studenckich na kierunku Doradztwo polityczne i publiczne"},"content":{"rendered":"<p>[vc_row][vc_column]\r\n                <div class=\"text-modules\">\r\n                    <div class=\"container\">\r\n                        \r\n                        <div class=\"text-modules__content\"><\/p>\n<h3>Organizacja praktyk studenckich na kierunku Doradztwo polityczne i publiczne<\/h3>\n<p>&nbsp;<\/p>\n<h3><strong>Wykaz opiekun\u00f3w praktyk:<\/strong><\/h3>\n<h3>dr Maciej Marmola<\/h3>\n<p>Najwa\u017cniejsze Dokumenty:<\/p>\n<p><a href=\"https:\/\/us.edu.pl\/wydzial\/wns\/wp-content\/uploads\/sites\/17\/Bez-kategorii\/Zarzadzenie-Rektora-nr-203_2025-studneckie-praktyki-zawodowe.pdf\" class=\"mtli_attachment mtli_pdf\" data-mtli=\"mtli_filesize240,96kB\" class=\"mtli_attachment mtli_pdf\" data-mtli=\"mtli_filesize240,96kB\">Zarz\u0105dzenie nr 203 Rektora Uniwersytetu \u015al\u0105skiego w Katowicach z dnia 19 listopada 2025 r. w sprawie organizacji praktyk zawodowych w Uniwersytecie \u015al\u0105skim w Katowicach<\/a><\/p>\n<p><a href=\"https:\/\/us.edu.pl\/wydzial\/wns\/wp-content\/uploads\/sites\/17\/Bez-kategorii\/Zal-nr-4-do-zarz-203__2025-Skierowanie.docx\" class=\"mtli_attachment mtli_docx\" data-mtli=\"mtli_filesize15,66kB\" class=\"mtli_attachment mtli_docx\" data-mtli=\"mtli_filesize15,66kB\">Za\u0142 nr 4 do zarz 203__2025 \u2013 Skierowanie<\/a><\/p>\n<p><a href=\"https:\/\/us.edu.pl\/wydzial\/wns\/wp-content\/uploads\/sites\/17\/Bez-kategorii\/Zal-nr-5-do-zarz-203__2025-Oswiadczenie.pdf\" class=\"mtli_attachment mtli_pdf\" data-mtli=\"mtli_filesize124,20kB\" class=\"mtli_attachment mtli_pdf\" data-mtli=\"mtli_filesize124,20kB\">Za\u0142 nr 5 do zarz 203__2025 \u2013 O\u015bwiadczenie<\/a><\/p>\n<p><a href=\"https:\/\/us.edu.pl\/wydzial\/wns\/wp-content\/uploads\/sites\/17\/Bez-kategorii\/Zal-nr-6-do-zarz-203__2025-Raport-z-przebiegu-praktyki-zawodowej.docx\" class=\"mtli_attachment mtli_docx\" data-mtli=\"mtli_filesize21,85kB\" class=\"mtli_attachment mtli_docx\" data-mtli=\"mtli_filesize21,85kB\">Za\u0142 nr 6 do zarz 203__2025 \u2013 Raport z przebiegu praktyki zawodowej<\/a><\/p>\n<p><a href=\"https:\/\/us.edu.pl\/wydzial\/wns\/wp-content\/uploads\/sites\/17\/Bez-kategorii\/Zal-nr-7-do-zarz-203__2025-Wniosek-o-zaliczenie-praktyki-na-podstawie-pracy.docx\" class=\"mtli_attachment mtli_docx\" data-mtli=\"mtli_filesize20,90kB\" class=\"mtli_attachment mtli_docx\" data-mtli=\"mtli_filesize20,90kB\">Za\u0142 nr 7 do zarz 203__2025 \u2013 Wniosek o zaliczenie praktyki na podstawie pracy<\/a><\/p>\n<p>&nbsp;<\/p>\n<p><a href=\"https:\/\/us.edu.pl\/wydzial\/wns\/wp-content\/uploads\/sites\/17\/Bez-kategorii\/Regulamin-praktyk_Doradztwo-Polityczne-i-Publiczne.docx\" class=\"mtli_attachment mtli_docx\" data-mtli=\"mtli_filesize75,83kB\" class=\"mtli_attachment mtli_docx\" data-mtli=\"mtli_filesize75,83kB\">Regulamin praktyk_Doradztwo Polityczne i Publiczne<\/a><\/p>\n<p><a href=\"https:\/\/us.edu.pl\/wydzial\/wns\/wp-content\/uploads\/sites\/17\/Bez-kategorii\/Zal_2_Ramowy_plan_praktyk_DPiP-1.docx\" class=\"mtli_attachment mtli_docx\" data-mtli=\"mtli_filesize30,05kB\" class=\"mtli_attachment mtli_docx\" data-mtli=\"mtli_filesize30,05kB\">Zal_2_Ramowy_plan_praktyk_DPiP<\/a><\/p>\n<p>&nbsp;<\/p>\n<p>Doradztwo polityczne i publiczne:\u00a0<a href=\"https:\/\/forms.cloud.microsoft\/e\/LnYLZT5kU7\">OPINIA DOTYCZ\u0104CA SPOSOBU REALIZACJI PRAKTYK ZAWODOWYCH (Doradztwo polityczne i publiczne) \u2013 Wype\u0142nij formularz<\/a><\/p>\n<p><a href=\"https:\/\/forms.cloud.microsoft\/e\/LnYLZT5kU7\">https:\/\/forms.cloud.microsoft\/e\/LnYLZT5kU7 <\/a>dr Maciej Marmola<\/p>\n<style type=\"text\/css\">a[data-mtli~=\"mtli_filesize240,96kB\"]:after {content:\" (240,96 kB)\"}a[data-mtli~=\"mtli_filesize15,66kB\"]:after {content:\" (15,66 kB)\"}a[data-mtli~=\"mtli_filesize124,20kB\"]:after {content:\" (124,20 kB)\"}a[data-mtli~=\"mtli_filesize21,85kB\"]:after {content:\" (21,85 kB)\"}a[data-mtli~=\"mtli_filesize20,90kB\"]:after {content:\" (20,90 kB)\"}a[data-mtli~=\"mtli_filesize75,83kB\"]:after {content:\" (75,83 kB)\"}a[data-mtli~=\"mtli_filesize30,05kB\"]:after {content:\" (30,05 kB)\"}<\/style><\/div>\r\n                    <\/div>\r\n                <\/div>[\/vc_column][\/vc_row]<\/p>\n<style type=\"text\/css\">a[data-mtli~=\"mtli_filesize240,96kB\"]:after {content:\" (240,96 kB)\"}a[data-mtli~=\"mtli_filesize15,66kB\"]:after {content:\" (15,66 kB)\"}a[data-mtli~=\"mtli_filesize124,20kB\"]:after {content:\" (124,20 kB)\"}a[data-mtli~=\"mtli_filesize21,85kB\"]:after {content:\" (21,85 kB)\"}a[data-mtli~=\"mtli_filesize20,90kB\"]:after {content:\" (20,90 kB)\"}a[data-mtli~=\"mtli_filesize75,83kB\"]:after {content:\" (75,83 kB)\"}a[data-mtli~=\"mtli_filesize30,05kB\"]:after {content:\" (30,05 kB)\"}<\/style>","protected":false},"excerpt":{"rendered":"<p>[vc_row][vc_column][\/vc_column][\/vc_row] [&#8230;]<\/p>\n<p><a class=\"btn btn-secondary understrap-read-more-link\" href=\"https:\/\/us.edu.pl\/wydzial\/wns\/organizacja-praktyk-studenckich-na-kierunku-doradztwo-polityczne-i-publiczne\/\">Read More&#8230;<\/a><\/p>\n","protected":false},"author":133,"featured_media":0,"parent":0,"menu_order":0,"comment_status":"closed","ping_status":"closed","template":"","meta":{"_expiration-date-status":"","_expiration-date":0,"_expiration-date-type":"","_expiration-date-categories":[],"_expiration-date-options":[]},"acf":[],"_links":{"self":[{"href":"https:\/\/us.edu.pl\/wydzial\/wns\/wp-json\/wp\/v2\/pages\/184234"}],"collection":[{"href":"https:\/\/us.edu.pl\/wydzial\/wns\/wp-json\/wp\/v2\/pages"}],"about":[{"href":"https:\/\/us.edu.pl\/wydzial\/wns\/wp-json\/wp\/v2\/types\/page"}],"author":[{"embeddable":true,"href":"https:\/\/us.edu.pl\/wydzial\/wns\/wp-json\/wp\/v2\/users\/133"}],"replies":[{"embeddable":true,"href":"https:\/\/us.edu.pl\/wydzial\/wns\/wp-json\/wp\/v2\/comments?post=184234"}],"version-history":[{"count":4,"href":"https:\/\/us.edu.pl\/wydzial\/wns\/wp-json\/wp\/v2\/pages\/184234\/revisions"}],"predecessor-version":[{"id":184599,"href":"https:\/\/us.edu.pl\/wydzial\/wns\/wp-json\/wp\/v2\/pages\/184234\/revisions\/184599"}],"wp:attachment":[{"href":"https:\/\/us.edu.pl\/wydzial\/wns\/wp-json\/wp\/v2\/media?parent=184234"}],"curies":[{"name":"wp","href":"https:\/\/api.w.org\/{rel}","templated":true}]}}