{"id":184242,"date":"2026-02-12T13:56:45","date_gmt":"2026-02-12T12:56:45","guid":{"rendered":"https:\/\/us.edu.pl\/wydzial\/wns\/?page_id=184242"},"modified":"2026-04-30T10:15:25","modified_gmt":"2026-04-30T08:15:25","slug":"organizacja-praktyk-studenckich-na-kierunku-miedzynarodowe-studia-nauk-politycznych-i-dyplomacji-studia-i-i-ii-stopnia","status":"publish","type":"page","link":"https:\/\/us.edu.pl\/wydzial\/wns\/organizacja-praktyk-studenckich-na-kierunku-miedzynarodowe-studia-nauk-politycznych-i-dyplomacji-studia-i-i-ii-stopnia\/","title":{"rendered":"Organizacja praktyk studenckich na kierunku Mi\u0119dzynarodowe Studia Nauk Politycznych i Dyplomacji studia I i II stopnia"},"content":{"rendered":"<p>[vc_row][vc_column]\r\n                <div class=\"text-modules\">\r\n                    <div class=\"container\">\r\n                        \r\n                        <div class=\"text-modules__content\"><\/p>\n<h3>Organizacja praktyk studenckich na kierunku Mi\u0119dzynarodowe studia nauk politycznych i dyplomacji<\/h3>\n<p>&nbsp;<\/p>\n<h3><strong>Wykaz opiekun\u00f3w praktyk:<\/strong><\/h3>\n<h3>studia I i II stopnia (program w j\u0119zyku polskim i angielskim)<\/h3>\n<p>dr Renata Jankowska, prof. U\u015a<\/p>\n<h3>studia II stopnia (program w j\u0119zyku angielskim)<\/h3>\n<p>dr Wiktor Widera<\/p>\n<p>&nbsp;<\/p>\n<p>Najwa\u017cniejsze Dokumenty:<\/p>\n<p><a href=\"https:\/\/us.edu.pl\/wydzial\/wns\/wp-content\/uploads\/sites\/17\/Bez-kategorii\/Zarzadzenie-Rektora-nr-203_2025-studneckie-praktyki-zawodowe.pdf\" class=\"mtli_attachment mtli_pdf\" data-mtli=\"mtli_filesize240,96kB\" class=\"mtli_attachment mtli_pdf\" data-mtli=\"mtli_filesize240,96kB\" target=\"_blank\" rel=\"noopener\">Zarz\u0105dzenie nr 203 Rektora Uniwersytetu \u015al\u0105skiego w Katowicach z dnia 19 listopada 2025 r. w sprawie organizacji praktyk zawodowych w Uniwersytecie \u015al\u0105skim w Katowicach<\/a><\/p>\n<p><a href=\"https:\/\/us.edu.pl\/wydzial\/wns\/wp-content\/uploads\/sites\/17\/Bez-kategorii\/regulamin-i-ramowy-program-praktyk-MSNPiD.pdf\" class=\"mtli_attachment mtli_pdf\" data-mtli=\"mtli_filesize2,29MB\" class=\"mtli_attachment mtli_pdf\" data-mtli=\"mtli_filesize2,29MB\" target=\"_blank\" rel=\"noopener\">Regulamin i ramowy program praktyk- MSNPiD<\/a><\/p>\n<p><a href=\"https:\/\/us.edu.pl\/wydzial\/wns\/wp-content\/uploads\/sites\/17\/Bez-kategorii\/Instrukcja-dotyczaca-praktyk-studenckich-2.docx\" class=\"mtli_attachment mtli_docx\" data-mtli=\"mtli_filesize17,00kB\" class=\"mtli_attachment mtli_docx\" data-mtli=\"mtli_filesize17,00kB\" target=\"_blank\" rel=\"noopener\">Instrukcja dotycz\u0105ca praktyk studenckich<\/a><\/p>\n<p>1. <a href=\"https:\/\/us.edu.pl\/wydzial\/wns\/wp-content\/uploads\/sites\/17\/Bez-kategorii\/1_Porozumienie-o-organizacji-praktyki-zawodowej-dla-osob-studiujacych-w-Uniwersytecie-Slaskim-1-2.docx\" class=\"mtli_attachment mtli_docx\" data-mtli=\"mtli_filesize29,43kB\" class=\"mtli_attachment mtli_docx\" data-mtli=\"mtli_filesize29,43kB\">Wz\u00f3r Porozumienia o organizacji praktyki zawodowej dla os\u00f3b studiuj\u0105cych w Uniwersytecie \u015al\u0105skim<\/a>(za\u0142. nr 1 do Zarz\u0105dzenia nr 40 Rektora Uniwersytetu \u015al\u0105skiego w Katowicach z dnia 23 marca 2026 r. zmieniaj\u0105ce zarz\u0105dzenie w sprawie organizacji praktyk zawodowych w Uniwersytecie \u015al\u0105skim w Katowicach)<\/p>\n<p>2. <a href=\"https:\/\/us.edu.pl\/wydzial\/wns\/wp-content\/uploads\/sites\/17\/Bez-kategorii\/2_Skierowania-na-praktyke-1-2.docx\" class=\"mtli_attachment mtli_docx\" data-mtli=\"mtli_filesize16,15kB\" class=\"mtli_attachment mtli_docx\" data-mtli=\"mtli_filesize16,15kB\" target=\"_blank\" rel=\"noopener\">Wz\u00f3r Skierowania na praktyk\u0119<\/a> (za\u0142. nr 4 do Zarz\u0105dzenie nr 203 Rektora Uniwersytetu \u015al\u0105skiego w Katowicach z dnia 19 listopada 2025 r. w sprawie organizacji praktyk zawodowych w Uniwersytecie \u015al\u0105skim w Katowicach)<\/p>\n<p>3. <a href=\"https:\/\/us.edu.pl\/wydzial\/wns\/wp-content\/uploads\/sites\/17\/Bez-kategorii\/3_Oswiadczenie-2.pdf\" class=\"mtli_attachment mtli_pdf\" data-mtli=\"mtli_filesize161,76kB\" class=\"mtli_attachment mtli_pdf\" data-mtli=\"mtli_filesize161,76kB\" target=\"_blank\" rel=\"noopener\">Wz\u00f3r o\u015bwiadczenia<\/a> (za\u0142. nr 5 do Zarz\u0105dzenie nr 203 Rektora Uniwersytetu \u015al\u0105skiego w Katowicach z dnia 19 listopada 2025 r. w sprawie organizacji praktyk zawodowych w Uniwersytecie \u015al\u0105skim w Katowicach)<\/p>\n<p>4. <a href=\"https:\/\/us.edu.pl\/wydzial\/wns\/wp-content\/uploads\/sites\/17\/Bez-kategorii\/4_Raport-z-przebiegu-praktyki-zawodowej-2.docx\" class=\"mtli_attachment mtli_docx\" data-mtli=\"mtli_filesize22,40kB\" class=\"mtli_attachment mtli_docx\" data-mtli=\"mtli_filesize22,40kB\" target=\"_blank\" rel=\"noopener\">Wz\u00f3r raportu z przebiegu praktyki studenckiej<\/a> (za\u0142. nr 5 do Zarz\u0105dzenie nr 203 Rektora Uniwersytetu \u015al\u0105skiego w Katowicach z dnia 19 listopada 2025 r. w sprawie organizacji praktyk zawodowych w Uniwersytecie \u015al\u0105skim w Katowicach)<\/p>\n<p>5. <a href=\"https:\/\/us.edu.pl\/wydzial\/wns\/wp-content\/uploads\/sites\/17\/Bez-kategorii\/5_Wniosek-o-zaliczenie-pracy-zawodowej-1-2.docx\" class=\"mtli_attachment mtli_docx\" data-mtli=\"mtli_filesize21,65kB\" class=\"mtli_attachment mtli_docx\" data-mtli=\"mtli_filesize21,65kB\" target=\"_blank\" rel=\"noopener\">Wniosek o zaliczenie praktyki na podstawie pracy<\/a> (za\u0142. nr 7 do Zarz\u0105dzenie nr 203 Rektora Uniwersytetu \u015al\u0105skiego w Katowicach z dnia 19 listopada 2025 r. w sprawie organizacji praktyk zawodowych w Uniwersytecie \u015al\u0105skim w Katowicach)<\/p>\n<p>6. <a href=\"https:\/\/us.edu.pl\/wydzial\/wns\/wp-content\/uploads\/sites\/17\/Bez-kategorii\/Zal_1_Ramowy_plan_praktyk_MSNPiD.docx\" class=\"mtli_attachment mtli_docx\" data-mtli=\"mtli_filesize30,98kB\" class=\"mtli_attachment mtli_docx\" data-mtli=\"mtli_filesize30,98kB\">Za\u0142_1_Ramowy_plan_praktyk_MSNPiD<\/a><\/p>\n<p>&nbsp;<\/p>\n<p>Mi\u0119dzynarodowe studia nauk politycznych i dyplomacji I stopie\u0144<\/p>\n<p><a href=\"https:\/\/forms.cloud.microsoft\/e\/yi6ckNpGyt\">OPINIA DOTYCZ\u0104CA SPOSOBU REALIZACJI PRAKTYK ZAWODOWYCH (MSNPiD I stopie\u0144) \u2013 Wype\u0142nij formularz<\/a><\/p>\n<p><a href=\"https:\/\/forms.cloud.microsoft\/e\/yi6ckNpGyt\">https:\/\/forms.cloud.microsoft\/e\/yi6ckNpGyt<\/a><\/p>\n<p>&nbsp;<\/p>\n<p>Mi\u0119dzynarodowe studia nauk politycznych i dyplomacji II stopie\u0144<\/p>\n<p><a href=\"https:\/\/forms.cloud.microsoft\/e\/b3RChw1NWL\">OPINIA DOTYCZ\u0104CA SPOSOBU REALIZACJI PRAKTYK ZAWODOWYCH (MSNPiD II stopie\u0144) \u2013 Wype\u0142nij formularz<\/a><\/p>\n<p><a href=\"https:\/\/forms.cloud.microsoft\/e\/b3RChw1NWL\">https:\/\/forms.cloud.microsoft\/e\/b3RChw1NWL<\/a><\/p>\n<style type=\"text\/css\">a[data-mtli~=\"mtli_filesize240,96kB\"]:after {content:\" (240,96 kB)\"}a[data-mtli~=\"mtli_filesize2,29MB\"]:after {content:\" (2,29 MB)\"}a[data-mtli~=\"mtli_filesize17,00kB\"]:after {content:\" (17,00 kB)\"}a[data-mtli~=\"mtli_filesize29,43kB\"]:after {content:\" (29,43 kB)\"}a[data-mtli~=\"mtli_filesize16,15kB\"]:after {content:\" (16,15 kB)\"}a[data-mtli~=\"mtli_filesize161,76kB\"]:after {content:\" (161,76 kB)\"}a[data-mtli~=\"mtli_filesize22,40kB\"]:after {content:\" (22,40 kB)\"}a[data-mtli~=\"mtli_filesize21,65kB\"]:after {content:\" (21,65 kB)\"}a[data-mtli~=\"mtli_filesize30,98kB\"]:after {content:\" (30,98 kB)\"}<\/style><\/div>\r\n                    <\/div>\r\n                <\/div>[\/vc_column][\/vc_row]<\/p>\n<style type=\"text\/css\">a[data-mtli~=\"mtli_filesize240,96kB\"]:after {content:\" (240,96 kB)\"}a[data-mtli~=\"mtli_filesize2,29MB\"]:after {content:\" (2,29 MB)\"}a[data-mtli~=\"mtli_filesize17,00kB\"]:after {content:\" (17,00 kB)\"}a[data-mtli~=\"mtli_filesize29,43kB\"]:after {content:\" (29,43 kB)\"}a[data-mtli~=\"mtli_filesize16,15kB\"]:after {content:\" (16,15 kB)\"}a[data-mtli~=\"mtli_filesize161,76kB\"]:after {content:\" (161,76 kB)\"}a[data-mtli~=\"mtli_filesize22,40kB\"]:after {content:\" (22,40 kB)\"}a[data-mtli~=\"mtli_filesize21,65kB\"]:after {content:\" (21,65 kB)\"}a[data-mtli~=\"mtli_filesize30,98kB\"]:after {content:\" (30,98 kB)\"}<\/style>","protected":false},"excerpt":{"rendered":"<p>[vc_row][vc_column][\/vc_column][\/vc_row] [&#8230;]<\/p>\n<p><a class=\"btn btn-secondary understrap-read-more-link\" href=\"https:\/\/us.edu.pl\/wydzial\/wns\/organizacja-praktyk-studenckich-na-kierunku-miedzynarodowe-studia-nauk-politycznych-i-dyplomacji-studia-i-i-ii-stopnia\/\">Read More&#8230;<\/a><\/p>\n","protected":false},"author":133,"featured_media":0,"parent":0,"menu_order":0,"comment_status":"closed","ping_status":"closed","template":"","meta":{"_expiration-date-status":"","_expiration-date":0,"_expiration-date-type":"","_expiration-date-categories":[],"_expiration-date-options":[]},"acf":[],"_links":{"self":[{"href":"https:\/\/us.edu.pl\/wydzial\/wns\/wp-json\/wp\/v2\/pages\/184242"}],"collection":[{"href":"https:\/\/us.edu.pl\/wydzial\/wns\/wp-json\/wp\/v2\/pages"}],"about":[{"href":"https:\/\/us.edu.pl\/wydzial\/wns\/wp-json\/wp\/v2\/types\/page"}],"author":[{"embeddable":true,"href":"https:\/\/us.edu.pl\/wydzial\/wns\/wp-json\/wp\/v2\/users\/133"}],"replies":[{"embeddable":true,"href":"https:\/\/us.edu.pl\/wydzial\/wns\/wp-json\/wp\/v2\/comments?post=184242"}],"version-history":[{"count":6,"href":"https:\/\/us.edu.pl\/wydzial\/wns\/wp-json\/wp\/v2\/pages\/184242\/revisions"}],"predecessor-version":[{"id":186015,"href":"https:\/\/us.edu.pl\/wydzial\/wns\/wp-json\/wp\/v2\/pages\/184242\/revisions\/186015"}],"wp:attachment":[{"href":"https:\/\/us.edu.pl\/wydzial\/wns\/wp-json\/wp\/v2\/media?parent=184242"}],"curies":[{"name":"wp","href":"https:\/\/api.w.org\/{rel}","templated":true}]}}