{"id":184391,"date":"2026-02-16T14:02:57","date_gmt":"2026-02-16T13:02:57","guid":{"rendered":"https:\/\/us.edu.pl\/wydzial\/wns\/?page_id=184391"},"modified":"2026-02-16T14:11:16","modified_gmt":"2026-02-16T13:11:16","slug":"politologia-_","status":"publish","type":"page","link":"https:\/\/us.edu.pl\/wydzial\/wns\/politologia-_\/","title":{"rendered":"Politologia _"},"content":{"rendered":"<p>[vc_row][vc_column]\r\n                <div class=\"text-modules\">\r\n                    <div class=\"container\">\r\n                        \r\n                        <div class=\"text-modules__content\"><p><a href=\"https:\/\/us.edu.pl\/wydzial\/wns\/wp-content\/uploads\/sites\/17\/Bez-kategorii\/Procedura-dyplomowania-na-kierunku-Politologia.pdf\" class=\"mtli_attachment mtli_pdf\" data-mtli=\"mtli_filesize416,93kB\" class=\"mtli_attachment mtli_pdf\" data-mtli=\"mtli_filesize416,93kB\">Procedura dyplomowania na kierunku Politologia<\/a><\/p>\n<p><a href=\"https:\/\/us.edu.pl\/wydzial\/wns\/wp-content\/uploads\/sites\/17\/Bez-kategorii\/Zalacznik-nr-1-do-Procedura-dyplomowania-na-kierunku-Politologia-na-Wydziale-Nauk-Spolecznych-Uniwersytetu-Slaskiego-w-Katowicach.docx\" class=\"mtli_attachment mtli_docx\" data-mtli=\"mtli_filesize37,61kB\" class=\"mtli_attachment mtli_docx\" data-mtli=\"mtli_filesize37,61kB\">Za\u0142\u0105cznik nr 1 do Procedura dyplomowania na kierunku Politologia na Wydziale Nauk Spo\u0142ecznych Uniwersytetu \u015al\u0105skiego w Katowicach<\/a><\/p>\n<p><a href=\"https:\/\/us.edu.pl\/wydzial\/wns\/wp-content\/uploads\/sites\/17\/Bez-kategorii\/Zagadnienia-do-egzaminu-dyplomowego-Studia-licencjackie-na-kierunku-POLITOLOGIA-.docx\" class=\"mtli_attachment mtli_docx\" data-mtli=\"mtli_filesize24,12kB\" class=\"mtli_attachment mtli_docx\" data-mtli=\"mtli_filesize24,12kB\">Zagadnienia do egzaminu dyplomowego Studia licencjackie na kierunku POLITOLOGIA<\/a><\/p>\n<p><a href=\"https:\/\/us.edu.pl\/wydzial\/wns\/wp-content\/uploads\/sites\/17\/Bez-kategorii\/Zagadnienia-do-egzaminu-dyplomowego-Studia-magisterskie-na-kierunku-POLITOLOGIA-.docx\" class=\"mtli_attachment mtli_docx\" data-mtli=\"mtli_filesize17,30kB\" class=\"mtli_attachment mtli_docx\" data-mtli=\"mtli_filesize17,30kB\">Zagadnienia do egzaminu dyplomowego Studia magisterskie na kierunku POLITOLOGIA<\/a><\/p>\n<p>\n<style type=\"text\/css\">a[data-mtli~=\"mtli_filesize416,93kB\"]:after {content:\" (416,93 kB)\"}a[data-mtli~=\"mtli_filesize37,61kB\"]:after {content:\" (37,61 kB)\"}a[data-mtli~=\"mtli_filesize24,12kB\"]:after {content:\" (24,12 kB)\"}a[data-mtli~=\"mtli_filesize17,30kB\"]:after {content:\" (17,30 kB)\"}<\/style><\/div>\r\n                    <\/div>\r\n                <\/div>[\/vc_column][\/vc_row]<\/p>\n<style type=\"text\/css\">a[data-mtli~=\"mtli_filesize416,93kB\"]:after {content:\" (416,93 kB)\"}a[data-mtli~=\"mtli_filesize37,61kB\"]:after {content:\" (37,61 kB)\"}a[data-mtli~=\"mtli_filesize24,12kB\"]:after {content:\" (24,12 kB)\"}a[data-mtli~=\"mtli_filesize17,30kB\"]:after {content:\" (17,30 kB)\"}<\/style>","protected":false},"excerpt":{"rendered":"<p>[vc_row][vc_column][\/vc_column][\/vc_row] [&#8230;]<\/p>\n<p><a class=\"btn btn-secondary understrap-read-more-link\" href=\"https:\/\/us.edu.pl\/wydzial\/wns\/politologia-_\/\">Read More&#8230;<\/a><\/p>\n","protected":false},"author":133,"featured_media":0,"parent":0,"menu_order":0,"comment_status":"closed","ping_status":"closed","template":"","meta":{"_expiration-date-status":"","_expiration-date":0,"_expiration-date-type":"","_expiration-date-categories":[],"_expiration-date-options":[]},"acf":[],"_links":{"self":[{"href":"https:\/\/us.edu.pl\/wydzial\/wns\/wp-json\/wp\/v2\/pages\/184391"}],"collection":[{"href":"https:\/\/us.edu.pl\/wydzial\/wns\/wp-json\/wp\/v2\/pages"}],"about":[{"href":"https:\/\/us.edu.pl\/wydzial\/wns\/wp-json\/wp\/v2\/types\/page"}],"author":[{"embeddable":true,"href":"https:\/\/us.edu.pl\/wydzial\/wns\/wp-json\/wp\/v2\/users\/133"}],"replies":[{"embeddable":true,"href":"https:\/\/us.edu.pl\/wydzial\/wns\/wp-json\/wp\/v2\/comments?post=184391"}],"version-history":[{"count":2,"href":"https:\/\/us.edu.pl\/wydzial\/wns\/wp-json\/wp\/v2\/pages\/184391\/revisions"}],"predecessor-version":[{"id":184410,"href":"https:\/\/us.edu.pl\/wydzial\/wns\/wp-json\/wp\/v2\/pages\/184391\/revisions\/184410"}],"wp:attachment":[{"href":"https:\/\/us.edu.pl\/wydzial\/wns\/wp-json\/wp\/v2\/media?parent=184391"}],"curies":[{"name":"wp","href":"https:\/\/api.w.org\/{rel}","templated":true}]}}