{"id":184413,"date":"2026-02-16T14:12:51","date_gmt":"2026-02-16T13:12:51","guid":{"rendered":"https:\/\/us.edu.pl\/wydzial\/wns\/?page_id=184413"},"modified":"2026-02-25T08:28:25","modified_gmt":"2026-02-25T07:28:25","slug":"doradztwo-polityczne-i-publiczne-2","status":"publish","type":"page","link":"https:\/\/us.edu.pl\/wydzial\/wns\/doradztwo-polityczne-i-publiczne-2\/","title":{"rendered":"Doradztwo polityczne i publiczne-"},"content":{"rendered":"<p>[vc_row][vc_column]\r\n                <div class=\"text-modules\">\r\n                    <div class=\"container\">\r\n                        \r\n                        <div class=\"text-modules__content\"><p><a href=\"https:\/\/us.edu.pl\/wydzial\/wns\/wp-content\/uploads\/sites\/17\/Bez-kategorii\/Procedura-dyplomowania-na-kierunku-Politologia-na-Wydziale-Nauk-Spolecznych-Uniwersytetu-Slaskiego-w-Katowicach-.pdf\" class=\"mtli_attachment mtli_pdf\" data-mtli=\"mtli_filesize139,52kB\" class=\"mtli_attachment mtli_pdf\" data-mtli=\"mtli_filesize139,52kB\">Procedura dyplomowania na kierunku DPiP na Wydziale Nauk Spo\u0142ecznych Uniwersytetu \u015al\u0105skiego w Katowicach<\/a><\/p>\n<p><a href=\"https:\/\/us.edu.pl\/wydzial\/wns\/wp-content\/uploads\/sites\/17\/Bez-kategorii\/Zalacznik-nr-1-do-Procedura-dyplomowania-na-kierunku-DPiP-na-Wydziale-Nauk-Spolecznych-Uniwersytetu-Slaskiego-w-Katowicach.docx\" class=\"mtli_attachment mtli_docx\" data-mtli=\"mtli_filesize37,64kB\" class=\"mtli_attachment mtli_docx\" data-mtli=\"mtli_filesize37,64kB\">Za\u0142\u0105cznik nr 1 do Procedura dyplomowania na kierunku DPiP na Wydziale Nauk Spo\u0142ecznych Uniwersytetu \u015al\u0105skiego w Katowicach<\/a><\/p>\n<p><a href=\"https:\/\/us.edu.pl\/wydzial\/wns\/wp-content\/uploads\/sites\/17\/Bez-kategorii\/DPIP-pytania-na-egzamin-dyplomowy.docx\" class=\"mtli_attachment mtli_docx\" data-mtli=\"mtli_filesize21,83kB\" class=\"mtli_attachment mtli_docx\" data-mtli=\"mtli_filesize21,83kB\">DPIP &#8211; pytania na egzamin dyplomowy<\/a><\/p>\n<style type=\"text\/css\">a[data-mtli~=\"mtli_filesize139,52kB\"]:after {content:\" (139,52 kB)\"}a[data-mtli~=\"mtli_filesize37,64kB\"]:after {content:\" (37,64 kB)\"}a[data-mtli~=\"mtli_filesize21,83kB\"]:after {content:\" (21,83 kB)\"}<\/style><\/div>\r\n                    <\/div>\r\n                <\/div>[\/vc_column][\/vc_row]<\/p>\n<style type=\"text\/css\">a[data-mtli~=\"mtli_filesize139,52kB\"]:after {content:\" (139,52 kB)\"}a[data-mtli~=\"mtli_filesize37,64kB\"]:after {content:\" (37,64 kB)\"}a[data-mtli~=\"mtli_filesize21,83kB\"]:after {content:\" (21,83 kB)\"}<\/style>","protected":false},"excerpt":{"rendered":"<p>[vc_row][vc_column][\/vc_column][\/vc_row] [&#8230;]<\/p>\n<p><a class=\"btn btn-secondary understrap-read-more-link\" href=\"https:\/\/us.edu.pl\/wydzial\/wns\/doradztwo-polityczne-i-publiczne-2\/\">Read More&#8230;<\/a><\/p>\n","protected":false},"author":133,"featured_media":0,"parent":0,"menu_order":0,"comment_status":"closed","ping_status":"closed","template":"","meta":{"_expiration-date-status":"","_expiration-date":0,"_expiration-date-type":"","_expiration-date-categories":[],"_expiration-date-options":[]},"acf":[],"_links":{"self":[{"href":"https:\/\/us.edu.pl\/wydzial\/wns\/wp-json\/wp\/v2\/pages\/184413"}],"collection":[{"href":"https:\/\/us.edu.pl\/wydzial\/wns\/wp-json\/wp\/v2\/pages"}],"about":[{"href":"https:\/\/us.edu.pl\/wydzial\/wns\/wp-json\/wp\/v2\/types\/page"}],"author":[{"embeddable":true,"href":"https:\/\/us.edu.pl\/wydzial\/wns\/wp-json\/wp\/v2\/users\/133"}],"replies":[{"embeddable":true,"href":"https:\/\/us.edu.pl\/wydzial\/wns\/wp-json\/wp\/v2\/comments?post=184413"}],"version-history":[{"count":3,"href":"https:\/\/us.edu.pl\/wydzial\/wns\/wp-json\/wp\/v2\/pages\/184413\/revisions"}],"predecessor-version":[{"id":184845,"href":"https:\/\/us.edu.pl\/wydzial\/wns\/wp-json\/wp\/v2\/pages\/184413\/revisions\/184845"}],"wp:attachment":[{"href":"https:\/\/us.edu.pl\/wydzial\/wns\/wp-json\/wp\/v2\/media?parent=184413"}],"curies":[{"name":"wp","href":"https:\/\/api.w.org\/{rel}","templated":true}]}}