{"id":184415,"date":"2026-02-16T14:13:36","date_gmt":"2026-02-16T13:13:36","guid":{"rendered":"https:\/\/us.edu.pl\/wydzial\/wns\/?page_id=184415"},"modified":"2026-03-10T12:24:08","modified_gmt":"2026-03-10T11:24:08","slug":"miedzynarodowe-studia-nauk-politycznych-i-dyplomacji_","status":"publish","type":"page","link":"https:\/\/us.edu.pl\/wydzial\/wns\/miedzynarodowe-studia-nauk-politycznych-i-dyplomacji_\/","title":{"rendered":"Mi\u0119dzynarodowe studia nauk politycznych i dyplomacji_"},"content":{"rendered":"<p><a href=\"https:\/\/us.edu.pl\/wydzial\/wns\/wp-content\/uploads\/sites\/17\/Bez-kategorii\/PYTANIA-EGZAMINACYJNE_studia-licencjackie.docx\" class=\"mtli_attachment mtli_docx\" data-mtli=\"mtli_filesize21,61kB\">PYTANIA EGZAMINACYJNE_studia licencjackie<\/a><\/p>\n<p><a href=\"https:\/\/us.edu.pl\/wydzial\/wns\/wp-content\/uploads\/sites\/17\/2026\/03\/Procedura-dyplomowania-na-kierunku-Politologia-na-Wydziale-Nauk-Spolecznych-Uniwersytetu-Slaskiego-w-Katowicach-.pdf\" class=\"mtli_attachment mtli_pdf\" data-mtli=\"mtli_filesize521,04kB\">Procedura dyplomowania na kierunku Politologia na Wydziale Nauk Spo\u0142ecznych Uniwersytetu \u015al\u0105skiego w Katowicach<\/a><\/p>\n<p><a href=\"https:\/\/us.edu.pl\/wydzial\/wns\/wp-content\/uploads\/sites\/17\/2026\/03\/Zalacznik-nr-1-do-Procedura-dyplomowania-na-kierunku-Miedzynarodowe-studia-nauk-politycznych-i-dyplomacji-na-Wydziale-Nauk-Spolecznych-Uniwersytetu-Slaskiego-w-Katowicach.docx\" class=\"mtli_attachment mtli_docx\" data-mtli=\"mtli_filesize37,75kB\">Za\u0142\u0105cznik nr 1 do Procedura dyplomowania na kierunku Mi\u0119dzynarodowe studia nauk politycznych i dyplomacji na Wydziale Nauk Spo\u0142ecznych Uniwersytetu \u015al\u0105skiego w Katowicach<\/a><\/p>\n<p><a href=\"https:\/\/us.edu.pl\/wydzial\/wns\/wp-content\/uploads\/sites\/17\/2026\/03\/Lista-zagadnien-na-egzamin-dyplomowy_II-stopien_program-w-jezyku-angielskim.docx\" class=\"mtli_attachment mtli_docx\" data-mtli=\"mtli_filesize20,90kB\">Lista zagadnie\u0144 na egzamin dyplomowy_II stopie\u0144_program w j\u0119zyku angielskim<\/a><\/p>\n<p><a href=\"https:\/\/us.edu.pl\/wydzial\/wns\/wp-content\/uploads\/sites\/17\/2026\/03\/Lista-zagadnien-na-egzamin-dyplomowy-II-stopien_Program-w-jezyku-polskim.docx\" class=\"mtli_attachment mtli_docx\" data-mtli=\"mtli_filesize4,46MB\">Lista zagadnie\u0144 na egzamin dyplomowy, II stopie\u0144_Program w j\u0119zyku polskim<\/a><\/p>\n<style type=\"text\/css\">a[data-mtli~=\"mtli_filesize21,61kB\"]:after {content:\" (21,61 kB)\"}a[data-mtli~=\"mtli_filesize521,04kB\"]:after {content:\" (521,04 kB)\"}a[data-mtli~=\"mtli_filesize37,75kB\"]:after {content:\" (37,75 kB)\"}a[data-mtli~=\"mtli_filesize20,90kB\"]:after {content:\" (20,90 kB)\"}a[data-mtli~=\"mtli_filesize4,46MB\"]:after {content:\" (4,46 MB)\"}<\/style>","protected":false},"excerpt":{"rendered":"<p>PYTANIA EGZAMINACYJNE_studia licencjackie Procedura dyplomowania na kierunku Politologia na Wydziale Nauk Spo\u0142ecznych Uniwersytetu \u015al\u0105skiego w Katowicach Za\u0142\u0105cznik nr 1 do Procedura dyplomowania na kierunku Mi\u0119dzynarodowe studia nauk politycznych i dyplomacji na Wydziale Nauk Spo\u0142ecznych Uniwersytetu \u015al\u0105skiego w Katowicach Lista zagadnie\u0144 na egzamin dyplomowy_II stopie\u0144_program w j\u0119zyku angielskim Lista zagadnie\u0144 na egzamin dyplomowy, II stopie\u0144_Program w [&#8230;]<\/p>\n<p><a class=\"btn btn-secondary understrap-read-more-link\" href=\"https:\/\/us.edu.pl\/wydzial\/wns\/miedzynarodowe-studia-nauk-politycznych-i-dyplomacji_\/\">Read More&#8230;<\/a><\/p>\n","protected":false},"author":133,"featured_media":0,"parent":0,"menu_order":0,"comment_status":"closed","ping_status":"closed","template":"","meta":{"_expiration-date-status":"","_expiration-date":0,"_expiration-date-type":"","_expiration-date-categories":[],"_expiration-date-options":[]},"acf":[],"_links":{"self":[{"href":"https:\/\/us.edu.pl\/wydzial\/wns\/wp-json\/wp\/v2\/pages\/184415"}],"collection":[{"href":"https:\/\/us.edu.pl\/wydzial\/wns\/wp-json\/wp\/v2\/pages"}],"about":[{"href":"https:\/\/us.edu.pl\/wydzial\/wns\/wp-json\/wp\/v2\/types\/page"}],"author":[{"embeddable":true,"href":"https:\/\/us.edu.pl\/wydzial\/wns\/wp-json\/wp\/v2\/users\/133"}],"replies":[{"embeddable":true,"href":"https:\/\/us.edu.pl\/wydzial\/wns\/wp-json\/wp\/v2\/comments?post=184415"}],"version-history":[{"count":2,"href":"https:\/\/us.edu.pl\/wydzial\/wns\/wp-json\/wp\/v2\/pages\/184415\/revisions"}],"predecessor-version":[{"id":185168,"href":"https:\/\/us.edu.pl\/wydzial\/wns\/wp-json\/wp\/v2\/pages\/184415\/revisions\/185168"}],"wp:attachment":[{"href":"https:\/\/us.edu.pl\/wydzial\/wns\/wp-json\/wp\/v2\/media?parent=184415"}],"curies":[{"name":"wp","href":"https:\/\/api.w.org\/{rel}","templated":true}]}}