{"id":185350,"date":"2026-03-20T13:33:58","date_gmt":"2026-03-20T12:33:58","guid":{"rendered":"https:\/\/us.edu.pl\/wydzial\/wns\/?page_id=185350"},"modified":"2026-03-30T12:00:58","modified_gmt":"2026-03-30T10:00:58","slug":"placowki-oswiatowe","status":"publish","type":"page","link":"https:\/\/us.edu.pl\/wydzial\/wns\/placowki-oswiatowe\/","title":{"rendered":"Plac\u00f3wki o\u015bwiatowe"},"content":{"rendered":"<p>[vc_row][vc_column]            \r\n                    <div class=\"container\">\r\n                        <div class=\"gallery gallery_2\" data-images-in-row=\"2\">\r\n                            \r\n                            <div class=\"row m-0\">\r\n                                <a data-fancybox-group=\"button\" title=\"\" data-fancybox=\"1620\" href=\"https:\/\/us.edu.pl\/wydzial\/wns\/wp-content\/uploads\/sites\/17\/Bez-kategorii\/teacher-her-aspiring-pupils-scaled.jpg\" class=\"gallery__item thumbnail\"\r\n                                    style=\"background-image: url(https:\/\/us.edu.pl\/wydzial\/wns\/wp-content\/uploads\/sites\/17\/Bez-kategorii\/teacher-her-aspiring-pupils-1024x683.jpg)\"> <span class=\"d-none\">https:\/\/us.edu.pl\/wydzial\/wns\/wp-content\/uploads\/sites\/17\/Bez-kategorii\/teacher-her-aspiring-pupils-scaled.jpg<\/span> <\/a>\r\n                            <\/div>\r\n                    <\/div>\r\n                <\/div>\r\n                <div class=\"text-modules\">\r\n                    <div class=\"container\">\r\n                        \r\n                        <div class=\"text-modules__content\"><p>Nazwa plac\u00f3wki: <a href=\"https:\/\/zlobkiikluby.pl\/\">I Og\u00f3lnopolskie Stowarzyszenie Publicznych i Niepublicznych \u017b\u0142obk\u00f3w i Klub\u00f3w Dzieci\u0119cych w Koby\u0142ce<\/a><\/p>\n<p>Typ umowy: umowa o wsp\u00f3\u0142pracy dydaktyczno-naukowej<\/p>\n<p>Okres obowi\u0105zywania: 21.04.2023 \u2013 21.04.2026<\/p>\n<p>Koordynator: dr hab. Edyta Widawska, prof. U\u015a<\/p>\n<p>&nbsp;<\/p>\n<p>Nazwa plac\u00f3wki: <a href=\"https:\/\/ixlo.sosnowiec.pl\/\">IX Liceum Og\u00f3lnokszta\u0142c\u0105ce z Oddzia\u0142ami Dwuj\u0119zycznymi im. Wis\u0142awy Szymborskiej w Sosnowcu<\/a><\/p>\n<p>Typ umowy: umowa o wsp\u00f3\u0142pracy dydaktyczno-naukowej z Miastem Sosnowiec, Szko\u0142\u0105 i Uniwersytetem<\/p>\n<p>Okres obowi\u0105zywania: 08.12.2023 \u2013 08.12.2026<\/p>\n<p>Koordynator: mgr Agnieszka Kotulska, dr hab. Agnieszka Zi\u00f3\u0142kowska, prof. U\u015a<\/p>\n<p>&nbsp;<\/p>\n<p>Nazwa plac\u00f3wki: <a href=\"https:\/\/www.rejbb.pl\/\">Liceum Og\u00f3lnokszta\u0142c\u0105ce Towarzystwa Szkolnego im. M. Reja w Bielsku-Bia\u0142ej<\/a><\/p>\n<p>Typ umowy: umowa o wsp\u00f3\u0142pracy dydaktyczno-naukowej ze szko\u0142\u0105<\/p>\n<p>Okres obowi\u0105zywania: 26.04.2023 \u2013 26.04.2026<\/p>\n<p>Koordynator: dr Monika Frania<\/p>\n<p>&nbsp;<\/p>\n<p>Nazwa plac\u00f3wki: <a href=\"https:\/\/www.zss.skoczow.pl\/\">Zesp\u00f3\u0142 Szk\u00f3\u0142 Specjalnych w Skoczowie<\/a><\/p>\n<p>Typ umowy: umowa o wsp\u00f3\u0142pracy dydaktyczno-naukowej ze szko\u0142\u0105<\/p>\n<p>Okres obowi\u0105zywania: 17.04.2023 \u2013 17.04.2026<\/p>\n<p>Koordynator: dr Joanna Godawa, dr Dorota Prysak<\/p>\n<p>&nbsp;<\/p>\n<p>Nazwa plac\u00f3wki: <a href=\"https:\/\/szkolaszpital.pl\/\">Zesp\u00f3\u0142 Szk\u00f3\u0142 Specjalnych przy Wojew\u00f3dzkim Szpitalu Rehabilitacyjnym dla Dzieci w Jastrz\u0119biu\u2011Zdroju<\/a><\/p>\n<p>Typ umowy: umowa o wsp\u00f3\u0142pracy dydaktyczno-naukowej ze szko\u0142\u0105<\/p>\n<p>Okres obowi\u0105zywania: 17.04.2023 \u2013 17.04.2026<\/p>\n<p>Koordynator: dr Joanna Godawa, dr Dorota Prysak<\/p>\n<p>&nbsp;<\/p>\n<p>Nazwa plac\u00f3wki: <a href=\"https:\/\/14lo.katowice.pl\/\">XIV Liceum Og\u00f3lnokszta\u0142c\u0105ce im. mjr Henryka Sucharskiego w Katowicach<\/a><\/p>\n<p>Typ umowy: umowa o wsp\u00f3\u0142pracy dydaktyczno-naukowej z Miastem, Szko\u0142\u0105 i Uniwersytetem<\/p>\n<p>Okres obowi\u0105zywania: 07.02.2023 \u2013 07.02.2026<\/p>\n<p>Koordynator: lic. Violetta Kulik<\/p>\n<p>&nbsp;<\/p>\n<p>Nazwa plac\u00f3wki: <a href=\"http:\/\/zs2zory.pl\/\">Zesp\u00f3\u0142 Szk\u00f3\u0142 nr 2 im. ks. prof. J\u00f3zefa Tischnera w \u017borach<\/a><\/p>\n<p>Typ umowy: umowa o wsp\u00f3\u0142pracy dydaktyczno-naukowej<\/p>\n<p>Okres obowi\u0105zywania: 06.02.2023 \u2013 06.02.2026<\/p>\n<p>Koordynator: dr Magdalena Ochwat, lic. Violetta Kulik<\/p>\n<p>&nbsp;<\/p>\n<p>Nazwa plac\u00f3wki: <a href=\"https:\/\/www.meritum.promeritum.netstrefa.pl\/\">Zesp\u00f3\u0142 Szk\u00f3\u0142 Technicznych i Og\u00f3lnokszta\u0142c\u0105cych Meritum im. Piotra Ko\u0142odzieja w Siemianowicach \u015al\u0105skich<\/a><\/p>\n<p>Typ umowy: umowa o wsp\u00f3\u0142pracy dydaktyczno-naukowej<\/p>\n<p>Okres obowi\u0105zywania: 06.06.2022 \u2013 06.06.2026<\/p>\n<p>Koordynator: dr Paulina Trybek, lic. Violetta Kulik<\/p>\n<p>&nbsp;<\/p>\n<p>Nazwa plac\u00f3wki: <a href=\"https:\/\/lo2.edupage.org\/\">II Liceum Og\u00f3lnokszta\u0142c\u0105ce im. K.K. Baczy\u0144skiego w Chrzanowie<\/a><\/p>\n<p>Typ umowy: umowa o wsp\u00f3\u0142pracy dydaktycznej<\/p>\n<p>Okres obowi\u0105zywania: 27.06.2016 \u2013 czas nieokre\u015blony<\/p>\n<p>Koordynator: brak<\/p>\n<p>&nbsp;<\/p>\n<p>Nazwa plac\u00f3wki: <a href=\"https:\/\/spkatowice.policja.gov.pl\/\">Szko\u0142a Policji \u2013 Katowice<\/a><\/p>\n<p>Typ umowy: porozumienie o wsp\u00f3\u0142pracy naukowo-dydaktycznej<\/p>\n<p>Okres obowi\u0105zywania: 23.12.2015 \u2013 czas nieokre\u015blony<\/p>\n<p>Koordynator: prof. zw. dr hab. Jadwiga Stawnicka, dr Miron Lakomy<\/p>\n<p>&nbsp;<\/p>\n<p>Nazwa plac\u00f3wki: <a href=\"https:\/\/miarka.edu.pl\/\">I Liceum Og\u00f3lnokszta\u0142c\u0105ce im. Karola Miarki \u2013 Miko\u0142\u00f3w<\/a><\/p>\n<p>Typ umowy: umowa o wsp\u00f3\u0142pracy dydaktycznej<\/p>\n<p>Okres obowi\u0105zywania: 19.05.2015 \u2013 czas nieokre\u015blony<\/p>\n<p>Koordynator: dr hab. Maciej Fic, dr hab. Zbigniew Stok\u0142osa<\/p>\n<\/div>\r\n                    <\/div>\r\n                <\/div>[\/vc_column][\/vc_row][vc_row][vc_column][\/vc_column][\/vc_row]<\/p>","protected":false},"excerpt":{"rendered":"<p>[vc_row][vc_column][\/vc_column][\/vc_row][vc_row][vc_column][\/vc_column][\/vc_row] [&#8230;]<\/p>\n<p><a class=\"btn btn-secondary understrap-read-more-link\" href=\"https:\/\/us.edu.pl\/wydzial\/wns\/placowki-oswiatowe\/\">Read More&#8230;<\/a><\/p>\n","protected":false},"author":7197,"featured_media":0,"parent":0,"menu_order":0,"comment_status":"closed","ping_status":"closed","template":"","meta":{"_expiration-date-status":"","_expiration-date":0,"_expiration-date-type":"","_expiration-date-categories":[],"_expiration-date-options":[]},"acf":[],"_links":{"self":[{"href":"https:\/\/us.edu.pl\/wydzial\/wns\/wp-json\/wp\/v2\/pages\/185350"}],"collection":[{"href":"https:\/\/us.edu.pl\/wydzial\/wns\/wp-json\/wp\/v2\/pages"}],"about":[{"href":"https:\/\/us.edu.pl\/wydzial\/wns\/wp-json\/wp\/v2\/types\/page"}],"author":[{"embeddable":true,"href":"https:\/\/us.edu.pl\/wydzial\/wns\/wp-json\/wp\/v2\/users\/7197"}],"replies":[{"embeddable":true,"href":"https:\/\/us.edu.pl\/wydzial\/wns\/wp-json\/wp\/v2\/comments?post=185350"}],"version-history":[{"count":5,"href":"https:\/\/us.edu.pl\/wydzial\/wns\/wp-json\/wp\/v2\/pages\/185350\/revisions"}],"predecessor-version":[{"id":185456,"href":"https:\/\/us.edu.pl\/wydzial\/wns\/wp-json\/wp\/v2\/pages\/185350\/revisions\/185456"}],"wp:attachment":[{"href":"https:\/\/us.edu.pl\/wydzial\/wns\/wp-json\/wp\/v2\/media?parent=185350"}],"curies":[{"name":"wp","href":"https:\/\/api.w.org\/{rel}","templated":true}]}}