{"id":1857,"date":"2020-02-12T14:15:24","date_gmt":"2020-02-12T13:15:24","guid":{"rendered":"https:\/\/us.edu.pl\/wydzial\/wns\/?page_id=1857"},"modified":"2020-02-12T14:15:24","modified_gmt":"2020-02-12T13:15:24","slug":"projekty-naukowe","status":"publish","type":"page","link":"https:\/\/us.edu.pl\/wydzial\/wns\/projekty-naukowe\/","title":{"rendered":"Projekty Naukowe"},"content":{"rendered":"<p>[vc_row][vc_column]\r\n                <div class=\"text-modules\">\r\n                    <div class=\"container\">\r\n                        <h3 class=\"page-title text__title\">Elastyczno\u015b\u0107 psychologiczna w funkcjonowaniu jednostki<\/h3>\r\n                        <div class=\"text-modules__content\"><p><strong>Tytu\u0142 projektu:<\/strong> Elastyczno\u015b\u0107 psychologiczna w funkcjonowaniu jednostki<\/p>\n<p><strong>Koordynator\/Kierownik projektu na U\u015a:<\/strong> dr Lidia Baran<br \/>\n<strong>Okres realizacji projektu:<\/strong> 2019-2020<\/p>\n<p><strong>\u0179r\u00f3d\u0142o finansowania<\/strong>: Narodowe Centrum Nauki<\/p>\n<p><strong>Progam: <\/strong>MINIATURA 2<\/p>\n<\/div>\r\n                    <\/div>\r\n                <\/div>[\/vc_column][\/vc_row][vc_row][vc_column]\r\n                <div class=\"text-modules\">\r\n                    <div class=\"container\">\r\n                        <h3 class=\"page-title text__title\">Studia Politicae Universitatis Silesiensis <\/h3>\r\n                        <div class=\"text-modules__content\"><p><strong>Tytu\u0142 projektu:<\/strong> Studia Politicae Universitatis Silesiensis<\/p>\n<p><strong>Koordynator\/Kierownik projektu na U\u015a:<\/strong> dr Pawe\u0142 Grzywna<br \/>\n<strong>Okres realizacji projektu:<\/strong> 01.05.2019 &#8211; 31.12.2020<\/p>\n<p><strong>\u0179r\u00f3d\u0142o finansowania<\/strong>: Ministerstwo Nauki i Szkolnictwa Wy\u017cszego<\/p>\n<p><strong>Progam:<\/strong> Wsparcie dla czasopism<\/p>\n<\/div>\r\n                    <\/div>\r\n                <\/div>[\/vc_column][\/vc_row][vc_row][vc_column]\r\n                <div class=\"text-modules\">\r\n                    <div class=\"container\">\r\n                        <h3 class=\"page-title text__title\">Uwarunkowania specyfiki zachowa\u0144 politycznych mieszka\u0144c\u00f3w wojew\u00f3dztwa \u015bl\u0105skiego<\/h3>\r\n                        <div class=\"text-modules__content\"><p><strong>Tytu\u0142 projektu:<\/strong> Uwarunkowania specyfiki zachowa\u0144 politycznych mieszka\u0144c\u00f3w wojew\u00f3dztwa \u015bl\u0105skiego<\/p>\n<p><strong>Koordynator\/Kierownik projektu na U\u015a:<\/strong> dr hab. prof. U\u015a Agnieszka Turska-Kawa<br \/>\n<strong>Okres realizacji projektu:<\/strong> 2018-2019<\/p>\n<p><strong>\u0179r\u00f3d\u0142o finansowania<\/strong>: Narodowe Centrum Nauki<\/p>\n<p><strong>Progam:<\/strong> MINIATURA 2<\/p>\n<\/div>\r\n                    <\/div>\r\n                <\/div>[\/vc_column][\/vc_row][vc_row][vc_column]\r\n                <div class=\"text-modules\">\r\n                    <div class=\"container\">\r\n                        <h3 class=\"page-title text__title\">Aktywny i Kreatywny Nauczyciel Matematyki i Informatyki<\/h3>\r\n                        <div class=\"text-modules__content\"><p><strong>Tytu\u0142 projektu: <\/strong>Aktywny i Kreatywny Nauczyciel Matematyki i Informatyki<\/p>\n<p><strong>Kierownik:<\/strong> dr Joanna Samsel-Opalla, Wydzia\u0142 Matematyki, Fizyki i Chemii U\u015a<\/p>\n<p><strong>Partner:<\/strong> Instytut Pedagogiki<\/p>\n<p><strong>Okres realizacji projektu:<\/strong> 2018 \u2013 2022<\/p>\n<p><strong>\u0179r\u00f3d\u0142o dofinansowania:<\/strong> projekt pozakonkursowy realizowany przez Ministerstwo Nauki i Szkolnictwa Wy\u017cszego\u00a0\u00a0pn. \u201eOpracowanie modelowych program\u00f3w kszta\u0142cenia nauczycieli\u201d<\/p>\n<p><strong>Program:<\/strong> POWER<\/p>\n<p><strong>Tytu\u0142 projektu:<\/strong> B\u00f3l zagro\u017conego Ja. Samoocena jawna i utajona, reakcja stresowa w obliczu zagro\u017cenia spo\u0142ecznego a progi czucia i tolerancji na b\u00f3l<\/p>\n<p><strong>Koordynator\/Kierownik projektu na U\u015a:<\/strong> dr Ewa Wojtyna<br \/>\n<strong>Okres realizacji projektu:<\/strong> 2017-2020<\/p>\n<p><strong>\u0179r\u00f3d\u0142o finansowania<\/strong>: Narodowe Centrum Nauki<\/p>\n<p><strong>Progam: <\/strong>Sonata 12<\/p>\n<\/div>\r\n                    <\/div>\r\n                <\/div>[\/vc_column][\/vc_row][vc_row][vc_column]\r\n                <div class=\"text-modules\">\r\n                    <div class=\"container\">\r\n                        <h3 class=\"page-title text__title\">Powi\u0105zania pomi\u0119dzy elitami sfery medi\u00f3w i polityki w Polsce w perspektywie do\u015bwiadcze\u0144 niemieckich<\/h3>\r\n                        <div class=\"text-modules__content\"><p><strong>Tytu\u0142 projektu:<\/strong> Powi\u0105zania pomi\u0119dzy elitami sfery medi\u00f3w i polityki w Polsce w perspektywie do\u015bwiadcze\u0144 niemieckich<\/p>\n<p><strong>Koordynator\/Kierownik projektu na U\u015a:<\/strong> dr hab. prof. U\u015a Zbigniew Oniszczuk<br \/>\n<strong>Okres realizacji projektu:<\/strong> 2016-2020<\/p>\n<p><strong>\u0179r\u00f3d\u0142o finansowania<\/strong>: Narodowe Centrum Nauki<\/p>\n<p><strong>Progam:<\/strong> OPUS 10<\/p>\n<\/div>\r\n                    <\/div>\r\n                <\/div>[\/vc_column][\/vc_row][vc_row][vc_column]\r\n                <div class=\"text-modules\">\r\n                    <div class=\"container\">\r\n                        <h3 class=\"page-title text__title\">Wychowa\u0107 cz\u0142owieka m\u0105drego. Wprowadzenie modelu pracy wychowawczej i resocjalizacyjnej z zastosowaniem metody tutoringu szkolnego jako profilaktyki pozytywnej problem\u00f3w w polskiej szkole<\/h3>\r\n                        <div class=\"text-modules__content\"><p><strong>Tytu\u0142 projektu: <\/strong>Wychowa\u0107 cz\u0142owieka m\u0105drego. Wprowadzenie modelu pracy wychowawczej i resocjalizacyjnej z zastosowaniem metody tutoringu szkolnego jako profilaktyki pozytywnej problem\u00f3w w polskiej szkole<\/p>\n<p><strong>Koordynator\/Kierownik projektu: <\/strong>Towarzystwo Edukacji Otwartej z Wroc\u0142awia \u2013 lider projektu<\/p>\n<p><strong>Partner projektu: <\/strong>dr hab. Prof. U\u015a Ewa Wysocka, Instytut Pedagogiki (cz\u0142onkini zespo\u0142u badawczego)<\/p>\n<p><strong>Okres realizacji projektu: <\/strong>2015-2019<\/p>\n<p><strong>\u0179r\u00f3d\u0142o finansowania<\/strong>: Ministerstwo Edukacji Narodowej<\/p>\n<p><strong>Tytu\u0142 projektu:<\/strong> DIAGMATO, Opracowanie inteligentnych narz\u0119dzi do diagnozy psycho-spo\u0142eczno-edukacyjnej dzieci i m\u0142odzie\u017cy<\/p>\n<p><strong>Koordynator\/Kierownik projektu: <\/strong> Karina Por\u0119bska, firma AHEAD, Doradztwo i Zarz\u0105dzanie w Krakowie<\/p>\n<p><strong>Partner projektu:<\/strong> dr hab. Prof. U\u015a Ewa Wysocka, Instytut Pedagogiki<\/p>\n<p><strong>Okres realizacji projektu: <\/strong>2016-2018<\/p>\n<p><strong>\u0179r\u00f3d\u0142o finansowania<\/strong>: Narodowe Centrum Bada\u0144 i Rozwoju<\/p>\n<p><strong>Program: <\/strong>PO IR<\/p>\n<\/div>\r\n                    <\/div>\r\n                <\/div>[\/vc_column][\/vc_row][vc_row][vc_column]\r\n                <div class=\"text-modules\">\r\n                    <div class=\"container\">\r\n                        <h3 class=\"page-title text__title\">Media wobec idei \u015bwieckiego pa\u0144stwa<\/h3>\r\n                        <div class=\"text-modules__content\"><p><strong>Tytu\u0142 projektu:<\/strong> Media wobec idei \u015bwieckiego pa\u0144stwa<\/p>\n<p><strong>Koordynator\/Kierownik projektu na U\u015a:<\/strong> dr Damian Guzek<br \/>\n<strong>Okres realizacji projektu:<\/strong> 2015-2019<\/p>\n<p><strong>\u0179r\u00f3d\u0142o finansowania<\/strong>: Narodowe Centrum Nauki<\/p>\n<p><strong>Progam:<\/strong> PRELUDIUM 8<\/p>\n<\/div>\r\n                    <\/div>\r\n                <\/div>[\/vc_column][\/vc_row][vc_row][vc_column]\r\n                <div class=\"text-modules\">\r\n                    <div class=\"container\">\r\n                        <h3 class=\"page-title text__title\">Obserwacja wybor\u00f3w samorz\u0105dowych 2018<\/h3>\r\n                        <div class=\"text-modules__content\"><p><strong>Tytu\u0142 projektu:<\/strong> Obserwacja wybor\u00f3w samorz\u0105dowych 2018<\/p>\n<p>Kierownik projektu: Jacek Haman<\/p>\n<p>Partner projektu: dr hab. Prof. U\u015a Ewa Wysocka, Instytut Pedagogiki (cz\u0142onkini zespo\u0142u badawczego)<\/p>\n<p><strong>Okres realizacji projektu:<\/strong> 2018<\/p>\n<p><strong>\u0179r\u00f3d\u0142o finansowania<\/strong>: Fundacja im. Stefana Batorego<\/p>\n<\/div>\r\n                    <\/div>\r\n                <\/div>[\/vc_column][\/vc_row][vc_row][vc_column]\r\n                <div class=\"text-modules\">\r\n                    <div class=\"container\">\r\n                        <h3 class=\"page-title text__title\">Migranci, uchod\u017acy i ksenofobia w kampanii wyborczej 2018<\/h3>\r\n                        <div class=\"text-modules__content\"><p><strong>Tytu\u0142 projektu: <\/strong>Migranci, uchod\u017acy i ksenofobia w kampanii wyborczej 2018<\/p>\n<p><strong>Kierownik projektu:<\/strong> Maciej Nowicki, Helsi\u0144ska Fundacja Praw Cz\u0142owieka<\/p>\n<p>Partner projektu: dr hab. Prof. U\u015a Ewa Wysocka, Instytut Pedagogiki (cz\u0142onkini zespo\u0142u badawczego)<\/p>\n<p><strong>Okres realizacji projektu:<\/strong> 2018<\/p>\n<p><strong>\u0179r\u00f3d\u0142o finansowania<\/strong>: Open Society Fundations, Fundacja im. Stefana Batorego<\/p>\n<\/div>\r\n                    <\/div>\r\n                <\/div>[\/vc_column][\/vc_row][vc_row][vc_column]\r\n                <div class=\"text-modules\">\r\n                    <div class=\"container\">\r\n                        <h3 class=\"page-title text__title\">Zakres i uwarunkowania zjawiska ``sharenting`` w\u015br\u00f3d rodzic\u00f3w na portalu spo\u0142eczno\u015bciowym Facebook<\/h3>\r\n                        <div class=\"text-modules__content\"><p><strong>Tytu\u0142 projektu:<\/strong> Zakres i uwarunkowania zjawiska &#8222;sharenting&#8221; w\u015br\u00f3d rodzic\u00f3w na portalu spo\u0142eczno\u015bciowym Facebook<\/p>\n<p><strong>Koordynator\/Kierownik projektu na U\u015a:<\/strong> dr Anna Brosch<br \/>\n<strong>Okres realizacji projektu:<\/strong> 2017-2018<\/p>\n<p><strong>\u0179r\u00f3d\u0142o finansowania<\/strong>: Narodowe Centrum Nauki<\/p>\n<p><strong>Progam: <\/strong>Miniatura 1<\/p>\n<\/div>\r\n                    <\/div>\r\n                <\/div>[\/vc_column][\/vc_row][vc_row][vc_column]\r\n                <div class=\"text-modules\">\r\n                    <div class=\"container\">\r\n                        <h3 class=\"page-title text__title\">Kwantowa teoria prowdopodobie\u0144stwa a psychologiczne mechanizmy podejmowania decyzji w procesach karnych<\/h3>\r\n                        <div class=\"text-modules__content\"><p><strong>Tytu\u0142 projektu:<\/strong> Kwantowa teoria prowdopodobie\u0144stwa a psychologiczne mechanizmy podejmowania decyzji w procesach karnych<\/p>\n<p><strong>Koordynator\/Kierownik projektu na U\u015a:<\/strong> dr Bartosz Wojciechowski<br \/>\n<strong>Okres realizacji projektu:<\/strong> 2017-2018<\/p>\n<p><strong>\u0179r\u00f3d\u0142o finansowania<\/strong>: Narodowe Centrum Nauki<\/p>\n<p><strong>Progam: <\/strong>Sonata 11<\/p>\n<\/div>\r\n                    <\/div>\r\n                <\/div>[\/vc_column][\/vc_row][vc_row][vc_column]\r\n                <div class=\"text-modules\">\r\n                    <div class=\"container\">\r\n                        <h3 class=\"page-title text__title\">Obywatelska analiza skuteczno\u015bci funkcjonowania systemu zapobiegania zaka\u017ceniom wirusem HIV drog\u0105 wertykaln\u0105 (z matki na dziecko)<\/h3>\r\n                        <div class=\"text-modules__content\"><p><strong>Tytu\u0142 projektu: <\/strong>Obywatelska analiza skuteczno\u015bci funkcjonowania systemu zapobiegania zaka\u017ceniom wirusem HIV drog\u0105 wertykaln\u0105 (z matki na dziecko)<\/p>\n<p><strong>Koordynator\/Kierownik projektu na U\u015a: <\/strong>: dr <strong>Edyta Widawska<\/strong><\/p>\n<p><strong>\u0179r\u00f3d\u0142o finansowania<\/strong>: Ministerstwo Rodziny, Pracy i Polityki Spo\u0142ecznej<\/p>\n<p><strong>Okres realizacji projektu: 2017<\/strong><\/p>\n<p><strong>Progam: <\/strong>Fundusz Inicjatyw Obywatelskich<\/p>\n<\/div>\r\n                    <\/div>\r\n                <\/div>[\/vc_column][\/vc_row][vc_row][vc_column]\r\n                <div class=\"text-modules\">\r\n                    <div class=\"container\">\r\n                        <h3 class=\"page-title text__title\">Moralna sp\u00f3jno\u015b\u0107: zwi\u0105zek mi\u0119dzy zachowaniami ludzi a ich moralnymi pogl\u0105dami i emocjami - badania pilota\u017cowe<\/h3>\r\n                        <div class=\"text-modules__content\"><p><strong>Tytu\u0142 projektu:<\/strong> Moralna sp\u00f3jno\u015b\u0107: zwi\u0105zek mi\u0119dzy zachowaniami ludzi a ich moralnymi pogl\u0105dami i emocjami &#8211; badania pilota\u017cowe<\/p>\n<p><strong>Koordynator\/Kierownik projektu na U\u015a:<\/strong> dr Mariola Paruzel-Czachura<br \/>\n<strong>Okres realizacji projektu:<\/strong> 2017<\/p>\n<p><strong>\u0179r\u00f3d\u0142o finansowania<\/strong>: Narodowe Centrum Nauki<\/p>\n<p><strong>Progam: <\/strong>Miniatura 1<\/p>\n<\/div>\r\n                    <\/div>\r\n                <\/div>[\/vc_column][\/vc_row][vc_row][vc_column]\r\n                <div class=\"text-modules\">\r\n                    <div class=\"container\">\r\n                        <h3 class=\"page-title text__title\">To\u017csamo\u015b\u0107 miasta i jego mieszka\u0144c\u00f3w a przestrze\u0144 publiczna. Studium trzech miast.<\/h3>\r\n                        <div class=\"text-modules__content\"><p><strong>Tytu\u0142 projektu:<\/strong> To\u017csamo\u015b\u0107 miasta i jego mieszka\u0144c\u00f3w a przestrze\u0144 publiczna. Studium trzech miast.<\/p>\n<p><strong>Koordynator\/Kierownik projektu na U\u015a:<\/strong> dr hab. prof. U\u015a Tomasz Nawrocki<br \/>\n<strong>Okres realizacji projektu:<\/strong> 2014 &#8211; 2017<\/p>\n<p><strong>\u0179r\u00f3d\u0142o finansowania<\/strong>: Narodowe Centrum Nauki<\/p>\n<p><strong>Progam:<\/strong> OPUS 5<\/p>\n<\/div>\r\n                    <\/div>\r\n                <\/div>[\/vc_column][\/vc_row][vc_row][vc_column]\r\n                <div class=\"text-modules\">\r\n                    <div class=\"container\">\r\n                        <h3 class=\"page-title text__title\">Wp\u0142yw kryzysu gospodarczego na dzia\u0142anie systemu politycznego. Analiza przypadku Grecji, Hiszpanii i W\u0142och.<\/h3>\r\n                        <div class=\"text-modules__content\"><p><strong>Tytu\u0142 projektu:<\/strong> Wp\u0142yw kryzysu gospodarczego na dzia\u0142anie systemu politycznego. Analiza przypadku Grecji, Hiszpanii i W\u0142och.<\/p>\n<p><strong>Koordynator\/Kierownik projektu na U\u015a:<\/strong> dr hab. prof. U\u015a Ma\u0142gorzata Anna My\u015bliwiec<br \/>\n<strong>Okres realizacji projektu:<\/strong> 2014 &#8211; 2017<\/p>\n<p><strong>\u0179r\u00f3d\u0142o finansowania<\/strong>: NCN<\/p>\n<p><strong>Progam:<\/strong> OPUS 5<\/p>\n<\/div>\r\n                    <\/div>\r\n                <\/div>[\/vc_column][\/vc_row][vc_row][vc_column]\r\n                <div class=\"text-modules\">\r\n                    <div class=\"container\">\r\n                        <h3 class=\"page-title text__title\">Pa\u0144stwa Europy \u015arodkowej w polityce zagranicznej Stan\u00f3w Zjednoczonych w polityce pozimnowojennej<\/h3>\r\n                        <div class=\"text-modules__content\"><p><strong>Tytu\u0142 projektu:<\/strong> Pa\u0144stwa Europy \u015arodkowej w polityce zagranicznej Stan\u00f3w Zjednoczonych w polityce pozimnowojennej<\/p>\n<p><strong>Koordynator\/Kierownik projektu na U\u015a:<\/strong> dr hab. prof. U\u015a Mieczys\u0142aw Stolarczyk<br \/>\n<strong>Okres realizacji projektu:<\/strong> 2008-2012<\/p>\n<p><strong>\u0179r\u00f3d\u0142o finansowania<\/strong>: Narodowe Centrum Nauki<\/p>\n<\/div>\r\n                    <\/div>\r\n                <\/div>[\/vc_column][\/vc_row][vc_row][vc_column]\r\n                <div class=\"text-modules\">\r\n                    <div class=\"container\">\r\n                        <h3 class=\"page-title text__title\">Proaktywne radzenie sobie z adaptacj\u0105 do nowego miejsca pracy w sytuacji ponownego zatrudnienia<\/h3>\r\n                        <div class=\"text-modules__content\"><p><strong>Tytu\u0142 projektu:<\/strong> Proaktywne radzenie sobie z adaptacj\u0105 do nowego miejsca pracy w sytuacji ponownego zatrudnienia<\/p>\n<p><strong>Koordynator\/Kierownik projektu na U\u015a:<\/strong> dr Katarzyna \u015alebarska<br \/>\n<strong>Okres realizacji projektu:<\/strong> 2014-2017<\/p>\n<p><strong>\u0179r\u00f3d\u0142o finansowania<\/strong>: Narodowe Centrum Nauki<\/p>\n<p><strong>Progam: <\/strong>Harmonia 5<\/p>\n<\/div>\r\n                    <\/div>\r\n                <\/div>[\/vc_column][\/vc_row][vc_row][vc_column]\r\n                <div class=\"text-modules\">\r\n                    <div class=\"container\">\r\n                        <h3 class=\"page-title text__title\">Kompetencja relacyjna jako determinanta skuteczno\u015bci i wydajno\u015bci kooperacji mi\u0119dzyorganizacyjnej<\/h3>\r\n                        <div class=\"text-modules__content\"><p><strong>Tytu\u0142 projektu:<\/strong> Kompetencja relacyjna jako determinanta skuteczno\u015bci i wydajno\u015bci kooperacji mi\u0119dzyorganizacyjnej<\/p>\n<p><strong>Koordynator\/Kierownik projektu na U\u015a:<\/strong> dr Monika Sulimowska-Formowicz<br \/>\n<strong>Okres realizacji projektu:<\/strong> 2013-2017<\/p>\n<p><strong>\u0179r\u00f3d\u0142o finansowania<\/strong>: Narodowe Centrum Nauki<\/p>\n<\/div>\r\n                    <\/div>\r\n                <\/div>[\/vc_column][\/vc_row][vc_row][vc_column]\r\n                <div class=\"text-modules\">\r\n                    <div class=\"container\">\r\n                        <h3 class=\"page-title text__title\">Jak m\u0142odzie\u017c zagro\u017cona wykluczeniem spo\u0142ecznym radzi sobie ze stresem?. Dynamika zmian w obr\u0119bie symptom\u00f3w emocjonalnego odr\u0119twienia<\/h3>\r\n                        <div class=\"text-modules__content\"><p><strong>Tytu\u0142 projektu:<\/strong> Jak m\u0142odzie\u017c zagro\u017cona wykluczeniem spo\u0142ecznym radzi sobie ze stresem?. Dynamika zmian w obr\u0119bie symptom\u00f3w emocjonalnego odr\u0119twienia<\/p>\n<p><strong>Koordynator\/Kierownik projektu na U\u015a:<\/strong> dr Agnieszka Wilczy\u0144ska<br \/>\n<strong>Okres realizacji projektu:<\/strong> 2011-2015<\/p>\n<p><strong>\u0179r\u00f3d\u0142o finansowania<\/strong>: Narodowe Centrum Nauki<\/p>\n<\/div>\r\n                    <\/div>\r\n                <\/div>[\/vc_column][\/vc_row][vc_row][vc_column]\r\n                <div class=\"text-modules\">\r\n                    <div class=\"container\">\r\n                        <h3 class=\"page-title text__title\">Mentalno\u015b\u0107 wsp\u00f3\u0142czesnego cz\u0142owieka jako regulator zachowa\u0144 zwi\u0105zanych ze zdrowiem<\/h3>\r\n                        <div class=\"text-modules__content\"><p><strong>Tytu\u0142 projektu:<\/strong> Mentalno\u015b\u0107 wsp\u00f3\u0142czesnego cz\u0142owieka jako regulator zachowa\u0144 zwi\u0105zanych ze zdrowiem<\/p>\n<p><strong>Koordynator\/Kierownik projektu na U\u015a:<\/strong> dr hab. prof. U\u015a Ma\u0142gorzata Ewa G\u00f3rnik-Durose<br \/>\n<strong>Okres realizacji projektu:<\/strong> 2011-2013<\/p>\n<p><strong>\u0179r\u00f3d\u0142o finansowania<\/strong>: Ministerstwo Nauki i Szkolnictwa Wy\u017cszego<\/p>\n<\/div>\r\n                    <\/div>\r\n                <\/div>[\/vc_column][\/vc_row][vc_row][vc_column]\r\n                <div class=\"text-modules\">\r\n                    <div class=\"container\">\r\n                        <h3 class=\"page-title text__title\">Reintegracja zawodowa - sposoby radzenia sobie z psychospo\u0142ecznymi kosztami ponownego zatrudnienia<\/h3>\r\n                        <div class=\"text-modules__content\"><p><strong>Tytu\u0142 projektu:<\/strong> Reintegracja zawodowa &#8211; sposoby radzenia sobie z psychospo\u0142ecznymi kosztami ponownego zatrudnienia<\/p>\n<p><strong>Koordynator\/Kierownik projektu na U\u015a:<\/strong> dr Katarzyna \u015alebarska<br \/>\n<strong>Okres realizacji projektu:<\/strong> 2011-2013<\/p>\n<p><strong>\u0179r\u00f3d\u0142o finansowania<\/strong>: Narodowe Centrum Nauki<\/p>\n<\/div>\r\n                    <\/div>\r\n                <\/div>[\/vc_column][\/vc_row][vc_row][vc_column]\r\n                <div class=\"text-modules\">\r\n                    <div class=\"container\">\r\n                        <h3 class=\"page-title text__title\">Wp\u0142yw edukacji medialnej na odbi\u00f3r reklamy telewizyjnej przez m\u0142odzie\u017c szkoln\u0105<\/h3>\r\n                        <div class=\"text-modules__content\"><p><strong>Tytu\u0142 projektu:<\/strong> Wp\u0142yw edukacji medialnej na odbi\u00f3r reklamy telewizyjnej przez m\u0142odzie\u017c szkoln\u0105<\/p>\n<p><strong>Koordynator\/Kierownik projektu na U\u015a:<\/strong> prof. dr hab. Stanis\u0142aw Juszczyk<br \/>\n<strong>Okres realizacji projektu:<\/strong> 2009-2011<\/p>\n<p><strong>\u0179r\u00f3d\u0142o finansowania<\/strong>: Narodowe Centrum Nauki<\/p>\n<\/div>\r\n                    <\/div>\r\n                <\/div>[\/vc_column][\/vc_row][vc_row][vc_column]\r\n                <div class=\"text-modules\">\r\n                    <div class=\"container\">\r\n                        <h3 class=\"page-title text__title\">Psychospo\u0142eczne i osobowo\u015bciowe uwarunkowania styl\u00f3w my\u015blenia przest\u0119pczego<\/h3>\r\n                        <div class=\"text-modules__content\"><p><strong>Tytu\u0142 projektu:<\/strong> Psychospo\u0142eczne i osobowo\u015bciowe uwarunkowania styl\u00f3w my\u015blenia przest\u0119pczego<\/p>\n<p><strong>Koordynator\/Kierownik projektu na U\u015a:<\/strong> dr hab. prof. U\u015a Jan Maria Stanik<br \/>\n<strong>Okres realizacji projektu:<\/strong> 2009 &#8211; 2012<\/p>\n<p><strong>\u0179r\u00f3d\u0142o finansowania<\/strong>: Narodowe Centrum Nauki<\/p>\n<\/div>\r\n                    <\/div>\r\n                <\/div>[\/vc_column][\/vc_row][vc_row][vc_column]\r\n                <div class=\"text-modules\">\r\n                    <div class=\"container\">\r\n                        <h3 class=\"page-title text__title\">Skuteczno\u015b\u0107 metody neurofeedback w leczeniu zaburze\u0144 u os\u00f3b chorych na schizofreni\u0119 paranoidaln\u0105<\/h3>\r\n                        <div class=\"text-modules__content\"><p><strong>Tytu\u0142 projektu:<\/strong> Skuteczno\u015b\u0107 metody neurofeedback w leczeniu zaburze\u0144 u os\u00f3b chorych na schizofreni\u0119 paranoidaln\u0105<\/p>\n<p><strong>Koordynator\/Kierownik projektu na U\u015a:<\/strong> dr hab. prof. U\u015a Jan Maria Stanik<br \/>\n<strong>Okres realizacji projektu:<\/strong> 2009 &#8211; 2011<\/p>\n<p><strong>\u0179r\u00f3d\u0142o finansowania<\/strong>: Narodowe Centrum Nauki<\/p>\n<\/div>\r\n                    <\/div>\r\n                <\/div>[\/vc_column][\/vc_row]<\/p>","protected":false},"excerpt":{"rendered":"<p>[vc_row][vc_column][\/vc_column][\/vc_row][vc_row][vc_column][\/vc_column][\/vc_row][vc_row][vc_column][\/vc_column][\/vc_row][vc_row][vc_column][\/vc_column][\/vc_row][vc_row][vc_column][\/vc_column][\/vc_row][vc_row][vc_column][\/vc_column][\/vc_row][vc_row][vc_column][\/vc_column][\/vc_row][vc_row][vc_column][\/vc_column][\/vc_row][vc_row][vc_column][\/vc_column][\/vc_row][vc_row][vc_column][\/vc_column][\/vc_row][vc_row][vc_column][\/vc_column][\/vc_row][vc_row][vc_column][\/vc_column][\/vc_row][vc_row][vc_column][\/vc_column][\/vc_row][vc_row][vc_column][\/vc_column][\/vc_row][vc_row][vc_column][\/vc_column][\/vc_row][vc_row][vc_column][\/vc_column][\/vc_row][vc_row][vc_column][\/vc_column][\/vc_row][vc_row][vc_column][\/vc_column][\/vc_row][vc_row][vc_column][\/vc_column][\/vc_row][vc_row][vc_column][\/vc_column][\/vc_row][vc_row][vc_column][\/vc_column][\/vc_row][vc_row][vc_column][\/vc_column][\/vc_row][vc_row][vc_column][\/vc_column][\/vc_row][vc_row][vc_column][\/vc_column][\/vc_row] [&#8230;]<\/p>\n<p><a class=\"btn btn-secondary understrap-read-more-link\" href=\"https:\/\/us.edu.pl\/wydzial\/wns\/projekty-naukowe\/\">Read More&#8230;<\/a><\/p>\n","protected":false},"author":130,"featured_media":0,"parent":0,"menu_order":0,"comment_status":"closed","ping_status":"closed","template":"","meta":{"_expiration-date-status":"saved","_expiration-date":0,"_expiration-date-type":"","_expiration-date-categories":[],"_expiration-date-options":[]},"acf":[],"_links":{"self":[{"href":"https:\/\/us.edu.pl\/wydzial\/wns\/wp-json\/wp\/v2\/pages\/1857"}],"collection":[{"href":"https:\/\/us.edu.pl\/wydzial\/wns\/wp-json\/wp\/v2\/pages"}],"about":[{"href":"https:\/\/us.edu.pl\/wydzial\/wns\/wp-json\/wp\/v2\/types\/page"}],"author":[{"embeddable":true,"href":"https:\/\/us.edu.pl\/wydzial\/wns\/wp-json\/wp\/v2\/users\/130"}],"replies":[{"embeddable":true,"href":"https:\/\/us.edu.pl\/wydzial\/wns\/wp-json\/wp\/v2\/comments?post=1857"}],"version-history":[{"count":1,"href":"https:\/\/us.edu.pl\/wydzial\/wns\/wp-json\/wp\/v2\/pages\/1857\/revisions"}],"predecessor-version":[{"id":1860,"href":"https:\/\/us.edu.pl\/wydzial\/wns\/wp-json\/wp\/v2\/pages\/1857\/revisions\/1860"}],"wp:attachment":[{"href":"https:\/\/us.edu.pl\/wydzial\/wns\/wp-json\/wp\/v2\/media?parent=1857"}],"curies":[{"name":"wp","href":"https:\/\/api.w.org\/{rel}","templated":true}]}}