{"id":1862,"date":"2020-02-12T14:20:49","date_gmt":"2020-02-12T13:20:49","guid":{"rendered":"https:\/\/us.edu.pl\/wydzial\/wns\/?page_id=1862"},"modified":"2025-07-29T13:33:27","modified_gmt":"2025-07-29T11:33:27","slug":"uslugi-zlecone","status":"publish","type":"page","link":"https:\/\/us.edu.pl\/wydzial\/wns\/uslugi-zlecone\/","title":{"rendered":"Us\u0142ugi zlecone"},"content":{"rendered":"<p>[vc_row][vc_column]            \r\n                    <div class=\"container\">\r\n                        <div class=\"gallery gallery_2\" data-images-in-row=\"2\">\r\n                            \r\n                            <div class=\"row m-0\">\r\n                                <a data-fancybox-group=\"button\" title=\"\" data-fancybox=\"7610\" href=\"https:\/\/us.edu.pl\/wydzial\/wns\/wp-content\/uploads\/sites\/17\/Bez-kategorii\/uslugi-zlecone-scaled.jpg\" class=\"gallery__item thumbnail\"\r\n                                    style=\"background-image: url(https:\/\/us.edu.pl\/wydzial\/wns\/wp-content\/uploads\/sites\/17\/Bez-kategorii\/uslugi-zlecone-1024x819.jpg)\"> <span class=\"d-none\">https:\/\/us.edu.pl\/wydzial\/wns\/wp-content\/uploads\/sites\/17\/Bez-kategorii\/uslugi-zlecone-scaled.jpg<\/span> <\/a>\r\n                            <\/div>\r\n                    <\/div>\r\n                <\/div>\r\n                <div class=\"text-modules\">\r\n                    <div class=\"container\">\r\n                        <h3 class=\"page-title text__title\">2025<\/h3>\r\n                        <div class=\"text-modules__content\"><\/p>\n<ol>\n<li>Tytu\u0142 projektu:\u00a0<strong>Prowadzenie bada\u0144 i pisanie artyku\u0142\u00f3w na temat powi\u0105za\u0144 moralno\u015bci i estetyki na zlecenie The Trustees of the University of Pennsylvania<\/strong><br \/>\nZleceniodawca: The Trustees of the University of Pennsylvania (USA)<br \/>\nKierownik projektu: dr hab. Mariola Paruzel-Czachura, Instytut Psychologii<\/li>\n<\/ol>\n<p>&nbsp;<\/p>\n<ol start=\"2\">\n<li>Tytu\u0142 projektu:\u00a0<strong>Uwarunkowania trend\u00f3w demograficznych w Sosnowcu<\/strong><br \/>\nZleceniodawca: Gmina Sosnowiec<br \/>\nKierownik projektu: dr hab. S\u0142awomir Sitek, Instytut Socjologii, Instytut Nauk Politycznych<\/li>\n<\/ol>\n<p>\n<\/div>\r\n                    <\/div>\r\n                <\/div>\r\n                <div class=\"text-modules\">\r\n                    <div class=\"container\">\r\n                        <h3 class=\"page-title text__title\">2024<\/h3>\r\n                        <div class=\"text-modules__content\"><\/p>\n<ol>\n<li>Tytu\u0142 projektu: <strong>Przeprowadzenie weekendowego kursu mindfulness<\/strong><br \/>\nZleceniodawca: osoby fizyczne<br \/>\nKierownik projektu: dr Dagna Kocur, Instytut Psychologii<\/li>\n<\/ol>\n<p>&nbsp;<\/p>\n<ol start=\"2\">\n<li>Tytu\u0142 projektu: <strong>Wykonanie raportu zawieraj\u0105cego diagnoz\u0119 organizacji wspieraj\u0105cej rozw\u00f3j formy<\/strong><br \/>\nZleceniodawca: High Technology Macjines Sp. z o.o.<br \/>\nKierownik projektu: dr hab. Katarzyna \u015alebarska, prof. U\u015a, Instytut Psychologii<\/li>\n<\/ol>\n<p>&nbsp;<\/p>\n<ol start=\"3\">\n<li>Tytu\u0142 projektu: <strong>Opracowanie biogram\u00f3w na potrzeby projektu &#8222;Polacy, kt\u00f3rzy zmienili \u015bwiat medycyny&#8221;<\/strong><br \/>\nZleceniodawca: Fundacja Wiedzy i Dialogu Spo\u0142ecznego AGERE AUDE<br \/>\nKierownik projektu: dr Maciej Marmola, Instytut Nauk Politycznych<\/li>\n<\/ol>\n<p>&nbsp;<\/p>\n<ol start=\"4\">\n<li>Tytu\u0142 projektu: <strong>Us\u0142uga kompleksowej organizacji i animacji wymiany do\u015bwiadcze\u0144 mi\u0119dzy zainteresowanymi beneficjentami katowickiego programu \u201elokal na kultur\u0119\u201d a partnerami<\/strong><br \/>\nZleceniodawca: Urz\u0105d Miasta Katowice<br \/>\nKierownik projektu: dr hab. Robert Pyka, prof. U\u015a, Instytut Socjologii<\/li>\n<\/ol>\n<p>&nbsp;<\/p>\n<ol start=\"5\">\n<li>Tytu\u0142 projektu: <strong>Przeprowadzenie szkolenia &#8211; Ocenianie i podejmowanie decyzji<\/strong><br \/>\nZleceniodawca: Tauron Wytwarzanie S.A.<br \/>\nKierownik projektu: dr hab. Katarzyna \u015alebarska, prof. U\u015a, Instytut Psychologii<\/li>\n<\/ol>\n<p>&nbsp;<\/p>\n<ol start=\"6\">\n<li>Tytu\u0142 projektu: <strong>Przeprowadzenie bada\u0144 pn. &#8222;Sytuacja j\u0119zykowa mniejszo\u015bci niemieckiej w Polsce&#8221; (II etap)<\/strong><br \/>\nZleceniodawca: Centrum Bada\u0144 Mniejszo\u015bci Niemieckiej<br \/>\nKierownik projektu: dr Justyna Kijonka, Instytut Socjologii<\/li>\n<\/ol>\n<p>&nbsp;<\/p>\n<ol start=\"7\">\n<li>Tytu\u0142 projektu: <strong>Przeprowadzenie bada\u0144 efektywno\u015bci obs\u0142ugi klienta w Urz\u0119dzie Miasta Katowice<\/strong><br \/>\nZleceniodawca: Urz\u0105d Miasta Katowice<br \/>\nKierownik projektu: dr Maciej Marmola, Instytut Nauk Politycznych<\/li>\n<\/ol>\n<p>&nbsp;<\/p>\n<ol start=\"8\">\n<li>Tytu\u0142 projektu: <strong>Przeprowadzenie webinaru &#8222;Techniki proaktywnego radzenia sobie &#8211; jak radzi\u0107 sobie ze stresem w pracy&#8221;<\/strong><br \/>\nZleceniodawca: Tauron Wytwarzanie S.A.<br \/>\nKierownik projektu: dr hab. Katarzyna \u015alebarska, prof. U\u015a, Instytut Psychologii<\/li>\n<\/ol>\n<p>&nbsp;<\/p>\n<ol start=\"9\">\n<li>Tytu\u0142 projektu: <strong>Us\u0142ugi badawcze<\/strong><br \/>\nZleceniodawca: Uniwersytet \u015al\u0105ski w Katowicach<br \/>\nKierownik projektu: dr hab. Agnieszka Turska-Kawa, prof. U\u015a, Instytut Nauk Politycznych<\/li>\n<\/ol>\n<p>\n<\/div>\r\n                    <\/div>\r\n                <\/div>[\/vc_column][\/vc_row][vc_row][vc_column]\r\n                <div class=\"text-modules\">\r\n                    <div class=\"container\">\r\n                        <h3 class=\"page-title text__title\">2023<\/h3>\r\n                        <div class=\"text-modules__content\"><\/p>\n<ol>\n<li>Tytu\u0142 projektu: <strong>Przeprowadzenie cyklu wyk\u0142ad\u00f3w popularnonaukowych dla mieszka\u0144c\u00f3w Chorzowa<\/strong><br \/>\nZleceniodawca: Miasto Chorz\u00f3w, Centrum Integracji Mi\u0119dzypokoleniowej<br \/>\nKierownik projektu: dr Marcin Moro\u0144, Instytut Psychologii<\/li>\n<\/ol>\n<p>&nbsp;<\/p>\n<ol start=\"2\">\n<li>Tytu\u0142 projektu: <strong>Przygotowanie raportu zgodnie z umow\u0105 o wsp\u00f3\u0142pracy<\/strong><br \/>\nZleceniodawca: Aligo Alfa Sp. z o.o.<br \/>\nKierownik projektu: dr Ewa Wojtyna, prof. U\u015a, Instytut Psychologii<\/li>\n<\/ol>\n<p>&nbsp;<\/p>\n<ol start=\"3\">\n<li>Tytu\u0142 projektu: <strong>Przygotowanie raportu dot. kwerendy danych w zakresie GZM<\/strong><br \/>\nZleceniodawca: Miasto Chorz\u00f3w, Centrum Integracji Mi\u0119dzypokoleniowej<br \/>\nKierownik projektu: dr Grzegorz Gawron, Instytut Socjologii<\/li>\n<\/ol>\n<p>&nbsp;<\/p>\n<ol start=\"4\">\n<li>Tytu\u0142 projektu: <strong>Przeprowadzenie bada\u0144 psychologicznych na pr\u00f3bie 300 os\u00f3b z zakresu profilaktyki wypalenia zawodowego z wykorzystaniem agregatu badawczego<\/strong><br \/>\nZleceniodawca: CUPIO AI Sp. z o.o.<br \/>\nKierownik projektu: dr Maciej Bo\u017cek, prof. U\u015a, Instytut Psychologii<\/li>\n<\/ol>\n<p>&nbsp;<\/p>\n<ol start=\"5\">\n<li>Tytu\u0142 projektu: <strong>Opracowanie skutecznego sposobu podania interwencji cyfrowej<\/strong><br \/>\nZleceniodawca: PROSOMA Sp. z o.o.<br \/>\nKierownik projektu: dr Ewa Wojtyna, prof. U\u015a, Instytut Psychologii<\/li>\n<\/ol>\n<p>&nbsp;<\/p>\n<ol start=\"6\">\n<li>Tytu\u0142 projektu: <strong>Naukowa ocena wp\u0142ywu wprowadzenia du\u017cej ilo\u015bci swiat\u0142a s\u0142onecznego do pomieszcze\u0144 na organizmy os\u00f3b przebywaj\u0105cych w pomieszczeniach, wskazanie korzy\u015bci i zagro\u017ce\u0144, ocena poziomu ryzyka i wskazanie sposobu jego eliminacji &#8211; etap 2<\/strong><br \/>\nZleceniodawca: Qlab Sp. z o.o.<br \/>\nKierownik projektu: dr Anita Pollak, prof. U\u015a, prof. U\u015a, Instytut Psychologii<\/li>\n<\/ol>\n<p>&nbsp;<\/p>\n<ol start=\"7\">\n<li>Tytu\u0142 projektu: <strong>Opracowanie trzech raport\u00f3w zawieraj\u0105cych rozszerzon\u0105 analiz\u0119 materia\u0142u w postaci przeprowadzonych bada\u0144 ankietowych na terenie trzech wojew\u00f3dztw<\/strong><br \/>\nZleceniodawca: Zwi\u0105zek Samorz\u0105d\u00f3w Polskich<br \/>\nKierownik projektu: dr hab. Agnieszka Turska-Kawa, prof. U\u015a, Instytut Nauk Politycznych<\/li>\n<\/ol>\n<p>&nbsp;<\/p>\n<ol start=\"8\">\n<li>Tytu\u0142 projektu: <strong>Przeprowadzenie bada\u0144 psychologicznych na pr\u00f3bie 1000 os\u00f3b<\/strong><br \/>\nZleceniodawca: SENSUS AI Sp. z o.o.<br \/>\nKierownik projektu: dr Maciej Bo\u017cek, prof. U\u015a, Instytut Psychologii<\/li>\n<\/ol>\n<p>&nbsp;<\/p>\n<ol start=\"9\">\n<li>Tytu\u0142 projektu: <strong>Us\u0142uga badawcza<\/strong><br \/>\nZleceniodawca: Uniwersytet \u015al\u0105ski w Katowicach<br \/>\nKierownik projektu: dr hab. Agnieszka Turska-Kawa, prof. U\u015a, Instytut Nauk Politycznych<\/li>\n<\/ol>\n<p>&nbsp;<\/p>\n<ol start=\"10\">\n<li>Tytu\u0142 projektu: <strong>Przeprowadzenie szkolenia zwi\u0105zanego z tematem Work-Life-Balance<\/strong><br \/>\nZleceniodawca: Tauron Wytwarzanie S.A.<br \/>\nKierownik projektu: dr hab. Katarzyna \u015alebarska, prof. U\u015a, Instytut Psychologii<\/li>\n<\/ol>\n<p>&nbsp;<\/p>\n<ol start=\"11\">\n<li>Tytu\u0142 projektu: <strong>Przeprowadzenie weekendowego kursu self-compassion<\/strong><br \/>\nZleceniodawca: Osoby fizyczne<br \/>\nKierownik projektu: dr Dagna Kocur, Instytut Psychologii<\/li>\n<\/ol>\n<p>&nbsp;<\/p>\n<ol start=\"12\">\n<li>Tytu\u0142 projektu: <strong>Przeprowadzenie 8-tygodniowego kursu Mindfulness MBLC<\/strong><br \/>\nZleceniodawca: Osoby fizyczne<br \/>\nKierownik projektu: dr Dagna Kocur, Instytut Psychologii<\/li>\n<\/ol>\n<p>&nbsp;<\/p>\n<ol start=\"13\">\n<li>Tytu\u0142 projektu: N<strong>aukowa ocena wp\u0142ywu wprowadzenia du\u017cej ilo\u015bci \u015bwiat\u0142a s\u0142onecznego do pomieszcze\u0144 na organizmy os\u00f3b przebywaj\u0105cych w pomieszczeniach, wskazanie korzy\u015bci i zagro\u017ce\u0144, ocena poziomu ryzyka i skazanie sposobu jego eliminacji &#8211; etap 3<\/strong><br \/>\nZleceniodawca: Qlab Sp. z o.o.<br \/>\nKierownik projektu: dr Ewa Wojtyna, prof. U\u015a, Instytut Psychologii<\/li>\n<\/ol>\n<p>&nbsp;<\/p>\n<ol start=\"14\">\n<li>Tytu\u0142 projektu: <strong>Przeprowadzenie bada\u0144 pn. &#8222;Sytuacja j\u0119zykowa mniejszo\u015bci niemieckiej w Polsce&#8221;<\/strong><br \/>\nZleceniodawca: Centrum Bada\u0144 Mniejszo\u015bci Niemieckiej<br \/>\nKierownik projektu: dr Justyna Kijonka, Instytut Socjologii<\/li>\n<\/ol>\n<p>&nbsp;<\/p>\n<ol start=\"15\">\n<li>Tytu\u0142 projektu: <strong>Przeprowadzenie wyk\u0142adu popularnonaukowego dla mieszka\u0144c\u00f3w Chorzowa<\/strong><br \/>\nZleceniodawca: Miasto Chorz\u00f3w, Centrum Integracji Mi\u0119dzypokoleniowej<br \/>\nKierownik projektu: dr Dagna Kocur, Instytut Psychologii<\/li>\n<\/ol>\n<p>&nbsp;<\/p>\n<ol start=\"16\">\n<li>Tytu\u0142 projektu: <strong>Opracowanie Programu Rozwoju Pieczy Zast\u0119pczej w Powiecie Rybnickim na lata 2024-2026 oraz Powiatowego Programu Przeciwdzia\u0142ania Przemocy w Rodzinie oraz Ochrony Ofiar Przemocy w Rodzinie na lata 2024-2028 w Powiecie Rybnickim<\/strong><br \/>\nZleceniodawca: Nabywca: Powiat Rybnicki; Odbiorca: Powiatowe Centrum Pomocy Rodzinie w Rybniku<br \/>\nKierownik projektu: dr Agata Zygmunt-Ziemianek, Instytut Socjologii<\/li>\n<\/ol>\n<p>&nbsp;<\/p>\n<ol start=\"17\">\n<li>Tytu\u0142 projektu: <strong>Opracowanie Strategii rozwi\u0105zywania problem\u00f3w spo\u0142ecznych w powiecie miko\u0142owskim na lata 2024 \u2013 2033 wraz z diagnoz\u0105 lokalnych zagro\u017ce\u0144<\/strong><br \/>\nZleceniodawca: Powiat Miko\u0142owski \u2013 Powiatowe Centrum Pomocy Rodzinie<br \/>\nKierownik projektu: dr Agata Zygmunt-Ziemianek, Instytut Socjologii<\/li>\n<\/ol>\n<p>\n<\/div>\r\n                    <\/div>\r\n                <\/div>[\/vc_column][\/vc_row][vc_row][vc_column]\r\n                <div class=\"text-modules\">\r\n                    <div class=\"container\">\r\n                        <h3 class=\"page-title text__title\">2022<\/h3>\r\n                        <div class=\"text-modules__content\"><\/p>\n<ol>\n<li>Tytu\u0142 projektu: <strong>Realizacja zewn\u0119trznego kontentu cz. 1<\/strong><br \/>\nZleceniodawca: PROSOMA Sp. z o.o.<br \/>\nKierownik projektu: dr Anita Pollak, prof. U\u015a, Instytut Psychologii<\/li>\n<\/ol>\n<p>&nbsp;<\/p>\n<ol start=\"2\">\n<li>Tytu\u0142 projektu: <strong>Doradztwo eksperckie w zakresie weryfikacji potencja\u0142u i identyfikacji nowych priorytetowych kierunk\u00f3w bada\u0144 w czterech obszarach inteligentnej specjalizacji woj. Mazowieckiego &#8211; cz. 1<\/strong><br \/>\nZleceniodawca: Eurokreator S.C. Rafa\u0142 Kunaszyk, Anna Kunaszyk<br \/>\nKierownik projektu: dr Anita Pollak, prof. U\u015a, Instytut Psychologii<\/li>\n<\/ol>\n<p>&nbsp;<\/p>\n<ol start=\"3\">\n<li>Tytu\u0142 projektu: <strong>Realizacja zewn\u0119trznego kontentu cz. 2<\/strong><br \/>\nZleceniodawca: PROSOMA Sp. z o.o.<br \/>\nKierownik projektu: dr Anita Pollak, prof. U\u015a, Instytut Psychologii<\/li>\n<\/ol>\n<p>&nbsp;<\/p>\n<ol start=\"4\">\n<li>Tytu\u0142 projektu: D<strong>oradztwo eksperckie w zakresie weryfikacji potencja\u0142u i idetyfikacji nowych priorytetowych kierunk\u00f3w bada\u0144 w czterech obszarach inteligentnej specjalizacji woj. Mazowieckiego &#8211; cz. 2<\/strong><br \/>\nZleceniodawca: Eurokreator S.C. Rafa\u0142 Kunaszyk, Anna Kunaszyk<br \/>\nKierownik projektu: dr Anita Pollak, prof. U\u015a, Instytut Psychologii<\/li>\n<\/ol>\n<p>&nbsp;<\/p>\n<ol start=\"5\">\n<li>Tytu\u0142 projektu: <strong>Realizacja zewn\u0119trznego kontentu cz. 3<\/strong><br \/>\nZleceniodawca: PROSOMA Sp. z o.o.<br \/>\nKierownik projektu: dr Anita Pollak, prof. U\u015a, Instytut Psychologii<\/li>\n<\/ol>\n<p>&nbsp;<\/p>\n<ol start=\"6\">\n<li>Tytu\u0142 projektu: <strong>Realizacja zewn\u0119trznego kontentu cz. 4<\/strong><br \/>\nZleceniodawca: PROSOMA Sp. z o.o.<br \/>\nKierownik projektu: dr Anita Pollak, prof. U\u015a, Instytut Psychologii<\/li>\n<\/ol>\n<p>&nbsp;<\/p>\n<ol start=\"7\">\n<li>Tytu\u0142 projektu: <strong>Konsultacje i doradztwo eksperckie (etap 2)<\/strong><br \/>\nZleceniodawca: Fundacja Iskierka<br \/>\nKierownik projektu: dr Ewa Wojtyna, prof. U\u015a, Instytut Psychologii<\/li>\n<\/ol>\n<p>&nbsp;<\/p>\n<ol start=\"8\">\n<li>Tytu\u0142 projektu: <strong>Realizacja zewn\u0119trznego kontentu cz. 5<\/strong><br \/>\nZleceniodawca: PROSOMA Sp. z o.o.<br \/>\nKierownik projektu: dr Anita Pollak, prof. U\u015a, Instytut Psychologii<\/li>\n<\/ol>\n<p>&nbsp;<\/p>\n<ol start=\"9\">\n<li>Tytu\u0142 projektu: <strong>Diagnoza \u015bl\u0105skiego ekosystemu startupowego. Opracowanie metodologii bada\u0144 spo\u0142ecznych<\/strong><br \/>\nZleceniodawca: CO.BRICK Sp. z o.o.<br \/>\nKierownik projektu: dr Grzegorz Gawron, Instytut Socjologii<\/li>\n<\/ol>\n<p>&nbsp;<\/p>\n<ol start=\"10\">\n<li>Tytu\u0142 projektu: <strong>Opracowanie strategii interwencji<\/strong><br \/>\nZleceniodawca: PROSOMA Sp. z o.o.<br \/>\nKierownik projektu: dr Ewa Wojtyna, prof. U\u015a, Instytut Psychologii<\/li>\n<\/ol>\n<p>&nbsp;<\/p>\n<ol start=\"11\">\n<li>Tytu\u0142 projektu: <strong>Opracowanie za\u0142o\u017ce\u0144 dla procedury budowania strategii na lokalnym rynku pracy gminy Chorz\u00f3w<\/strong><br \/>\nZleceniodawca: PROSOMA Sp. z o.o.<br \/>\nKierownik projektu: dr Wiktor Widera, Instytut Nauk Politycznych<\/li>\n<\/ol>\n<p>&nbsp;<\/p>\n<ol start=\"12\">\n<li>Tytu\u0142 projektu: <strong>Wdro\u017cenie interwencji cyfrowych wykazuj\u0105cych si\u0119 skuteczno\u015bci\u0105 w przypadku docelowej grupy odbiorc\u00f3w (m\u0119\u017cczyzn z diagnoz\u0105 onkologiczn\u0105) na bazie wynik\u00f3w 1 etapu<\/strong><br \/>\nZleceniodawca: PROSOMA Sp. z o.o.<br \/>\nKierownik projektu: dr Ewa Wojtyna, prof. U\u015a, Instytut Psychologii<\/li>\n<\/ol>\n<p>&nbsp;<\/p>\n<ol start=\"13\">\n<li>Tytu\u0142 projektu: <strong>Przeprowadzenie bada\u0144 i zgromadzenie danych za pomoc\u0105 narz\u0119dzi i technik badawczych<\/strong><br \/>\nZleceniodawca: CO.BRICK Sp. z o.o.<br \/>\nKierownik projektu: dr Grzegorz Gawron, Instytut Socjologii<\/li>\n<\/ol>\n<p>&nbsp;<\/p>\n<ol start=\"14\">\n<li>Tytu\u0142 projektu: <strong>Naukowa ocena wp\u0142ywu wprowadzenia du\u017cej ilo\u015bci \u015bwiat\u0142a s\u0142onecznego do pomieszcze\u0144 na organizmy os\u00f3b przebywajacych w pomieszczeniach, wskazanie korzy\u015bci i zagro\u017ce\u0144, ocena poziomu ryzyka i wskazanie sposobu jego eliminacji &#8211; Etap 1<\/strong><br \/>\nZleceniodawca: QLAB Sp. z o.o.<br \/>\nKierownik projektu: dr Anita Pollak, prof. U\u015a, Instytut Psychologii<\/li>\n<\/ol>\n<p>&nbsp;<\/p>\n<ol start=\"15\">\n<li>Tytu\u0142 projektu: <strong>Przygotowanie raportu z bada\u0144 spo\u0142ecznych<\/strong><br \/>\nZleceniodawca: CO.BRICK Sp. z o.o.<br \/>\nKierownik projektu: dr Grzegorz Gawron, Instytut Socjologii<\/li>\n<\/ol>\n<p>&nbsp;<\/p>\n<ol start=\"16\">\n<li>Tytu\u0142 projektu: <strong>Understanding the trauma-related effects of terrorist propaganda: consumption of online extremist content and its impact on researchers (Zrozumienie zwi\u0105zanych z traum\u0105 skutk\u00f3w propagandy terrorystycznej: konsumpcja tre\u015bci ekstremistcznych w Internecie i jej wp\u0142yw na naukowc\u00f3w)<\/strong><br \/>\nZleceniodawca: King\u2019s College London, GB627403551<br \/>\nKierownik projektu: prof. dr. hab. Miron Lakomy, Instytut Nauk Politycznych<\/li>\n<\/ol>\n<p>&nbsp;<\/p>\n<ol start=\"17\">\n<li>Tytu\u0142 projektu: <strong>Przeprowadzenie badania innowacji dydaktycznych w programach sojuszy w polskich uczelniach wchodz\u0105cych w sk\u0142ad sieci EUI.<\/strong><br \/>\nZleceniodawca: Fundacja Rozwoju Systemu Edukacji<br \/>\nKierownik projektu: dr Anna Budzanowska, Instytut Nauk Politycznych<\/li>\n<\/ol>\n<p>&nbsp;<\/p>\n<ol start=\"18\">\n<li>Tytu\u0142 projektu: <strong>Raport dotycz\u0105cy oczekiwa\u0144 mieszka\u0144c\u00f3w miasta Katowice wobec za\u0142o\u017ce\u0144 programowych Europejskiego Miasta Nauki Katowice 2024<\/strong><br \/>\nZleceniodawca: Urz\u0105d Miasta Katowice<br \/>\nKierownik projektu: dr hab. Krzysztof Bierwiaczonek, prof. U\u015a, Instytut Socjologii<\/li>\n<\/ol>\n<p>&nbsp;<\/p>\n<ol start=\"19\">\n<li>Tytu\u0142 projektu: <strong>Badanie w zakresie narz\u0119dzi i potencja\u0142u wsp\u00f3\u0142pracy miast i gmin G\u00f3rno\u015bl\u0105sko-Zag\u0142\u0119biowskiej Metropolii (GZM) z uczelniami wy\u017cszymi i jednostkami naukowymi znajduj\u0105cymi si\u0119 na obszarze GZM<\/strong><br \/>\nZleceniodawca: G\u00f3rno\u015bl\u0105sko-Zag\u0142\u0119biowska Metropolia<br \/>\nKierownik projektu: dr Agata Zygmunt-Ziemianek, Instytut Socjologii<\/li>\n<\/ol>\n<p>\n<\/div>\r\n                    <\/div>\r\n                <\/div>[\/vc_column][\/vc_row][vc_row][vc_column][\/vc_column][\/vc_row][vc_row][vc_column][\/vc_column][\/vc_row]<\/p>","protected":false},"excerpt":{"rendered":"<p>[vc_row][vc_column][\/vc_column][\/vc_row][vc_row][vc_column][\/vc_column][\/vc_row][vc_row][vc_column][\/vc_column][\/vc_row][vc_row][vc_column][\/vc_column][\/vc_row][vc_row][vc_column][\/vc_column][\/vc_row] [&#8230;]<\/p>\n<p><a class=\"btn btn-secondary understrap-read-more-link\" href=\"https:\/\/us.edu.pl\/wydzial\/wns\/uslugi-zlecone\/\">Read More&#8230;<\/a><\/p>\n","protected":false},"author":130,"featured_media":0,"parent":0,"menu_order":0,"comment_status":"closed","ping_status":"closed","template":"","meta":{"_expiration-date-status":"","_expiration-date":0,"_expiration-date-type":"","_expiration-date-categories":[],"_expiration-date-options":[]},"acf":[],"_links":{"self":[{"href":"https:\/\/us.edu.pl\/wydzial\/wns\/wp-json\/wp\/v2\/pages\/1862"}],"collection":[{"href":"https:\/\/us.edu.pl\/wydzial\/wns\/wp-json\/wp\/v2\/pages"}],"about":[{"href":"https:\/\/us.edu.pl\/wydzial\/wns\/wp-json\/wp\/v2\/types\/page"}],"author":[{"embeddable":true,"href":"https:\/\/us.edu.pl\/wydzial\/wns\/wp-json\/wp\/v2\/users\/130"}],"replies":[{"embeddable":true,"href":"https:\/\/us.edu.pl\/wydzial\/wns\/wp-json\/wp\/v2\/comments?post=1862"}],"version-history":[{"count":10,"href":"https:\/\/us.edu.pl\/wydzial\/wns\/wp-json\/wp\/v2\/pages\/1862\/revisions"}],"predecessor-version":[{"id":181651,"href":"https:\/\/us.edu.pl\/wydzial\/wns\/wp-json\/wp\/v2\/pages\/1862\/revisions\/181651"}],"wp:attachment":[{"href":"https:\/\/us.edu.pl\/wydzial\/wns\/wp-json\/wp\/v2\/media?parent=1862"}],"curies":[{"name":"wp","href":"https:\/\/api.w.org\/{rel}","templated":true}]}}