{"id":205,"date":"2019-10-11T14:30:43","date_gmt":"2019-10-11T12:30:43","guid":{"rendered":"https:\/\/us.edu.pl\/wydzial\/wns\/?page_id=205"},"modified":"2026-02-18T07:39:38","modified_gmt":"2026-02-18T06:39:38","slug":"historia","status":"publish","type":"page","link":"https:\/\/us.edu.pl\/wydzial\/wns\/wydzial\/historia\/","title":{"rendered":"Historia"},"content":{"rendered":"<p>[vc_row][vc_column]\r\n                <div class=\"text-modules\">\r\n                    <div class=\"container\">\r\n                        <h3 class=\"page-title text__title\">Historia<\/h3>\r\n                        <div class=\"text-modules__content\"><\/p>\n<p class=\"western\">Wydzia\u0142 Nauk Spo\u0142ecznych powsta\u0142 1 pa\u017adziernika 1973 roku z siedzib\u0105 w Katowicach przy ul. Wita Stwosza 17\/17a. W sk\u0142ad Wydzia\u0142u wesz\u0142y jednostki organizacyjne funkcjonuj\u0105ce dotychczas w ramach Wydzia\u0142u Humanistycznego: Instytut Pedagogiki i Psychologii, Instytut Historii oraz Instytut Filozofii, Socjologii i Nauk Politycznych. Ten ostatni powsta\u0142 z przekszta\u0142cenia, istniej\u0105cego od 1970 roku, Instytutu Nauk Spo\u0142ecznych.<\/p>\n<p class=\"western\">Struktura Wydzia\u0142u podlega\u0142a zmianom: w 1974 roku zosta\u0142y utworzone dwa odr\u0119bne instytuty. Instytut Pedagogiki i Instytut Psychologii; w 1975 roku Instytut Filozofii i Socjologii oraz Instytut Nauk Politycznych; w 1976 roku wyodr\u0119bniono Instytut Filozofii i Instytut Socjologii, ponadto powsta\u0142 Wydzia\u0142 Pedagogiki i Psychologii zlokalizowany przy ul. Tyszki 53 (obecnie ul. Gra\u017cy\u0144skiego) w Katowicach. W strukturze WNS znalaz\u0142a si\u0119 tak\u017ce Katedra Nauk Ekonomicznych i Zak\u0142ad Historii Sztuki. Oba Wydzia\u0142y pr\u0119\u017cnie si\u0119 rozwija\u0142y, Wydzia\u0142 Pedagogiki i Psychologii w roku 1978 uzyska\u0142 prawo nadawania stopnia naukowego doktora nauk humanistycznych, w kolejnym roku prawo takie, w zakresie nauk politycznych i socjologii, przyznano Wydzia\u0142owi Nauk Spo\u0142ecznych.<\/p>\n<p class=\"western\">W 1979 roku Wydzia\u0142y otrzyma\u0142y nowe siedziby: Wydzia\u0142 Nauk Spo\u0142ecznych (gmach przy ul. Bankowej 11), Wydzia\u0142 Pedagogiki i Psychologii (mi\u0119dzy innymi cz\u0119\u015b\u0107 budynku przy ul. Zawadzkiego, obecnie ul. Sokolska).<\/p>\n<p class=\"western\">W listopadzie 1981 roku przez Uniwersytet przesz\u0142a fala protest\u00f3w studenckich. Ks. pra\u0142. dr Stanis\u0142aw Pucha\u0142a odprawi\u0142 pierwsz\u0105 msz\u0119 \u015bwi\u0119t\u0105 strajkow\u0105 w sali Rady Wydzia\u0142u Nauk Spo\u0142ecznych i Politycznych Uniwersytetu \u015al\u0105skiego. Strajk okupacyjny student\u00f3w zosta\u0142 zawieszony 11 grudnia 1981 roku<\/p>\n<p class=\"western\">20 kwietnia 1993 roku Senat zatwierdzi\u0142 statut Mi\u0119dzynarodowej Szko\u0142y Nauk Politycznych &#8211; nowej struktury dydaktycznej w ramach Uniwersytetu \u015al\u0105skiego. Dzia\u0142alno\u015b\u0107 MSNP wzorowana by\u0142a na funkcjonowaniu francuskiego Instytutu Studi\u00f3w Politycznych w Bordeaux. W realizacji przedsi\u0119wzi\u0119cia opr\u00f3cz instytutu z Bordeaux uczestniczy\u0142 r\u00f3wnie\u017c Uniwersytet Katolicki Louvain w Louvain-la-Neuve w Belgii.<\/p>\n<p class=\"western\">W pa\u017adzierniku 1997 roku zosta\u0142a oddana do u\u017cytku nowa aula, przez wiele lat, najbardziej reprezentacyjna sala Uniwersytetu. W roku 2001 w Bibliotece Wydzia\u0142u Nauk Spo\u0142ecznych utworzono Pracowni\u0119 Komputerow\u0105 Stosowanych Nauk Spo\u0142ecznych.<\/p>\n<p>Na mocy Uchwa\u0142y nr 75 Senatu Uniwersytetu S\u0301la\u0328skiego w Katowicach z dnia 25 wrzes\u0301nia 2001 r. utworzono Os\u0301rodek Dydaktyczny w Rybniku, w kt\u00f3rym kszta\u0142cono student\u00f3w na kierunkach prowadzonych na Wydziale Nauk Spo\u0142ecznych i Wydziale Filologicznym. Na posiedzeniu 28 maja 2013 roku Senat Uniwersytetu \u015al\u0105skiego podj\u0105\u0142 decyzj\u0119 o wycofaniu si\u0119 z O\u015brodka Dydaktycznego w Rybniku<\/p>\n<p class=\"western\">Na skutek reorganizacji Uniwersytetu \u015al\u0105skiego, 1 pa\u017adziernika 2019 roku do Wydzia\u0142u Nauk Spo\u0142ecznych do\u0142\u0105czy\u0142y instytuty wchodz\u0105ce do tej pory w sk\u0142ad Wydzia\u0142u Pedagogiki i Psychologii, natomiast Instytut Filozofii oraz Instytut Historii w\u0142\u0105czone zosta\u0142y do nowopowsta\u0142ego Wydzia\u0142u Humanistycznego.<\/p>\n<p class=\"western\">Organizatorem i pierwszym dziekanem Wydzia\u0142u by\u0142 Doc. dr Janusz Kolczy\u0144ski.<\/p>\n<p>&nbsp;<\/p>\n<p class=\"western\">W kolejnych kadencjach funkcje dziekana Wydzia\u0142u Nauk Spo\u0142ecznych pe\u0142<span lang=\"it-IT\">nili:<\/span><\/p>\n<p class=\"western\"><b>I kadencja<\/b>: 1.10.1973 &#8211; 31.08.1975 &#8211; doc. dr Janusz Kolczy\u0144ski<\/p>\n<p class=\"western\"><b>II kadencja<\/b>: 1.09.1975 &#8211; 31.12.1976 &#8211; doc. dr Janusz Kolczy\u0144ski; 1.01.1977 &#8211; 31.08.1978 &#8211; doc. dr hab. Bohdan Ja\u0142owiecki<\/p>\n<p class=\"western\"><b>III kadencja<\/b>: 1.09.1978 &#8211; 30.04.1979 &#8211; doc. dr hab. Jan Kantyka; 1.05.1979 &#8211; 31.12.1980 &#8211; doc. dr hab. Jan Przew\u0142ocki; 1.01.1981 &#8211; 31.08.1981 &#8211; doc. dr hab. Jerzy Szyd\u0142owski<\/p>\n<p class=\"western\"><b>IV i V kadencja<\/b>: 1.09.1981- 31.08.1987 &#8211; prof. dr hab. Jan Kantyka<\/p>\n<p class=\"western\"><b>VI i VII kadencja<\/b>: 1.09.1987- 31.08.1993 &#8211; prof. U\u015a dr hab. Adam Hrebenda<\/p>\n<p class=\"western\"><b>VIII i IX kadencja<\/b>: 1.09.1993- 31.08.1999 &#8211; prof. U\u015a dr hab. <a href=\"https:\/\/us.edu.pl\/wydzial\/wns\/wp-content\/uploads\/sites\/17\/Bez-kategorii\/Iwanek-cv-2026.pdf\" class=\"mtli_attachment mtli_pdf\" data-mtli=\"mtli_filesize255,37kB\" class=\"mtli_attachment mtli_pdf\" data-mtli=\"mtli_filesize255,37kB\">Jan Iwanek<\/a><\/p>\n<p class=\"western\"><b>X i XI kadencja<\/b>: 1.09.1999 &#8211; 31.08.2005 &#8211; prof. dr hab. J\u00f3zef Ba\u0144ka<\/p>\n<p class=\"western\"><b>XII kadencja<\/b>: 1.09.2005 &#8211; 31.08.2008 &#8211; prof. U\u015a dr hab. Bogdan \u0141omi\u0144ski<\/p>\n<p class=\"western\"><b>XIII i XIV kadencja<\/b>: 1.09.2008 &#8211; 31.08.2016 &#8211; prof. dr hab. Wies\u0142aw Kaczanowicz<\/p>\n<p class=\"western\"><b>XV kadencja<\/b>: 31.08.2016 \u2013 30.09.2019 &#8211; prof. U\u015a dr hab. <a href=\"https:\/\/us.edu.pl\/wydzial\/wns\/wp-content\/uploads\/sites\/17\/Bez-kategorii\/Kazimierz-Miroszewski.doc\" class=\"mtli_attachment mtli_doc\" data-mtli=\"mtli_filesize22,00kB\" class=\"mtli_attachment mtli_doc\" data-mtli=\"mtli_filesize22,00kB\">Kazimierz Miroszewski<\/a><\/p>\n<p><strong>XVI i XVII kadencja<\/strong>: 1.09.2019 &#8211; 30.09.2024 &#8211; prof. dr hab. Zenon Gajdzica<\/p>\n<style type=\"text\/css\">a[data-mtli~=\"mtli_filesize255,37kB\"]:after {content:\" (255,37 kB)\"}a[data-mtli~=\"mtli_filesize22,00kB\"]:after {content:\" (22,00 kB)\"}<\/style><\/div>\r\n                    <\/div>\r\n                <\/div>[\/vc_column][\/vc_row]<\/p>\n<style type=\"text\/css\">a[data-mtli~=\"mtli_filesize255,37kB\"]:after {content:\" (255,37 kB)\"}a[data-mtli~=\"mtli_filesize22,00kB\"]:after {content:\" (22,00 kB)\"}<\/style>","protected":false},"excerpt":{"rendered":"<p>[vc_row][vc_column][\/vc_column][\/vc_row] [&#8230;]<\/p>\n<p><a class=\"btn btn-secondary understrap-read-more-link\" href=\"https:\/\/us.edu.pl\/wydzial\/wns\/wydzial\/historia\/\">Read More&#8230;<\/a><\/p>\n","protected":false},"author":1,"featured_media":0,"parent":331,"menu_order":0,"comment_status":"closed","ping_status":"closed","template":"","meta":{"_expiration-date-status":"","_expiration-date":0,"_expiration-date-type":"","_expiration-date-categories":[],"_expiration-date-options":[]},"acf":[],"_links":{"self":[{"href":"https:\/\/us.edu.pl\/wydzial\/wns\/wp-json\/wp\/v2\/pages\/205"}],"collection":[{"href":"https:\/\/us.edu.pl\/wydzial\/wns\/wp-json\/wp\/v2\/pages"}],"about":[{"href":"https:\/\/us.edu.pl\/wydzial\/wns\/wp-json\/wp\/v2\/types\/page"}],"author":[{"embeddable":true,"href":"https:\/\/us.edu.pl\/wydzial\/wns\/wp-json\/wp\/v2\/users\/1"}],"replies":[{"embeddable":true,"href":"https:\/\/us.edu.pl\/wydzial\/wns\/wp-json\/wp\/v2\/comments?post=205"}],"version-history":[{"count":10,"href":"https:\/\/us.edu.pl\/wydzial\/wns\/wp-json\/wp\/v2\/pages\/205\/revisions"}],"predecessor-version":[{"id":184500,"href":"https:\/\/us.edu.pl\/wydzial\/wns\/wp-json\/wp\/v2\/pages\/205\/revisions\/184500"}],"up":[{"embeddable":true,"href":"https:\/\/us.edu.pl\/wydzial\/wns\/wp-json\/wp\/v2\/pages\/331"}],"wp:attachment":[{"href":"https:\/\/us.edu.pl\/wydzial\/wns\/wp-json\/wp\/v2\/media?parent=205"}],"curies":[{"name":"wp","href":"https:\/\/api.w.org\/{rel}","templated":true}]}}