{"id":2058,"date":"2020-02-20T10:01:05","date_gmt":"2020-02-20T09:01:05","guid":{"rendered":"https:\/\/us.edu.pl\/wydzial\/wns\/?page_id=2058"},"modified":"2026-03-18T13:13:33","modified_gmt":"2026-03-18T12:13:33","slug":"pelnomocnicy-dziekana","status":"publish","type":"page","link":"https:\/\/us.edu.pl\/wydzial\/wns\/wydzial\/wladze\/pelnomocnicy-dziekana\/","title":{"rendered":"Pe\u0142nomocnicy Dziekana"},"content":{"rendered":"<p>[vc_row][vc_column]\r\n                <div class=\"text-modules\">\r\n                    <div class=\"container\">\r\n                        <h3 class=\"page-title text__title\">Pe\u0142nomocnicy Dziekana<\/h3>\r\n                        <div class=\"text-modules__content\"><p><strong>Pe\u0142nomocnicy Dziekana ds. studenckich<\/strong><\/p>\n<p>dr Micha\u0142 Brol, prof. U\u015a<br \/>\n<a href=\"michal.brol@us.edu.pl\">michal.brol@us.edu.pl\u00a0<\/a><br \/>\n<em>Dy\u017cur:<\/em><br \/>\nPoniedzia\u0142ki: 18:00-18:45, Teams<br \/>\nCzwartki: 13:00-13:45 pok. 329, ul. Gra\u017cy\u0144skiego 53, 40-126 Katowice<br \/>\nMo\u017cliwy inny termin po uzgodnieniu mailowym: <a href=\"michal.brol@us.edu.pl\">michal.brol@us.edu.pl\u00a0<\/a><\/p>\n<p>&nbsp;<\/p>\n<p>dr Magdalena Marekwia<br \/>\n<a href=\"magdalena.marekwia@us.edu.pl\">magdalena.marekwia@us.edu.pl<\/a><br \/>\n<em>Dy\u017cur:<\/em><br \/>\n\u015arody: 13:00-13:45 pok. 429, ul. Gra\u017cy\u0144skiego 53, 40-126 Katowice<br \/>\nMo\u017cliwy r\u00f3wnie\u017c kontakt przez Teams<\/p>\n<p>&nbsp;<\/p>\n<p>dr Bo\u017cena Pactwa<br \/>\n<a href=\"bozena.pactwa@us.edu.pl\">bozena.pactwa@us.edu.pl\u00a0<\/a><br \/>\n<em>Dy\u017cur:<br \/>\n<\/em>ul. Bankowa 11, 40-007 Katowice<br \/>\nCzwartki: 13:00-13:45 pok. 223<br \/>\nDy\u017cur dla student\u00f3w studi\u00f3w niestacjonarnych po uzgodnieniu mailowym: <a href=\"bozena.pactwa@us.edu.pl\">bozena.pactwa@us.edu.pl\u00a0<\/a><\/p>\n<p>&nbsp;<\/p>\n<p>&nbsp;<\/p>\n<p><strong>Koordynatorka ds. wsp\u00f3\u0142pracy mi\u0119dzynarodowej<\/strong><br \/>\ndr hab. Edyta Widawska, prof. U\u015a<\/p>\n<p>&nbsp;<\/p>\n<p><strong>Pe\u0142nomocnicy Dziekana ds. mi\u0119dzynarodowej wymiany akademickiej<\/strong><br \/>\ndr Maciej Bo\u017cek, prof. U\u015a<br \/>\ndr Renata Jankowska, prof. U\u015a<br \/>\ndr Katarzyna Ponikowska<br \/>\ndr Karolina Skop<\/p>\n<p>&nbsp;<\/p>\n<p><strong>Pe\u0142nomocnik Dziekana ds. kszta\u0142cenia na odleg\u0142o\u015b\u0107<br \/>\n<\/strong>dr Monika Frania, prof. U\u015a<\/p>\n<p><strong>\u00a0<\/strong><\/p>\n<p><strong>Pe\u0142nomocniczka Dziekana ds. kierunku arteterapia<br \/>\n<\/strong>prof. dr hab. Katarzyna Kraso\u0144<\/p>\n<p>&nbsp;<\/p>\n<p><strong>Pe\u0142nomocnik Dziekana ds. jako\u015bci kszta\u0142cenia i akredytacji<br \/>\n<\/strong>dr Sabina Pawlik<\/p>\n<p>&nbsp;<\/p>\n<p><strong>Wydzia\u0142owe Koordynatorki ds. dostosowania studi\u00f3w<\/strong><br \/>\ndr Daniela Dzienniak-Pulina (lokalizacja: Bankowa 11)<br \/>\ndr Agnieszka Lewko (lokalizacja: Gra\u017cy\u0144skiego 53)<\/p>\n<p>&nbsp;<\/p>\n<p><strong>Wydzia\u0142owe Koordynatorki ds. organizacyjnego wparcia\u00a0<\/strong><\/p>\n<p>mgr Beata Kalisz<br \/>\nmgr Agnieszka Frankiewicz<\/p>\n<\/div>\r\n                    <\/div>\r\n                <\/div>[\/vc_column][\/vc_row]<\/p>","protected":false},"excerpt":{"rendered":"<p>[vc_row][vc_column][\/vc_column][\/vc_row] [&#8230;]<\/p>\n<p><a class=\"btn btn-secondary understrap-read-more-link\" href=\"https:\/\/us.edu.pl\/wydzial\/wns\/wydzial\/wladze\/pelnomocnicy-dziekana\/\">Read More&#8230;<\/a><\/p>\n","protected":false},"author":133,"featured_media":0,"parent":229,"menu_order":0,"comment_status":"closed","ping_status":"closed","template":"","meta":{"_expiration-date-status":"","_expiration-date":0,"_expiration-date-type":"","_expiration-date-categories":[],"_expiration-date-options":[]},"acf":[],"_links":{"self":[{"href":"https:\/\/us.edu.pl\/wydzial\/wns\/wp-json\/wp\/v2\/pages\/2058"}],"collection":[{"href":"https:\/\/us.edu.pl\/wydzial\/wns\/wp-json\/wp\/v2\/pages"}],"about":[{"href":"https:\/\/us.edu.pl\/wydzial\/wns\/wp-json\/wp\/v2\/types\/page"}],"author":[{"embeddable":true,"href":"https:\/\/us.edu.pl\/wydzial\/wns\/wp-json\/wp\/v2\/users\/133"}],"replies":[{"embeddable":true,"href":"https:\/\/us.edu.pl\/wydzial\/wns\/wp-json\/wp\/v2\/comments?post=2058"}],"version-history":[{"count":11,"href":"https:\/\/us.edu.pl\/wydzial\/wns\/wp-json\/wp\/v2\/pages\/2058\/revisions"}],"predecessor-version":[{"id":185301,"href":"https:\/\/us.edu.pl\/wydzial\/wns\/wp-json\/wp\/v2\/pages\/2058\/revisions\/185301"}],"up":[{"embeddable":true,"href":"https:\/\/us.edu.pl\/wydzial\/wns\/wp-json\/wp\/v2\/pages\/229"}],"wp:attachment":[{"href":"https:\/\/us.edu.pl\/wydzial\/wns\/wp-json\/wp\/v2\/media?parent=2058"}],"curies":[{"name":"wp","href":"https:\/\/api.w.org\/{rel}","templated":true}]}}