{"id":2078,"date":"2020-02-20T11:09:14","date_gmt":"2020-02-20T10:09:14","guid":{"rendered":"https:\/\/us.edu.pl\/wydzial\/wns\/?page_id=2078"},"modified":"2020-02-20T13:52:30","modified_gmt":"2020-02-20T12:52:30","slug":"zakres-kompetencji-w-zakresie-dydaktyki","status":"publish","type":"page","link":"https:\/\/us.edu.pl\/wydzial\/wns\/zakres-kompetencji-w-zakresie-dydaktyki\/","title":{"rendered":"Zakres kompetencji w zakresie dydaktyki"},"content":{"rendered":"<p>[vc_row][vc_column][vc_column_text]<\/p>\n<p style=\"padding-left: 120px\"><strong>Prodziekan ds. Kszta\u0142cenia i Student\u00f3w<\/strong> podejmuje decyzje administracyjne zwi\u0105zane z tokiem studi\u00f3w oraz rozstrzyga sprawy sporne w indywidualnych sprawach studenckich.<\/p>\n<p style=\"padding-left: 120px\"><strong>Dyrektor Kierunku i Zast\u0119pca Dyrektora Kierunku<\/strong> podejmuje decyzje w sprawach dotycza\u0328cych kszta\u0142cenia na kierunku studi\u00f3w<br \/>\nw tym:<br \/>\n\u2022 kontroluje harmonogramy zaj\u0119\u0107 oraz obci\u0105\u017cenia sal dydaktycznych<br \/>\n\u2022 kontroluje rejestracje studenckie w USOSweb na zaj\u0119cia fakultatywne<br \/>\n\u2022 weryfikuje harmonogramy sesji egzaminacyjnych<br \/>\n\u2022 decyduje w sprawach zwi\u0105zanych z dyplomowaniem<\/p>\n<p style=\"padding-left: 120px\">podejmuje decyzje zwi\u0105zane z regulaminem studi\u00f3w<br \/>\nw tym:<br \/>\n\u2022 kwestie zwi\u0105zane z przyznaniem ITS , IOS, IDS<br \/>\n\u2022 przeniesienia na inny kierunek, specjalno\u015b\u0107 lub studia stacjonarne i niestacjonarne<br \/>\n\u2022 decyduje o uznaniu efekt\u00f3w uczenia si\u0119<br \/>\n\u2022 okre\u015bla tzw. r\u00f3\u017cnice programowe dla studenta wznawiaj\u0105cego studia<\/p>\n<p style=\"padding-left: 120px\"><strong>Sekretariat dydaktyczny<\/strong> zajmuje si\u0119 organizacj\u0105 toku studi\u00f3w<br \/>\nw tym:<br \/>\n\u2022 harmonogramami zaj\u0119\u0107 i obci\u0105\u017ceniami sal dydaktycznych &#8211; przyjmuje zg\u0142oszenia zmian termin\u00f3w prowadzenia zaj\u0119\u0107 oraz koordynuje zmiany sal dydaktycznych,<br \/>\n\u2022 rejestracjami na zaj\u0119cia fakultatywne &#8211; wprowadza zmiany w logowaniu tylko za zgod\u0105 Dyrektora Kierunku w terminie 7 dni od zako\u0144czenia rejestracji w USOSweb,<br \/>\nna podstawie podania zawieraj\u0105cego nast\u0119puj\u0105ce informacje: imi\u0119 i nazwisko, nr albumu, wyrejestrowanie z modu\u0142u i rejestracja na modu\u0142,<br \/>\n\u2022 przygotowuje harmonogramy sesji egzaminacyjnych,<br \/>\n\u2022 rejestruje tytu\u0142y prac dyplomowych w APD,<br \/>\n\u2022 prowadzi dokumentacj\u0119 praktyk oraz sta\u017cy studenckich.<\/p>\n<p style=\"padding-left: 120px\"><strong>Opiekun roku:<\/strong><br \/>\nDo obowi\u0105zk\u00f3w opiekuna roku nale\u017cy utrzymywanie kontaktu i wsp\u00f3\u0142praca w sprawach dotycz\u0105cych danego roku z:<br \/>\n\u2022 z dyrektorami kierunku i w\u0142adzami dzieka\u0144skimi,<br \/>\n\u2022 z osob\u0105 odpowiedzialn\u0105 w dziekanacie za prowadzenie toku studi\u00f3w na danym kierunku,<br \/>\n\u2022 ze starost\u0105 roku w sprawach dotycz\u0105cych danego rocznika.<\/p>\n<p style=\"padding-left: 120px\">S\u0142uz\u0307y rada\u0328 i pomoca\u0328 studentom we wszystkich sprawach zwia\u0328zanych z odbywaniem studi\u00f3w.<\/p>\n<p style=\"padding-left: 120px\"><strong>Opiekun praktyk studenckich<\/strong> koordynuje sprawy zwi\u0105zane z:<br \/>\n\u2022 wydawaniem dzienniczk\u00f3w praktyk studentom,<br \/>\n\u2022 wydawaniem skierowa\u0144 na praktyki,<br \/>\n\u2022 zbieraniem za\u015bwiadcze\u0144 o przyj\u0119ciu na praktyk\u0119 zawodow\u0105 studenta przez praktykodawc\u0119,<br \/>\n\u2022 zawieraniem porozumie\u0144 o organizacji praktyk zawodowych,<br \/>\n\u2022 zbieraniem dzienniczk\u00f3w praktyk i pozosta\u0142ej dokumentacji po odbytej praktyce.<\/p>\n<p style=\"padding-left: 120px\"><strong>Pe\u0142nomocnik Dziekana ds. studenckich:<\/strong><br \/>\n\u2022 wspiera i koordynuje dzia\u0142alno\u015b\u0107 studenck\u0105 tj. samorz\u0105d studencki, ko\u0142a naukowe, wyjazdy studenckie, konferencje, konkursy etc.,<br \/>\n\u2022 koordynuje i sygnuje porozumienia o organizacji praktyk zawodowych,<br \/>\n\u2022 sygnuje porozumienia dotycz\u0105ce wymiany studenckiej.<\/p>\n<p style=\"padding-left: 120px\"><strong>Pe\u0142nomocnik Dziekana ds. mi\u0119dzynarodowej wymiany akademickiej:<\/strong><br \/>\n\u2022 wsp\u00f3\u0142pracuje z Dyrektorami kierunk\u00f3w oraz z jednostk\u0105 w\u0142a\u015bciw\u0105 do spraw wymiany mi\u0119dzynarodowej student\u00f3w w zakresie kwalifikacji student\u00f3w na wyjazdy zagraniczne,<br \/>\n\u2022 sprawuje opiek\u0119 nad studentami wyje\u017cd\u017caj\u0105cymi i przyje\u017cd\u017caj\u0105cymi w ramach programu Erasmus+ i innych program\u00f3w wymiany mi\u0119dzynarodowej i krajowej (program MOST).<\/p>\n<p style=\"padding-left: 120px\"><strong>Pe\u0142nomocnik Dziekana ds. dostosowania:<\/strong><br \/>\n\u2022 pomaga i doradza w zakresie Indywidualnego Dostosowania Studi\u00f3w,<br \/>\n\u2022 podejmuje dzia\u0142ania w zakresie zapewniania doste\u0328pnos\u0301ci wydzia\u0142u dla os\u00f3b ze specjalnymi potrzebami edukacyjnymi.<\/p>\n<p>[\/vc_column_text][\/vc_column][\/vc_row]<\/p>","protected":false},"excerpt":{"rendered":"<p>[vc_row][vc_column][vc_column_text] Prodziekan ds. Kszta\u0142cenia i Student\u00f3w podejmuje decyzje administracyjne zwi\u0105zane z tokiem studi\u00f3w oraz rozstrzyga sprawy sporne w indywidualnych sprawach studenckich. Dyrektor Kierunku i Zast\u0119pca Dyrektora Kierunku podejmuje decyzje w sprawach dotycza\u0328cych kszta\u0142cenia na kierunku studi\u00f3w w tym: \u2022 kontroluje harmonogramy zaj\u0119\u0107 oraz obci\u0105\u017cenia sal dydaktycznych \u2022 kontroluje rejestracje studenckie w USOSweb na zaj\u0119cia fakultatywne [&#8230;]<\/p>\n<p><a class=\"btn btn-secondary understrap-read-more-link\" href=\"https:\/\/us.edu.pl\/wydzial\/wns\/zakres-kompetencji-w-zakresie-dydaktyki\/\">Read More&#8230;<\/a><\/p>\n","protected":false},"author":133,"featured_media":0,"parent":0,"menu_order":0,"comment_status":"closed","ping_status":"closed","template":"","meta":{"_expiration-date-status":"saved","_expiration-date":0,"_expiration-date-type":"","_expiration-date-categories":[],"_expiration-date-options":[]},"acf":[],"_links":{"self":[{"href":"https:\/\/us.edu.pl\/wydzial\/wns\/wp-json\/wp\/v2\/pages\/2078"}],"collection":[{"href":"https:\/\/us.edu.pl\/wydzial\/wns\/wp-json\/wp\/v2\/pages"}],"about":[{"href":"https:\/\/us.edu.pl\/wydzial\/wns\/wp-json\/wp\/v2\/types\/page"}],"author":[{"embeddable":true,"href":"https:\/\/us.edu.pl\/wydzial\/wns\/wp-json\/wp\/v2\/users\/133"}],"replies":[{"embeddable":true,"href":"https:\/\/us.edu.pl\/wydzial\/wns\/wp-json\/wp\/v2\/comments?post=2078"}],"version-history":[{"count":8,"href":"https:\/\/us.edu.pl\/wydzial\/wns\/wp-json\/wp\/v2\/pages\/2078\/revisions"}],"predecessor-version":[{"id":2098,"href":"https:\/\/us.edu.pl\/wydzial\/wns\/wp-json\/wp\/v2\/pages\/2078\/revisions\/2098"}],"wp:attachment":[{"href":"https:\/\/us.edu.pl\/wydzial\/wns\/wp-json\/wp\/v2\/media?parent=2078"}],"curies":[{"name":"wp","href":"https:\/\/api.w.org\/{rel}","templated":true}]}}