{"id":2508,"date":"2020-03-17T12:57:32","date_gmt":"2020-03-17T11:57:32","guid":{"rendered":"https:\/\/us.edu.pl\/wydzial\/wns\/?page_id=2508"},"modified":"2020-03-17T12:57:32","modified_gmt":"2020-03-17T11:57:32","slug":"bankowa-11","status":"publish","type":"page","link":"https:\/\/us.edu.pl\/wydzial\/wns\/bankowa-11\/","title":{"rendered":"Bankowa 11"},"content":{"rendered":"<p>[vc_row][vc_column]\r\n                <div class=\"text-modules\">\r\n                    <div class=\"container\">\r\n                        \r\n                        <div class=\"text-modules__content\"><\/p>\n<table style=\"width: 68.23%\" border=\"1\" width=\"0\">\n<tbody>\n<tr>\n<td style=\"width: 111.14%\" colspan=\"2\" width=\"624\"><strong>Dziekanat Wydzia\u0142u Nauk Spo\u0142ecznych &#8211; <\/strong><strong>Katowice, ul. Bankowa 11<\/strong><\/p>\n<p><strong>Adres e-mail: <\/strong><strong><u>dziekanat.wns-bankowa@us.edu.pl<\/u><\/strong><\/td>\n<\/tr>\n<tr>\n<td style=\"width: 74.42%\" width=\"506\"><strong>Prowadzone kierunki<\/strong><\/td>\n<td style=\"width: 36.72%\" width=\"118\"><strong>Nr telefonu<\/strong><\/td>\n<\/tr>\n<tr>\n<td style=\"width: 74.42%\" width=\"506\">&nbsp;<\/p>\n<p>Dziennikarstwo i komunikacja spo\u0142eczna I i II stopie\u0144 <strong>\u2013 stacjonarne<\/strong><\/p>\n<p>Politologia I stopie\u0144 <strong>\u2013 stacjonarne<\/strong><\/p>\n<p>Bezpiecze\u0144stwo narodowe i mi\u0119dzynarodowe I i II stopie\u0144 <strong>\u2013 stacjonarne<\/strong><\/p>\n<p>Politologia II stopie\u0144 <strong>\u2013 stacjonarne<\/strong><\/p>\n<p>Doradztwo polityczne i publiczne I stopie\u0144 <strong>\u2013 stacjonarne<\/strong><\/p>\n<p>&nbsp;<\/td>\n<td style=\"width: 36.72%\" width=\"118\">32 359 13 31<\/td>\n<\/tr>\n<tr>\n<td style=\"width: 74.42%\" width=\"506\">&nbsp;<\/p>\n<p>Socjologia I i II stopie\u0144 <strong>\u2013 stacjonarne<\/strong><\/p>\n<p>Praca socjalna I i II stopie\u0144 <strong>\u2013 stacjonarne<\/strong><\/p>\n<p>Polityki miejskie i doradztwo publiczne II stopie\u0144 <strong>\u2013 stacjonarne<\/strong><\/p>\n<p>&nbsp;<\/p>\n<p>Dziennikarstwo i komunikacja spo\u0142eczna I i II stopie\u0144 <strong>\u2013 niestacjonarne<\/strong><\/p>\n<p>Politologia I i II stopie\u0144 <strong>\u2013 niestacjonarne<\/strong><\/p>\n<p>Bezpiecze\u0144stwo narodowe i mi\u0119dzynarodowe I i II stopie\u0144 <strong>\u2013 niestacjonarne<\/strong><\/p>\n<p>Doradztwo polityczne i publiczne I stopie\u0144 <strong>\u2013 niestacjonarne<\/strong><\/p>\n<p>Socjologia I i II stopie\u0144 <strong>\u2013 niestacjonarne<\/strong><\/p>\n<p>Praca socjalna I i II stopie\u0144 <strong>\u2013 niestacjonarne<\/strong><\/p>\n<p>Polityki miejskie i doradztwo publiczne II stopie\u0144 <strong>\u2013 niestacjonarne<\/strong><\/p>\n<p>&nbsp;<\/td>\n<td style=\"width: 36.72%\" width=\"118\">32 359 12 22<\/td>\n<\/tr>\n<tr>\n<td style=\"width: 74.42%\" width=\"506\"><strong>ODP\u0141ATNO\u015aCI ZA STUDIA, \u015aWIADCZENIA DLA STUDENT\u00d3W, WSPARCIE STUDENT\u00d3W Z NIEPE\u0141NOSPRAWNO\u015aCIAMI I SPECJALNYMI POTRZEBAMI <\/strong><\/p>\n<p><strong>Studia stacjonarne i niestacjonarne. <\/strong><u> Kierunki:<\/u><\/p>\n<p>Dziennikarstwo i komunikacja spo\u0142eczna I i II stopie\u0144<\/p>\n<p>Bezpiecze\u0144stwo narodowe i mi\u0119dzynarodowe I i II stopie\u0144,<\/p>\n<p>Zarz\u0105dzanie zasobami ludzkimi I stopie\u0144,<\/p>\n<p>Polityki miejskie i doradztwo publiczne II stopie\u0144<\/p>\n<p>Politologia I i II stopie\u0144,<\/p>\n<p>Doradztwo polityczne i publiczne I stopie\u0144<\/p>\n<p>Socjologia I i II stopie\u0144<\/p>\n<p>Praca socjalna I i II stopie\u0144<\/td>\n<td style=\"width: 36.72%\" width=\"118\">32 359 18 07<\/td>\n<\/tr>\n<\/tbody>\n<\/table>\n<p>\n<\/div>\r\n                    <\/div>\r\n                <\/div>[\/vc_column][\/vc_row]<\/p>","protected":false},"excerpt":{"rendered":"<p>[vc_row][vc_column][\/vc_column][\/vc_row] [&#8230;]<\/p>\n<p><a class=\"btn btn-secondary understrap-read-more-link\" href=\"https:\/\/us.edu.pl\/wydzial\/wns\/bankowa-11\/\">Read More&#8230;<\/a><\/p>\n","protected":false},"author":133,"featured_media":0,"parent":0,"menu_order":0,"comment_status":"closed","ping_status":"closed","template":"","meta":{"_expiration-date-status":"saved","_expiration-date":0,"_expiration-date-type":"","_expiration-date-categories":[],"_expiration-date-options":[]},"acf":[],"_links":{"self":[{"href":"https:\/\/us.edu.pl\/wydzial\/wns\/wp-json\/wp\/v2\/pages\/2508"}],"collection":[{"href":"https:\/\/us.edu.pl\/wydzial\/wns\/wp-json\/wp\/v2\/pages"}],"about":[{"href":"https:\/\/us.edu.pl\/wydzial\/wns\/wp-json\/wp\/v2\/types\/page"}],"author":[{"embeddable":true,"href":"https:\/\/us.edu.pl\/wydzial\/wns\/wp-json\/wp\/v2\/users\/133"}],"replies":[{"embeddable":true,"href":"https:\/\/us.edu.pl\/wydzial\/wns\/wp-json\/wp\/v2\/comments?post=2508"}],"version-history":[{"count":1,"href":"https:\/\/us.edu.pl\/wydzial\/wns\/wp-json\/wp\/v2\/pages\/2508\/revisions"}],"predecessor-version":[{"id":2509,"href":"https:\/\/us.edu.pl\/wydzial\/wns\/wp-json\/wp\/v2\/pages\/2508\/revisions\/2509"}],"wp:attachment":[{"href":"https:\/\/us.edu.pl\/wydzial\/wns\/wp-json\/wp\/v2\/media?parent=2508"}],"curies":[{"name":"wp","href":"https:\/\/api.w.org\/{rel}","templated":true}]}}