{"id":2512,"date":"2020-03-17T13:03:05","date_gmt":"2020-03-17T12:03:05","guid":{"rendered":"https:\/\/us.edu.pl\/wydzial\/wns\/?page_id=2512"},"modified":"2020-03-17T13:03:05","modified_gmt":"2020-03-17T12:03:05","slug":"grazynskiego53","status":"publish","type":"page","link":"https:\/\/us.edu.pl\/wydzial\/wns\/grazynskiego53\/","title":{"rendered":"Grazynskiego53"},"content":{"rendered":"<p>[vc_row][vc_column]\r\n                <div class=\"text-modules\">\r\n                    <div class=\"container\">\r\n                        \r\n                        <div class=\"text-modules__content\"><\/p>\n<table style=\"width: 68.34%\" border=\"1\" width=\"0\">\n<tbody>\n<tr>\n<td style=\"width: 111.21%\" colspan=\"2\" width=\"624\"><strong>Dziekanat Wydzia\u0142u Nauk Spo\u0142ecznych &#8211; <\/strong><strong>Katowice, ul. Gra\u017cy\u0144skiego 53 <\/strong><\/p>\n<p><strong>Adres e-mail: <\/strong><strong>dziekanat.wns-grazynskiego@us.edu.pl<\/strong><\/td>\n<\/tr>\n<tr>\n<td style=\"width: 75.32%\" width=\"506\"><strong>Prowadzone kierunki<\/strong><\/td>\n<td style=\"width: 35.89%\" width=\"118\"><strong>Nr telefonu<\/strong><\/td>\n<\/tr>\n<tr>\n<td style=\"width: 75.32%\" width=\"506\">Psychologia &#8211; <strong><u>studia stacjonarne<\/u><\/strong><\/td>\n<td style=\"width: 35.89%\" width=\"118\">32 359 97 42<\/td>\n<\/tr>\n<tr>\n<td style=\"width: 75.32%\" width=\"506\">Pedagogika Przedszkolna i Wczesnoszkolna jednolite magisterskie pierwszy rok &#8211; <strong><u>niestacjonarne <\/u><\/strong><\/p>\n<p>Pedagogika I stopie\u0144 &#8211; <strong><u>niestacjonarne <\/u><\/strong><\/p>\n<p>Pedagogika specjalna I stopie\u0144\u00a0\u00a0 &#8211; <strong><u>niestacjonarne <\/u><\/strong><\/p>\n<p>Pedagogika I i II stopie\u0144 (<u>w tym na II st. specjalno\u015b\u0107 edukacja wczesnoszkolna i wychowanie przedszkolne)<strong> &#8211; \u00a0 niestacjonarne<\/strong><\/u><\/td>\n<td style=\"width: 35.89%\" width=\"118\">32 359 97 13<\/td>\n<\/tr>\n<tr>\n<td style=\"width: 75.32%\" width=\"506\">Arteterapia I stopie\u0144 &#8211; <strong><u>stacjonarne<\/u><\/strong><\/p>\n<p>Pedagogika specjalna I stopie\u0144 &#8211; <strong><u>stacjonarne<\/u><\/strong><\/p>\n<p>Pedagogika Przedszkolna i Wczesnoszkolna jednolite magisterskie pierwszy rok \u00ad- <strong><u>stacjonarne<\/u><\/strong><\/p>\n<p>Pedagogika Specjalna &#8211; jednolite magisterskie &#8211; <strong><u>stacjonarne<\/u><\/strong><\/td>\n<td style=\"width: 35.89%\" width=\"118\">32 359 97 05<\/td>\n<\/tr>\n<tr>\n<td style=\"width: 75.32%\" width=\"506\">Pedagogika I stopie\u0144 &#8211; <strong><u>stacjonarne, <\/u><\/strong><\/p>\n<p>Pedagogika II stopie\u0144 (w tym specjalno\u015b\u0107 edukacja wczesnoszkolna i wychowanie przedszkolne) &#8211; <strong><u>stacjonarne<\/u><\/strong><\/td>\n<td style=\"width: 35.89%\" width=\"118\">32 359 97 05<\/td>\n<\/tr>\n<tr>\n<td style=\"width: 75.32%\" width=\"506\">Psychologia &#8211; <strong><u>studia wieczorowe<\/u><\/strong><\/td>\n<td style=\"width: 35.89%\" width=\"118\">32 359 97 77<\/td>\n<\/tr>\n<tr>\n<td style=\"width: 75.32%\" width=\"506\">Studia doktoranckie &#8211; <strong><u>stacjonarne<\/u><\/strong><\/td>\n<td style=\"width: 35.89%\" width=\"118\">32\u00a0359 97 77<\/td>\n<\/tr>\n<tr>\n<td style=\"width: 75.32%\" width=\"506\"><strong>ODP\u0141ATNO\u015aCI ZA STUDIA, \u015aWIADCZENIA DLA STUDENT\u00d3W, WSPARCIE STUDENT\u00d3W Z NIEPE\u0141NOSPRAWNO\u015aCIAMI I SPECJALNYMI POTRZEBAMI <\/strong><strong>Studia stacjonarne i niestacjonarne. <\/strong><u> Kierunki:<\/u><\/p>\n<p>Arteterapia (I)<br \/>\nPedagogika (I,II)<br \/>\nPedagogika przedszkolna i wczesnoszkolna (jednolite)<br \/>\nPedagogika specjalna (I, jednolite)<br \/>\nPsychologia (jednolite)<\/td>\n<td style=\"width: 35.89%\" width=\"118\">32 359 97 41<\/td>\n<\/tr>\n<\/tbody>\n<\/table>\n<p>\n<\/div>\r\n                    <\/div>\r\n                <\/div>[\/vc_column][\/vc_row]<\/p>","protected":false},"excerpt":{"rendered":"<p>[vc_row][vc_column][\/vc_column][\/vc_row] [&#8230;]<\/p>\n<p><a class=\"btn btn-secondary understrap-read-more-link\" href=\"https:\/\/us.edu.pl\/wydzial\/wns\/grazynskiego53\/\">Read More&#8230;<\/a><\/p>\n","protected":false},"author":133,"featured_media":0,"parent":0,"menu_order":0,"comment_status":"closed","ping_status":"closed","template":"","meta":{"_expiration-date-status":"saved","_expiration-date":0,"_expiration-date-type":"","_expiration-date-categories":[],"_expiration-date-options":[]},"acf":[],"_links":{"self":[{"href":"https:\/\/us.edu.pl\/wydzial\/wns\/wp-json\/wp\/v2\/pages\/2512"}],"collection":[{"href":"https:\/\/us.edu.pl\/wydzial\/wns\/wp-json\/wp\/v2\/pages"}],"about":[{"href":"https:\/\/us.edu.pl\/wydzial\/wns\/wp-json\/wp\/v2\/types\/page"}],"author":[{"embeddable":true,"href":"https:\/\/us.edu.pl\/wydzial\/wns\/wp-json\/wp\/v2\/users\/133"}],"replies":[{"embeddable":true,"href":"https:\/\/us.edu.pl\/wydzial\/wns\/wp-json\/wp\/v2\/comments?post=2512"}],"version-history":[{"count":1,"href":"https:\/\/us.edu.pl\/wydzial\/wns\/wp-json\/wp\/v2\/pages\/2512\/revisions"}],"predecessor-version":[{"id":2513,"href":"https:\/\/us.edu.pl\/wydzial\/wns\/wp-json\/wp\/v2\/pages\/2512\/revisions\/2513"}],"wp:attachment":[{"href":"https:\/\/us.edu.pl\/wydzial\/wns\/wp-json\/wp\/v2\/media?parent=2512"}],"curies":[{"name":"wp","href":"https:\/\/api.w.org\/{rel}","templated":true}]}}