{"id":336,"date":"2019-10-14T16:09:44","date_gmt":"2019-10-14T14:09:44","guid":{"rendered":"https:\/\/us.edu.pl\/wydzial\/wns\/?page_id=336"},"modified":"2025-02-03T13:16:58","modified_gmt":"2025-02-03T12:16:58","slug":"wsparcie","status":"publish","type":"page","link":"https:\/\/us.edu.pl\/wydzial\/wns\/sprawy-studenckie\/wsparcie\/","title":{"rendered":"Wsparcie"},"content":{"rendered":"<p>[vc_row][vc_column][\/vc_column][\/vc_row][vc_row][vc_column]\r\n                <div class=\"tiles-section\" style=\"background: \">\r\n                    <div class=\"container\">\r\n                        <h3 class=\"page-title\"><\/h3>\r\n                        <div class=\"tiles tiles-2\">\r\n                            <a href=\"https:\/\/us.edu.pl\/wydzial\/wns\/poradnictwo-zawodowe\/\" class=\"tile tile_ justify-content-center\" style=\"background-color: #002E5A; font-weight: ; color: #ffffff;  \">\r\n                                \r\n                                   \r\n                               \r\n                                <div class=\"tile__name\">Biuro Karier <\/div>\r\n                            <\/a>\r\n                            <a href=\"https:\/\/us.edu.pl\/wydzial\/wns\/pomoc-psychologiczna\/\" class=\"tile tile_ justify-content-center\" style=\"background-color: #002E5A; font-weight: ; color: #ffffff;  \">\r\n                                \r\n                                   \r\n                               \r\n                                <div class=\"tile__name\">Pomoc Psychologiczna <\/div>\r\n                            <\/a>\r\n                            <a href=\"https:\/\/us.edu.pl\/wydzial\/wns\/wsparcie\/\" class=\"tile tile_ justify-content-center\" style=\"background-color: #002E5A; font-weight: ; color: #ffffff;  \">\r\n                                \r\n                                   \r\n                               \r\n                                <div class=\"tile__name\">Osoby ze szczeg\u00f3lnymi potrzebami edukacyjnymi<\/div>\r\n                            <\/a>\r\n                            <a href=\"https:\/\/us.edu.pl\/wydzial\/wns\/2025\/02\/03\/punkt-konsultacyjny-przedsiebiorczosci-akademickiej-us\/\" class=\"tile tile_ justify-content-center\" style=\"background-color: #002E5A; font-weight: ; color: #ffffff;  \">\r\n                                \r\n                                   \r\n                               \r\n                                <div class=\"tile__name\">Punkt Konsultacyjny Przedsi\u0119biorczo\u015bci Akademickiej U\u015a<\/div>\r\n                            <\/a><\/div>\r\n                    <\/div>\r\n                <\/div>[\/vc_column][\/vc_row]<\/p>","protected":false},"excerpt":{"rendered":"<p>[vc_row][vc_column][\/vc_column][\/vc_row][vc_row][vc_column][\/vc_column][\/vc_row] [&#8230;]<\/p>\n<p><a class=\"btn btn-secondary understrap-read-more-link\" href=\"https:\/\/us.edu.pl\/wydzial\/wns\/sprawy-studenckie\/wsparcie\/\">Read More&#8230;<\/a><\/p>\n","protected":false},"author":1,"featured_media":0,"parent":328,"menu_order":1,"comment_status":"closed","ping_status":"closed","template":"","meta":{"_expiration-date-status":"","_expiration-date":0,"_expiration-date-type":"","_expiration-date-categories":[],"_expiration-date-options":[]},"acf":[],"_links":{"self":[{"href":"https:\/\/us.edu.pl\/wydzial\/wns\/wp-json\/wp\/v2\/pages\/336"}],"collection":[{"href":"https:\/\/us.edu.pl\/wydzial\/wns\/wp-json\/wp\/v2\/pages"}],"about":[{"href":"https:\/\/us.edu.pl\/wydzial\/wns\/wp-json\/wp\/v2\/types\/page"}],"author":[{"embeddable":true,"href":"https:\/\/us.edu.pl\/wydzial\/wns\/wp-json\/wp\/v2\/users\/1"}],"replies":[{"embeddable":true,"href":"https:\/\/us.edu.pl\/wydzial\/wns\/wp-json\/wp\/v2\/comments?post=336"}],"version-history":[{"count":10,"href":"https:\/\/us.edu.pl\/wydzial\/wns\/wp-json\/wp\/v2\/pages\/336\/revisions"}],"predecessor-version":[{"id":173386,"href":"https:\/\/us.edu.pl\/wydzial\/wns\/wp-json\/wp\/v2\/pages\/336\/revisions\/173386"}],"up":[{"embeddable":true,"href":"https:\/\/us.edu.pl\/wydzial\/wns\/wp-json\/wp\/v2\/pages\/328"}],"wp:attachment":[{"href":"https:\/\/us.edu.pl\/wydzial\/wns\/wp-json\/wp\/v2\/media?parent=336"}],"curies":[{"name":"wp","href":"https:\/\/api.w.org\/{rel}","templated":true}]}}