{"id":3380,"date":"2020-09-24T11:58:47","date_gmt":"2020-09-24T09:58:47","guid":{"rendered":"https:\/\/us.edu.pl\/wydzial\/wns\/?page_id=3380"},"modified":"2026-03-27T13:54:35","modified_gmt":"2026-03-27T12:54:35","slug":"regulamin-praktyk-i-zalaczniki","status":"publish","type":"page","link":"https:\/\/us.edu.pl\/wydzial\/wns\/regulamin-praktyk-i-zalaczniki\/","title":{"rendered":"regulamin praktyk i za\u0142\u0105czniki"},"content":{"rendered":"<p>[vc_row][vc_column]\r\n                <div class=\"text-modules\">\r\n                    <div class=\"container\">\r\n                        \r\n                        <div class=\"text-modules__content\"><p><a href=\"https:\/\/us.edu.pl\/wydzial\/wns\/wp-content\/uploads\/sites\/17\/Bez-kategorii\/Komunikat-dla-Studentow-realizujacych-praktyki.docx\" class=\"mtli_attachment mtli_docx\" data-mtli=\"mtli_filesize20,21kB\" class=\"mtli_attachment mtli_docx\" data-mtli=\"mtli_filesize20,21kB\">Komunikat dla Student\u00f3w realizuj\u0105cych praktyki<\/a> &#8211; dotyczy student\u00f3w kt\u00f3rzy realizuj\u0105 <strong>praktyki nauczycielskie albo praktyki zawodowe zwi\u0105zane <\/strong>z wychowaniem, edukacj\u0105, wypoczynkiem, leczeniem, \u015bwiadczeniem porad psychologicznych, rozwojem duchowym, uprawianiem sportu lub realizacj\u0105 innych zainteresowa\u0144 przez ma\u0142oletnich czy opiek\u0105 nad ma\u0142oletnimi.<\/p>\n<p><a href=\"https:\/\/us.edu.pl\/wydzial\/wns\/wp-content\/uploads\/sites\/17\/Bez-kategorii\/REGULAMIN-ODBYWANIA-PRAKTYK-ujednolicony.docx\" class=\"mtli_attachment mtli_docx\" data-mtli=\"mtli_filesize69,33kB\" class=\"mtli_attachment mtli_docx\" data-mtli=\"mtli_filesize69,33kB\">REGULAMIN ODBYWANIA PRAKTYK ujednolicony<\/a><\/p>\n<p><a href=\"https:\/\/us.edu.pl\/wydzial\/wns\/wp-content\/uploads\/sites\/17\/Bez-kategorii\/ORGANIZACJA-PRAKTYKI-ZAWODOWEJ-CIAGLEJ.docx\" class=\"mtli_attachment mtli_docx\" data-mtli=\"mtli_filesize226,57kB\" class=\"mtli_attachment mtli_docx\" data-mtli=\"mtli_filesize226,57kB\">ORGANIZACJA PRAKTYKI ZAWODOWEJ CI\u0104G\u0141EJ<\/a><\/p>\n<p><a href=\"https:\/\/us.edu.pl\/wydzial\/wns\/wp-content\/uploads\/sites\/17\/Bez-kategorii\/WYKAZ-PLACOWEK-NA-PRAKTYKI-CIAGLE.docx\" class=\"mtli_attachment mtli_docx\" data-mtli=\"mtli_filesize214,62kB\" class=\"mtli_attachment mtli_docx\" data-mtli=\"mtli_filesize214,62kB\">WYKAZ PLAC\u00d3WEK NA PRAKTYKI CI\u0104G\u0141E<\/a><\/p>\n<p><a href=\"https:\/\/us.edu.pl\/wydzial\/wns\/wp-content\/uploads\/sites\/17\/Bez-kategorii\/Zalacznik-1-Skierowanie-studenta-na-praktyke.docx\" class=\"mtli_attachment mtli_docx\" data-mtli=\"mtli_filesize176,09kB\" class=\"mtli_attachment mtli_docx\" data-mtli=\"mtli_filesize176,09kB\">Za\u0142\u0105cznik 1 Skierowanie studenta na praktyk\u0119<\/a><\/p>\n<p><a href=\"https:\/\/us.edu.pl\/wydzial\/wns\/wp-content\/uploads\/sites\/17\/Nieprzypisane\/Za\u0142\u0105cznik-2-o\u015bwiadczenie-studenta_.docx\" class=\"mtli_attachment mtli_docx\" data-mtli=\"mtli_filesize16,47kB\" class=\"mtli_attachment mtli_docx\" data-mtli=\"mtli_filesize16,47kB\" target=\"_blank\" rel=\"noopener\">Za\u0142\u0105cznik 2 o\u015bwiadczenie studenta_<\/a><\/p>\n<p><a href=\"https:\/\/us.edu.pl\/wydzial\/wns\/wp-content\/uploads\/sites\/17\/Nieprzypisane\/Za\u0142\u0105cznik-3a-ramowy-program-MJEPIW-przedszkole.docx\" class=\"mtli_attachment mtli_docx\" data-mtli=\"mtli_filesize19,50kB\" class=\"mtli_attachment mtli_docx\" data-mtli=\"mtli_filesize19,50kB\" target=\"_blank\" rel=\"noopener\">Za\u0142\u0105cznik 3a ramowy program MJEPIW przedszkole<\/a><\/p>\n<p><a href=\"https:\/\/us.edu.pl\/wydzial\/wns\/wp-content\/uploads\/sites\/17\/Bez-kategorii\/Zalacznik-3b-ramowy-program-ReP-i-OWiTP-4-1-1.docx\" class=\"mtli_attachment mtli_docx\" data-mtli=\"mtli_filesize239,12kB\" class=\"mtli_attachment mtli_docx\" data-mtli=\"mtli_filesize239,12kB\" target=\"_blank\" rel=\"noopener\">Za\u0142\u0105cznik-3b-ramowy-program-ReP-i-OWiTP-4-1 (1)<\/a><\/p>\n<p><a href=\"https:\/\/us.edu.pl\/wydzial\/wns\/wp-content\/uploads\/sites\/17\/Bez-kategorii\/Zalacznik-3cramowy-program-praktyk-ped.specj_edukacja-wlaczajaca.docx\" class=\"mtli_attachment mtli_docx\" data-mtli=\"mtli_filesize228,16kB\" class=\"mtli_attachment mtli_docx\" data-mtli=\"mtli_filesize228,16kB\" target=\"_blank\" rel=\"noopener\">Za\u0142\u0105cznik-3cramowy-program-praktyk-ped.specj_edukacja-w\u0142\u0105czaj\u0105ca<\/a><\/p>\n<p><a href=\"https:\/\/us.edu.pl\/wydzial\/wns\/wp-content\/uploads\/sites\/17\/Bez-kategorii\/Zalacznik-3d-ramowy-program-praktyk-ped.specj_praktyka-specjalnosciowa.doc\" class=\"mtli_attachment mtli_doc\" data-mtli=\"mtli_filesize293,50kB\" class=\"mtli_attachment mtli_doc\" data-mtli=\"mtli_filesize293,50kB\" target=\"_blank\" rel=\"noopener\">Za\u0142\u0105cznik-3d-ramowy-program-praktyk-ped.specj_praktyka-specjalno\u015bciowa<\/a><\/p>\n<p><a href=\"https:\/\/us.edu.pl\/wydzial\/wns\/wp-content\/uploads\/sites\/17\/Nieprzypisane\/Za\u0142\u0105cznik-3e-ramowy-program-Arteterapia.docx\" class=\"mtli_attachment mtli_docx\" data-mtli=\"mtli_filesize21,53kB\" class=\"mtli_attachment mtli_docx\" data-mtli=\"mtli_filesize21,53kB\" target=\"_blank\" rel=\"noopener\">Za\u0142\u0105cznik 3e ramowy program Arteterapia<\/a><\/p>\n<p><a href=\"https:\/\/us.edu.pl\/wydzial\/wns\/wp-content\/uploads\/sites\/17\/Nieprzypisane\/Za\u0142\u0105cznik-4-ramowy-program-MJEPIW-klasy-I-III.docx\" class=\"mtli_attachment mtli_docx\" data-mtli=\"mtli_filesize17,38kB\" class=\"mtli_attachment mtli_docx\" data-mtli=\"mtli_filesize17,38kB\" target=\"_blank\" rel=\"noopener\">Za\u0142\u0105cznik 4 ramowy program MJEPIW klasy I-III<\/a><\/p>\n<p><a href=\"https:\/\/us.edu.pl\/wydzial\/wns\/wp-content\/uploads\/sites\/17\/Bez-kategorii\/Zalacznik-5c-Porozumienie-pedagogika-praktyka-ciagla-sem.-IV-oraz-VI..docx\" class=\"mtli_attachment mtli_docx\" data-mtli=\"mtli_filesize29,20kB\" class=\"mtli_attachment mtli_docx\" data-mtli=\"mtli_filesize29,20kB\" target=\"_blank\" rel=\"noopener\">Zalacznik 5c Porozumienie pedagogika praktyka ciagla sem. IV oraz VI<\/a><\/p>\n<p><a href=\"https:\/\/us.edu.pl\/wydzial\/wns\/wp-content\/uploads\/sites\/17\/Bez-kategorii\/Zalacznik-5a-porozumienie-pedagogika-praktyka-srodroczna-semestr-1.docx\" class=\"mtli_attachment mtli_docx\" data-mtli=\"mtli_filesize29,87kB\" class=\"mtli_attachment mtli_docx\" data-mtli=\"mtli_filesize29,87kB\" target=\"_blank\" rel=\"noopener\">Za\u0142\u0105cznik 5a porozumienie pedagogika praktyka \u015br\u00f3droczna semestr 1<\/a><\/p>\n<p><a href=\"https:\/\/us.edu.pl\/wydzial\/wns\/wp-content\/uploads\/sites\/17\/Bez-kategorii\/Zalacznik-5b-Porozumienie-pedagogika-praktyki-srodroczne-semestr-3..docx\" class=\"mtli_attachment mtli_docx\" data-mtli=\"mtli_filesize28,40kB\" class=\"mtli_attachment mtli_docx\" data-mtli=\"mtli_filesize28,40kB\" target=\"_blank\" rel=\"noopener\">Za\u0142\u0105cznik 5b Porozumienie pedagogika praktyki \u015br\u00f3droczne semestr 3<\/a><\/p>\n<p><a href=\"https:\/\/us.edu.pl\/wydzial\/wns\/wp-content\/uploads\/sites\/17\/Nieprzypisane\/Za\u0142\u0105cznik-6a-opinia-opiekuna-w-plac\u00f3wce-MJEPIW.docx\" class=\"mtli_attachment mtli_docx\" data-mtli=\"mtli_filesize13,10kB\" class=\"mtli_attachment mtli_docx\" data-mtli=\"mtli_filesize13,10kB\" target=\"_blank\" rel=\"noopener\">Za\u0142\u0105cznik 6a opinia opiekuna w plac\u00f3wce MJEPIW<\/a><\/p>\n<p><a href=\"https:\/\/us.edu.pl\/wydzial\/wns\/wp-content\/uploads\/sites\/17\/Bez-kategorii\/Zalacznik-6b-opinia-opiekuna-w-placowce-Pedagogika-oraz-Pedagogika-specjalna.docx\" class=\"mtli_attachment mtli_docx\" data-mtli=\"mtli_filesize213,54kB\" class=\"mtli_attachment mtli_docx\" data-mtli=\"mtli_filesize213,54kB\" target=\"_blank\" rel=\"noopener\">Za\u0142\u0105cznik-6b-opinia-opiekuna-w-plac\u00f3wce-Pedagogika-oraz-Pedagogika-specjalna<\/a><\/p>\n<p><a href=\"https:\/\/us.edu.pl\/wydzial\/wns\/wp-content\/uploads\/sites\/17\/Nieprzypisane\/Za\u0142\u0105cznik-6c-opinia-opiekuna-w-plac\u00f3wce-Arteterapia.docx\" class=\"mtli_attachment mtli_docx\" data-mtli=\"mtli_filesize20,19kB\" class=\"mtli_attachment mtli_docx\" data-mtli=\"mtli_filesize20,19kB\" target=\"_blank\" rel=\"noopener\">6c opinia opiekuna w plac\u00f3wce Arteterapia<\/a><\/p>\n<p><a href=\"https:\/\/us.edu.pl\/wydzial\/wns\/wp-content\/uploads\/sites\/17\/Nieprzypisane\/Za\u0142\u0105cznik-7-raport-z-przebiegu-praktyki_.docx\" class=\"mtli_attachment mtli_docx\" data-mtli=\"mtli_filesize18,79kB\" class=\"mtli_attachment mtli_docx\" data-mtli=\"mtli_filesize18,79kB\" target=\"_blank\" rel=\"noopener\">Za\u0142\u0105cznik 7 raport z przebiegu praktyki_<\/a><\/p>\n<p><a href=\"https:\/\/us.edu.pl\/wydzial\/wns\/wp-content\/uploads\/sites\/17\/Bez-kategorii\/Zalacznik-8A-wniosek-o-zaliczenie-praktyki-na-podstawie-pracy-PEDAGOGIKA-OWiTP-ReP.docx\" class=\"mtli_attachment mtli_docx\" data-mtli=\"mtli_filesize20,30kB\" class=\"mtli_attachment mtli_docx\" data-mtli=\"mtli_filesize20,30kB\" target=\"_blank\" rel=\"noopener\">Za\u0142\u0105cznik 8A wniosek o zaliczenie praktyki na podstawie pracy PEDAGOGIKA (OWiTP, ReP)<\/a><\/p>\n<p>&nbsp;<\/p>\n<p><a href=\"https:\/\/us.edu.pl\/wydzial\/wns\/wp-content\/uploads\/sites\/17\/Nieprzypisane\/Za\u0142\u0105cznik-9-schemat-zapisu-hospitacji.docx\" class=\"mtli_attachment mtli_docx\" data-mtli=\"mtli_filesize14,33kB\" class=\"mtli_attachment mtli_docx\" data-mtli=\"mtli_filesize14,33kB\" target=\"_blank\" rel=\"noopener\">Za\u0142\u0105cznik 9 schemat zapisu hospitacji<\/a><\/p>\n<p><a href=\"https:\/\/us.edu.pl\/wydzial\/wns\/wp-content\/uploads\/sites\/17\/Nieprzypisane\/Za\u0142\u0105cznik-10-praktyka-\u015br\u00f3droczna-raport-Pedagogika-oraz-Pedagogika-specjalna.doc\" class=\"mtli_attachment mtli_doc\" data-mtli=\"mtli_filesize32,50kB\" class=\"mtli_attachment mtli_doc\" data-mtli=\"mtli_filesize32,50kB\" target=\"_blank\" rel=\"noopener\">Za\u0142\u0105cznik 10 praktyka \u015br\u00f3droczna raport Pedagogika oraz Pedagogika specjalna<\/a><\/p>\n<p><a href=\"https:\/\/us.edu.pl\/wydzial\/wns\/wp-content\/uploads\/sites\/17\/Bez-kategorii\/Dziennik-praktyk-PEDAGOGIKA-OWiTP-ReP.docx\" class=\"mtli_attachment mtli_docx\" data-mtli=\"mtli_filesize107,00kB\" class=\"mtli_attachment mtli_docx\" data-mtli=\"mtli_filesize107,00kB\">Dziennik praktyk PEDAGOGIKA (OWiTP, ReP)<\/a><\/p>\n<p><a href=\"https:\/\/us.edu.pl\/wydzial\/wns\/wp-content\/uploads\/sites\/17\/Bez-kategorii\/WYKAZ-DOSTEPNYCH-PLACOWEK-NA-PRAKTYKI_praktyka-ciagla_ped.-resocjalizacyjna.pdf\" class=\"mtli_attachment mtli_pdf\" data-mtli=\"mtli_filesize315,81kB\" class=\"mtli_attachment mtli_pdf\" data-mtli=\"mtli_filesize315,81kB\" target=\"_blank\" rel=\"noopener\">WYKAZ DOST\u0118PNYCH PLAC\u00d3WEK NA PRAKTYKI_praktyka ci\u0105g\u0142a_ped. resocjalizacyjna<\/a><\/p>\n<p><a href=\"https:\/\/us.edu.pl\/wydzial\/wns\/wp-content\/uploads\/sites\/17\/Bez-kategorii\/WYKAZ-DOSTEPNYCH-PLACOWEK-NA-PRAKTYKI_praktyka-ciagla_POWiTP.pdf\" class=\"mtli_attachment mtli_pdf\" data-mtli=\"mtli_filesize305,90kB\" class=\"mtli_attachment mtli_pdf\" data-mtli=\"mtli_filesize305,90kB\" target=\"_blank\" rel=\"noopener\">WYKAZ DOST\u0118PNYCH PLAC\u00d3WEK NA PRAKTYKI_praktyka ci\u0105g\u0142a_POWiTP<\/a><\/p>\n<p><a href=\"https:\/\/us.edu.pl\/wydzial\/wns\/wp-content\/uploads\/sites\/17\/Bez-kategorii\/WYKAZ-DOSTEPNYCH-PLACOWEK-NA-PRAKTYKI_praktyka-srodr_dla-obu-specjalnosci.pdf\" class=\"mtli_attachment mtli_pdf\" data-mtli=\"mtli_filesize299,22kB\" class=\"mtli_attachment mtli_pdf\" data-mtli=\"mtli_filesize299,22kB\" target=\"_blank\" rel=\"noopener\">WYKAZ DOST\u0118PNYCH PLAC\u00d3WEK NA PRAKTYKI_praktyka \u015br\u00f3dr_dla obu specjalno\u015bci<\/a><\/p>\n<style type=\"text\/css\">a[data-mtli~=\"mtli_filesize20,21kB\"]:after {content:\" (20,21 kB)\"}a[data-mtli~=\"mtli_filesize69,33kB\"]:after {content:\" (69,33 kB)\"}a[data-mtli~=\"mtli_filesize226,57kB\"]:after {content:\" (226,57 kB)\"}a[data-mtli~=\"mtli_filesize214,62kB\"]:after {content:\" (214,62 kB)\"}a[data-mtli~=\"mtli_filesize176,09kB\"]:after {content:\" (176,09 kB)\"}a[data-mtli~=\"mtli_filesize16,47kB\"]:after {content:\" (16,47 kB)\"}a[data-mtli~=\"mtli_filesize19,50kB\"]:after {content:\" (19,50 kB)\"}a[data-mtli~=\"mtli_filesize239,12kB\"]:after {content:\" (239,12 kB)\"}a[data-mtli~=\"mtli_filesize228,16kB\"]:after {content:\" (228,16 kB)\"}a[data-mtli~=\"mtli_filesize293,50kB\"]:after {content:\" (293,50 kB)\"}a[data-mtli~=\"mtli_filesize21,53kB\"]:after {content:\" (21,53 kB)\"}a[data-mtli~=\"mtli_filesize17,38kB\"]:after {content:\" (17,38 kB)\"}a[data-mtli~=\"mtli_filesize29,20kB\"]:after {content:\" (29,20 kB)\"}a[data-mtli~=\"mtli_filesize29,87kB\"]:after {content:\" (29,87 kB)\"}a[data-mtli~=\"mtli_filesize28,40kB\"]:after {content:\" (28,40 kB)\"}a[data-mtli~=\"mtli_filesize13,10kB\"]:after {content:\" (13,10 kB)\"}a[data-mtli~=\"mtli_filesize213,54kB\"]:after {content:\" (213,54 kB)\"}a[data-mtli~=\"mtli_filesize20,19kB\"]:after {content:\" (20,19 kB)\"}a[data-mtli~=\"mtli_filesize18,79kB\"]:after {content:\" (18,79 kB)\"}a[data-mtli~=\"mtli_filesize20,30kB\"]:after {content:\" (20,30 kB)\"}a[data-mtli~=\"mtli_filesize14,33kB\"]:after {content:\" (14,33 kB)\"}a[data-mtli~=\"mtli_filesize32,50kB\"]:after {content:\" (32,50 kB)\"}a[data-mtli~=\"mtli_filesize107,00kB\"]:after {content:\" (107,00 kB)\"}a[data-mtli~=\"mtli_filesize315,81kB\"]:after {content:\" (315,81 kB)\"}a[data-mtli~=\"mtli_filesize305,90kB\"]:after {content:\" (305,90 kB)\"}a[data-mtli~=\"mtli_filesize299,22kB\"]:after {content:\" (299,22 kB)\"}<\/style><\/div>\r\n                    <\/div>\r\n                <\/div>[\/vc_column][\/vc_row][vc_row][vc_column][vc_column_text][\/vc_column_text][\/vc_column][\/vc_row]<\/p>\n<style type=\"text\/css\">a[data-mtli~=\"mtli_filesize20,21kB\"]:after {content:\" (20,21 kB)\"}a[data-mtli~=\"mtli_filesize69,33kB\"]:after {content:\" (69,33 kB)\"}a[data-mtli~=\"mtli_filesize226,57kB\"]:after {content:\" (226,57 kB)\"}a[data-mtli~=\"mtli_filesize214,62kB\"]:after {content:\" (214,62 kB)\"}a[data-mtli~=\"mtli_filesize176,09kB\"]:after {content:\" (176,09 kB)\"}a[data-mtli~=\"mtli_filesize16,47kB\"]:after {content:\" (16,47 kB)\"}a[data-mtli~=\"mtli_filesize19,50kB\"]:after {content:\" (19,50 kB)\"}a[data-mtli~=\"mtli_filesize239,12kB\"]:after {content:\" (239,12 kB)\"}a[data-mtli~=\"mtli_filesize228,16kB\"]:after {content:\" (228,16 kB)\"}a[data-mtli~=\"mtli_filesize293,50kB\"]:after {content:\" (293,50 kB)\"}a[data-mtli~=\"mtli_filesize21,53kB\"]:after {content:\" (21,53 kB)\"}a[data-mtli~=\"mtli_filesize17,38kB\"]:after {content:\" (17,38 kB)\"}a[data-mtli~=\"mtli_filesize29,20kB\"]:after {content:\" (29,20 kB)\"}a[data-mtli~=\"mtli_filesize29,87kB\"]:after {content:\" (29,87 kB)\"}a[data-mtli~=\"mtli_filesize28,40kB\"]:after {content:\" (28,40 kB)\"}a[data-mtli~=\"mtli_filesize13,10kB\"]:after {content:\" (13,10 kB)\"}a[data-mtli~=\"mtli_filesize213,54kB\"]:after {content:\" (213,54 kB)\"}a[data-mtli~=\"mtli_filesize20,19kB\"]:after {content:\" (20,19 kB)\"}a[data-mtli~=\"mtli_filesize18,79kB\"]:after {content:\" (18,79 kB)\"}a[data-mtli~=\"mtli_filesize20,30kB\"]:after {content:\" (20,30 kB)\"}a[data-mtli~=\"mtli_filesize14,33kB\"]:after {content:\" (14,33 kB)\"}a[data-mtli~=\"mtli_filesize32,50kB\"]:after {content:\" (32,50 kB)\"}a[data-mtli~=\"mtli_filesize107,00kB\"]:after {content:\" (107,00 kB)\"}a[data-mtli~=\"mtli_filesize315,81kB\"]:after {content:\" (315,81 kB)\"}a[data-mtli~=\"mtli_filesize305,90kB\"]:after {content:\" (305,90 kB)\"}a[data-mtli~=\"mtli_filesize299,22kB\"]:after {content:\" (299,22 kB)\"}<\/style>","protected":false},"excerpt":{"rendered":"<p>[vc_row][vc_column][\/vc_column][\/vc_row][vc_row][vc_column][vc_column_text][\/vc_column_text][\/vc_column][\/vc_row] [&#8230;]<\/p>\n<p><a class=\"btn btn-secondary understrap-read-more-link\" href=\"https:\/\/us.edu.pl\/wydzial\/wns\/regulamin-praktyk-i-zalaczniki\/\">Read More&#8230;<\/a><\/p>\n","protected":false},"author":133,"featured_media":0,"parent":0,"menu_order":0,"comment_status":"closed","ping_status":"closed","template":"","meta":{"_expiration-date-status":"","_expiration-date":0,"_expiration-date-type":"","_expiration-date-categories":[],"_expiration-date-options":[]},"acf":[],"_links":{"self":[{"href":"https:\/\/us.edu.pl\/wydzial\/wns\/wp-json\/wp\/v2\/pages\/3380"}],"collection":[{"href":"https:\/\/us.edu.pl\/wydzial\/wns\/wp-json\/wp\/v2\/pages"}],"about":[{"href":"https:\/\/us.edu.pl\/wydzial\/wns\/wp-json\/wp\/v2\/types\/page"}],"author":[{"embeddable":true,"href":"https:\/\/us.edu.pl\/wydzial\/wns\/wp-json\/wp\/v2\/users\/133"}],"replies":[{"embeddable":true,"href":"https:\/\/us.edu.pl\/wydzial\/wns\/wp-json\/wp\/v2\/comments?post=3380"}],"version-history":[{"count":10,"href":"https:\/\/us.edu.pl\/wydzial\/wns\/wp-json\/wp\/v2\/pages\/3380\/revisions"}],"predecessor-version":[{"id":185441,"href":"https:\/\/us.edu.pl\/wydzial\/wns\/wp-json\/wp\/v2\/pages\/3380\/revisions\/185441"}],"wp:attachment":[{"href":"https:\/\/us.edu.pl\/wydzial\/wns\/wp-json\/wp\/v2\/media?parent=3380"}],"curies":[{"name":"wp","href":"https:\/\/api.w.org\/{rel}","templated":true}]}}