{"id":3387,"date":"2020-09-24T12:04:06","date_gmt":"2020-09-24T10:04:06","guid":{"rendered":"https:\/\/us.edu.pl\/wydzial\/wns\/?page_id=3387"},"modified":"2026-03-23T11:37:28","modified_gmt":"2026-03-23T10:37:28","slug":"ogloszenia-2","status":"publish","type":"page","link":"https:\/\/us.edu.pl\/wydzial\/wns\/ogloszenia-2\/","title":{"rendered":"og\u0142oszenia"},"content":{"rendered":"<p>[vc_row][vc_column]\r\n                <div class=\"text-modules\">\r\n                    <div class=\"container\">\r\n                        \r\n                        <div class=\"text-modules__content\"><p><strong>Szanowni Pa\u0144stwo, Drogie Studentki i Drodzy Studenci kierunk\u00f3w pedagogicznych,<\/strong><\/p>\n<p>wielkimi krokami zbli\u017ca si\u0119 festiwal edukacyjny dla nauczycieli EduPozytywni 8.0, kt\u00f3ry jest wsp\u00f3\u0142organizowany przez Nasz Wydzia\u0142.<\/p>\n<p><strong>Dysponujemy pul\u0105 bezp\u0142atnych wej\u015bci\u00f3wek na Festiwal dla Naszych Studentek i Student\u00f3w!<\/strong><\/p>\n<p>Serdecznie zapraszamy zainteresowane osoby! Liczba miejsc jest ograniczona &#8211; decyduje kolejno\u015b\u0107 zg\u0142osze\u0144.<\/p>\n<p>Ponadto poszukujemy Studentek i Student\u00f3w, kt\u00f3rzy zechc\u0105 pom\u00f3c w organizacji tego wydarzenia.<\/p>\n<p>Osoby, kt\u00f3re wezm\u0105 udzia\u0142 w Festiwalu otrzymaj\u0105 stosowne za\u015bwiadczenie (wydane przez akredytowan\u0105 plac\u00f3wk\u0119 doskonalenia nauczycieli EduPozytywni z Bytomia) oraz przede wszystkim b\u0119d\u0105 mog\u0142y uczestniczy\u0107 w wybranych aktywno\u015bciach podczas wydarzenia (wyk\u0142ad Pana Prof. Marka Kaczmarzyka oraz udzia\u0142 w warsztatach).<\/p>\n<p>Serdecznie zapraszam w imieniu w\u0142asnym i Organizator\u00f3w do uczestniczenia i do wsp\u00f3lnego dzia\u0142ania!<\/p>\n<p>Osoby zainteresowane prosz\u0119 o uzupe\u0142nienie formularza zg\u0142oszeniowego, dost\u0119pnego pod linkiem:<\/p>\n<p><a href=\"https:\/\/forms.gle\/rum9wVq33y9m15A66\">https:\/\/forms.gle\/rum9wVq33y9m15A66<\/a><\/p>\n<p><u>Zg\u0142oszenia przyjmujemy <\/u><strong>do dnia 02.04.2026 r.<\/strong><u>\u00a0Decyduje kolejno\u015b\u0107 zg\u0142osze\u0144.<\/u><\/p>\n<p>&nbsp;<\/p>\n<p>W razie pyta\u0144 prosz\u0119 o bezpo\u015bredni kontakt na adres:\u00a0<a href=\"mailto:ewelina.kawiak@us.edu.pl\">ewelina.kawiak@us.edu.pl<\/a><\/p>\n<p>&nbsp;<\/p>\n<p>Poni\u017cej najwa\u017cniejsze informacje o Festiwalu:<\/p>\n<p>&nbsp;<\/p>\n<p><strong>Festiwal EduPozytywni 8.0<\/strong><\/p>\n<p><strong>Data:<\/strong>\u00a018.04.2026 r. (sobota)<\/p>\n<p><strong>Miejsce:<\/strong>\u00a0Wydzia\u0142 Humanistyczny, Uniwersytet \u015al\u0105ski w Katowicach (ul. Uniwersytecka 4, 40-007 Katowice)<\/p>\n<p>&nbsp;<\/p>\n<p>&nbsp;<\/p>\n<p>&nbsp;<\/p>\n<p><strong>Wi\u0119cej informacji<\/strong>\u00a0znajduje si\u0119 na stronie:<\/p>\n<p><a href=\"https:\/\/www.facebook.com\/events\/1271559275103918\/?locale=pl_PL\">https:\/\/www.facebook.com\/events\/1271559275103918\/?locale=pl_PL<\/a><\/p>\n<p>&nbsp;<\/p>\n<p><a href=\"https:\/\/us.edu.pl\/wydzial\/wns\/wp-content\/uploads\/sites\/17\/Bez-kategorii\/Plakat_EduPozytywni-8.0.pdf\" class=\"mtli_attachment mtli_pdf\" data-mtli=\"mtli_filesize220,42kB\" class=\"mtli_attachment mtli_pdf\" data-mtli=\"mtli_filesize220,42kB\">Plakat_EduPozytywni 8.0<\/a><\/p>\n<style type=\"text\/css\">a[data-mtli~=\"mtli_filesize220,42kB\"]:after {content:\" (220,42 kB)\"}<\/style><\/div>\r\n                    <\/div>\r\n                <\/div>\r\n                <div class=\"text-modules\">\r\n                    <div class=\"container\">\r\n                        \r\n                        <div class=\"text-modules__content\"><p>Stowarzyszenie \u201eTU i TERAZ\u201d, kolejny raz, organizuje dwutygodniowy turnus rehabilitacyjny dla os\u00f3b<br \/>\nz niepe\u0142nosprawno\u015bciami. W turnusie uczestnicz\u0105 dzieci, m\u0142odzie\u017c oraz osoby doros\u0142e. Uczestnikom turnusu<br \/>\ntowarzysz\u0105 opiekunowie\/asystenci indywidualni lub grupowi (jeden dla dw\u00f3ch, trzech uczestnik\u00f3w).<br \/>\nW ubieg\u0142ym roku po\u0142ow\u0119, spo\u015br\u00f3d kilkana\u015bciorga opiekun\u00f3w, stanowili studenci. Rol\u0105 opiekuna jest pomoc<br \/>\nw procesie rehabilitacji, prowadzonej przez personel O\u015brodka Rehabilitacyjno &#8211; Wczasowego \u201eASTUR\u201d,<br \/>\na tak\u017ce w ca\u0142odziennym funkcjonowaniu uczestnika. Poza fizjoterapi\u0105, prowadzone s\u0105 zaj\u0119cia z hipoterapii,<br \/>\narteterapii oraz rekreacyjno-sportowe. Udzia\u0142 w turnusie daje mo\u017cliwo\u015b\u0107 odbycia praktyki na niekt\u00f3rych<br \/>\nkierunkach studi\u00f3w, np. fizjoterapii, odnowy biologicznej, psychologii, pedagogii, arteterapii\u2026.<br \/>\nWyjazd na turnus jest r\u00f3wnocze\u015bnie atrakcyjn\u0105 okazj\u0105 sp\u0119dzenia dw\u00f3ch tygodni wakacji. Mo\u017cna<br \/>\nkorzysta\u0107 z blisko\u015bci uroczego jeziora (p\u0142ywanie, pla\u017cowanie, kajaki, rowery wodne, jacht), jazdy konnej, jak<br \/>\nr\u00f3wnie\u017c spacer\u00f3w, czy jazdy rowerem po pi\u0119knych le\u015bnych \u015bcie\u017ckach wok\u00f3\u0142 jeziora. Istotn\u0105 atrakcj\u0105 jest<br \/>\npyszne, zdrowe jedzenie. To okazja sp\u0119dzenia czasu z wra\u017cliwymi, \u017cyczliwymi lud\u017ami. Nawi\u0105zane relacje w<br \/>\ntrakcie pobytu pozostaj\u0105 na lata. Turnusowe \u017cycie mo\u017cna zobaczy\u0107 na naszej stronie www.stit.org.pl oraz<br \/>\nna FB.<br \/>\nSzczeg\u00f3\u0142y organizacyjne turnusu:<br \/>\nMiejsce: O\u015brodek Rehabilitacyjno \u2013 Wczasowy \u201eASTUR\u201d \u2013 Okuninka k\/W\u0142odawy nad Jeziorem<br \/>\nBia\u0142ym 1) www.astur.com.pl<br \/>\nTermin: 23 lipca \u2013 05 sierpnia 2026 r.<br \/>\nZakwaterowanie: pokoje dwu, trzyosobowe z \u0142azienk\u0105<br \/>\nWy\u017cywienie: \u015bniadanie, obiad, kolacja<br \/>\nDojazd: klimatyzowany autokar z Gliwic<br \/>\nBardzo prosimy zainteresowane osoby o kontakt emailowy lub telefoniczny: turnus@stit.org.pl, 602 34<br \/>\n36 55.<\/p>\n<p><a href=\"https:\/\/us.edu.pl\/wydzial\/wns\/wp-content\/uploads\/sites\/17\/Bez-kategorii\/Turnus-2026.pdf\" class=\"mtli_attachment mtli_pdf\" data-mtli=\"mtli_filesize3,03MB\" class=\"mtli_attachment mtli_pdf\" data-mtli=\"mtli_filesize3,03MB\">Turnus 2026<\/a><\/p>\n<style type=\"text\/css\">a[data-mtli~=\"mtli_filesize3,03MB\"]:after {content:\" (3,03 MB)\"}<\/style><\/div>\r\n                    <\/div>\r\n                <\/div>[\/vc_column][\/vc_row]<\/p>\n<style type=\"text\/css\">a[data-mtli~=\"mtli_filesize220,42kB\"]:after {content:\" (220,42 kB)\"}a[data-mtli~=\"mtli_filesize3,03MB\"]:after {content:\" (3,03 MB)\"}<\/style>","protected":false},"excerpt":{"rendered":"<p>[vc_row][vc_column][\/vc_column][\/vc_row] [&#8230;]<\/p>\n<p><a class=\"btn btn-secondary understrap-read-more-link\" href=\"https:\/\/us.edu.pl\/wydzial\/wns\/ogloszenia-2\/\">Read More&#8230;<\/a><\/p>\n","protected":false},"author":133,"featured_media":0,"parent":0,"menu_order":0,"comment_status":"closed","ping_status":"closed","template":"","meta":{"_expiration-date-status":"","_expiration-date":0,"_expiration-date-type":"","_expiration-date-categories":[],"_expiration-date-options":[]},"acf":[],"_links":{"self":[{"href":"https:\/\/us.edu.pl\/wydzial\/wns\/wp-json\/wp\/v2\/pages\/3387"}],"collection":[{"href":"https:\/\/us.edu.pl\/wydzial\/wns\/wp-json\/wp\/v2\/pages"}],"about":[{"href":"https:\/\/us.edu.pl\/wydzial\/wns\/wp-json\/wp\/v2\/types\/page"}],"author":[{"embeddable":true,"href":"https:\/\/us.edu.pl\/wydzial\/wns\/wp-json\/wp\/v2\/users\/133"}],"replies":[{"embeddable":true,"href":"https:\/\/us.edu.pl\/wydzial\/wns\/wp-json\/wp\/v2\/comments?post=3387"}],"version-history":[{"count":11,"href":"https:\/\/us.edu.pl\/wydzial\/wns\/wp-json\/wp\/v2\/pages\/3387\/revisions"}],"predecessor-version":[{"id":185374,"href":"https:\/\/us.edu.pl\/wydzial\/wns\/wp-json\/wp\/v2\/pages\/3387\/revisions\/185374"}],"wp:attachment":[{"href":"https:\/\/us.edu.pl\/wydzial\/wns\/wp-json\/wp\/v2\/media?parent=3387"}],"curies":[{"name":"wp","href":"https:\/\/api.w.org\/{rel}","templated":true}]}}