{"id":344,"date":"2019-10-14T16:12:22","date_gmt":"2019-10-14T14:12:22","guid":{"rendered":"https:\/\/us.edu.pl\/wydzial\/wns\/?page_id=344"},"modified":"2026-03-24T14:56:22","modified_gmt":"2026-03-24T13:56:22","slug":"praktyki","status":"publish","type":"page","link":"https:\/\/us.edu.pl\/wydzial\/wns\/sprawy-studenckie\/praktyki\/","title":{"rendered":"Praktyki"},"content":{"rendered":"<p>[vc_row][vc_column][\/vc_column][\/vc_row][vc_row][vc_column]\r\n                <div class=\"text-modules\">\r\n                    <div class=\"container\">\r\n                        \r\n                        <div class=\"text-modules__content\"><\/p>\n<h3>Praktyki &#8211; <a href=\"https:\/\/us.edu.pl\/wydzial\/wns\/wp-content\/uploads\/sites\/17\/Bez-kategorii\/zarzadzenie-nr-40-2026-zmiana-organizacja-praktyk-zawodowych.pdf\" class=\"mtli_attachment mtli_pdf\" data-mtli=\"mtli_filesize221,84kB\" class=\"mtli_attachment mtli_pdf\" data-mtli=\"mtli_filesize221,84kB\" target=\"_blank\" rel=\"noopener\">nowe zarz\u0105dzenie Rektora U\u015a z dn. 23 marca 2026 r.<\/a><\/h3>\n<p>Uwaga! Do czasu zatwierdzenia indywidualnych wzorc\u00f3w dokument\u00f3w dla poszczeg\u00f3lnych kierunk\u00f3w studi\u00f3w, obowi\u0105zuje Zarz\u0105dzenie Rektora U\u015a z dn. 19 listopada 2025 r.<\/p>\n<style type=\"text\/css\">a[data-mtli~=\"mtli_filesize221,84kB\"]:after {content:\" (221,84 kB)\"}<\/style><\/div>\r\n                    <\/div>\r\n                <\/div>\r\n                <div class=\"tiles-section\" style=\"background: \">\r\n                    <div class=\"container\">\r\n                        <h3 class=\"page-title\"><\/h3>\r\n                        <div class=\"tiles tiles-2\">\r\n                            <a href=\"https:\/\/us.edu.pl\/wydzial\/wns\/1023-2\/\" class=\"tile tile_ justify-content-center\" style=\"background-color: #002E5A; font-weight: ; color: #ffffff;  \">\r\n                                \r\n                                   \r\n                               \r\n                                <div class=\"tile__name\">Dziennikarstwo i komunikacja spo\u0142eczna <\/div>\r\n                            <\/a>\r\n                            <a href=\"https:\/\/us.edu.pl\/wydzial\/wns\/praktyki-zawodowe-nowy-standard\/\" class=\"tile tile_ justify-content-center\" style=\"background-color: #EBEBEB; font-weight: ; color: #002E5A;  \">\r\n                                \r\n                                   \r\n                               \r\n                                <div class=\"tile__name\">Arteterapia, Pedagogika<\/div>\r\n                            <\/a>\r\n                            <a href=\"https:\/\/us.edu.pl\/wydzial\/wns\/praktyki-instytut-socjologii\/\" class=\"tile tile_ justify-content-center\" style=\"background-color: #EBEBEB; font-weight: ; color: #002E5A;  \">\r\n                                \r\n                                   \r\n                               \r\n                                <div class=\"tile__name\">Polityki miejskie i doradztwo publiczne, Praca socjalna, Socjologia, Zarz\u0105dzanie zasobami ludzkimi, Zarz\u0105dzanie zasobami ludzkimi w organizacji<\/div>\r\n                            <\/a>\r\n                            <a href=\"https:\/\/us.edu.pl\/wydzial\/wns\/praktyki-instytut-nauk-politycznych\/\" class=\"tile tile_ justify-content-center\" style=\"background-color: #002E5A; font-weight: ; color: #ffffff;  \">\r\n                                \r\n                                   \r\n                               \r\n                                <div class=\"tile__name\">Mi\u0119dzynarodowe studia nauk politycznych i dyplomacji, Doradztwo polityczne i publiczne, Bezpiecze\u0144stwo narodowe i mi\u0119dzynarodowe, Politologia<\/div>\r\n                            <\/a>\r\n                            <a href=\"https:\/\/us.edu.pl\/wydzial\/wns\/praktyki-psychologia\/\" class=\"tile tile_ justify-content-center\" style=\"background-color: #002E5A; font-weight: ; color: #ffffff;  \">\r\n                                \r\n                                   \r\n                               \r\n                                <div class=\"tile__name\">Psychologia<\/div>\r\n                            <\/a><\/div>\r\n                    <\/div>\r\n                <\/div>[\/vc_column][\/vc_row][vc_row][vc_column][\/vc_column][\/vc_row]<\/p>\n<style type=\"text\/css\">a[data-mtli~=\"mtli_filesize221,84kB\"]:after {content:\" (221,84 kB)\"}a[data-mtli~=\"mtli_filesize24,91kB\"]:after {content:\" (24,91 kB)\"}a[data-mtli~=\"mtli_filesize19,47kB\"]:after {content:\" (19,47 kB)\"}a[data-mtli~=\"mtli_filesize19,61kB\"]:after {content:\" (19,61 kB)\"}a[data-mtli~=\"mtli_filesize19,96kB\"]:after {content:\" (19,96 kB)\"}<\/style>","protected":false},"excerpt":{"rendered":"<p>[vc_row][vc_column][\/vc_column][\/vc_row][vc_row][vc_column][\/vc_column][\/vc_row][vc_row][vc_column][\/vc_column][\/vc_row] [&#8230;]<\/p>\n<p><a class=\"btn btn-secondary understrap-read-more-link\" href=\"https:\/\/us.edu.pl\/wydzial\/wns\/sprawy-studenckie\/praktyki\/\">Read More&#8230;<\/a><\/p>\n","protected":false},"author":1,"featured_media":0,"parent":328,"menu_order":0,"comment_status":"closed","ping_status":"closed","template":"","meta":{"_expiration-date-status":"","_expiration-date":0,"_expiration-date-type":"","_expiration-date-categories":[],"_expiration-date-options":[]},"acf":[],"_links":{"self":[{"href":"https:\/\/us.edu.pl\/wydzial\/wns\/wp-json\/wp\/v2\/pages\/344"}],"collection":[{"href":"https:\/\/us.edu.pl\/wydzial\/wns\/wp-json\/wp\/v2\/pages"}],"about":[{"href":"https:\/\/us.edu.pl\/wydzial\/wns\/wp-json\/wp\/v2\/types\/page"}],"author":[{"embeddable":true,"href":"https:\/\/us.edu.pl\/wydzial\/wns\/wp-json\/wp\/v2\/users\/1"}],"replies":[{"embeddable":true,"href":"https:\/\/us.edu.pl\/wydzial\/wns\/wp-json\/wp\/v2\/comments?post=344"}],"version-history":[{"count":11,"href":"https:\/\/us.edu.pl\/wydzial\/wns\/wp-json\/wp\/v2\/pages\/344\/revisions"}],"predecessor-version":[{"id":185390,"href":"https:\/\/us.edu.pl\/wydzial\/wns\/wp-json\/wp\/v2\/pages\/344\/revisions\/185390"}],"up":[{"embeddable":true,"href":"https:\/\/us.edu.pl\/wydzial\/wns\/wp-json\/wp\/v2\/pages\/328"}],"wp:attachment":[{"href":"https:\/\/us.edu.pl\/wydzial\/wns\/wp-json\/wp\/v2\/media?parent=344"}],"curies":[{"name":"wp","href":"https:\/\/api.w.org\/{rel}","templated":true}]}}