{"id":346,"date":"2019-10-14T16:12:56","date_gmt":"2019-10-14T14:12:56","guid":{"rendered":"https:\/\/us.edu.pl\/wydzial\/wns\/?page_id=346"},"modified":"2026-02-16T11:44:54","modified_gmt":"2026-02-16T10:44:54","slug":"egzaminy-licencjackie-i-magisterskie","status":"publish","type":"page","link":"https:\/\/us.edu.pl\/wydzial\/wns\/sprawy-studenckie\/egzaminy-licencjackie-i-magisterskie\/","title":{"rendered":"Egzaminy licencjackie i magisterskie"},"content":{"rendered":"<p>[vc_row][vc_column]\r\n                <div class=\"text-modules\">\r\n                    <div class=\"container\">\r\n                        <h3 class=\"page-title text__title\">Wzory dokument\u00f3w do pobrania<\/h3>\r\n                        <div class=\"text-modules__content\"><p><a href=\"https:\/\/us.edu.pl\/wydzial\/wns\/wp-content\/uploads\/sites\/17\/Nieprzypisane\/WNIOSEK-o-wdanie-kompletu-dokumentow.docx\" class=\"mtli_attachment mtli_docx\" data-mtli=\"mtli_filesize14,18kB\" class=\"mtli_attachment mtli_docx\" data-mtli=\"mtli_filesize14,18kB\">WNIOSEK o wdanie kompletu dokumentow<\/a> (dotyczy absolwent\u00f3w przyj\u0119tych w roku akademickim 2019\/2020) &#8211; dost\u0119pny w systemie USOS<\/p>\n<p>Link do zarz\u0105dzenia w sprawie wprowadzenia procedury sk\u0142adania i archiwizowania pisemnych prac dyplomowych:\u00a0 <a href=\"https:\/\/aktyprawne.us.edu.pl\/423-lista\/d\/5395\/5\/\">Zarz\u0105dzenie nr 201\/2021 | Biuletyn informacji publicznej (us.edu.pl)<\/a><\/p>\n<p><a href=\"https:\/\/us.edu.pl\/wydzial\/wns\/wp-content\/uploads\/sites\/17\/Bez-kategorii\/zalacznik-1.pdf\" class=\"mtli_attachment mtli_pdf\" data-mtli=\"mtli_filesize288,40kB\" class=\"mtli_attachment mtli_pdf\" data-mtli=\"mtli_filesize288,40kB\">za\u0142\u0105cznik<\/a>\u00a0 &#8211; projekt strony tytu\u0142owej pracy<br \/>\n(w miejscu &#8222;Nazwa Jednostki&#8221; nale\u017cy wpisa\u0107: Wydzia\u0142 Nauk Spo\u0142ecznych)<\/p>\n<style type=\"text\/css\">a[data-mtli~=\"mtli_filesize14,18kB\"]:after {content:\" (14,18 kB)\"}a[data-mtli~=\"mtli_filesize288,40kB\"]:after {content:\" (288,40 kB)\"}<\/style><\/div>\r\n                    <\/div>\r\n                <\/div>[\/vc_column][\/vc_row][vc_row][vc_column]\r\n                <div class=\"tiles-section\" style=\"background: \">\r\n                    <div class=\"container\">\r\n                        <h3 class=\"page-title\"><\/h3>\r\n                        <div class=\"tiles tiles-3\">\r\n                            <a href=\"https:\/\/us.edu.pl\/wydzial\/wns\/dziennikarstwo-i-komunikacja-medialna\/\" class=\"tile tile_ justify-content-center\" style=\"background-color: #002E5A; font-weight: ; color: #ffffff;  \">\r\n                                \r\n                                   \r\n                               \r\n                                <div class=\"tile__name\">Dziennikarstwo i komunikacja medialna<\/div>\r\n                            <\/a>\r\n                            <a href=\"https:\/\/us.edu.pl\/wydzial\/wns\/nauki-o-polityce\/\" class=\"tile tile_ justify-content-center\" style=\"background-color: #002E5A; font-weight: ; color: #ffffff;  \">\r\n                                \r\n                                   \r\n                               \r\n                                <div class=\"tile__name\">Nauki o polityce<\/div>\r\n                            <\/a>\r\n                            <a href=\"https:\/\/us.edu.pl\/wydzial\/wns\/pedagogika-3\/\" class=\"tile tile_ justify-content-center\" style=\"background-color: #002E5A; font-weight: ; color: #ffffff;  \">\r\n                                \r\n                                   \r\n                               \r\n                                <div class=\"tile__name\">Pedagogika <\/div>\r\n                            <\/a>\r\n                            <a href=\"https:\/\/us.edu.pl\/wydzial\/wns\/psychologia-3\/\" class=\"tile tile_ justify-content-center\" style=\"background-color: #002E5A; font-weight: ; color: #ffffff;  \">\r\n                                \r\n                                   \r\n                               \r\n                                <div class=\"tile__name\">Psychologia<\/div>\r\n                            <\/a>\r\n                            <a href=\"https:\/\/us.edu.pl\/wydzial\/wns\/socjologia-praca-socjalna\/\" class=\"tile tile_ justify-content-center\" style=\"background-color: #002E5A; font-weight: ; color: #ffffff;  \">\r\n                                \r\n                                   \r\n                               \r\n                                <div class=\"tile__name\">Socjologia, Praca socjalna<\/div>\r\n                            <\/a>\r\n                            <a href=\"https:\/\/us.edu.pl\/wydzial\/wns\/zarzadzanie-zasobami-ludzkimi-2\/\" class=\"tile tile_ justify-content-center\" style=\"background-color: #002E5A; font-weight: ; color: #ffffff;  \">\r\n                                \r\n                                   \r\n                               \r\n                                <div class=\"tile__name\">Zarz\u0105dzanie zasobami ludzkimi<\/div>\r\n                            <\/a><\/div>\r\n                    <\/div>\r\n                <\/div>[\/vc_column][\/vc_row]<\/p>\n<style type=\"text\/css\">a[data-mtli~=\"mtli_filesize14,18kB\"]:after {content:\" (14,18 kB)\"}a[data-mtli~=\"mtli_filesize288,40kB\"]:after {content:\" (288,40 kB)\"}<\/style>","protected":false},"excerpt":{"rendered":"<p>[vc_row][vc_column][\/vc_column][\/vc_row][vc_row][vc_column][\/vc_column][\/vc_row] [&#8230;]<\/p>\n<p><a class=\"btn btn-secondary understrap-read-more-link\" href=\"https:\/\/us.edu.pl\/wydzial\/wns\/sprawy-studenckie\/egzaminy-licencjackie-i-magisterskie\/\">Read More&#8230;<\/a><\/p>\n","protected":false},"author":1,"featured_media":0,"parent":328,"menu_order":0,"comment_status":"closed","ping_status":"closed","template":"page-templates\/inner-page-with-bookmarks.php","meta":{"_expiration-date-status":"","_expiration-date":0,"_expiration-date-type":"","_expiration-date-categories":[],"_expiration-date-options":[]},"acf":[],"_links":{"self":[{"href":"https:\/\/us.edu.pl\/wydzial\/wns\/wp-json\/wp\/v2\/pages\/346"}],"collection":[{"href":"https:\/\/us.edu.pl\/wydzial\/wns\/wp-json\/wp\/v2\/pages"}],"about":[{"href":"https:\/\/us.edu.pl\/wydzial\/wns\/wp-json\/wp\/v2\/types\/page"}],"author":[{"embeddable":true,"href":"https:\/\/us.edu.pl\/wydzial\/wns\/wp-json\/wp\/v2\/users\/1"}],"replies":[{"embeddable":true,"href":"https:\/\/us.edu.pl\/wydzial\/wns\/wp-json\/wp\/v2\/comments?post=346"}],"version-history":[{"count":12,"href":"https:\/\/us.edu.pl\/wydzial\/wns\/wp-json\/wp\/v2\/pages\/346\/revisions"}],"predecessor-version":[{"id":184373,"href":"https:\/\/us.edu.pl\/wydzial\/wns\/wp-json\/wp\/v2\/pages\/346\/revisions\/184373"}],"up":[{"embeddable":true,"href":"https:\/\/us.edu.pl\/wydzial\/wns\/wp-json\/wp\/v2\/pages\/328"}],"wp:attachment":[{"href":"https:\/\/us.edu.pl\/wydzial\/wns\/wp-json\/wp\/v2\/media?parent=346"}],"curies":[{"name":"wp","href":"https:\/\/api.w.org\/{rel}","templated":true}]}}