{"id":348,"date":"2019-10-14T16:13:16","date_gmt":"2019-10-14T14:13:16","guid":{"rendered":"https:\/\/us.edu.pl\/wydzial\/wns\/?page_id=348"},"modified":"2024-12-20T08:24:51","modified_gmt":"2024-12-20T07:24:51","slug":"wzory-dokumentow","status":"publish","type":"page","link":"https:\/\/us.edu.pl\/wydzial\/wns\/sprawy-studenckie\/wzory-dokumentow\/","title":{"rendered":"Wzory dokument\u00f3w"},"content":{"rendered":"<p>[vc_row][vc_column][vc_column_text][\/vc_column_text][\/vc_column][\/vc_row][vc_row][vc_column]\r\n                <div class=\"text-modules\">\r\n                    <div class=\"container\">\r\n                        \r\n                        <div class=\"text-modules__content\"><p>Podania\/wnioski w indywidualnych sprawach student\u00f3w nale\u017cy kierowa\u0107 na adres e-mailowy pracownika w\u0142a\u015bciwego dziekanatu, poniewa\u017c warunkiem rozpoznania sprawy jest mo\u017cliwo\u015b\u0107 zapoznania si\u0119 z teczk\u0105 studenta &#8211; dokumentacja dost\u0119pna jest tylko w dziekanacie.<\/p>\n<p>Podania\/ wnioski wysy\u0142ane bezpo\u015brednio na skrzynki mailowe dziekan\u00f3w\/dyrektor\u00f3w\/pe\u0142nomocnik\u00f3w dziekana, z pomini\u0119ciem dziekanatu, pozostan\u0105 bez odpowiedzi.<\/p>\n<p>Inne indywidualne sprawy\/ problemy, nie maj\u0105ce rozstrzygni\u0119cia w Regulaminie studi\u00f3w powinny by\u0107 zg\u0142aszane w pierwszej kolejno\u015bci do Dyrektor\u00f3w kierunk\u00f3w.<\/p>\n<p><a href=\"https:\/\/us.edu.pl\/wydzial\/wns\/wp-content\/uploads\/sites\/17\/Bez-kategorii\/zal_do_525_2024.pdf\" class=\"mtli_attachment mtli_pdf\" data-mtli=\"mtli_filesize275,21kB\" class=\"mtli_attachment mtli_pdf\" data-mtli=\"mtli_filesize275,21kB\">Regulamin studi\u00f3w w Uniwersytecie \u015al\u0105skim<\/a><\/p>\n<style type=\"text\/css\">a[data-mtli~=\"mtli_filesize275,21kB\"]:after {content:\" (275,21 kB)\"}<\/style><\/div>\r\n                    <\/div>\r\n                <\/div>[\/vc_column][\/vc_row][vc_row][vc_column][vc_column_text][\/vc_column_text][\/vc_column][\/vc_row]<\/p>\n<style type=\"text\/css\">a[data-mtli~=\"mtli_filesize275,21kB\"]:after {content:\" (275,21 kB)\"}<\/style>","protected":false},"excerpt":{"rendered":"<p>[vc_row][vc_column][vc_column_text][\/vc_column_text][\/vc_column][\/vc_row][vc_row][vc_column][\/vc_column][\/vc_row][vc_row][vc_column][vc_column_text][\/vc_column_text][\/vc_column][\/vc_row] [&#8230;]<\/p>\n<p><a class=\"btn btn-secondary understrap-read-more-link\" href=\"https:\/\/us.edu.pl\/wydzial\/wns\/sprawy-studenckie\/wzory-dokumentow\/\">Read More&#8230;<\/a><\/p>\n","protected":false},"author":1,"featured_media":0,"parent":328,"menu_order":0,"comment_status":"closed","ping_status":"closed","template":"page-templates\/inner-page-with-bookmarks.php","meta":{"_expiration-date-status":"","_expiration-date":0,"_expiration-date-type":"","_expiration-date-categories":[],"_expiration-date-options":[]},"acf":[],"_links":{"self":[{"href":"https:\/\/us.edu.pl\/wydzial\/wns\/wp-json\/wp\/v2\/pages\/348"}],"collection":[{"href":"https:\/\/us.edu.pl\/wydzial\/wns\/wp-json\/wp\/v2\/pages"}],"about":[{"href":"https:\/\/us.edu.pl\/wydzial\/wns\/wp-json\/wp\/v2\/types\/page"}],"author":[{"embeddable":true,"href":"https:\/\/us.edu.pl\/wydzial\/wns\/wp-json\/wp\/v2\/users\/1"}],"replies":[{"embeddable":true,"href":"https:\/\/us.edu.pl\/wydzial\/wns\/wp-json\/wp\/v2\/comments?post=348"}],"version-history":[{"count":10,"href":"https:\/\/us.edu.pl\/wydzial\/wns\/wp-json\/wp\/v2\/pages\/348\/revisions"}],"predecessor-version":[{"id":172209,"href":"https:\/\/us.edu.pl\/wydzial\/wns\/wp-json\/wp\/v2\/pages\/348\/revisions\/172209"}],"up":[{"embeddable":true,"href":"https:\/\/us.edu.pl\/wydzial\/wns\/wp-json\/wp\/v2\/pages\/328"}],"wp:attachment":[{"href":"https:\/\/us.edu.pl\/wydzial\/wns\/wp-json\/wp\/v2\/media?parent=348"}],"curies":[{"name":"wp","href":"https:\/\/api.w.org\/{rel}","templated":true}]}}