{"id":357,"date":"2019-10-15T08:56:38","date_gmt":"2019-10-15T06:56:38","guid":{"rendered":"https:\/\/us.edu.pl\/wydzial\/wns\/?page_id=357"},"modified":"2020-02-13T12:16:00","modified_gmt":"2020-02-13T11:16:00","slug":"samorzad","status":"publish","type":"page","link":"https:\/\/us.edu.pl\/wydzial\/wns\/sprawy-studenckie\/aktywnosc-studencka\/samorzad\/","title":{"rendered":"Samorz\u0105d"},"content":{"rendered":"<p>[vc_row][vc_column]\r\n                <div class=\"text-modules\">\r\n                    <div class=\"container\">\r\n                        <h3 class=\"page-title text__title\">Samorz\u0105d Studencki<\/h3>\r\n                        <div class=\"text-modules__content\"><\/p>\n<div class=\"text-modules__content\">\n<p>Samorz\u0105d Studencki Uniwersytetu \u015al\u0105skiego tworz\u0105 wszyscy studenci U\u015a. Samorz\u0105d jest jedynym demokratycznym i niezawis\u0142ym wyrazicielem interes\u00f3w spo\u0142eczno\u015bci studenckiej U\u015a. Na poziomie Wydzia\u0142u Samorz\u0105d Studencki jest reprezentowany przez Wydzia\u0142ow\u0105 Rad\u0119 Samorz\u0105du, na szczeblu Uczelnianym jest reprezentowany przez Uczelnian\u0105 Rad\u0119 Samorz\u0105du Studenckiego.<\/p>\n<div>G\u0142\u00f3wnymi zadaniami Wydzia\u0142owej Rady Samorz\u0105du Studenckiego s\u0105:<br \/>\n\u2013 reprezentowanie student\u00f3w przed W\u0142adzami Wydzia\u0142u;<br \/>\n\u2013 wyst\u0119powanie z wnioskami, postulatami i opiniami do W\u0142adz Wydzia\u0142u (np. wnioskowanie o godziny dzieka\u0144skie);<br \/>\n\u2013 dbanie o dobro Student\u00f3w oraz promowanie \u017cycia studenckiego na Wydziale.<\/div>\n<div>Link do strony samorz\u0105du studenckiego:\u00a0<a href=\"https:\/\/www.facebook.com\/pg\/WNSUS\/groups\/?ref=page_internal\">https:\/\/www.facebook.com\/pg\/WNSUS\/groups\/?ref=page_internal<\/a><\/div>\n<div><\/div>\n<div><strong>Pe\u0142ni Obowi\u0105zki Przewodnicz\u0105cego Rady Samorz\u0105du Studenckiego\u00a0 Wydzia\u0142u Nauk Spo\u0142ecznych\u00a0<\/strong><\/div>\n<div>Angelika Mazur<\/div>\n<div><\/div>\n<div><strong>Koordynator ds. Organizacji Studenckich\u00a0<\/strong><\/div>\n<div>Alicja Nalepa<\/div>\n<div><\/div>\n<div><strong>Cz\u0142onkowie Wydzia\u0142owej Rady Samorz\u0105du Studenckiego\u00a0<\/strong><\/div>\n<div>Szymon Grzybczyk<\/div>\n<div>Bart\u0142omiej Kubica<\/div>\n<div>Adam Reichel<\/div>\n<div>Robert Wojakowski<\/div>\n<div>Karol Pachlewski<\/div>\n<div>Natalia Paluch<\/div>\n<div>Dawid Kubica<\/div>\n<div>Oliwia Krupska<\/div>\n<div>Wojciech Szelc<\/div>\n<\/div>\n<p>\n<\/div>\r\n                    <\/div>\r\n                <\/div>[\/vc_column][\/vc_row]<\/p>","protected":false},"excerpt":{"rendered":"<p>[vc_row][vc_column][\/vc_column][\/vc_row] [&#8230;]<\/p>\n<p><a class=\"btn btn-secondary understrap-read-more-link\" href=\"https:\/\/us.edu.pl\/wydzial\/wns\/sprawy-studenckie\/aktywnosc-studencka\/samorzad\/\">Read More&#8230;<\/a><\/p>\n","protected":false},"author":1,"featured_media":0,"parent":350,"menu_order":1,"comment_status":"closed","ping_status":"closed","template":"page-templates\/inner-page.php","meta":{"_expiration-date-status":"saved","_expiration-date":0,"_expiration-date-type":"","_expiration-date-categories":[],"_expiration-date-options":[]},"acf":[],"_links":{"self":[{"href":"https:\/\/us.edu.pl\/wydzial\/wns\/wp-json\/wp\/v2\/pages\/357"}],"collection":[{"href":"https:\/\/us.edu.pl\/wydzial\/wns\/wp-json\/wp\/v2\/pages"}],"about":[{"href":"https:\/\/us.edu.pl\/wydzial\/wns\/wp-json\/wp\/v2\/types\/page"}],"author":[{"embeddable":true,"href":"https:\/\/us.edu.pl\/wydzial\/wns\/wp-json\/wp\/v2\/users\/1"}],"replies":[{"embeddable":true,"href":"https:\/\/us.edu.pl\/wydzial\/wns\/wp-json\/wp\/v2\/comments?post=357"}],"version-history":[{"count":2,"href":"https:\/\/us.edu.pl\/wydzial\/wns\/wp-json\/wp\/v2\/pages\/357\/revisions"}],"predecessor-version":[{"id":1915,"href":"https:\/\/us.edu.pl\/wydzial\/wns\/wp-json\/wp\/v2\/pages\/357\/revisions\/1915"}],"up":[{"embeddable":true,"href":"https:\/\/us.edu.pl\/wydzial\/wns\/wp-json\/wp\/v2\/pages\/350"}],"wp:attachment":[{"href":"https:\/\/us.edu.pl\/wydzial\/wns\/wp-json\/wp\/v2\/media?parent=357"}],"curies":[{"name":"wp","href":"https:\/\/api.w.org\/{rel}","templated":true}]}}