{"id":359,"date":"2019-10-15T08:57:31","date_gmt":"2019-10-15T06:57:31","guid":{"rendered":"https:\/\/us.edu.pl\/wydzial\/wns\/?page_id=359"},"modified":"2020-02-13T12:37:22","modified_gmt":"2020-02-13T11:37:22","slug":"organizacje","status":"publish","type":"page","link":"https:\/\/us.edu.pl\/wydzial\/wns\/sprawy-studenckie\/aktywnosc-studencka\/organizacje\/","title":{"rendered":"Organizacje studenckie"},"content":{"rendered":"<p>[vc_row][vc_column]\r\n                <div class=\"text-modules\">\r\n                    <div class=\"container\">\r\n                        <h3 class=\"page-title text__title\">Organizacje studenckie<\/h3>\r\n                        <div class=\"text-modules__content\"><\/p>\n<div class=\"text-modules__content\">\n<p><strong>Studencki Zesp\u00f3\u0142 Pie\u015bni i Ta\u0144ca \u201eKatowice\u201d Uniwersytetu \u015al\u0105skiego<\/strong><\/p>\n<p>Studencki Zesp\u00f3\u0142 Pie\u015bni i Ta\u0144ca \u201eKatowice\u201d powsta\u0142 w 1969 roku przy Uniwersytecie \u015al\u0105skim, cho\u0107 kr\u0105\u017cy legenda, \u017ce to Uniwersytet \u015al\u0105ski powsta\u0142 przy Zespole. Na przestrzeni 50 lat Zesp\u00f3\u0142 odwiedzi\u0142 pi\u0119\u0107 kontynent\u00f3w i kilkadziesi\u0105t pa\u0144stw (w ostatnich pi\u0119ciu latach m.in. Chiny, Macedonia, Grecja, S\u0142owacja). Studenci zabrali ze sob\u0105 niezapomniane wra\u017cenia i spore do\u015bwiadczenie nabyte podczas licznych podr\u00f3\u017cy.<\/p>\n<p>W ramach pr\u00f3b w Zespole gwarantowane jest zwolnienie z zaj\u0119\u0107 WF. Dodatkowo istnieje mo\u017cliwo\u015b\u0107 zapisania si\u0119 na zaj\u0119cia w ramach logowania na zaj\u0119cia WF w systemie USOSweb.<\/p>\n<p>Szczeg\u00f3\u0142owe informacje znajdziesz na stronie: <strong><em>katowice.us.edu.pl<\/em><\/strong> oraz <strong><em>facebook.com\/szpit.katowice.<\/em><\/strong><\/p>\n<p>Masz pytania? Napisz do \u00a0<a>katowice@us.edu.pl<\/a>, <a>aleksandra.kwiatkowska@us.edu.pl<\/a><\/p>\n<p><strong>Terminy pr\u00f3b:<\/strong><\/p>\n<p>Wtorki, godz. 18.00 zaj\u0119cia ta\u0144ca, ul. Bankowa 12, budynek Rektoratu U\u015a<\/p>\n<p>\u015arody, godz. 17.00 zaj\u0119cia ch\u00f3ru, 19:00 zaj\u0119cia ta\u0144ca, ul. Bankowa 12, budynek Rektoratu U\u015a<\/p>\n<\/div>\n<p>\n<\/div>\r\n                    <\/div>\r\n                <\/div>[\/vc_column][\/vc_row]<\/p>","protected":false},"excerpt":{"rendered":"<p>[vc_row][vc_column][\/vc_column][\/vc_row] [&#8230;]<\/p>\n<p><a class=\"btn btn-secondary understrap-read-more-link\" href=\"https:\/\/us.edu.pl\/wydzial\/wns\/sprawy-studenckie\/aktywnosc-studencka\/organizacje\/\">Read More&#8230;<\/a><\/p>\n","protected":false},"author":1,"featured_media":0,"parent":350,"menu_order":2,"comment_status":"closed","ping_status":"closed","template":"page-templates\/inner-page.php","meta":{"_expiration-date-status":"saved","_expiration-date":0,"_expiration-date-type":"","_expiration-date-categories":[],"_expiration-date-options":[]},"acf":[],"_links":{"self":[{"href":"https:\/\/us.edu.pl\/wydzial\/wns\/wp-json\/wp\/v2\/pages\/359"}],"collection":[{"href":"https:\/\/us.edu.pl\/wydzial\/wns\/wp-json\/wp\/v2\/pages"}],"about":[{"href":"https:\/\/us.edu.pl\/wydzial\/wns\/wp-json\/wp\/v2\/types\/page"}],"author":[{"embeddable":true,"href":"https:\/\/us.edu.pl\/wydzial\/wns\/wp-json\/wp\/v2\/users\/1"}],"replies":[{"embeddable":true,"href":"https:\/\/us.edu.pl\/wydzial\/wns\/wp-json\/wp\/v2\/comments?post=359"}],"version-history":[{"count":7,"href":"https:\/\/us.edu.pl\/wydzial\/wns\/wp-json\/wp\/v2\/pages\/359\/revisions"}],"predecessor-version":[{"id":1923,"href":"https:\/\/us.edu.pl\/wydzial\/wns\/wp-json\/wp\/v2\/pages\/359\/revisions\/1923"}],"up":[{"embeddable":true,"href":"https:\/\/us.edu.pl\/wydzial\/wns\/wp-json\/wp\/v2\/pages\/350"}],"wp:attachment":[{"href":"https:\/\/us.edu.pl\/wydzial\/wns\/wp-json\/wp\/v2\/media?parent=359"}],"curies":[{"name":"wp","href":"https:\/\/api.w.org\/{rel}","templated":true}]}}