{"id":3762,"date":"2020-10-20T07:44:10","date_gmt":"2020-10-20T05:44:10","guid":{"rendered":"https:\/\/us.edu.pl\/wydzial\/wns\/?page_id=3762"},"modified":"2024-05-07T09:25:17","modified_gmt":"2024-05-07T07:25:17","slug":"sukcesy-studentow","status":"publish","type":"page","link":"https:\/\/us.edu.pl\/wydzial\/wns\/sukcesy-studentow\/","title":{"rendered":"Sukcesy student\u00f3w"},"content":{"rendered":"<p>[vc_row][vc_column]\r\n                <div class=\"text-modules\">\r\n                    <div class=\"container\">\r\n                        <h3 class=\"page-title text__title\">Yelyzaveta Fedorets \u2013 studentka kierunku ZZL z nagrod\u0105 II stopnia w mi\u0119dzynarodowym konkursie zespo\u0142owym<\/h3>\r\n                        <div class=\"text-modules__content\"><p>https:\/\/us.edu.pl\/wydzial\/wns\/2024\/05\/07\/yelyzaveta-fedorets-studentka-kierunku-zzl-z-nagroda-ii-stopnia-w-miedzynarodowym-konkursie-zespolowym\/<\/p>\n<p>\n<\/div>\r\n                    <\/div>\r\n                <\/div>[\/vc_column][\/vc_row][vc_row][vc_column]\r\n                <div class=\"text-modules\">\r\n                    <div class=\"container\">\r\n                        <h3 class=\"page-title text__title\">Mistrzostwo Polski Odysei Umys\u0142u 2024 dla studentek WNS U\u015a<\/h3>\r\n                        <div class=\"text-modules__content\"><p>https:\/\/us.edu.pl\/wydzial\/wns\/2024\/04\/10\/mistrzostwo-polski-odysei-umyslu-2024\/<\/p>\n<p>\n<\/div>\r\n                    <\/div>\r\n                <\/div>[\/vc_column][\/vc_row][vc_row][vc_column]\r\n                <div class=\"text-modules\">\r\n                    <div class=\"container\">\r\n                        <h3 class=\"page-title text__title\">Ko\u0142o Naukowe Pedagogiki Przedszkolnej i Wczesnoszkolnej \u201ePAIDAGOGOS\u201d z grantem w programie \u201eM\u0142odzi Aktywni\u201d!<\/h3>\r\n                        <div class=\"text-modules__content\"><blockquote class=\"wp-embedded-content\" data-secret=\"sn92AGubDF\"><p><a href=\"https:\/\/us.edu.pl\/wydzial\/wns\/2023\/05\/08\/kolo-naukowe-pedagogiki-przedszkolnej-i-wczesnoszkolnej-paidagogos-z-grantem-w-programie-mlodzi-aktywni\/\">Ko\u0142o Naukowe Pedagogiki Przedszkolnej i Wczesnoszkolnej \u201ePAIDAGOGOS\u201d z\u00a0grantem w programie \u201eM\u0142odzi Aktywni\u201d!<\/a><\/p><\/blockquote>\n<p><iframe class=\"wp-embedded-content\" sandbox=\"allow-scripts\" security=\"restricted\" style=\"position: absolute; clip: rect(1px, 1px, 1px, 1px);\" title=\"&#8222;Ko\u0142o Naukowe Pedagogiki Przedszkolnej i Wczesnoszkolnej \u201ePAIDAGOGOS\u201d z\u00a0grantem w programie \u201eM\u0142odzi Aktywni\u201d!&#8221; &#8212; Wydzia\u0142 Nauk Spo\u0142ecznych | Uniwersytet \u015al\u0105ski w Katowicach\" src=\"https:\/\/us.edu.pl\/wydzial\/wns\/2023\/05\/08\/kolo-naukowe-pedagogiki-przedszkolnej-i-wczesnoszkolnej-paidagogos-z-grantem-w-programie-mlodzi-aktywni\/embed\/#?secret=xTtBlus3BE#?secret=sn92AGubDF\" data-secret=\"sn92AGubDF\" width=\"600\" height=\"338\" frameborder=\"0\" marginwidth=\"0\" marginheight=\"0\" scrolling=\"no\"><\/iframe><\/p>\n<\/div>\r\n                    <\/div>\r\n                <\/div>[\/vc_column][\/vc_row][vc_row][vc_column]\r\n                <div class=\"text-modules\">\r\n                    <div class=\"container\">\r\n                        <h3 class=\"page-title text__title\">Piotr G\u00f3rny z nagrod\u0105 II stopnia w konkursie mi\u0119dzynarodowym<\/h3>\r\n                        <div class=\"text-modules__content\"><blockquote class=\"wp-embedded-content\" data-secret=\"IqTuQ8eDqM\"><p><a href=\"https:\/\/us.edu.pl\/wydzial\/wns\/2023\/05\/08\/piotr-gorny-z-nagroda-ii-stopnia-w-konkursie-miedzynarodowym\/\">Piotr G\u00f3rny z nagrod\u0105 II stopnia w konkursie mi\u0119dzynarodowym<\/a><\/p><\/blockquote>\n<p><iframe class=\"wp-embedded-content\" sandbox=\"allow-scripts\" security=\"restricted\" style=\"position: absolute; clip: rect(1px, 1px, 1px, 1px);\" title=\"&#8222;Piotr G\u00f3rny z nagrod\u0105 II stopnia w konkursie mi\u0119dzynarodowym&#8221; &#8212; Wydzia\u0142 Nauk Spo\u0142ecznych | Uniwersytet \u015al\u0105ski w Katowicach\" src=\"https:\/\/us.edu.pl\/wydzial\/wns\/2023\/05\/08\/piotr-gorny-z-nagroda-ii-stopnia-w-konkursie-miedzynarodowym\/embed\/#?secret=issjlvbiJ4#?secret=IqTuQ8eDqM\" data-secret=\"IqTuQ8eDqM\" width=\"600\" height=\"338\" frameborder=\"0\" marginwidth=\"0\" marginheight=\"0\" scrolling=\"no\"><\/iframe><\/p>\n<\/div>\r\n                    <\/div>\r\n                <\/div>[\/vc_column][\/vc_row][vc_row][vc_column]\r\n                <div class=\"text-modules\">\r\n                    <div class=\"container\">\r\n                        <h3 class=\"page-title text__title\">Zofia Skucze\u0144- nagroda II stopnia<\/h3>\r\n                        <div class=\"text-modules__content\"><blockquote class=\"wp-embedded-content\" data-secret=\"ndj5lNmDSR\"><p><a href=\"https:\/\/us.edu.pl\/wydzial\/wns\/2020\/10\/08\/3583\/\">Nagroda II stopnia dla studentki Wydzia\u0142u Nauk Spo\u0142ecznych<\/a><\/p><\/blockquote>\n<p><iframe class=\"wp-embedded-content\" sandbox=\"allow-scripts\" security=\"restricted\" style=\"position: absolute; clip: rect(1px, 1px, 1px, 1px);\" title=\"&#8222;Nagroda II stopnia dla studentki Wydzia\u0142u Nauk Spo\u0142ecznych&#8221; &#8212; Wydzia\u0142 Nauk Spo\u0142ecznych\" src=\"https:\/\/us.edu.pl\/wydzial\/wns\/2020\/10\/08\/3583\/embed\/#?secret=ndj5lNmDSR\" data-secret=\"ndj5lNmDSR\" width=\"600\" height=\"338\" frameborder=\"0\" marginwidth=\"0\" marginheight=\"0\" scrolling=\"no\"><\/iframe><\/p>\n<\/div>\r\n                    <\/div>\r\n                <\/div>[\/vc_column][\/vc_row][vc_row][vc_column]\r\n                <div class=\"text-modules\">\r\n                    <div class=\"container\">\r\n                        <h3 class=\"page-title text__title\">Agata Niziurska- br\u0105zowy medal na Akademickich Mistrzostwach Polski w judo<\/h3>\r\n                        <div class=\"text-modules__content\"><p><a href=\"https:\/\/azsus.pl\/drudzy-w-judo?fbclid=IwAR0lPbNOau-h3qPwaCcFei0h6Nxkzb5fRZsZHTHTh84w5rpFjaCmuSjIO_g\">https:\/\/azsus.pl\/drudzy-w-judo?fbclid=IwAR0lPbNOau-h3qPwaCcFei0h6Nxkzb5fRZsZHTHTh84w5rpFjaCmuSjIO_g<\/a><\/p>\n<p>\n<\/div>\r\n                    <\/div>\r\n                <\/div>[\/vc_column][\/vc_row][vc_row][vc_column]\r\n                <div class=\"text-modules\">\r\n                    <div class=\"container\">\r\n                        <h3 class=\"page-title text__title\">Emilie Szwajnoch laureatk\u0105 w konkursie Preludium 19<\/h3>\r\n                        <div class=\"text-modules__content\"><p><a href=\"https:\/\/us.edu.pl\/instytut\/inp\/2020\/11\/20\/emilie-szwajnoch-laureatka-w-konkursie-preludium-19\/\">Emilie Szwajnoch laureatk\u0105 w konkursie Preludium 19 | Instytut Nauk Politycznych (us.edu.pl)<\/a><\/p>\n<\/div>\r\n                    <\/div>\r\n                <\/div>[\/vc_column][\/vc_row][vc_row][vc_column]\r\n                <div class=\"text-modules\">\r\n                    <div class=\"container\">\r\n                        <h3 class=\"page-title text__title\">Wyr\u00f3\u017cnienie pracy doktorskiej Pani Zuzanny Teper-Solarz w XXII edy\u00adcji Konkursu na najlep\u00adsze prace mag\u00adis\u00adter\u00adskie i dok\u00adtorskie w dziedzinie pracy i poli\u00adtyki spo\u0142ecznej.<\/h3>\r\n                        <div class=\"text-modules__content\"><p>Mi\u0142o poinformowa\u0107, \u017ce praca doktorska Pani Zuzanny Teper-Solarz \u201cOswajanie pi\u0119tna. Socjo\u00adlog\u00adiczna anal\u00adiza strate\u00adgii radzenia sobie ze styg\u00admatem g\u0142u\u00adchoty przygotowana w naszym Instytucie pod kierunkiem prof. Kazimiery W\u00f3dz i promotor pomocniczej dr hab. prof. U\u015a Sabiny Pawlas-Czy\u017c otrzyma\u0142a wyr\u00f3\u017cnienie w XXII edy\u00adcji Konkursu na najlep\u00adsze prace mag\u00adis\u00adter\u00adskie i dok\u00adtorskie w dziedzinie pracy i poli\u00adtyki spo\u0142ecznej. Autorce i Pani Promotor gratulujemy.<\/p>\n<\/div>\r\n                    <\/div>\r\n                <\/div>[\/vc_column][\/vc_row]<\/p>","protected":false},"excerpt":{"rendered":"<p>[vc_row][vc_column][\/vc_column][\/vc_row][vc_row][vc_column][\/vc_column][\/vc_row][vc_row][vc_column][\/vc_column][\/vc_row][vc_row][vc_column][\/vc_column][\/vc_row][vc_row][vc_column][\/vc_column][\/vc_row][vc_row][vc_column][\/vc_column][\/vc_row][vc_row][vc_column][\/vc_column][\/vc_row][vc_row][vc_column][\/vc_column][\/vc_row] [&#8230;]<\/p>\n<p><a class=\"btn btn-secondary understrap-read-more-link\" href=\"https:\/\/us.edu.pl\/wydzial\/wns\/sukcesy-studentow\/\">Read More&#8230;<\/a><\/p>\n","protected":false},"author":133,"featured_media":0,"parent":0,"menu_order":0,"comment_status":"closed","ping_status":"closed","template":"","meta":{"_expiration-date-status":"","_expiration-date":0,"_expiration-date-type":"","_expiration-date-categories":[],"_expiration-date-options":[]},"acf":[],"_links":{"self":[{"href":"https:\/\/us.edu.pl\/wydzial\/wns\/wp-json\/wp\/v2\/pages\/3762"}],"collection":[{"href":"https:\/\/us.edu.pl\/wydzial\/wns\/wp-json\/wp\/v2\/pages"}],"about":[{"href":"https:\/\/us.edu.pl\/wydzial\/wns\/wp-json\/wp\/v2\/types\/page"}],"author":[{"embeddable":true,"href":"https:\/\/us.edu.pl\/wydzial\/wns\/wp-json\/wp\/v2\/users\/133"}],"replies":[{"embeddable":true,"href":"https:\/\/us.edu.pl\/wydzial\/wns\/wp-json\/wp\/v2\/comments?post=3762"}],"version-history":[{"count":10,"href":"https:\/\/us.edu.pl\/wydzial\/wns\/wp-json\/wp\/v2\/pages\/3762\/revisions"}],"predecessor-version":[{"id":165510,"href":"https:\/\/us.edu.pl\/wydzial\/wns\/wp-json\/wp\/v2\/pages\/3762\/revisions\/165510"}],"wp:attachment":[{"href":"https:\/\/us.edu.pl\/wydzial\/wns\/wp-json\/wp\/v2\/media?parent=3762"}],"curies":[{"name":"wp","href":"https:\/\/api.w.org\/{rel}","templated":true}]}}