{"id":3775,"date":"2020-10-20T10:15:10","date_gmt":"2020-10-20T08:15:10","guid":{"rendered":"https:\/\/us.edu.pl\/wydzial\/wns\/?page_id=3775"},"modified":"2024-02-16T11:35:44","modified_gmt":"2024-02-16T10:35:44","slug":"sukcesy-absolwentow","status":"publish","type":"page","link":"https:\/\/us.edu.pl\/wydzial\/wns\/sukcesy-absolwentow\/","title":{"rendered":"Sukcesy absolwent\u00f3w"},"content":{"rendered":"<p>[vc_row][vc_column]\r\n                <div class=\"text-modules\">\r\n                    <div class=\"container\">\r\n                        <h3 class=\"page-title text__title\">III miejsce w II edycji Konkursu Alioth Foundation dla naszej Absolwentki!<\/h3>\r\n                        <div class=\"text-modules__content\"><\/p>\n<p style=\"font-weight: 400;\">Absolwentka kierunku Bezpiecze\u0144stwo narodowe i mi\u0119dzynarodowe na Wydziale Nauk Spo\u0142ecznych U\u015a &#8211; Pani Barbara Szustkiewicz zdoby\u0142a III miejsce w II edycji Konkursu Alioth Foundation na najlepsze prace dyplomowe z zakresu bezpiecze\u0144stwa, obronno\u015bci i przemys\u0142u obronnego za prac\u0119 magistersk\u0105 pt. &#8222;Zjawisko piractwa jako zagro\u017cenie dla bezpiecze\u0144stwa morskiego w XXI wieku&#8221;.<\/p>\n<p style=\"font-weight: 400;\">Serdecznie gratulujemy!!!<\/p>\n<p style=\"font-weight: 400;\">Oficjalne wyniki dost\u0119pne s\u0105 na stronie:\u00a0<a href=\"https:\/\/foundation.alioth.group\/pl\/rozstrzygniecie-konkursu-na-najlepsze-prace-dyplomowe-z-zakresu-bezpieczenstwa-i-obronnosci\/\">https:\/\/foundation.alioth.group\/pl\/rozstrzygniecie-konkursu-na-najlepsze-prace-dyplomowe-z-zakresu-bezpieczenstwa-i-obronnosci\/<\/a><\/p>\n<p>\n<\/div>\r\n                    <\/div>\r\n                <\/div>[\/vc_column][\/vc_row]<\/p>","protected":false},"excerpt":{"rendered":"<p>[vc_row][vc_column][\/vc_column][\/vc_row] [&#8230;]<\/p>\n<p><a class=\"btn btn-secondary understrap-read-more-link\" href=\"https:\/\/us.edu.pl\/wydzial\/wns\/sukcesy-absolwentow\/\">Read More&#8230;<\/a><\/p>\n","protected":false},"author":133,"featured_media":0,"parent":0,"menu_order":0,"comment_status":"closed","ping_status":"closed","template":"","meta":{"_expiration-date-status":"","_expiration-date":0,"_expiration-date-type":"","_expiration-date-categories":[],"_expiration-date-options":[]},"acf":[],"_links":{"self":[{"href":"https:\/\/us.edu.pl\/wydzial\/wns\/wp-json\/wp\/v2\/pages\/3775"}],"collection":[{"href":"https:\/\/us.edu.pl\/wydzial\/wns\/wp-json\/wp\/v2\/pages"}],"about":[{"href":"https:\/\/us.edu.pl\/wydzial\/wns\/wp-json\/wp\/v2\/types\/page"}],"author":[{"embeddable":true,"href":"https:\/\/us.edu.pl\/wydzial\/wns\/wp-json\/wp\/v2\/users\/133"}],"replies":[{"embeddable":true,"href":"https:\/\/us.edu.pl\/wydzial\/wns\/wp-json\/wp\/v2\/comments?post=3775"}],"version-history":[{"count":2,"href":"https:\/\/us.edu.pl\/wydzial\/wns\/wp-json\/wp\/v2\/pages\/3775\/revisions"}],"predecessor-version":[{"id":164372,"href":"https:\/\/us.edu.pl\/wydzial\/wns\/wp-json\/wp\/v2\/pages\/3775\/revisions\/164372"}],"wp:attachment":[{"href":"https:\/\/us.edu.pl\/wydzial\/wns\/wp-json\/wp\/v2\/media?parent=3775"}],"curies":[{"name":"wp","href":"https:\/\/api.w.org\/{rel}","templated":true}]}}