{"id":401,"date":"2019-10-15T09:34:02","date_gmt":"2019-10-15T07:34:02","guid":{"rendered":"https:\/\/us.edu.pl\/wydzial\/wns\/?page_id=401"},"modified":"2020-02-11T13:08:26","modified_gmt":"2020-02-11T12:08:26","slug":"towarzystwa-naukowe","status":"publish","type":"page","link":"https:\/\/us.edu.pl\/wydzial\/wns\/wspolpraca\/miedzynarodowa\/towarzystwa-naukowe\/","title":{"rendered":"Towarzystwa naukowe"},"content":{"rendered":"<p><strong><u>Towarzystwa i stowarzyszenia:<\/u><\/strong><\/p>\n<p>American Political Science Association<\/p>\n<p>Centrum Badania Opinii Spo\u0142ecznej, Rada CBOS<\/p>\n<p>European Communication Research and Education Association<\/p>\n<p>European Consortium for Political Research<\/p>\n<p>Fundacja Akedemicka IPSO ORDO<\/p>\n<p>Fundacja Rozwoju Systemu Edukacji<\/p>\n<p>Helsi\u0144ska Fundacja Praw Cz\u0142owieka<\/p>\n<p>Komitet Nauk Politycznych Polskiej Akademii Nauk<\/p>\n<p>Komitet Filozofii i Socjologii PAN O\/Katowice<\/p>\n<p>Korea Fundation<\/p>\n<p>Krajowa Izba Gospodarcza<\/p>\n<p>Lokalna Grupa Dzia\u0142ania Sandomierz<\/p>\n<p>Mi\u0119dzynarodowe Stowarzyszenie Socjolog\u00f3w J\u0119zyka Francuskiego (AISLF)<\/p>\n<p>Mi\u0119dzynarodowe Centrum Badan\u0301 S\u0301la\u0328skoznawczych<\/p>\n<p>Mi\u0119dzynarodowe Stowarzyszenie IATEFL Poland<\/p>\n<p>Mi\u0119dzynarodowe Stowarzyszenie Learning Teachers Network<\/p>\n<p>Mi\u0119dzynarodowe Stowarzyszenie Coachingowe ICI<\/p>\n<p>Narodowe Centrum Kultury, Regionalny Instytut Kultury w Katowicach<\/p>\n<p>Niemieckie Towarzystwo Medioznawcze \u2013 Deutsche Gesellschaft f\u00fcr Publizistik und Kommunikations- wissenschaft<\/p>\n<p>Obserwatorium Proces\u00f3w Miejskich i Metropolitalnych<\/p>\n<p>O\u015brodek Bada\u0144 nad Mediam przy Uniwersytecie Pedagogicznym w Krakowie<\/p>\n<p>Polska Komisja Akredytacyjna<\/p>\n<p>Polski Instytut Mediacji i Integracji Spo\u0142ecznej<\/p>\n<p>Polskie Towarzystwo Komunikacji Spo\u0142ecznej<\/p>\n<p>Polskie Towarzystwo Nauk Politycznych o\/Katowice<\/p>\n<p>Polskie Towarzystwo Bada\u0144 nad Filmem i Mediami<\/p>\n<p>Polskie Towarzystwo Marketingu Politycznego<\/p>\n<p>Polish Political Science<\/p>\n<p>Polskie Towarzystwo Nauk Politycznych<\/p>\n<p>Polskie Towarzystwo Socjologiczne<\/p>\n<p>Polskie Towarzystwo Ludoznawcze<\/p>\n<p>Polskie Towarzystwo Familiologiczne<\/p>\n<p>Polskie Radio Katowice<\/p>\n<p>Polska Akademia Nauk<\/p>\n<p>Polskie Towarzystwo Bezpiecze\u0144stwa Narodowego<\/p>\n<p>Rada Naukowa Instytutu Badan\u0301 Regionalnych Biblioteka \u015al\u0105ska<\/p>\n<p>Rada Naukowa Instytutu Statystyki Ko\u015bcio\u0142a Katolickiego<\/p>\n<p>Rada Spo\u0142eczna Episkopatu Polski<\/p>\n<p>Regional Studies Association<\/p>\n<p>Revue Internationale d\u2019Urbanisme<\/p>\n<p>Slovenska sociologicka spolocnost<\/p>\n<p>Sie\u0107 Obywatelska Watchdog Polska<\/p>\n<p>Stowarzyszenie Gerontolog\u00f3w Spo\u0142ecznych<\/p>\n<p>Stowarzyszenie Jaworznicki Uniwersytet Trzeciego Wieku<\/p>\n<p>Tarnobrzeskie Stowarzyszenie Na Rzecz Os\u00f3b Choruj\u0105cych Psychicznie \u201eOgniwo\u201d<\/p>\n<p>Towarzystwo Inicjatyw Naukowych<\/p>\n<p>Towarzystwo Inicjatyw Naukowych<\/p>\n<p>World Economic Association<\/p>\n<p>&nbsp;<\/p>\n<p>&nbsp;<\/p>\n<p><strong><u>Sieci<\/u><\/strong><\/p>\n<p>CEEPUS Network<\/p>\n<p>Metropolitalna Sie\u0107 Naukowa<\/p>\n<p>N-CORP<\/p>\n<p>Observatory on Local Autonomy (OLA)<\/p>\n<p>SOWOSEC (Social Work and Social Economy<\/p>","protected":false},"excerpt":{"rendered":"<p>Towarzystwa i stowarzyszenia: American Political Science Association Centrum Badania Opinii Spo\u0142ecznej, Rada CBOS European Communication Research and Education Association European Consortium for Political Research Fundacja Akedemicka IPSO ORDO Fundacja Rozwoju Systemu Edukacji Helsi\u0144ska Fundacja Praw Cz\u0142owieka Komitet Nauk Politycznych Polskiej Akademii Nauk Komitet Filozofii i Socjologii PAN O\/Katowice Korea Fundation Krajowa Izba Gospodarcza Lokalna Grupa [&#8230;]<\/p>\n<p><a class=\"btn btn-secondary understrap-read-more-link\" href=\"https:\/\/us.edu.pl\/wydzial\/wns\/wspolpraca\/miedzynarodowa\/towarzystwa-naukowe\/\">Read More&#8230;<\/a><\/p>\n","protected":false},"author":1,"featured_media":0,"parent":390,"menu_order":4,"comment_status":"closed","ping_status":"closed","template":"page-templates\/inner-page.php","meta":{"_expiration-date-status":"saved","_expiration-date":0,"_expiration-date-type":"","_expiration-date-categories":[],"_expiration-date-options":[]},"acf":[],"_links":{"self":[{"href":"https:\/\/us.edu.pl\/wydzial\/wns\/wp-json\/wp\/v2\/pages\/401"}],"collection":[{"href":"https:\/\/us.edu.pl\/wydzial\/wns\/wp-json\/wp\/v2\/pages"}],"about":[{"href":"https:\/\/us.edu.pl\/wydzial\/wns\/wp-json\/wp\/v2\/types\/page"}],"author":[{"embeddable":true,"href":"https:\/\/us.edu.pl\/wydzial\/wns\/wp-json\/wp\/v2\/users\/1"}],"replies":[{"embeddable":true,"href":"https:\/\/us.edu.pl\/wydzial\/wns\/wp-json\/wp\/v2\/comments?post=401"}],"version-history":[{"count":2,"href":"https:\/\/us.edu.pl\/wydzial\/wns\/wp-json\/wp\/v2\/pages\/401\/revisions"}],"predecessor-version":[{"id":1816,"href":"https:\/\/us.edu.pl\/wydzial\/wns\/wp-json\/wp\/v2\/pages\/401\/revisions\/1816"}],"up":[{"embeddable":true,"href":"https:\/\/us.edu.pl\/wydzial\/wns\/wp-json\/wp\/v2\/pages\/390"}],"wp:attachment":[{"href":"https:\/\/us.edu.pl\/wydzial\/wns\/wp-json\/wp\/v2\/media?parent=401"}],"curies":[{"name":"wp","href":"https:\/\/api.w.org\/{rel}","templated":true}]}}