{"id":440,"date":"2019-10-15T09:50:48","date_gmt":"2019-10-15T07:50:48","guid":{"rendered":"https:\/\/us.edu.pl\/wydzial\/wns\/?page_id=440"},"modified":"2022-05-24T16:18:25","modified_gmt":"2022-05-24T14:18:25","slug":"rzecznik-prasowy","status":"publish","type":"page","link":"https:\/\/us.edu.pl\/wydzial\/wns\/wspolpraca\/wspolpraca-z-mediami\/rzecznik-prasowy\/","title":{"rendered":"Rzecznik prasowy"},"content":{"rendered":"<p>[vc_row][vc_column]\r\n                <div class=\"text-modules reverse\">\r\n                    <div class=\"container\">\r\n                        <h3 class=\"section-title section-title_border-bottom\">Rzecznik prasowy <\/h3> \r\n                        <div class=\"row m-0\">\r\n                            <div class=\"text-modules__content\">\r\n                                <strong>W sprawach Uniwersytetu \u015al\u0105skiego w Katowicach prosz\u0119 kontaktowa\u0107 si\u0119 z Rzecznikiem U\u015a<\/strong><\/p>\n<p><strong>Rzecznik Prasowy <span style=\"text-decoration: underline;\">Uniwersytetu \u015al\u0105skiego w Katowicach<\/span><\/strong><\/p>\n<p><strong>Jacek Szymik-Kozaczko<br \/>\n<\/strong>e-mail:\u00a0<a href=\"mailto:rzecznik@us.edu.pl\">rzecznik@us.edu.pl<\/a><br \/>\ntel. 510 294 045<br \/>\ntel. 32 359 22 10<\/p>\n<p><strong>Ma\u0142gorzata Poszwa<br \/>\n<\/strong>e-mail: <a href=\"mailto:malgorzata.poszwa@us.edu.pl\">malgorzata.poszwa@us.edu.pl<\/a><strong><br \/>\n<\/strong>tel. 789 805 920<strong><br \/>\n<\/strong> \r\n                                <div class=\"mt-3\"><\/div>\r\n                            <\/div>\r\n                            \r\n                            \r\n                        <\/div>\r\n                    <\/div>\r\n                <\/div>[\/vc_column][\/vc_row]<\/p>","protected":false},"excerpt":{"rendered":"<p>[vc_row][vc_column][\/vc_column][\/vc_row] [&#8230;]<\/p>\n<p><a class=\"btn btn-secondary understrap-read-more-link\" href=\"https:\/\/us.edu.pl\/wydzial\/wns\/wspolpraca\/wspolpraca-z-mediami\/rzecznik-prasowy\/\">Read More&#8230;<\/a><\/p>\n","protected":false},"author":1,"featured_media":0,"parent":409,"menu_order":1,"comment_status":"closed","ping_status":"closed","template":"","meta":{"_expiration-date-status":"","_expiration-date":0,"_expiration-date-type":"","_expiration-date-categories":[],"_expiration-date-options":[]},"acf":[],"_links":{"self":[{"href":"https:\/\/us.edu.pl\/wydzial\/wns\/wp-json\/wp\/v2\/pages\/440"}],"collection":[{"href":"https:\/\/us.edu.pl\/wydzial\/wns\/wp-json\/wp\/v2\/pages"}],"about":[{"href":"https:\/\/us.edu.pl\/wydzial\/wns\/wp-json\/wp\/v2\/types\/page"}],"author":[{"embeddable":true,"href":"https:\/\/us.edu.pl\/wydzial\/wns\/wp-json\/wp\/v2\/users\/1"}],"replies":[{"embeddable":true,"href":"https:\/\/us.edu.pl\/wydzial\/wns\/wp-json\/wp\/v2\/comments?post=440"}],"version-history":[{"count":10,"href":"https:\/\/us.edu.pl\/wydzial\/wns\/wp-json\/wp\/v2\/pages\/440\/revisions"}],"predecessor-version":[{"id":9634,"href":"https:\/\/us.edu.pl\/wydzial\/wns\/wp-json\/wp\/v2\/pages\/440\/revisions\/9634"}],"up":[{"embeddable":true,"href":"https:\/\/us.edu.pl\/wydzial\/wns\/wp-json\/wp\/v2\/pages\/409"}],"wp:attachment":[{"href":"https:\/\/us.edu.pl\/wydzial\/wns\/wp-json\/wp\/v2\/media?parent=440"}],"curies":[{"name":"wp","href":"https:\/\/api.w.org\/{rel}","templated":true}]}}