{"id":502,"date":"2019-10-15T11:49:23","date_gmt":"2019-10-15T09:49:23","guid":{"rendered":"https:\/\/us.edu.pl\/wydzial\/wns\/?page_id=502"},"modified":"2019-10-15T12:48:11","modified_gmt":"2019-10-15T10:48:11","slug":"doktorzy-honoris-causa","status":"publish","type":"page","link":"https:\/\/us.edu.pl\/wydzial\/wns\/wydzial\/sukcesy\/doktorzy-honoris-causa\/","title":{"rendered":"Doktorzy Honoris Causa"},"content":{"rendered":"<p>[vc_row][vc_column]\r\n                <div class=\"text-modules reverse\">\r\n                    <div class=\"container\">\r\n                        <h3 class=\"section-title section-title_border-bottom\">DOKTORZY HONORIS CAUSA<\/h3> <h3 class=\"subtitle text-modules__subtitle\">dr Edmund Jan OSMA\u0143CZYK<\/h3>\r\n                        <div class=\"row m-0\">\r\n                            <div class=\"text-modules__content\">\r\n                                promocja:\u00a002.10.1975<\/p>\n<p>Doktor nauk politycznych, pisarz, dziennikarz, publicysta, korespondent zagraniczny\u00a0\u2013 m.in. obs\u0142uguj\u0105cy Konferencj\u0119 Poczdamsk\u0105 i proces norymberski \u2013 i dyplomatyczny w ONZ, USA i Ameryce \u0141aci\u0144skiej. Dzia\u0142acz polityczny, pose\u0142 Ziemi Opolskiej (1952\u20131961, 1969\u20131984), cz\u0142onek Rady Pa\u0144stwa (1979\u20131980), prezes Stowarzyszenia Autor\u00f3w ZAiKS (1983\u20131988), autor\u00a0<em>Encyklopedii stosunk\u00f3w mi\u0119dzynarodowych i ONZ<\/em>. Doktor honoris causa Uniwersytetu Wroc\u0142awskiego (1988). \r\n                                <div class=\"mt-3\"><\/div>\r\n                            <\/div>\r\n                            \r\n                            <div class=\"text-modules__img\"><img src=\"https:\/\/us.edu.pl\/wydzial\/wns\/wp-content\/uploads\/sites\/17\/doktorzy-honoris-causa\/dr_Edmund_Jan_Osma\u0144czyk_\u0179r\u00f3d\u0142o_materia\u0142y_z_Archiwum_Uniwersytetu_\u015al\u0105skiego_Fragment_zdj\u0119cia_sygn.2223615.jpg\" alt=\"img\"><\/div>\r\n                        <\/div>\r\n                    <\/div>\r\n                <\/div>\r\n                <div class=\"text-modules reverse\">\r\n                    <div class=\"container\">\r\n                         <h3 class=\"subtitle text-modules__subtitle\">prof. dr hab. Kazimierz POPIO\u0141EK<\/h3>\r\n                        <div class=\"row m-0\">\r\n                            <div class=\"text-modules__content\">\r\n                                promocja:\u00a001.10.1977<\/p>\n<p>Historyk, wsp\u00f3\u0142organizator i pierwszy rektor Uniwersytetu \u015al\u0105skiego (1968\u20131972), profesor Uniwersytetu Wroc\u0142awskiego (1955\u20131964) i\u00a0Uniwersytetu Jagiello\u0144skiego. Badacz dziej\u00f3w nowo\u017cytnych i najnowszych \u015al\u0105ska. \r\n                                <div class=\"mt-3\"><\/div>\r\n                            <\/div>\r\n                            \r\n                            <div class=\"text-modules__img\"><img src=\"https:\/\/us.edu.pl\/wydzial\/wns\/wp-content\/uploads\/sites\/17\/Nieprzypisane\/prof._dr_hab._Kazimierz_Popio\u0142ek_\u0179r\u00f3d\u0142o_materia\u0142y_z_Archiwum_Uniwersytetu_\u015al\u0105skiego_Fragment_zdj\u0119cia_sygn.2223699.jpg\" alt=\"img\"><\/div>\r\n                        <\/div>\r\n                    <\/div>\r\n                <\/div>\r\n                <div class=\"text-modules reverse\">\r\n                    <div class=\"container\">\r\n                         <h3 class=\"subtitle text-modules__subtitle\">genera\u0142 brygady Jerzy ZI\u0118TEK<\/h3>\r\n                        <div class=\"row m-0\">\r\n                            <div class=\"text-modules__content\">\r\n                                promocja:\u00a001.10.1977<\/p>\n<p>Wojewoda \u015al\u0105ski (1945, 1973\u20131975), przewodnicz\u0105cy Wojew\u00f3dzkiej Rady Narodowej w Katowicach. Uczestnik powsta\u0144 \u015bl\u0105skich, dzia\u0142acz ruchu robotniczego, pose\u0142 na Sejm. \r\n                                <div class=\"mt-3\"><\/div>\r\n                            <\/div>\r\n                            \r\n                            <div class=\"text-modules__img\"><img src=\"https:\/\/us.edu.pl\/wydzial\/wns\/wp-content\/uploads\/sites\/17\/Nieprzypisane\/genera\u0142_brygady_Jerzy_Zi\u0119tek_\u0179r\u00f3d\u0142o_materia\u0142y_z_Archiwum_Uniwersytetu_\u015al\u0105skiego_Fragment_zdj\u0119cia_sygn.2223699.jpg\" alt=\"img\"><\/div>\r\n                        <\/div>\r\n                    <\/div>\r\n                <\/div>\r\n                <div class=\"text-modules reverse\">\r\n                    <div class=\"container\">\r\n                         <h3 class=\"subtitle text-modules__subtitle\">prof. dr hab. Bogdan SUCHODOLSKI<\/h3>\r\n                        <div class=\"row m-0\">\r\n                            <div class=\"text-modules__content\">\r\n                                promocja:\u00a009.10.1978<\/p>\n<p>Filozof, historyk nauki i kultury, pedagog Uniwersytetu we Lwowie, Uniwersytetu Warszawskiego (1946\u20131968). Cz\u0142onek PAU, cz\u0142onek i cz\u0142onek rzeczywisty PAN-u, cz\u0142onek Akademii Historii Nauki w Pary\u017cu oraz wielu towarzystw naukowych polskich i zagranicznych, m.in. Mi\u0119dzynarodowej Akademii Nauki (AJHS), Mi\u0119dzynarodowego Towarzystwa Nauk Pedagogicznych (AISE)\u00a0\u2013 w latach 1969\u20131973 jego przewodnicz\u0105cy, cz\u0142onek i wsp\u00f3\u0142za\u0142o\u017cyciel Europejskiego Towarzystwa Pedagogiki Por\u00f3wnawczej (CESE).\u00a0Doktor honoris causa Uniwersytetu w Berlinie, Uniwersytetu im. \u0141omonosowa w Moskwie, Uniwersytetu w Padwie, Uniwersytetu Warszawskiego, Akademii Nauk Pedagogicznych w Berlinie, Wy\u017cszej Szko\u0142y Pedagogicznej w Opolu. \r\n                                <div class=\"mt-3\"><\/div>\r\n                            <\/div>\r\n                            \r\n                            <div class=\"text-modules__img\"><img src=\"https:\/\/us.edu.pl\/wydzial\/wns\/wp-content\/uploads\/sites\/17\/doktorzy-honoris-causa\/prof._dr_hab._Bogdan_Suchodolski_\u0179r\u00f3d\u0142o_Archiwum_Uniwersytetu_\u015al\u0105skiego_Fragment_zdj\u0119cia_sygn.22236155.jpg\" alt=\"img\"><\/div>\r\n                        <\/div>\r\n                    <\/div>\r\n                <\/div>\r\n                <div class=\"text-modules reverse\">\r\n                    <div class=\"container\">\r\n                         <h3 class=\"subtitle text-modules__subtitle\">prof. dr hab. Jan SZCZEPA\u0143SKI<\/h3>\r\n                        <div class=\"row m-0\">\r\n                            <div class=\"text-modules__content\">\r\n                                promocja:\u00a007.10.1985<\/p>\n<p>Humanista, socjolog, profesor i rektor (1952\u20131956) Uniwersytetu \u0141\u00f3dzkiego. Od 1964 cz\u0142onek rzeczywisty i wiceprezes PAN-u, dyrektor IFiS PAN-u. Prezydent Mi\u0119dzynarodowego Stowarzyszenia Socjcologicznego (ISA, 1966\u20131970),\u00a0przewodnicz\u0105cy Komisji Ekspert\u00f3w do Przygotowania Raportu o Stanie O\u015bwiaty. Cz\u0142onek zagraniczny Fi\u0144skiej Akademii Nauk i Literatury, cz\u0142onek honorowy American Academy of Art and Sciences, National Academy of Education (USA). Pose\u0142 na Sejm II, VI, VII, VIII kadencji. Doktor honoris causa Uniwersytetu w Brnie (1966), Uniwersytetu \u0141\u00f3dzkiego (1973), Uniwersytetu Warszawskiego (1979), Uniwersytetu Kartezjusza w Pary\u017cu. \r\n                                <div class=\"mt-3\"><\/div>\r\n                            <\/div>\r\n                            \r\n                            <div class=\"text-modules__img\"><img src=\"https:\/\/us.edu.pl\/wydzial\/wns\/wp-content\/uploads\/sites\/17\/doktorzy-honoris-causa\/prof._dr_hab._Jan_Szczepa\u0144ski_\u0179r\u00f3d\u0142o_materia\u0142y_z_Archiwum_Uniwersytetu_\u015al\u0105skiego_Fragment_zdj\u0119cia_9485346.jpg\" alt=\"img\"><\/div>\r\n                        <\/div>\r\n                    <\/div>\r\n                <\/div>\r\n                <div class=\"text-modules reverse\">\r\n                    <div class=\"container\">\r\n                         <h3 class=\"subtitle text-modules__subtitle\">prof. Richard PIPES<\/h3>\r\n                        <div class=\"row m-0\">\r\n                            <div class=\"text-modules__content\">\r\n                                promocja:\u00a019.05.1994<\/p>\n<p>Historyk, politolog, filozof,\u00a0znawca historii Rosji,\u00a0profesor Uniwersytetu Harvard, dyrektor Centrum Bada\u0144 nad Rosj\u0105, przewodnicz\u0105cy Rady do Spraw Stosunk\u00f3w Ameryka\u0144sko-Sowieckich. Cz\u0142onek Ameryka\u0144skiej Akademii Sztuk i Nauki. Doktor honoris causa Muskingam College i Adelphi College. \r\n                                <div class=\"mt-3\"><\/div>\r\n                            <\/div>\r\n                            \r\n                            <div class=\"text-modules__img\"><img src=\"https:\/\/us.edu.pl\/wydzial\/wns\/wp-content\/uploads\/sites\/17\/doktorzy-honoris-causa\/prof._Richard_Pipes_\u0179r\u00f3d\u0142o_materia\u0142y_z_Archiwum_Uniwersytetu_\u015al\u0105skiego_Fragment_zdj\u0119cia_94832162.jpg\" alt=\"img\"><\/div>\r\n                        <\/div>\r\n                    <\/div>\r\n                <\/div>\r\n                <div class=\"text-modules reverse\">\r\n                    <div class=\"container\">\r\n                         <h3 class=\"subtitle text-modules__subtitle\">prof. Pierre SADRAN<\/h3>\r\n                        <div class=\"row m-0\">\r\n                            <div class=\"text-modules__content\">\r\n                                promocja:\u00a003.11.1994<\/p>\n<p>Prawnik, politolog, specjalista nauk o administracji. Dyrektor Institut d&#8217;Etudes Politiques w Bordeaux, profesor Wydzia\u0142u Prawa Uniwersytetu w Bordeaux. Cz\u0142onek Conseil d&#8217;Administration de la Fondation Nationale des Sciences Politiques, cz\u0142onek Conseil National des Elus Locaux. Inicjator powstania i przewodnicz\u0105cy Rady Naukowej Mi\u0119dzynarodowej Szko\u0142y Nauk Politycznych Uniwersytetu \u015al\u0105skiego. \r\n                                <div class=\"mt-3\"><\/div>\r\n                            <\/div>\r\n                            \r\n                            <div class=\"text-modules__img\"><img src=\"https:\/\/us.edu.pl\/wydzial\/wns\/wp-content\/uploads\/sites\/17\/doktorzy-honoris-causa\/prof._Pierre_Sadran_\u0179r\u00f3d\u0142o_materia\u0142y_z_Archiwum_Uniwersytetu_\u015al\u0105skiego_Fragment_zdj\u0119cia_94856153.jpg\" alt=\"img\"><\/div>\r\n                        <\/div>\r\n                    <\/div>\r\n                <\/div>\r\n                <div class=\"text-modules reverse\">\r\n                    <div class=\"container\">\r\n                         <h3 class=\"subtitle text-modules__subtitle\">hrabia Jacques de CHALENDAR<\/h3>\r\n                        <div class=\"row m-0\">\r\n                            <div class=\"text-modules__content\">\r\n                                promocja:\u00a010.12.1996<\/p>\n<p>Prawnik, politolog, Inspektor Generalny Finans\u00f3w Republiki Francuskiej (1973\u20131989), doradca Ministra Edukacji Narodowej (1968\u20131969), cz\u0142onek kilku gabinet\u00f3w (1944\u20131969), Administrator Francuskiego Czerwonego Krzy\u017ca (1979\u20131990), przewodnicz\u0105cy Stowarzyszenia na Rzecz Rozwoju Wymiany Technologii Gospodarczych i Finans\u00f3w (ADETEF, 1984\u20131989), prezydent Fundacji France-Pologne (od 1989 r.). Autor ksi\u0105\u017cek o tematyce naukowej, o rozwoju demokracji lokalnych, odznaczony najwy\u017cszymi orderami Francji (m.in. Komandori\u0105 Legii Honorowej) i Polski. \r\n                                <div class=\"mt-3\"><\/div>\r\n                            <\/div>\r\n                            \r\n                            <div class=\"text-modules__img\"><img src=\"https:\/\/us.edu.pl\/wydzial\/wns\/wp-content\/uploads\/sites\/17\/Nieprzypisane\/hrabia_Jacques_de_Chalendar_\u0179r\u00f3d\u0142o_materia\u0142y_z_Archiwum_Uniwersytetu_\u015al\u0105skiego_Fragment_zdj\u0119cia_94891118.jpg\" alt=\"img\"><\/div>\r\n                        <\/div>\r\n                    <\/div>\r\n                <\/div>\r\n                <div class=\"text-modules reverse\">\r\n                    <div class=\"container\">\r\n                         <h3 class=\"subtitle text-modules__subtitle\">Ryszard KAPU\u015aCI\u0143SKI<\/h3>\r\n                        <div class=\"row m-0\">\r\n                            <div class=\"text-modules__content\">\r\n                                promocja:\u00a017.10.1997<\/p>\n<p>Pisarz, dziennikarz, reporter i publicysta. Autor ksi\u0105\u017cek t\u0142umaczonych na wiele j\u0119zyk\u00f3w (<em>Cesarz<\/em>,\u00a0<em>Chrystus z karabinem na ramieniu<\/em>,\u00a0<em>Czarne gwiazdy<\/em>,\u00a0<em>Imperium<\/em>,\u00a0<em>Lapidaria I &#8211; III<\/em>,\u00a0<em>Szachinszach<\/em>,\u00a0<em>Wojna futbolowa\u00a0<\/em>i in.), mistrz reporta\u017cu, zwi\u0105zany z wieloma \u015brodowiskami uniwersyteckimi w\u00a0Bonn, Canberri, Cape Town, Caracas, Columbii, Filadelfii, Harvardzie, Irkucku, Londynie, San Sebastian, Vancouver. Stypendysta Oxfordu (St. Anthony\u2019s College) i DAAD. \r\n                                <div class=\"mt-3\"><\/div>\r\n                            <\/div>\r\n                            \r\n                            <div class=\"text-modules__img\"><img src=\"https:\/\/us.edu.pl\/wydzial\/wns\/wp-content\/uploads\/sites\/17\/doktorzy-honoris-causa\/Ryszard_Kapu\u015bci\u0144ski_\u017ar\u00f3d\u0142o_Archiwum_Gazety_Uniwersyteckiej_U\u015a_fragment_zdj\u0119cia.jpg\" alt=\"img\"><\/div>\r\n                        <\/div>\r\n                    <\/div>\r\n                <\/div>\r\n                <div class=\"text-modules reverse\">\r\n                    <div class=\"container\">\r\n                         <h3 class=\"subtitle text-modules__subtitle\">Ksi\u0105dz profesor Micha\u0142 HELLER<\/h3>\r\n                        <div class=\"row m-0\">\r\n                            <div class=\"text-modules__content\">\r\n                                promocja:\u00a011.03.2015<\/p>\n<p>Ksi\u0105dz profesor Micha\u0142 Heller jest laureatem nagrody J. Templetona, cz\u0142onkiem: Papieskiej Akademii Nauk, Obserwatorium Watyka\u0144skiego, European Society for the Study of Science and Theology, The Center for Theology and the Natural Sciences, European Physical Society, International Astronomical Union, International Society for General Relativity and Gravitation, International Society for Science and Religion, Polskiej Akademii Umiej\u0119tno\u015bci, Towarzystwa Astronomicznego i Towarzystwa Teologicznego, Kawalerem Orderu Or\u0142a Bia\u0142ego i Krzy\u017ca Komandorskiego Odrodzenia Polski, dyrektorem i za\u0142o\u017cycielem Centrum Kopernika Bada\u0144 Interdyscyplinarnych w Krakowie, cz\u0142owiekiem skromnym i pokornym o wielkiej pogodzie ducha i \u017cyczliwo\u015bci dla \u015bwiata i innych. \r\n                                <div class=\"mt-3\"><\/div>\r\n                            <\/div>\r\n                            \r\n                            <div class=\"text-modules__img\"><img src=\"https:\/\/us.edu.pl\/wydzial\/wns\/wp-content\/uploads\/sites\/17\/doktorzy-honoris-causa\/Ks._prof._Micha\u0142_Heller_Fot_Julia_Agnieszka_Szymala.jpg\" alt=\"img\"><\/div>\r\n                        <\/div>\r\n                    <\/div>\r\n                <\/div>\r\n                <div class=\"text-modules reverse\">\r\n                    <div class=\"container\">\r\n                         <h3 class=\"subtitle text-modules__subtitle\">Profesor Jerzy MIKU\u0141OWSKI POMORSKI<\/h3>\r\n                        <div class=\"row m-0\">\r\n                            <div class=\"text-modules__content\">\r\n                                promocja:\u00a015.11.2017<\/p>\n<p>Prof. Jerzy Miku\u0142owski Pomorski jest wybitnym uczonym, cenionym w Polsce i na \u015bwiecie medioznawc\u0105 i komunikologiem, autorem licznych prac z zakresu socjologii kultury, socjologii stosunk\u00f3w mi\u0119dzynarodowych, komunikacji mi\u0119dzykulturowej i komunikacji medialnej, ekspertem UNESCO i cz\u0142onkiem wielu organizacji mi\u0119dzynarodowych, cz\u0142onkiem honorowym Polskiego Towarzystwa Komunikacji Spo\u0142ecznej. \r\n                                <div class=\"mt-3\"><\/div>\r\n                            <\/div>\r\n                            \r\n                            <div class=\"text-modules__img\"><img src=\"https:\/\/us.edu.pl\/wydzial\/wns\/wp-content\/uploads\/sites\/17\/Nieprzypisane\/prof._Jerzy_Miku\u0142owski_Pomorski_Fot_Julia_Agnieszka_Szymala.jpg\" alt=\"img\"><\/div>\r\n                        <\/div>\r\n                    <\/div>\r\n                <\/div>[\/vc_column][\/vc_row]<\/p>","protected":false},"excerpt":{"rendered":"<p>[vc_row][vc_column][\/vc_column][\/vc_row] [&#8230;]<\/p>\n<p><a class=\"btn btn-secondary understrap-read-more-link\" href=\"https:\/\/us.edu.pl\/wydzial\/wns\/wydzial\/sukcesy\/doktorzy-honoris-causa\/\">Read More&#8230;<\/a><\/p>\n","protected":false},"author":1,"featured_media":0,"parent":312,"menu_order":1,"comment_status":"closed","ping_status":"closed","template":"","meta":{"_expiration-date-status":"","_expiration-date":0,"_expiration-date-type":"","_expiration-date-categories":[],"_expiration-date-options":[]},"acf":[],"_links":{"self":[{"href":"https:\/\/us.edu.pl\/wydzial\/wns\/wp-json\/wp\/v2\/pages\/502"}],"collection":[{"href":"https:\/\/us.edu.pl\/wydzial\/wns\/wp-json\/wp\/v2\/pages"}],"about":[{"href":"https:\/\/us.edu.pl\/wydzial\/wns\/wp-json\/wp\/v2\/types\/page"}],"author":[{"embeddable":true,"href":"https:\/\/us.edu.pl\/wydzial\/wns\/wp-json\/wp\/v2\/users\/1"}],"replies":[{"embeddable":true,"href":"https:\/\/us.edu.pl\/wydzial\/wns\/wp-json\/wp\/v2\/comments?post=502"}],"version-history":[{"count":4,"href":"https:\/\/us.edu.pl\/wydzial\/wns\/wp-json\/wp\/v2\/pages\/502\/revisions"}],"predecessor-version":[{"id":527,"href":"https:\/\/us.edu.pl\/wydzial\/wns\/wp-json\/wp\/v2\/pages\/502\/revisions\/527"}],"up":[{"embeddable":true,"href":"https:\/\/us.edu.pl\/wydzial\/wns\/wp-json\/wp\/v2\/pages\/312"}],"wp:attachment":[{"href":"https:\/\/us.edu.pl\/wydzial\/wns\/wp-json\/wp\/v2\/media?parent=502"}],"curies":[{"name":"wp","href":"https:\/\/api.w.org\/{rel}","templated":true}]}}