{"id":5875,"date":"2021-08-25T09:57:00","date_gmt":"2021-08-25T07:57:00","guid":{"rendered":"https:\/\/us.edu.pl\/wydzial\/wns\/?page_id=5875"},"modified":"2021-08-25T09:57:00","modified_gmt":"2021-08-25T07:57:00","slug":"bezpieczenstwo-narodowe-i-miedzynarodowe","status":"publish","type":"page","link":"https:\/\/us.edu.pl\/wydzial\/wns\/studiuj\/kierunki-studiow\/bezpieczenstwo-narodowe-i-miedzynarodowe\/","title":{"rendered":"Bezpiecze\u0144stwo narodowe i mi\u0119dzynarodowe"},"content":{"rendered":"<p>[vc_row][vc_column][\/vc_column][\/vc_row][vc_row][vc_column]\r\n                <div class=\"text-modules\">\r\n                    <div class=\"container\">\r\n                        <h3 class=\"page-title text__title\">Bezpiecze\u0144stwo narodowe i mi\u0119dzynarodowe, studia I stopnia<\/h3>\r\n                        <div class=\"text-modules__content\"><p>Program studi\u00f3w Bezpiecze\u0144stwo Narodowe i Mi\u0119dzynarodowe jest wyrazem interdyscyplinarnego podej\u015bcia do problematyki bezpiecze\u0144stwa. \u00a0Profil studi\u00f3w ma charakter og\u00f3lnoakademicki.<\/p>\n<p>Jego g\u0142\u00f3wnym celem jest przygotowanie studenta do pracy w organizacjach, instytucjach i s\u0142u\u017cbach zajmuj\u0105cych si\u0119 szeroko poj\u0119tym bezpiecze\u0144stwem, obejmuj\u0105cym aspekty tak wewn\u0119trzne, narodowe jak i mi\u0119dzynarodowe. Jednocze\u015bnie zapewnia absolwentom podstawow\u0105 wiedz\u0119 i umiej\u0119tno\u015bci z zakresu nauk politycznych i stosunk\u00f3w mi\u0119dzynarodowych, co ma istotne znaczenie w kontek\u015bcie dynamiki wsp\u00f3\u0142czesnych zagro\u017ce\u0144 dla bezpiecze\u0144stwa narodowego i mi\u0119dzynarodowego. Uzyskane przez absolwent\u00f3w umiej\u0119tno\u015bci, dzi\u0119ki po\u0142\u0105czeniu aspekt\u00f3w teoretycznych i praktycznych, powinny zapewni\u0107 wielowymiarowe przygotowanie do pe\u0142nionych w przysz\u0142o\u015bci obowi\u0105zk\u00f3w\u00a0 w ramach pracy zawodowej. Za przygotowanie teoretyczne odpowiadaj\u0105 w g\u0142\u00f3wnej mierze pracownicy naukowo-dydaktyczni Instytutu Nauk Politycznych i Dziennikarstwa U\u015a, w tym badacze z zakresu stosunk\u00f3w mi\u0119dzynarodowych oraz bezpiecze\u0144stwa narodowego i mi\u0119dzynarodowego. Wymiar praktyczny realizowany jest natomiast przez specjalist\u00f3w z zakresu prawa karnego, psychologii, si\u0142 zbrojnych, s\u0142u\u017cb specjalnych a tak\u017ce innych s\u0142u\u017cb mundurowych. Przy realizacji programu kszta\u0142cenia na kierunku BNiM Wydzia\u0142 Nauk Spo\u0142ecznych Uniwersytetu \u015al\u0105skiego wsp\u00f3\u0142pracuje z wieloma instytucjami.<\/p>\n<p>Celem studi\u00f3w I stopnia na kierunku Bezpiecze\u0144stwo Narodowe i Mi\u0119dzynarodowe jest wykszta\u0142cenie u absolwent\u00f3w umiej\u0119tno\u015bci trafnego identyfikowania zagro\u017ce\u0144 dla szeroko poj\u0119tego bezpiecze\u0144stwa, a tak\u017ce w\u0142a\u015bciwego wyboru \u015brodk\u00f3w w celu ich eliminowania b\u0105d\u017a ograniczania, tak z perspektywy uwarunkowa\u0144 wewn\u0119trznych poszczeg\u00f3lnych pa\u0144stw (bezpiecze\u0144stwo wewn\u0119trzne), jak i ewolucji bli\u017cszego lub dalszego \u015brodowiska mi\u0119dzynarodowego (bezpiecze\u0144stwo zewn\u0119trzne). Bezpiecze\u0144stwo narodowe ma dwa wymiary: wewn\u0119trzne i zewn\u0119trzne. W ramach bezpiecze\u0144stwa wewn\u0119trznego chodzi nie tylko o ukazanie roli s\u0142u\u017cb mundurowych w gwarantowaniu konstytucyjnego porz\u0105dku pa\u0144stwa, ale r\u00f3wnie\u017c o przyswojenie podstawowej wiedzy z zakresu wszystkich dziedzin bezpiecze\u0144stwa pa\u0144stwa:\u00a0 politycznego, ekonomicznego, spo\u0142ecznego (w tym socjalnego) czy bezpiecze\u0144stwa kulturowego. Drugim wymiarem bezpiecze\u0144stwa narodowego eksponowanym w ramach kierunku jest bezpiecze\u0144stwo zewn\u0119trzne, ujmowane w kontek\u015bcie zjawisk i proces\u00f3w wyst\u0119puj\u0105cych w \u015brodowisku mi\u0119dzynarodowym. Celem bezpiecze\u0144stwa zewn\u0119trznego jest rozpoznawanie zagro\u017ce\u0144 dla bezpiecze\u0144stwa danego pa\u0144stwa i przeciwdzia\u0142anie im za pomoc\u0105 instrument\u00f3w tak unilateralnych, jak i we wsp\u00f3\u0142pracy z innymi uczestnikami stosunk\u00f3w mi\u0119dzynarodowych, we wszystkich ich p\u0142aszczyznach: politycznej, militarnej (wojskowej), gospodarczej i kulturowej. Analizowane b\u0119d\u0105 wymiary subregionalny, regionalny i globalny. Je\u015bli przedmiotem studi\u00f3w jest bezpiecze\u0144stwo pewnej zbiorowo\u015bci pa\u0144stw, to w\u00f3wczas zasadne jest stosowanie terminu \u201ebezpiecze\u0144stwo mi\u0119dzynarodowe\u201d. Wieloaspektowe uj\u0119cie bezpiecze\u0144stwa w ramach kierunku ma zatem na celu wykszta\u0142cenie u absolwent\u00f3w wiedzy, umiej\u0119tno\u015bci i kompetencji przydatnych do rozumienia specyfiki oraz zwalczania wsp\u00f3\u0142czesnych zagro\u017ce\u0144 dla bezpiecze\u0144stwa cz\u0142owieka i jego zbiorowo\u015bci w r\u00f3\u017cnych sferach oraz regionach i kr\u0119gach cywilizacyjnych.<\/p>\n<p>Absolwent studi\u00f3w I stopnia Bezpiecze\u0144stwo Narodowe i Mi\u0119dzynarodowe posiada wiedz\u0119 na temat podstawowych proces\u00f3w politycznych w wymiarze wewn\u0119trznym i mi\u0119dzynarodowym, w tym m.in. systemu politycznego RP, wsp\u00f3\u0142czesnych system\u00f3w politycznych kraj\u00f3w Europy Zachodniej i Wschodniej, historii politycznej Europy i \u015bwiata czy najnowszej historii Polski. Posiada umiej\u0119tno\u015b\u0107 rozpoznawania i analizowania zagro\u017ce\u0144 dla bezpiecze\u0144stwa narodowego i mi\u0119dzynarodowego, w oparciu o uzyskan\u0105 wiedz\u0119 teoretyczn\u0105 (teoria bezpiecze\u0144stwa, strategie bezpiecze\u0144stwa narodowego i mi\u0119dzynarodowego mocarstw, wst\u0119p do studi\u00f3w strategicznych, prawo wojny i konflikt\u00f3w zbrojnych), jak i praktyczn\u0105 (konflikty zbrojne i spory mi\u0119dzynarodowe w okresie pozimnowojennym, rola si\u0142 zbrojnych w systemie bezpiecze\u0144stwa pa\u0144stwa, s\u0142u\u017cby specjalne w systemie bezpiecze\u0144stwa pa\u0144stwa, przest\u0119pczo\u015b\u0107 transnarodowa i sposoby jej zwalczania). Zna specyfik\u0119 polityk bezpiecze\u0144stwa wybranych podmiot\u00f3w mi\u0119dzynarodowych (nie tylko Polski, ale tak\u017ce wybranych pa\u0144stw europejskich i pozaeuropejskich). Absolwent Bezpiecze\u0144stwa Narodowego i Mi\u0119dzynarodowego rozpoznaje i rozumie istot\u0119 radykalnych ideologii jako wyzwania dla cz\u0142onk\u00f3w spo\u0142eczno\u015bci mi\u0119dzynarodowej (radykalne doktryny polityczne, fundamentalizm islamski, terroryzm jako zagro\u017cenie dla bezpiecze\u0144stwa narodowego i mi\u0119dzynarodowego, cywilizacyjne i kulturowe aspekty bezpiecze\u0144stwa), jak i zna praktyczne sposoby ich zwalczania (metody i techniki operacyjne si\u0142 specjalnych w Polsce i na \u015bwiecie, Stra\u017c Graniczna jako komponent systemu bezpiecze\u0144stwa pa\u0144stwa, zwalczanie przest\u0119pczo\u015bci zorganizowanej, system wi\u0119ziennictwa). Absolwent jest przygotowany do podj\u0119cia pracy zawodowej a tak\u017ce kontynuowania nauki na studiach II stopnia. Absolwenci studi\u00f3w pierwszego stopnia Bezpiecze\u0144stwo Narodowe i Mi\u0119dzynarodowe mog\u0105 uzyska\u0107 dodatkowe wykszta\u0142cenie z zakresu bezpiecze\u0144stwa i stosunk\u00f3w mi\u0119dzynarodowych w ramach studi\u00f3w II stopnia w Instytucie Nauk Politycznych i Dziennikarstwa na kierunku politologia (specjalno\u015b\u0107: wsp\u00f3\u0142czesne stosunki mi\u0119dzynarodowe).<\/p>\n<p>Studia I stopnia Bezpiecze\u0144stwo Narodowe i Mi\u0119dzynarodowe w Instytucie Nauk Politycznych i Dziennikarstwa Wydzia\u0142u Nauk Spo\u0142ecznych Uniwersytetu \u015al\u0105skiego maj\u0105 na celu przygotowanie absolwent\u00f3w do pracy w:<\/p>\n<ul>\n<li>w organizacjach rz\u0105dowych i pozarz\u0105dowych, kt\u00f3rych dzia\u0142alno\u015b\u0107 obejmuje sfer\u0119 bezpiecze\u0144stwa narodowego i mi\u0119dzynarodowego,<\/li>\n<li>w szeroko poj\u0119tych s\u0142u\u017cbach mundurowych (takich jak: policja, Agencja Bezpiecze\u0144stwa Wewn\u0119trznego, Agencja Wywiadu, Stra\u017c Graniczna czy Wojsko Polskie)<\/li>\n<li>w administracji publicznej r\u00f3\u017cnego szczebla (lokalnego, wojew\u00f3dzkiego, pa\u0144stwowego), w kom\u00f3rkach zajmuj\u0105cych si\u0119 bezpiecze\u0144stwem narodowym,<\/li>\n<li>samorz\u0105dzie lokalnym i regionalnym,<\/li>\n<li>w partiach politycznych,<\/li>\n<li>w przedsi\u0119biorstwach dzia\u0142aj\u0105cych na rynkach mi\u0119dzynarodowych,<\/li>\n<li>w szeroko poj\u0119tych \u015brodkach masowego przekazu, w zakresie bezpiecze\u0144stwa narodowego i mi\u0119dzynarodowego,<\/li>\n<li>w o\u015brodkach badawczych zajmuj\u0105cych si\u0119 problematyk\u0105 szeroko rozumianego bezpiecze\u0144stwa (politycznego, militarnego, gospodarczego, kulturowego, informacyjnego, w tym teleinformatycznego),<\/li>\n<li>zespo\u0142ach reagowania kryzysowego.<\/li>\n<\/ul>\n<p>\n<\/div>\r\n                    <\/div>\r\n                <\/div>[\/vc_column][\/vc_row]<\/p>","protected":false},"excerpt":{"rendered":"<p>[vc_row][vc_column][\/vc_column][\/vc_row][vc_row][vc_column][\/vc_column][\/vc_row] [&#8230;]<\/p>\n<p><a class=\"btn btn-secondary understrap-read-more-link\" href=\"https:\/\/us.edu.pl\/wydzial\/wns\/studiuj\/kierunki-studiow\/bezpieczenstwo-narodowe-i-miedzynarodowe\/\">Read More&#8230;<\/a><\/p>\n","protected":false},"author":134,"featured_media":0,"parent":419,"menu_order":0,"comment_status":"closed","ping_status":"closed","template":"","meta":{"_expiration-date-status":"saved","_expiration-date":0,"_expiration-date-type":"","_expiration-date-categories":[],"_expiration-date-options":[]},"acf":[],"_links":{"self":[{"href":"https:\/\/us.edu.pl\/wydzial\/wns\/wp-json\/wp\/v2\/pages\/5875"}],"collection":[{"href":"https:\/\/us.edu.pl\/wydzial\/wns\/wp-json\/wp\/v2\/pages"}],"about":[{"href":"https:\/\/us.edu.pl\/wydzial\/wns\/wp-json\/wp\/v2\/types\/page"}],"author":[{"embeddable":true,"href":"https:\/\/us.edu.pl\/wydzial\/wns\/wp-json\/wp\/v2\/users\/134"}],"replies":[{"embeddable":true,"href":"https:\/\/us.edu.pl\/wydzial\/wns\/wp-json\/wp\/v2\/comments?post=5875"}],"version-history":[{"count":1,"href":"https:\/\/us.edu.pl\/wydzial\/wns\/wp-json\/wp\/v2\/pages\/5875\/revisions"}],"predecessor-version":[{"id":5876,"href":"https:\/\/us.edu.pl\/wydzial\/wns\/wp-json\/wp\/v2\/pages\/5875\/revisions\/5876"}],"up":[{"embeddable":true,"href":"https:\/\/us.edu.pl\/wydzial\/wns\/wp-json\/wp\/v2\/pages\/419"}],"wp:attachment":[{"href":"https:\/\/us.edu.pl\/wydzial\/wns\/wp-json\/wp\/v2\/media?parent=5875"}],"curies":[{"name":"wp","href":"https:\/\/api.w.org\/{rel}","templated":true}]}}