{"id":5878,"date":"2021-08-25T10:04:42","date_gmt":"2021-08-25T08:04:42","guid":{"rendered":"https:\/\/us.edu.pl\/wydzial\/wns\/?page_id=5878"},"modified":"2023-06-08T23:08:19","modified_gmt":"2023-06-08T21:08:19","slug":"doradztwo-polityczne-i-publiczne","status":"publish","type":"page","link":"https:\/\/us.edu.pl\/wydzial\/wns\/studiuj\/kierunki-studiow\/doradztwo-polityczne-i-publiczne\/","title":{"rendered":"Doradztwo polityczne i publiczne"},"content":{"rendered":"<p>[vc_row][vc_column][vc_column_text][\/vc_column_text][\/vc_column][\/vc_row][vc_row][vc_column][vc_column_text][\/vc_column_text][\/vc_column][\/vc_row][vc_row][vc_column][\/vc_column][\/vc_row][vc_row][vc_column]\r\n                <div class=\"text-modules\">\r\n                    <div class=\"container\">\r\n                        <h3 class=\"page-title text__title\">Doradztwo polityczne i publiczne, studia I stopnia<\/h3>\r\n                        <div class=\"text-modules__content\"><p><strong>Doradztwo polityczne i publiczne to jedyny taki kierunek w ofercie polskich uczelni. \u0141\u0105czy wiedz\u0119 z zakresu nauk politycznych, dziennikarstwa i psychologii oraz praktyczne umiej\u0119tno\u015bci autoprezentacji, pracy w\u00a0zespole i\u00a0wyst\u0119powania przed kamer\u0105.<\/strong> W trakcie studi\u00f3w poznasz m.in. zasady emisji g\u0142osu, techniki kreatywnego my\u015blenia, podstawowe mechanizmy wp\u0142ywu spo\u0142ecznego, sposoby badania opinii publicznej oraz mechanizmy rz\u0105dz\u0105ce wyborami i zachowaniami wyborc\u00f3w. B\u0119dziesz r\u00f3wnie\u017c samodzielnie projektowa\u0107, przeprowadza\u0107 i prezentowa\u0107 wyniki bada\u0144. Dowiesz si\u0119 te\u017c, jak stworzy\u0107 reklam\u0119 polityczn\u0105, jak dobrze wypa\u015b\u0107 w trakcie debaty oraz jak przekonuj\u0105co komunikowa\u0107 si\u0119 z r\u00f3\u017cnymi grupami odbiorc\u00f3w (wyborcami, klientami i organizacjami pozarz\u0105dowymi).<\/p>\n<p>&nbsp;<\/p>\n<p><strong>Czym si\u0119 wyr\u00f3\u017cniamy?<\/strong><\/p>\n<ul>\n<li>Jeste\u015bmy jedynym takim kierunkiem w Polsce, kt\u00f3ry uczy polityki praktycznie.<\/li>\n<li>Nie zale\u017cy nam na du\u017cej liczbie student\u00f3w, tylko na wysokiej jako\u015bci studi\u00f3w.<\/li>\n<li>Podchodzimy indywidualnie do ka\u017cdego studenta \u2013 nie jeste\u015b dla nas anonimowy, znamy twoje zainteresowania i staramy ci si\u0119 pom\u00f3c w rozwijaniu twoich pasji.<\/li>\n<li>Zaj\u0119cia prowadzone s\u0105 r\u00f3wnie\u017c przez praktyk\u00f3w (pracownik\u00f3w medi\u00f3w i lokalnych polityk\u00f3w).<\/li>\n<li>Studenci w trakcie zaj\u0119\u0107 nie tylko zdobywaj\u0105 wiedz\u0119, ale te\u017c praktyczne umiej\u0119tno\u015bci (tworzenie spot\u00f3w wyborczych, organizacja debat, wyst\u0119powanie przed kamer\u0105, fotografii, prowadzenie rozm\u00f3w politycznych, tworzenie podcast\u00f3w).<\/li>\n<li>Studia oferuj\u0105 wiele dodatkowych aktywno\u015bci \u2013 spotkania z politykami, debaty polityczne, dzia\u0142alno\u015b\u0107 w Kole Naukowym Doradztwa Politycznego (organizacja konferencji, studenckie projekty badawcze, publikacje studenckie, obozy naukowe), wsp\u00f3\u0142praca z innymi uniwersytetami oraz wyjazdy naukowe (r\u00f3wnie\u017c zagraniczne).<\/li>\n<\/ul>\n<p><strong>\u00a0<\/strong><\/p>\n<p><strong>Gdzie pracuj\u0105 nasi absolwenci?<\/strong><\/p>\n<p>Nasi absolwenci z powodzeniem pracuj\u0105 w: instytucjach publicznych (m.in. w biurach poselskich i senatorskich), organizacjach pozarz\u0105dowych, sztabach lokalnych, regionalnych i og\u00f3lnopolskich komitet\u00f3w wyborczych. Zajmuj\u0105 si\u0119 w nich: Public Relations, doradztwem politycznym i wizerunkowym, tworzeniem strategii marketingowych, obs\u0142ug\u0105 medi\u00f3w spo\u0142eczno\u015bciowych oraz planowaniem, koordynacj\u0105 i realizacj\u0105 dzia\u0142a\u0144 marketingowych. Prowadz\u0105 r\u00f3wnie\u017c w\u0142asne firmy zajmuj\u0105ce si\u0119 doradztwem wizerunkowym.<\/p>\n<p><strong>\u00a0<\/strong><\/p>\n<p><strong>Co potrafi\u0105 nasi absolwenci?<\/strong><\/p>\n<p>Absolwenci po uko\u0144czeniu studi\u00f3w potrafi\u0105:<\/p>\n<ul>\n<li>my\u015ble\u0107 kreatywnie, pracowa\u0107 w grupie i \u015bwiadomie budowa\u0107 w\u0142asny wizerunek;<\/li>\n<li>budowa\u0107 wizerunek partii politycznych i polityk\u00f3w oraz tworzy\u0107 i zarz\u0105dza\u0107 markami politycznymi;<\/li>\n<li>samodzielnie projektowa\u0107 i organizowa\u0107 badania sprawdzaj\u0105ce skuteczno\u015b\u0107 kampanii spo\u0142ecznych i politycznych;<\/li>\n<li>umiej\u0119tnie planowa\u0107 i realizowa\u0107 strategie marketingowe, ocenia\u0107 profesjonalizm materia\u0142\u00f3w reklamowych i wyborczych oraz wybra\u0107 no\u015bnik tych materia\u0142\u00f3w z uwzgl\u0119dnieniem odbiorcy docelowego (dokonywa\u0107 segmentacji rynku).<\/li>\n<\/ul>\n<p>&nbsp;<\/p>\n<p><strong>Jeszcze Ci\u0119 nie przekonali\u015bmy? Chcesz pozna\u0107 nas lepiej? Wejd\u017a na nasze social media.<\/strong><\/p>\n<p>Facebook: <a href=\"https:\/\/www.facebook.com\/doradztwopolityczneipubliczne\">https:\/\/www.facebook.com\/doradztwopolityczneipubliczne<\/a><\/p>\n<p>Instagram: <a href=\"https:\/\/www.instagram.com\/doradztwo_polityczne\/\">https:\/\/www.instagram.com\/doradztwo_polityczne\/<\/a><\/p>\n<p>Relacje ze spotka\u0144 z politykami, spoty i nagrania zrealizowane w trakcie zaj\u0119\u0107: <a href=\"https:\/\/www.youtube.com\/playlist?list=PL7kQnIKh24k4WtFNPKo52Aj32QfT8Ricm\">https:\/\/www.youtube.com\/playlist?list=PL7kQnIKh24k4WtFNPKo52Aj32QfT8Ricm<\/a><\/p>\n<\/div>\r\n                    <\/div>\r\n                <\/div>[\/vc_column][\/vc_row][vc_row][vc_column][vc_column_text][\/vc_column_text][\/vc_column][\/vc_row][vc_row][vc_column][vc_column_text][\/vc_column_text][\/vc_column][\/vc_row]<\/p>","protected":false},"excerpt":{"rendered":"<p>[vc_row][vc_column][vc_column_text][\/vc_column_text][\/vc_column][\/vc_row][vc_row][vc_column][vc_column_text][\/vc_column_text][\/vc_column][\/vc_row][vc_row][vc_column][\/vc_column][\/vc_row][vc_row][vc_column][\/vc_column][\/vc_row][vc_row][vc_column][vc_column_text][\/vc_column_text][\/vc_column][\/vc_row][vc_row][vc_column][vc_column_text][\/vc_column_text][\/vc_column][\/vc_row] [&#8230;]<\/p>\n<p><a class=\"btn btn-secondary understrap-read-more-link\" href=\"https:\/\/us.edu.pl\/wydzial\/wns\/studiuj\/kierunki-studiow\/doradztwo-polityczne-i-publiczne\/\">Read More&#8230;<\/a><\/p>\n","protected":false},"author":134,"featured_media":0,"parent":419,"menu_order":0,"comment_status":"closed","ping_status":"closed","template":"","meta":{"_expiration-date-status":"","_expiration-date":0,"_expiration-date-type":"","_expiration-date-categories":[],"_expiration-date-options":[]},"acf":[],"_links":{"self":[{"href":"https:\/\/us.edu.pl\/wydzial\/wns\/wp-json\/wp\/v2\/pages\/5878"}],"collection":[{"href":"https:\/\/us.edu.pl\/wydzial\/wns\/wp-json\/wp\/v2\/pages"}],"about":[{"href":"https:\/\/us.edu.pl\/wydzial\/wns\/wp-json\/wp\/v2\/types\/page"}],"author":[{"embeddable":true,"href":"https:\/\/us.edu.pl\/wydzial\/wns\/wp-json\/wp\/v2\/users\/134"}],"replies":[{"embeddable":true,"href":"https:\/\/us.edu.pl\/wydzial\/wns\/wp-json\/wp\/v2\/comments?post=5878"}],"version-history":[{"count":3,"href":"https:\/\/us.edu.pl\/wydzial\/wns\/wp-json\/wp\/v2\/pages\/5878\/revisions"}],"predecessor-version":[{"id":161978,"href":"https:\/\/us.edu.pl\/wydzial\/wns\/wp-json\/wp\/v2\/pages\/5878\/revisions\/161978"}],"up":[{"embeddable":true,"href":"https:\/\/us.edu.pl\/wydzial\/wns\/wp-json\/wp\/v2\/pages\/419"}],"wp:attachment":[{"href":"https:\/\/us.edu.pl\/wydzial\/wns\/wp-json\/wp\/v2\/media?parent=5878"}],"curies":[{"name":"wp","href":"https:\/\/api.w.org\/{rel}","templated":true}]}}