{"id":5884,"date":"2021-08-25T10:19:22","date_gmt":"2021-08-25T08:19:22","guid":{"rendered":"https:\/\/us.edu.pl\/wydzial\/wns\/?page_id=5884"},"modified":"2024-09-04T13:09:46","modified_gmt":"2024-09-04T11:09:46","slug":"pedagogika","status":"publish","type":"page","link":"https:\/\/us.edu.pl\/wydzial\/wns\/studiuj\/kierunki-studiow\/pedagogika\/","title":{"rendered":"Pedagogika"},"content":{"rendered":"<p>[vc_row][vc_column][\/vc_column][\/vc_row][vc_row][vc_column]\r\n                <div class=\"text-modules\">\r\n                    <div class=\"container\">\r\n                        <h3 class=\"page-title text__title\">Pedagogika, studia I stopnia<\/h3>\r\n                        <div class=\"text-modules__content\"><p>Oferowane specjalno\u015bci:<\/p>\n<ul>\n<li>pedagogika resocjalizacyjna z penitencjarystyk\u0105<\/li>\n<li>pedagogika opieku\u0144czo-wychowawcza i terapia pedagogiczna<\/li>\n<\/ul>\n<p>Kiedy nast\u0119puje wyb\u00f3r specjalno\u015bci:\u00a0Wyb\u00f3r na drugim semestrze (specjalno\u015b\u0107 realizowana od trzeciego semestru)<\/p>\n<p>Oferowane lektoraty z j\u0119zyka obcego:\u00a0j\u0119zyk angielski, j\u0119zyk niemiecki, j\u0119zyk rosyjski<\/p>\n<p>Zaj\u0119cia dydaktyczne &#8211; studia stacjonarne: Zaj\u0119cia w dniach poniedzia\u0142ek-pi\u0105tek; w tym obowi\u0105zkowe zaj\u0119cia terenowe w \u015brody (semestr 1 oraz semestr 3)<br \/>\nZaj\u0119cia dydaktyczne &#8211; studia niestacjonarne: pi\u0105tek-niedziela.<\/p>\n<p>Charakterystyka kierunku oraz oferowanych specjalno\u015bci:<\/p>\n<p>Studia pierwszego stopnia na kierunku pedagogika s\u0105 pierwszym etapem przygotowania do wykonywania zawodu nauczyciela pedagoga specjalnego w zakresie wybranej specjalno\u015bci (pedagogika resocjalizacyjna z penitencjarystyk\u0105 lub pedagogika opieku\u0144czo-wychowawcza i terapia pedagogiczna). Studia \u2013 w zale\u017cno\u015bci od wyboru specjalno\u015bci &#8211; daj\u0105 kwalifikacje do pracy w plac\u00f3wkach resortu o\u015bwiaty (MEN, np. szko\u0142a, m\u0142odzie\u017cowy o\u015brodek wychowawczy, poradnia psychologiczno-pedagogiczna), resortu rodziny, pracy i polityki spo\u0142ecznej (MRPiPS, np. dom dziecka) oraz resortu sprawiedliwo\u015bci (MS, np. zak\u0142ad poprawczy, schronisko dla nieletnich, zak\u0142ad karny). Studenci przyswajaj\u0105 tre\u015bci i umiej\u0119tno\u015bci z zakresu socjologii, psychologii, a przede wszystkim z r\u00f3\u017cnych subdyscyplin pedagogiki, dzi\u0119ki czemu w przysz\u0142o\u015bci mog\u0105 prawowa\u0107 jako wychowawcy, diagno\u015bci, opiekunowie i terapeuci w internatach, plac\u00f3wkach oraz zak\u0142adach prowadz\u0105cych oddzia\u0142ywania o\u015bwiatowo-wychowawcze z r\u00f3\u017cnymi grupami odbiorc\u00f3w (uczniowie, rezydenci, podopieczni plac\u00f3wek, skazani).<\/p>\n<p>Specjalno\u015b\u0107: pedagogika opieku\u0144czo-wychowawcza i terapia pedagogiczna:<\/p>\n<p>Specjalno\u015b\u0107 ma na celu przygotowanie student\u00f3w m.in. do stawiania diagnozy sytuacji wychowawczych i opieku\u0144czych, stosowania r\u00f3\u017cnorodnych metod pracy opieku\u0144czej i wychowawczej oraz korekcyjno-kompensacyjnej, prowadzenia dzia\u0142a\u0144 specjalistycznych oraz profilaktycznych w tym udzielania wsparcia dzieciom, uczniom, ich rodzinie, opiekunom oraz nauczycielom, pracuj\u0105cym z dzie\u0107mi z grupy ryzyka specyficznych trudno\u015bci w uczeniu si\u0119 i uczniom z takimi trudno\u015bciami. Studia przygotowuj\u0105 do rozpoznawania indywidualnych potrzeb wychowank\u00f3w, analizy przyczyn trudno\u015bci zar\u00f3wno w \u015brodowisku szkolnym, jak i rodzinnym oraz wyposa\u017caj\u0105 w szerok\u0105 gam\u0119 mo\u017cliwych do zastosowania oddzia\u0142ywa\u0144 zawodowych w grupie wychowawczej i klasie szkolnej oraz pracy indywidualnej.<\/p>\n<p>Studia przygotowuj\u0105 do zawodu pedagog opieku\u0144czo-wychowawczy oraz s\u0105 pierwszym etapem przygotowania do zawodu nauczyciel pedagog specjalny w zakresie terapii pedagogicznej. Specjalno\u015b\u0107 przeznaczona jest dla os\u00f3b, kt\u00f3re w przysz\u0142o\u015bci pragn\u0105 podj\u0105\u0107 prac\u0119:<\/p>\n<ul>\n<li>opieku\u0144czo-wychowawcz\u0105 z dzie\u0107mi, m\u0142odzie\u017c\u0105, osobami doros\u0142ymi, seniorami w plac\u00f3wkach wpierania rodziny i pieczy zast\u0119pczej, opieki spo\u0142ecznej,<\/li>\n<li>korekcyjno-kompensacyjn\u0105 z dzie\u0107mi z grupy ryzyka specyficznych trudno\u015bci w uczeniu si\u0119 oraz uczni\u00f3w ze specyficznymi trudno\u015bciami w uczeniu si\u0119 w plac\u00f3wkach o\u015bwiatowych.<\/li>\n<\/ul>\n<p>Specjalno\u015b\u0107: pedagogika resocjalizacyjna z penitencjarystyk\u0105:<\/p>\n<p>Studenci w toku studi\u00f3w zapoznaj\u0105 si\u0119 z dorobkiem naukowym pedagogiki resocjalizacyjnej, jej obszarami (od diagnozy niedostosowania spo\u0142ecznego i pomocy psychologiczno-pedagogicznej w szkole i innych instytucjach wczesnej interwencji, przez metodyk\u0119 i realizowane programy resocjalizacyjne w \u015brodowisku otwartym i zamkni\u0119tym po prac\u0119 z rodzin\u0105), a tak\u017ce ze wsp\u00f3\u0142czesnymi zjawiskami z zakresu patologii spo\u0142ecznej (samob\u00f3jstwa, alkoholizm, itd.), w tym zw\u0142aszcza przest\u0119pczo\u015bci (nieletnich i doros\u0142ych). Program kszta\u0142cenia zawiera tre\u015bci z prawa karnego wykonawczego oraz nieletnich. Ponadto studenci poznaj\u0105 formy pomocy opieku\u0144czo-wychowawczej, terapeutycznej i socjalnej udzielanej osobom zar\u00f3wno na wczesnym etapie wykolejenia (prewencja przest\u0119pczo\u015bci i demoralizacji), jak i na etapach p\u00f3\u017aniejszych (resocjalizacja instytucjonalna oraz opieka nast\u0119pcza po wyj\u015bciu z plac\u00f3wki zamkni\u0119tej).<\/p>\n<p>Studia s\u0105 pierwszym etapem przygotowania do zawodu nauczyciel pedagog specjalny w zakresie pedagogiki resocjalizacyjnej oraz przygotowuj\u0105 do pracy penitencjarnej (pracy z osadzonymi w zak\u0142adach karnych).<\/p>\n<p>Perspektywy zawodowe (sylwetka absolwenta):<\/p>\n<p>Specjalno\u015b\u0107: pedagogika opieku\u0144czo-wychowawcza i terapia pedagogiczna:<\/p>\n<p>Studia daj\u0105 kwalifikacje do pracy w plac\u00f3wkach resortu rodziny, pracy i polityki spo\u0142ecznej (MRPiPS) tj.<\/p>\n<ul>\n<li>w plac\u00f3wkach wsparcia rodziny np. \u015bwietlicach \u015brodowiskowych, klubach i ogniskach wychowawczych, w pracy podw\u00f3rkowej na stanowisku wychowawcy, pedagoga oraz<\/li>\n<li>w plac\u00f3wkach pieczy zast\u0119pczej na stanowisku pedagoga, wychowawcy<\/li>\n<li>w pieczy rodzinnej, tj. rodziny zast\u0119pcze zawodowe, pogotowia rodzinne, rodzinne domy dziecka oraz<\/li>\n<li>pieczy instytucjonalnej: opieku\u0144czo-wychowawczej typu socjalizacyjnego (domy dziecka), interwencyjnego, rodzinnego, w interwencyjnych o\u015brodkach preadopcyjnych<\/li>\n<li>plac\u00f3wkach pomocy spo\u0142ecznej dla os\u00f3b doros\u0142ych np. domach pomocy spo\u0142ecznej, schroniskach dla bezdomnych, klubach samopomocy, o\u015brodkach\/domach dziennego pobytu.<\/li>\n<\/ul>\n<p>Dzi\u0119ki po\u0142\u0105czeniu specjalno\u015bci opieku\u0144czo-wychowawczej z pedagogik\u0105 korekcyjn\u0105 (terapia pedagogiczna), studenci uzyskuj\u0105 przygotowanie do pracy w plac\u00f3wkach resortu o\u015bwiaty (MEN), takich jak: szko\u0142y, poradnie psychologiczno-pedagogiczne, plac\u00f3wki zapewniaj\u0105ce opiek\u0119 i wychowanie uczniom w okresie pobierania nauki poza miejscem sta\u0142ego zamieszkania (bursy, internaty, \u015bwietlice szkolne), plac\u00f3wki doskonalenia nauczycieli itp., plac\u00f3wki o\u015bwiatowo-wychowawcze wychowania pozaszkolnego (pa\u0142ace m\u0142odzie\u017cy, m\u0142odzie\u017cowe domy kultury, szkolne schroniska m\u0142odzie\u017cowe) na stanowisku nauczyciela, wychowawcy.<\/p>\n<p>Przygotowanie w zakresie pedagogiki korekcyjnej daje mo\u017cliwo\u015b\u0107 zatrudnienia na stanowiskach terapeuty, nauczyciela terapeuty, nauczyciela pedagoga specjalnego, stosownie w:<\/p>\n<ul>\n<li>\u00a0specjalistycznych plac\u00f3wkach wparcia rodziny i pieczy zast\u0119pczej np. \u015bwietlicach specjalistycznych, prowadz\u0105cych prac\u0119 terapeutyczn\u0105 oraz<\/li>\n<li>specjalistycznych plac\u00f3wkach o\u015bwiatowych szkolnych jak i pozaszkolnych, poradniach specjalistycznych.<\/li>\n<\/ul>\n<p>Specjalno\u015b\u0107: pedagogika resocjalizacyjna z penitencjarystyk\u0105:<\/p>\n<p>Studenci uzyskuj\u0105 przygotowanie do pracy:<\/p>\n<ul>\n<li>w plac\u00f3wkach resortu sprawiedliwo\u015bci (MS), takich jak zak\u0142ad poprawczy, schronisko dla nieletnich (na stanowisku nauczyciel-wychowawca), zak\u0142ad karny, areszt \u015bledczy (na stanowisku wychowawcy), zesp\u00f3\u0142 kuratorskiej s\u0142u\u017cby s\u0105dowej (kuratorzy s\u0105dowi dla doros\u0142ych lub rodzinni), o\u015brodek kuratorski, policyjna izba dziecka, opiniodawczy zesp\u00f3\u0142 s\u0105dowych specjalist\u00f3w. A ponadto studenci specjalno\u015bci uzyskuj\u0105 w toku studi\u00f3w kompetencje do pracy w plac\u00f3wkach resortu rodziny, pracy i polityki spo\u0142ecznej (MRPiPS), takich jak: \u015bwietlica \u015brodowiskowa i socjoterapeutyczna, ochotniczy hufiec pracy, organizacje pozarz\u0105dowe (NGO) i o\u015brodki pomocy spo\u0142ecznej w roli asystenta rodziny lub pracownika ulicy (streetworking, partyworking);<\/li>\n<li>w plac\u00f3wkach resortu o\u015bwiaty (MEN), takich jak: m\u0142o\u00addzie\u017cowy o\u015brodek wychowawczy, m\u0142odzie\u017cowy o\u015brodek socjoterapii, szko\u0142y podstawowe i ponadpodstawowe (na stanowisku pedagog specjalny w zakresie pedagogiki resocjalizacyjnej), poradnia psychologiczno-pedagogiczna, plac\u00f3wki wychowania pozaszkolnego (pa\u0142ace m\u0142odzie\u017cy, m\u0142odzie\u017cowe domy kultury, szkolne schroniska m\u0142odzie\u017cowe)<\/li>\n<\/ul>\n<p>Inne, dodatkowe informacje na temat kwalifikacji, np.:<\/p>\n<p>Studia pierwszego stopnia na kierunku pedagogika s\u0105 pierwszym etapem przygotowania do wykonywania zawodu nauczyciela pedagoga specjalnego w zakresie wybranej specjalno\u015bci.<\/p>\n<\/div>\r\n                    <\/div>\r\n                <\/div>[\/vc_column][\/vc_row]<\/p>","protected":false},"excerpt":{"rendered":"<p>[vc_row][vc_column][\/vc_column][\/vc_row][vc_row][vc_column][\/vc_column][\/vc_row] [&#8230;]<\/p>\n<p><a class=\"btn btn-secondary understrap-read-more-link\" href=\"https:\/\/us.edu.pl\/wydzial\/wns\/studiuj\/kierunki-studiow\/pedagogika\/\">Read More&#8230;<\/a><\/p>\n","protected":false},"author":134,"featured_media":0,"parent":419,"menu_order":0,"comment_status":"closed","ping_status":"closed","template":"","meta":{"_expiration-date-status":"","_expiration-date":0,"_expiration-date-type":"","_expiration-date-categories":[],"_expiration-date-options":[]},"acf":[],"_links":{"self":[{"href":"https:\/\/us.edu.pl\/wydzial\/wns\/wp-json\/wp\/v2\/pages\/5884"}],"collection":[{"href":"https:\/\/us.edu.pl\/wydzial\/wns\/wp-json\/wp\/v2\/pages"}],"about":[{"href":"https:\/\/us.edu.pl\/wydzial\/wns\/wp-json\/wp\/v2\/types\/page"}],"author":[{"embeddable":true,"href":"https:\/\/us.edu.pl\/wydzial\/wns\/wp-json\/wp\/v2\/users\/134"}],"replies":[{"embeddable":true,"href":"https:\/\/us.edu.pl\/wydzial\/wns\/wp-json\/wp\/v2\/comments?post=5884"}],"version-history":[{"count":2,"href":"https:\/\/us.edu.pl\/wydzial\/wns\/wp-json\/wp\/v2\/pages\/5884\/revisions"}],"predecessor-version":[{"id":166665,"href":"https:\/\/us.edu.pl\/wydzial\/wns\/wp-json\/wp\/v2\/pages\/5884\/revisions\/166665"}],"up":[{"embeddable":true,"href":"https:\/\/us.edu.pl\/wydzial\/wns\/wp-json\/wp\/v2\/pages\/419"}],"wp:attachment":[{"href":"https:\/\/us.edu.pl\/wydzial\/wns\/wp-json\/wp\/v2\/media?parent=5884"}],"curies":[{"name":"wp","href":"https:\/\/api.w.org\/{rel}","templated":true}]}}