{"id":5891,"date":"2021-08-25T10:57:00","date_gmt":"2021-08-25T08:57:00","guid":{"rendered":"https:\/\/us.edu.pl\/wydzial\/wns\/?page_id=5891"},"modified":"2021-08-25T10:57:00","modified_gmt":"2021-08-25T08:57:00","slug":"politologia","status":"publish","type":"page","link":"https:\/\/us.edu.pl\/wydzial\/wns\/studiuj\/kierunki-studiow\/politologia\/","title":{"rendered":"Politologia"},"content":{"rendered":"<p>[vc_row][vc_column][\/vc_column][\/vc_row][vc_row][vc_column]\r\n                <div class=\"text-modules\">\r\n                    <div class=\"container\">\r\n                        <h3 class=\"page-title text__title\">Politologia, studia I i II stopnia<\/h3>\r\n                        <div class=\"text-modules__content\"><p>Politologia to nauka o charakterze interdyscyplinarnym. Profil studi\u00f3w ma charakter\u00a0og\u00f3lnoakademicki. Politologia najsilniej wi\u0105\u017ce si\u0119 z socjologi\u0105, psychologi\u0105 oraz prawem, a centrum jej zainteresowa\u0144 stanowi polityka. Studia ucz\u0105 rozumienia zjawisk i proces\u00f3w politycznych w skali lokalnej, pa\u0144stwowej, regionalnej i globalnej. Kszta\u0142tuj\u0105 zdolno\u015b\u0107 analizowania i oceniania relacji i zale\u017cno\u015bci mi\u0119dzy funkcjonowaniem instytucji politycznych, pa\u0144stw, organizacji lokalnych, regionalnych i mi\u0119dzynarodowych oraz spo\u0142ecze\u0144stw i jednostek ludzkich. Absolwent kierunku Politologia posiada szerok\u0105 wiedz\u0119 dotycz\u0105c\u0105 funkcjonowania sfery polityki, medi\u00f3w i stosunk\u00f3w mi\u0119dzynarodowych, kt\u00f3ra umo\u017cliwia rozumienie dynamiki zmian politycznych, spo\u0142ecznych, jak r\u00f3wnie\u017c strategii decyzyjnych w skali pa\u0144stwowej i mi\u0119dzynarodowej. Dzi\u0119ki interdyscyplinarnemu wykszta\u0142ceniu absolwent Politologii posiada zdolno\u015b\u0107 wykorzystywania uzyskanej wiedzy i umiej\u0119tno\u015bci do negocjowania, przekonywania i komunikowania si\u0119 z szeroko rozumianym otoczeniem spo\u0142ecznym i politycznym. Integraln\u0105 cz\u0119\u015bci\u0105 studi\u00f3w s\u0105 praktyki zwi\u0105zane z realizowan\u0105 specjalno\u015bci\u0105. Studia na kierunku Politologia maj\u0105 zatem na celu przygotowanie absolwent\u00f3w do pracy w: administracji rz\u0105dowej i samorz\u0105dowej; instytucjach i organizacjach mi\u0119dzynarodowych (rz\u0105dowych i pozarz\u0105dowych); instytucjach publicznych; biurach poselskich i senatorskich; agencjach <em>public relations<\/em>, agencjach reklamowych; pracowniach badawczych; plac\u00f3wkach dyplomatyczne i konsularnych; organizacjach gospodarczych, spo\u0142ecznych i o\u015bwiatowych; specjalistycznych instytutach badawczych i o\u015brodkach eksperckich; a tak\u017ce szeroko poj\u0119tej kariery politycznej.<\/p>\n<p>Politologia zar\u00f3wno na I jak i na II stopniu specjalno\u015bci:<\/p>\n<ul>\n<li>administracja publiczna\u2013 celem specjalno\u015bci jest wykszta\u0142cenie specjalist\u00f3w dysponuj\u0105cych szerok\u0105 merytoryczn\u0105 i praktyczn\u0105 wiedz\u0105 przydatn\u0105 w strukturach organizacyjnych administracji rz\u0105dowej i samorz\u0105dowej. Studenci zapoznaj\u0105 si\u0119 z zasadami powo\u0142ywania poszczeg\u00f3lnych organ\u00f3w administracji publicznej, z ich zadaniami i kompetencjami, a tak\u017ce rol\u0105 jak\u0105 odgrywaj\u0105 w systemie politycznym naszego pa\u0144stwa. Nabywaj\u0105 r\u00f3wnie\u017c wiedz\u0119 dotycz\u0105c\u0105 finans\u00f3w publicznych, pa\u0144stwowych, regionalnych i lokalnych system\u00f3w partyjnych oraz zarz\u0105dzania zespo\u0142ami ludzkimi.<\/li>\n<li>wsp\u00f3\u0142czesne stosunki mi\u0119dzynarodowe \u2013 specjalno\u015b\u0107 przeznaczona jest dla os\u00f3b zainteresowanych problematyk\u0105 relacji mi\u0119dzynarodowych, polityki zagranicznej pa\u0144stwa, bezpiecze\u0144stwa narodowego i mi\u0119dzynarodowego, zagro\u017ce\u0144 dla pokoju i stabilno\u015bci oraz wsp\u00f3\u0142czesnych konflikt\u00f3w zbrojnych; wybieraj\u0105c specjalno\u015b\u0107 mo\u017cna pe\u0142niej zrozumie\u0107 uwarunkowania wp\u0142ywaj\u0105ce na wsp\u00f3\u0142czesne stosunki mi\u0119dzynarodowe, w tym specyfik\u0119 system\u00f3w politycznych wybranych pa\u0144stw, znaczenie surowc\u00f3w energetycznych, wsp\u00f3\u0142czesnych stosunk\u00f3w religijnych, r\u00f3\u017cnic kulturowych, procesu globalizacji, mechanizm\u00f3w rz\u0105dz\u0105cych gospodark\u0105 \u015bwiatow\u0105 oraz norm wyst\u0119puj\u0105cych w stosunkach mi\u0119dzynarodowych.<\/li>\n<li>polityka spo\u0142eczna \u2013 specjalno\u015b\u0107 jest przeznaczona przede wszystkim dla os\u00f3b, kt\u00f3rym bliska jest tematyka spo\u0142eczna i jej kszta\u0142t w przestrzeni publicznej, zar\u00f3wno tej zastanej, jak i szeroko dyskutowanej. W ramach przedmiot\u00f3w specjalizacyjnych podejmowana jest m.in. tematyka polityki zatrudnienia, edukacyjnej, zdrowia i zabezpieczenia spo\u0142ecznego, mieszkalnictwa. Przedmioty o charakterze przekrojowym dotycz\u0105 m.in. organizacji pozarz\u0105dowych, pozyskiwania funduszy europejskich, problem\u00f3w demograficznych i zr\u00f3wnowa\u017conego rozwoju. Wszystkie przedmioty \u0142\u0105cz\u0105 w sobie watki teoretyczne i praktyczne, pozwalaj\u0105ce na nabycie szerokiej wiedzy i umiej\u0119tno\u015bci w obszarach tematycznych zwi\u0105zanych ze specjalno\u015bci\u0105.<\/li>\n<\/ul>\n<p>Perspektywy zawodowe:<\/p>\n<ul>\n<li>kariera polityczna<\/li>\n<li>dziennikarstwo<\/li>\n<li>praca w administracji rz\u0105dowej i samorz\u0105dowej<\/li>\n<li>plac\u00f3wki dyplomatyczne i konsularne<\/li>\n<li>praca w instytucjach i organizacjach mi\u0119dzynarodowych (rz\u0105dowych i pozarz\u0105dowych)<\/li>\n<li>organizacje gospodarcze, spo\u0142eczne i o\u015bwiatowe<\/li>\n<li>kierowanie zespo\u0142ami ludzkimi wykonuj\u0105cymi zadania zlecone<\/li>\n<li>specjalistyczne instytuty badawcze i o\u015brodki eksperckie<\/li>\n<\/ul>\n<p>\n<\/div>\r\n                    <\/div>\r\n                <\/div>[\/vc_column][\/vc_row]<\/p>","protected":false},"excerpt":{"rendered":"<p>[vc_row][vc_column][\/vc_column][\/vc_row][vc_row][vc_column][\/vc_column][\/vc_row] [&#8230;]<\/p>\n<p><a class=\"btn btn-secondary understrap-read-more-link\" href=\"https:\/\/us.edu.pl\/wydzial\/wns\/studiuj\/kierunki-studiow\/politologia\/\">Read More&#8230;<\/a><\/p>\n","protected":false},"author":134,"featured_media":0,"parent":419,"menu_order":0,"comment_status":"closed","ping_status":"closed","template":"","meta":{"_expiration-date-status":"saved","_expiration-date":0,"_expiration-date-type":"","_expiration-date-categories":[],"_expiration-date-options":[]},"acf":[],"_links":{"self":[{"href":"https:\/\/us.edu.pl\/wydzial\/wns\/wp-json\/wp\/v2\/pages\/5891"}],"collection":[{"href":"https:\/\/us.edu.pl\/wydzial\/wns\/wp-json\/wp\/v2\/pages"}],"about":[{"href":"https:\/\/us.edu.pl\/wydzial\/wns\/wp-json\/wp\/v2\/types\/page"}],"author":[{"embeddable":true,"href":"https:\/\/us.edu.pl\/wydzial\/wns\/wp-json\/wp\/v2\/users\/134"}],"replies":[{"embeddable":true,"href":"https:\/\/us.edu.pl\/wydzial\/wns\/wp-json\/wp\/v2\/comments?post=5891"}],"version-history":[{"count":1,"href":"https:\/\/us.edu.pl\/wydzial\/wns\/wp-json\/wp\/v2\/pages\/5891\/revisions"}],"predecessor-version":[{"id":5892,"href":"https:\/\/us.edu.pl\/wydzial\/wns\/wp-json\/wp\/v2\/pages\/5891\/revisions\/5892"}],"up":[{"embeddable":true,"href":"https:\/\/us.edu.pl\/wydzial\/wns\/wp-json\/wp\/v2\/pages\/419"}],"wp:attachment":[{"href":"https:\/\/us.edu.pl\/wydzial\/wns\/wp-json\/wp\/v2\/media?parent=5891"}],"curies":[{"name":"wp","href":"https:\/\/api.w.org\/{rel}","templated":true}]}}