{"id":5913,"date":"2021-08-25T12:18:50","date_gmt":"2021-08-25T10:18:50","guid":{"rendered":"https:\/\/us.edu.pl\/wydzial\/wns\/?page_id=5913"},"modified":"2024-09-09T12:11:49","modified_gmt":"2024-09-09T10:11:49","slug":"5913-2","status":"publish","type":"page","link":"https:\/\/us.edu.pl\/wydzial\/wns\/studiuj\/kierunki-studiow\/5913-2\/","title":{"rendered":"Mi\u0119dzynarodowe studia nauk politycznych i dyplomacji"},"content":{"rendered":"<p>[vc_row][vc_column]\r\n                <div class=\"text-modules\">\r\n                    <div class=\"container\">\r\n                        <h3 class=\"page-title text__title\">Mi\u0119dzynarodowe studia nauk politycznych i dyplomacji, studia I stopnia<\/h3>\r\n                        <div class=\"text-modules__content\"><p>Mi\u0119dzynarodowe studia nauk politycznych i dyplomacji s\u0105 now\u0105 propozycj\u0105 w ofercie Uniwersytetu \u015al\u0105skiego. G\u0142\u00f3wnym celem kierunku jest kszta\u0142cenie przysz\u0142ych kadr m.in. dla plac\u00f3wek dyplomatycznych oraz instytucji mi\u0119dzynarodowych. Podstaw\u0105 programu na tym kierunku s\u0105 nauki polityczne uzupe\u0142nione o zagadnienia prawa, ekonomii, socjologii, historii, a tak\u017ce psychologii. Doskona\u0142a znajomo\u015b\u0107 j\u0119zyk\u00f3w obcych to priorytet kszta\u0142cenia. Studenci b\u0119d\u0105 mieli do wyboru dwie specjalno\u015bci: Administracj\u0119 rz\u0105dow\u0105 i dyplomacj\u0119 oraz Przyw\u00f3dztwo w stosunkach mi\u0119dzynarodowych.<\/p>\n<p>Wyk\u0142ady i zaj\u0119cia na specjalno\u015bci Administracja rz\u0105dowa i dyplomacja prowadzone b\u0119d\u0105 w dw\u00f3ch j\u0119zykach, polskim i angielskim. Wyk\u0142ady i zaj\u0119cia na specjalno\u015bci Przyw\u00f3dztwo w stosunkach mi\u0119dzynarodowych prowadzone b\u0119d\u0105 w ca\u0142o\u015bci w j\u0119zyku angielskim.<\/p>\n<p>Ponadto, studenci uczy\u0107 si\u0119 b\u0119d\u0105 od podstaw j\u0119zyka francuskiego i j\u0119zyka hiszpa\u0144skiego z naciskiem na s\u0142ownictwo specjalistyczne w zakresie stosunk\u00f3w mi\u0119dzynarodowych, administracji publicznej i dyplomacji. G\u0142\u00f3wnym celem studi\u00f3w jest przygotowanie absolwenta do pracy w administracji rz\u0105dowej, s\u0142u\u017cbie cywilnej, a przede wszystkim w polskich plac\u00f3wkach dyplomatycznych, instytucjach i organizacjach mi\u0119dzynarodowych, w tym europejskich. W realizacji tego celu pomo\u017ce kadra specjalist\u00f3w. Obok pracownik\u00f3w naukowych i dydaktycznych Wydzia\u0142u Nauk Spo\u0142ecznych U\u015a zaj\u0119cia prowadzi\u0107 b\u0119d\u0105 eksperci, na co dzie\u0144 pracuj\u0105cy w instytucjach mi\u0119dzynarodowych oraz administracji rz\u0105dowej i plac\u00f3wkach dyplomatycznych<\/p>\n<\/div>\r\n                    <\/div>\r\n                <\/div>[\/vc_column][\/vc_row]<\/p>","protected":false},"excerpt":{"rendered":"<p>[vc_row][vc_column][\/vc_column][\/vc_row] [&#8230;]<\/p>\n<p><a class=\"btn btn-secondary understrap-read-more-link\" href=\"https:\/\/us.edu.pl\/wydzial\/wns\/studiuj\/kierunki-studiow\/5913-2\/\">Read More&#8230;<\/a><\/p>\n","protected":false},"author":134,"featured_media":0,"parent":419,"menu_order":0,"comment_status":"closed","ping_status":"closed","template":"","meta":{"_expiration-date-status":"","_expiration-date":0,"_expiration-date-type":"","_expiration-date-categories":[],"_expiration-date-options":[]},"acf":[],"_links":{"self":[{"href":"https:\/\/us.edu.pl\/wydzial\/wns\/wp-json\/wp\/v2\/pages\/5913"}],"collection":[{"href":"https:\/\/us.edu.pl\/wydzial\/wns\/wp-json\/wp\/v2\/pages"}],"about":[{"href":"https:\/\/us.edu.pl\/wydzial\/wns\/wp-json\/wp\/v2\/types\/page"}],"author":[{"embeddable":true,"href":"https:\/\/us.edu.pl\/wydzial\/wns\/wp-json\/wp\/v2\/users\/134"}],"replies":[{"embeddable":true,"href":"https:\/\/us.edu.pl\/wydzial\/wns\/wp-json\/wp\/v2\/comments?post=5913"}],"version-history":[{"count":5,"href":"https:\/\/us.edu.pl\/wydzial\/wns\/wp-json\/wp\/v2\/pages\/5913\/revisions"}],"predecessor-version":[{"id":166778,"href":"https:\/\/us.edu.pl\/wydzial\/wns\/wp-json\/wp\/v2\/pages\/5913\/revisions\/166778"}],"up":[{"embeddable":true,"href":"https:\/\/us.edu.pl\/wydzial\/wns\/wp-json\/wp\/v2\/pages\/419"}],"wp:attachment":[{"href":"https:\/\/us.edu.pl\/wydzial\/wns\/wp-json\/wp\/v2\/media?parent=5913"}],"curies":[{"name":"wp","href":"https:\/\/api.w.org\/{rel}","templated":true}]}}