{"id":5917,"date":"2021-08-25T12:24:26","date_gmt":"2021-08-25T10:24:26","guid":{"rendered":"https:\/\/us.edu.pl\/wydzial\/wns\/?page_id=5917"},"modified":"2021-08-25T12:24:26","modified_gmt":"2021-08-25T10:24:26","slug":"bezpieczenstwo-narodowe-i-miedzynarodowe-ii","status":"publish","type":"page","link":"https:\/\/us.edu.pl\/wydzial\/wns\/studiuj\/kierunki-studiow\/bezpieczenstwo-narodowe-i-miedzynarodowe-ii\/","title":{"rendered":"Bezpiecze\u0144stwo narodowe i mi\u0119dzynarodowe II"},"content":{"rendered":"<p>[vc_row][vc_column][\/vc_column][\/vc_row][vc_row][vc_column]\r\n                <div class=\"text-modules\">\r\n                    <div class=\"container\">\r\n                        <h3 class=\"page-title text__title\">Bezpiecze\u0144stwo narodowe i mi\u0119dzynarodowe, studia II stopnia<\/h3>\r\n                        <div class=\"text-modules__content\"><p>Studia II stopnia na kierunku Bezpiecze\u0144stwo Narodowe i Mi\u0119dzynarodowe maj\u0105 na celu pog\u0142\u0119bienie wiedzy na temat proces\u00f3w i zjawisk dotycz\u0105cych szeroko poj\u0119tego bezpiecze\u0144stwa, zar\u00f3wno w wymiarze podmiotowym, jak i przedmiotowym.<br \/>\nAbsolwenci tego kierunku b\u0119d\u0105 trafnie identyfikowa\u0107 wyzwania i zagro\u017cenia dla bezpiecze\u0144stwa narodowego i mi\u0119dzynarodowego, rozumie\u0107 ich specyfik\u0119, a tak\u017ce w\u0142a\u015bciwie dobiera\u0107 \u015brodki przeciwdzia\u0142ania im na r\u00f3\u017cnych szczeblach. Posi\u0105d\u0105 tak\u017ce wiedz\u0119 na temat podstawowych proces\u00f3w i trend\u00f3w w \u015brodowisku mi\u0119dzynarodowym, maj\u0105cych wp\u0142yw na bezpiecze\u0144stwo cz\u0142owieka i jego zbiorowo\u015bci, ze szczeg\u00f3lnym uwzgl\u0119dnieniem zagadnie\u0144 politycznych, wojskowych, kulturowych, ekologicznych, technologicznych i ekonomicznych.<\/p>\n<p>Siatka zaj\u0119\u0107 na studiach II stopnia kierunku Bezpiecze\u0144stwo Narodowe i Mi\u0119dzynarodowe zawiera trzy grupy modu\u0142\u00f3w.<\/p>\n<p>Pierwsza zosta\u0142a po\u015bwi\u0119cona problematyce og\u00f3lnej, w tym kwestiom terminologicznym i teoretycznym z zakresu nauk o bezpiecze\u0144stwie, zagadnieniom normatywnym, a tak\u017ce najwa\u017cniejszym trendom i zjawiskom wyst\u0119puj\u0105cym w tej dziedzinie. Mo\u017cna tu wymieni\u0107 m.in. Megatrendy rozwojowe we wsp\u00f3\u0142czesnych stosunkach mi\u0119dzynarodowych, Aparat represji wobec Ko\u015bcio\u0142a w Polsce i ZSRR (1945-1989\/91), Zagro\u017cenia asymetryczne, wyk\u0142ady monograficzne, konwersatoria monograficzne.<\/p>\n<p>Druga grupa zawiera modu\u0142y po\u015bwi\u0119cone r\u00f3\u017cnym wymiarom przedmiotowym bezpiecze\u0144stwa (polityczne, wojskowe, gospodarcze, ekologiczne, prawne), w tym m.in.: Rewolucje polityczne, Systemy polityczne pa\u0144stw Trzeciego \u015awiata, Bezpiecze\u0144stwo ekologiczne, Konflikty zbrojne w uj\u0119ciu historycznym, Zarz\u0105dzanie bezpiecze\u0144stwem narodowym RP, Rosja i obszar poradziecki w stosunkach mi\u0119dzynarodowych, Podstawy kryminologii, Podstawy kryminalistyki, Wy\u015bcig zbroje\u0144 w XX i XXI wieku, Prawo wykrocze\u0144, Propaganda i manipulacja jako zagro\u017cenie dla bezpiecze\u0144stwa.<\/p>\n<p>Warto podkre\u015bli\u0107, i\u017c w ramach siatki przedmiot\u00f3w II stopnia kierunku Bezpiecze\u0144stwo Narodowe i Mi\u0119dzynarodowe bardzo du\u017cy nacisk po\u0142o\u017cono na przygotowanie absolwent\u00f3w z zakresu szeroko poj\u0119tego bezpiecze\u0144stwa kulturowego, kt\u00f3rego znaczenie w ostatnich latach niepomiernie wzros\u0142o. W zwi\u0105zku z tym, uwzgl\u0119dniono przedmioty, kt\u00f3re powinny uzupe\u0142ni\u0107 wiedz\u0119 i wykszta\u0142ci\u0107 umiej\u0119tno\u015bci analityczne i kompetencje spo\u0142eczne student\u00f3w w tej dziedzinie. Obok modu\u0142u Podstawy orientalistyki, szczeg\u00f3lnie istotne s\u0105 dwa modu\u0142y j\u0119zykowe: j\u0119zyk arabski oraz j\u0119zyk chi\u0144ski. Ich znajomo\u015b\u0107 ma obecnie fundamentalne znaczenie dla rozumienia proces\u00f3w i zjawisk wp\u0142ywaj\u0105cych na stan bezpiecze\u0144stwa narodowego i mi\u0119dzynarodowego. Warto podkre\u015bli\u0107, i\u017c istnieje na rynku pracy bardzo du\u017ce zapotrzebowanie ze strony s\u0142u\u017cb mundurowych na specjalist\u00f3w posiadaj\u0105cych zar\u00f3wno wiedz\u0119 obejmuj\u0105c\u0105 podstawy orientalistyki, j\u0119zyk arabski i chi\u0144ski oraz specjalistyczn\u0105 wiedz\u0119 z zakresu bezpiecze\u0144stwa narodowego i mi\u0119dzynarodowego.<\/p>\n<p>Trzecia grupa zawiera modu\u0142y k\u0142ad\u0105ce nacisk na praktyczne aspekty zwi\u0105zane z problematyk\u0105 bezpiecze\u0144stwa narodowego i mi\u0119dzynarodowego, w tym: Czynno\u015bci operacyjno-rozpoznawcze, Podstawy dzia\u0142a\u0144 ratowniczych i ochrony ludno\u015bci, Techniki pozyskiwania informacji z otwartych \u017ar\u00f3de\u0142, Protok\u00f3\u0142 dyplomatyczny i savoir-vivre w praktyce, S\u0142u\u017cba po\u017carna w systemie bezpiecze\u0144stwa pa\u0144stwa, Prognozowanie i symulacje mi\u0119dzynarodowe, Rodzaje broni i uzbrojenia.<\/p>\n<p>Studia II stopnia Bezpiecze\u0144stwo Narodowe i Mi\u0119dzynarodowe w Instytucie Nauk Politycznych i Dziennikarstwa Wydzia\u0142u Nauk Spo\u0142ecznych Uniwersytetu \u015al\u0105skiego maj\u0105 na celu przygotowanie absolwent\u00f3w do pracy w:<\/p>\n<ul>\n<li>szeroko poj\u0119tych s\u0142u\u017cbach mundurowych i specjalnych (Policja, Agencja Bezpiecze\u0144stwa Wewn\u0119trznego, Stra\u017c Graniczna, Agencja Wywiadu, S\u0142u\u017cba Kontrwywiadu Wojskowego, S\u0142u\u017cba Wywiadu Wojskowego, Wojsko Polskie),<\/li>\n<li>w o\u015brodkach badawczych zajmuj\u0105cych si\u0119 problematyk\u0105 szeroko rozumianego bezpiecze\u0144stwa (politycznego, militarnego, gospodarczego, kulturowego, informacyjnego, w tym teleinformatycznego),<\/li>\n<li>w organizacjach rz\u0105dowych i pozarz\u0105dowych, kt\u00f3rych dzia\u0142alno\u015b\u0107 obejmuje sfer\u0119 bezpiecze\u0144stwa narodowego i mi\u0119dzynarodowego,<\/li>\n<li>w administracji publicznej r\u00f3\u017cnego szczebla (lokalnego, wojew\u00f3dzkiego, pa\u0144stwowego), w kom\u00f3rkach zajmuj\u0105cych si\u0119 bezpiecze\u0144stwem narodowym,<\/li>\n<li>samorz\u0105dzie lokalnym i regionalnym,<\/li>\n<li>w partiach politycznych,<\/li>\n<li>w przedsi\u0119biorstwach dzia\u0142aj\u0105cych na rynkach mi\u0119dzynarodowych,<\/li>\n<li>w szeroko poj\u0119tych \u015brodkach masowego przekazu, w zakresie bezpiecze\u0144stwa narodowego i mi\u0119dzynarodowego,<\/li>\n<li>zespo\u0142ach reagowania kryzysowego.<\/li>\n<\/ul>\n<p>\n<\/div>\r\n                    <\/div>\r\n                <\/div>[\/vc_column][\/vc_row]<\/p>","protected":false},"excerpt":{"rendered":"<p>[vc_row][vc_column][\/vc_column][\/vc_row][vc_row][vc_column][\/vc_column][\/vc_row] [&#8230;]<\/p>\n<p><a class=\"btn btn-secondary understrap-read-more-link\" href=\"https:\/\/us.edu.pl\/wydzial\/wns\/studiuj\/kierunki-studiow\/bezpieczenstwo-narodowe-i-miedzynarodowe-ii\/\">Read More&#8230;<\/a><\/p>\n","protected":false},"author":134,"featured_media":0,"parent":419,"menu_order":0,"comment_status":"closed","ping_status":"closed","template":"","meta":{"_expiration-date-status":"saved","_expiration-date":0,"_expiration-date-type":"","_expiration-date-categories":[],"_expiration-date-options":[]},"acf":[],"_links":{"self":[{"href":"https:\/\/us.edu.pl\/wydzial\/wns\/wp-json\/wp\/v2\/pages\/5917"}],"collection":[{"href":"https:\/\/us.edu.pl\/wydzial\/wns\/wp-json\/wp\/v2\/pages"}],"about":[{"href":"https:\/\/us.edu.pl\/wydzial\/wns\/wp-json\/wp\/v2\/types\/page"}],"author":[{"embeddable":true,"href":"https:\/\/us.edu.pl\/wydzial\/wns\/wp-json\/wp\/v2\/users\/134"}],"replies":[{"embeddable":true,"href":"https:\/\/us.edu.pl\/wydzial\/wns\/wp-json\/wp\/v2\/comments?post=5917"}],"version-history":[{"count":1,"href":"https:\/\/us.edu.pl\/wydzial\/wns\/wp-json\/wp\/v2\/pages\/5917\/revisions"}],"predecessor-version":[{"id":5918,"href":"https:\/\/us.edu.pl\/wydzial\/wns\/wp-json\/wp\/v2\/pages\/5917\/revisions\/5918"}],"up":[{"embeddable":true,"href":"https:\/\/us.edu.pl\/wydzial\/wns\/wp-json\/wp\/v2\/pages\/419"}],"wp:attachment":[{"href":"https:\/\/us.edu.pl\/wydzial\/wns\/wp-json\/wp\/v2\/media?parent=5917"}],"curies":[{"name":"wp","href":"https:\/\/api.w.org\/{rel}","templated":true}]}}