{"id":5920,"date":"2021-08-25T12:28:14","date_gmt":"2021-08-25T10:28:14","guid":{"rendered":"https:\/\/us.edu.pl\/wydzial\/wns\/?page_id=5920"},"modified":"2021-08-25T12:28:14","modified_gmt":"2021-08-25T10:28:14","slug":"miedzynarodowe-studia-nauk-politycznych-i-dyplomacji-ii","status":"publish","type":"page","link":"https:\/\/us.edu.pl\/wydzial\/wns\/studiuj\/kierunki-studiow\/miedzynarodowe-studia-nauk-politycznych-i-dyplomacji-ii\/","title":{"rendered":"Mi\u0119dzynarodowe studia nauk politycznych i dyplomacji II"},"content":{"rendered":"<p>[vc_row][vc_column][\/vc_column][\/vc_row][vc_row][vc_column]\r\n                <div class=\"text-modules\">\r\n                    <div class=\"container\">\r\n                        <h3 class=\"page-title text__title\">Mi\u0119dzynarodowe studia nauk politycznych i dyplomacji, studia II stopnia<\/h3>\r\n                        <div class=\"text-modules__content\"><p><strong>Mi\u0119dzynarodowe studia nauk politycznych i dyplomacji<\/strong> s\u0105 now\u0105 propozycj\u0105 w ofercie Uniwersytetu \u015al\u0105skiego. G\u0142\u00f3wnym celem kierunku jest przygotowanie absolwent\u00f3w do pracy zawodowej w instytucjach i organizacjach mi\u0119dzynarodowych, instytucjach europejskich, w plac\u00f3wkach dyplomatycznych i konsularnych, a tak\u017ce w administracji rz\u0105dowej i s\u0142u\u017cbie cywilnej. Studia koncentruj\u0105 si\u0119 na tym, aby student po uko\u0144czeniu kierunku mia\u0142 najwy\u017csze kompetencje do samodzielnej pracy na odpowiedzialnych stanowiskach. Program zosta\u0142 tak skonstruowany, \u017ce pozwala kontynuowa\u0107 nauk\u0119 w Krajowej Szkole Administracji Publicznej lub na aplikacji dyplomatyczno-konsularnej. Doskonale wykwalifikowana kadra naukowa i dydaktyczna, eksperci zewn\u0119trzni, wizyty w instytucjach mi\u0119dzynarodowych oraz administracji pa\u0144stwowej \u2013 to wszystko pomo\u017ce absolwentom studi\u00f3w zasili\u0107, po uko\u0144czeniu studi\u00f3w magisterskich, polskie i zagraniczne jednostki administracji publicznej oraz przedstawicielstwa dyplomatyczne. Studia prowadzone s\u0105 w dw\u00f3ch j\u0119zykach: polskim i angielskim. Program studi\u00f3w obejmuje tak\u017ce obowi\u0105zkowe zaj\u0119cia z j\u0119zyka francuskiego i hiszpa\u0144skiego, rozpoczynaj\u0105c od poziomu podstawowego.<\/p>\n<\/div>\r\n                    <\/div>\r\n                <\/div>[\/vc_column][\/vc_row]<\/p>","protected":false},"excerpt":{"rendered":"<p>[vc_row][vc_column][\/vc_column][\/vc_row][vc_row][vc_column][\/vc_column][\/vc_row] [&#8230;]<\/p>\n<p><a class=\"btn btn-secondary understrap-read-more-link\" href=\"https:\/\/us.edu.pl\/wydzial\/wns\/studiuj\/kierunki-studiow\/miedzynarodowe-studia-nauk-politycznych-i-dyplomacji-ii\/\">Read More&#8230;<\/a><\/p>\n","protected":false},"author":134,"featured_media":0,"parent":419,"menu_order":0,"comment_status":"closed","ping_status":"closed","template":"","meta":{"_expiration-date-status":"saved","_expiration-date":0,"_expiration-date-type":"","_expiration-date-categories":[],"_expiration-date-options":[]},"acf":[],"_links":{"self":[{"href":"https:\/\/us.edu.pl\/wydzial\/wns\/wp-json\/wp\/v2\/pages\/5920"}],"collection":[{"href":"https:\/\/us.edu.pl\/wydzial\/wns\/wp-json\/wp\/v2\/pages"}],"about":[{"href":"https:\/\/us.edu.pl\/wydzial\/wns\/wp-json\/wp\/v2\/types\/page"}],"author":[{"embeddable":true,"href":"https:\/\/us.edu.pl\/wydzial\/wns\/wp-json\/wp\/v2\/users\/134"}],"replies":[{"embeddable":true,"href":"https:\/\/us.edu.pl\/wydzial\/wns\/wp-json\/wp\/v2\/comments?post=5920"}],"version-history":[{"count":1,"href":"https:\/\/us.edu.pl\/wydzial\/wns\/wp-json\/wp\/v2\/pages\/5920\/revisions"}],"predecessor-version":[{"id":5921,"href":"https:\/\/us.edu.pl\/wydzial\/wns\/wp-json\/wp\/v2\/pages\/5920\/revisions\/5921"}],"up":[{"embeddable":true,"href":"https:\/\/us.edu.pl\/wydzial\/wns\/wp-json\/wp\/v2\/pages\/419"}],"wp:attachment":[{"href":"https:\/\/us.edu.pl\/wydzial\/wns\/wp-json\/wp\/v2\/media?parent=5920"}],"curies":[{"name":"wp","href":"https:\/\/api.w.org\/{rel}","templated":true}]}}