{"id":5923,"date":"2021-08-25T12:32:15","date_gmt":"2021-08-25T10:32:15","guid":{"rendered":"https:\/\/us.edu.pl\/wydzial\/wns\/?page_id=5923"},"modified":"2021-08-25T12:32:35","modified_gmt":"2021-08-25T10:32:35","slug":"polityki-miejskie-i-doradztwo-publiczne","status":"publish","type":"page","link":"https:\/\/us.edu.pl\/wydzial\/wns\/studiuj\/kierunki-studiow\/polityki-miejskie-i-doradztwo-publiczne\/","title":{"rendered":"Polityki miejskie i doradztwo publiczne"},"content":{"rendered":"<p>[vc_row][vc_column][\/vc_column][\/vc_row][vc_row][vc_column]\r\n                <div class=\"text-modules\">\r\n                    <div class=\"container\">\r\n                        <h3 class=\"page-title text__title\">Polityki miejskie i doradztwo publiczne, studia II stopnia<\/h3>\r\n                        <div class=\"text-modules__content\"><p>Kierunek \u201ePolityki miejskie i doradztwo publiczne\u201d ma charakter innowacyjnego i interdyscyplinarnego) programu studi\u00f3w 2 stopnia w obszarze nauk spo\u0142ecznych (dyscypliny: nauki socjologiczne oraz nauki o polityce i administracji, dostosowanego do potrzeb rynku pracy, gospodarki i spo\u0142ecze\u0144stwa, w jego opracowanie i prowadzenie zaj\u0119\u0107 w\u0142\u0105czeni zostali m.in. do\u015bwiadczeni specjali\u015bci z danych obszar\u00f3w wiedzy oraz potencjalni pracodawcy. Program \u0142\u0105czy wiedz\u0119 akademick\u0105 z zakresu polityki, socjologii i polityk publicznych z zaj\u0119ciami o charakterze praktycznym dotycz\u0105cymi projektowania i analizy polityk publicznych ze szczeg\u00f3lnym uwzgl\u0119dnieniem polityki miejskiej, propagowaniu i wdra\u017caniu dzia\u0142a\u0144 prospo\u0142ecznych. Kierunek przygotowuje do formu\u0142owania polityki i inicjatyw na rzecz obszar\u00f3w miejskich i metropolitalnych, zainspirowanych przez przemy\u015blane zaanga\u017cowanie w teori\u0119 i praktyk\u0119 spo\u0142eczn\u0105. Program studi\u00f3w rozwija wiedz\u0119 specjalistyczn\u0105 w okre\u015blonych obszarach polityki miejskiej, regionalnej czy publicznej, buduje osobiste i profesjonalne sieci, pozwala na kontakty z osobami i instytucjami, kt\u00f3re pomog\u0105 studentom rozpocz\u0105\u0107 karier\u0119 po uko\u0144czeniu studi\u00f3w.<\/p>\n<p>Absolwent jest przygotowany do podj\u0119cia pracy we wszelkich typach instytucji \u017cycia zbiorowego, a zw\u0142aszcza w tych, kt\u00f3re s\u0105 zwi\u0105zane z funkcjonowaniem miasta, w szczeg\u00f3lno\u015bci w: instytucjach administracji publicznej, w jednostkach samorz\u0105dowych urz\u0119d\u00f3w gmin, powiat\u00f3w, w instytucjach kultury, w organizacjach pozarz\u0105dowych, agencjach rozwoju regionalnego oraz przedsi\u0119biorstwach zajmuj\u0105cych si\u0119 planowaniem przestrzennym i rozwojem regionalnym, o\u015brodkach bada\u0144 opinii spo\u0142ecznej oraz jako specjalista\/doradca w zakresie: tworzenia program\u00f3w strategii rozwoju lokalnego i regionalnego oraz projekt\u00f3w dotycz\u0105cych tworzenia inicjatyw obywatelskich.<br \/>\nPonadto, absolwenci kierunku\u00a0przygotowani s\u0105 do pracy w instytucjach publicznych, biurach poselskich i senatorskich, w organizacjach politycznych, organach jednostek samorz\u0105du terytorialnego, w szczeg\u00f3lno\u015bci w obszarze projektowania i realizacji kampanii spo\u0142ecznych i politycznych oraz projektowania kampanii medialnych. Mog\u0105 tak\u017ce pracowa\u0107 w agencjach public relations, jak r\u00f3wnie\u017c wykonywa\u0107 zaw\u00f3d rzecznika prasowego, analityka opinii publicznej, doradcy ds. wizerunku politycznego, kierownika i\u00a0pracownika sztab\u00f3w wyborczych.<\/p>\n<\/div>\r\n                    <\/div>\r\n                <\/div>[\/vc_column][\/vc_row]<\/p>","protected":false},"excerpt":{"rendered":"<p>[vc_row][vc_column][\/vc_column][\/vc_row][vc_row][vc_column][\/vc_column][\/vc_row] [&#8230;]<\/p>\n<p><a class=\"btn btn-secondary understrap-read-more-link\" href=\"https:\/\/us.edu.pl\/wydzial\/wns\/studiuj\/kierunki-studiow\/polityki-miejskie-i-doradztwo-publiczne\/\">Read More&#8230;<\/a><\/p>\n","protected":false},"author":134,"featured_media":0,"parent":419,"menu_order":0,"comment_status":"closed","ping_status":"closed","template":"","meta":{"_expiration-date-status":"saved","_expiration-date":0,"_expiration-date-type":"","_expiration-date-categories":[],"_expiration-date-options":[]},"acf":[],"_links":{"self":[{"href":"https:\/\/us.edu.pl\/wydzial\/wns\/wp-json\/wp\/v2\/pages\/5923"}],"collection":[{"href":"https:\/\/us.edu.pl\/wydzial\/wns\/wp-json\/wp\/v2\/pages"}],"about":[{"href":"https:\/\/us.edu.pl\/wydzial\/wns\/wp-json\/wp\/v2\/types\/page"}],"author":[{"embeddable":true,"href":"https:\/\/us.edu.pl\/wydzial\/wns\/wp-json\/wp\/v2\/users\/134"}],"replies":[{"embeddable":true,"href":"https:\/\/us.edu.pl\/wydzial\/wns\/wp-json\/wp\/v2\/comments?post=5923"}],"version-history":[{"count":1,"href":"https:\/\/us.edu.pl\/wydzial\/wns\/wp-json\/wp\/v2\/pages\/5923\/revisions"}],"predecessor-version":[{"id":5924,"href":"https:\/\/us.edu.pl\/wydzial\/wns\/wp-json\/wp\/v2\/pages\/5923\/revisions\/5924"}],"up":[{"embeddable":true,"href":"https:\/\/us.edu.pl\/wydzial\/wns\/wp-json\/wp\/v2\/pages\/419"}],"wp:attachment":[{"href":"https:\/\/us.edu.pl\/wydzial\/wns\/wp-json\/wp\/v2\/media?parent=5923"}],"curies":[{"name":"wp","href":"https:\/\/api.w.org\/{rel}","templated":true}]}}