{"id":5941,"date":"2021-08-25T13:27:00","date_gmt":"2021-08-25T11:27:00","guid":{"rendered":"https:\/\/us.edu.pl\/wydzial\/wns\/?page_id=5941"},"modified":"2021-09-09T14:10:03","modified_gmt":"2021-09-09T12:10:03","slug":"pedagogika-specjalnosc-pedagogika-resocjalizacyjna-z-profilaktyka-spoleczna","status":"publish","type":"page","link":"https:\/\/us.edu.pl\/wydzial\/wns\/studiuj\/kierunki-studiow\/pedagogika-specjalnosc-pedagogika-resocjalizacyjna-z-profilaktyka-spoleczna\/","title":{"rendered":"Pedagogika, specjalno\u015b\u0107: pedagogika resocjalizacyjna z profilaktyk\u0105 spo\u0142eczn\u0105"},"content":{"rendered":"<p>[vc_row][vc_column][\/vc_column][\/vc_row][vc_row][vc_column]\r\n                <div class=\"text-modules\">\r\n                    <div class=\"container\">\r\n                        <h3 class=\"page-title text__title\">Pedagogika, specjalno\u015b\u0107: pedagogika resocjalizacyjna z profilaktyk\u0105 spo\u0142eczn\u0105, studia II stopnia<\/h3>\r\n                        <div class=\"text-modules__content\"><p>Celem studi\u00f3w jest posze\u00adrzenie wiedzy pedagogicznej absol\u00adwent\u00f3w oraz przygotowanie ich do podj\u0119cia studi\u00f3w III stopnia (dokto\u00adranckich), a tak\u017ce uzyskanie przez nich podstaw teoretycznych i umiej\u0119tno\u015bci dalszego samokszta\u0142cenia. W ramach specjalno\u015bci student ma mo\u017cliwo\u015b\u0107 poznania problematyki m.in. z zakresu: psychologii niedostosowania spo\u0142ecz\u00adnego, wsparcia i pomocy rodzinie zagro\u017conej, budowy program\u00f3w profilaktycznych, europejs\u00adkich i pozaeuropejskich system\u00f3w resocjalizacyjnych oraz element\u00f3w prawa cywilnego, pracy, administracyjnego i socjalnego. Specjalno\u015b\u0107 pozwala na uzupe\u0142nienie wykszta\u0142cenia w przypadku kontynuowania specjalno\u015bci ze stu\u00addi\u00f3w I stopnia, a w przypadku zmiany specjalno\u015bci po uzupe\u0142nieniu r\u00f3\u017cnic programowych.<\/p>\n<p>Studia przygotowuj\u0105 do pracy z nieletnimi w \u015brodowisku otwartym (kuratorzy rodzinni, pedagogika podw\u00f3rkowa) oraz z doros\u0142ymi przest\u0119pcami w instytucjach zamkni\u0119tych (zak\u0142ad karny, areszt \u015bledczy) i w \u015brodowisku otwartym (kuratorzy dla doros\u0142ych). W programie studi\u00f3w znajduje si\u0119 r\u00f3wnie\u017c wiele tre\u015bci po\u015bwi\u0119conych dzieciom i m\u0142odzie\u017cy w zagro\u017ceniu (demoralizacj\u0105 oraz wykolejeniem przest\u0119pczym).<\/p>\n<\/div>\r\n                    <\/div>\r\n                <\/div>[\/vc_column][\/vc_row]<\/p>","protected":false},"excerpt":{"rendered":"<p>[vc_row][vc_column][\/vc_column][\/vc_row][vc_row][vc_column][\/vc_column][\/vc_row] [&#8230;]<\/p>\n<p><a class=\"btn btn-secondary understrap-read-more-link\" href=\"https:\/\/us.edu.pl\/wydzial\/wns\/studiuj\/kierunki-studiow\/pedagogika-specjalnosc-pedagogika-resocjalizacyjna-z-profilaktyka-spoleczna\/\">Read More&#8230;<\/a><\/p>\n","protected":false},"author":134,"featured_media":0,"parent":419,"menu_order":0,"comment_status":"closed","ping_status":"closed","template":"","meta":{"_expiration-date-status":"saved","_expiration-date":0,"_expiration-date-type":"","_expiration-date-categories":[],"_expiration-date-options":[]},"acf":[],"_links":{"self":[{"href":"https:\/\/us.edu.pl\/wydzial\/wns\/wp-json\/wp\/v2\/pages\/5941"}],"collection":[{"href":"https:\/\/us.edu.pl\/wydzial\/wns\/wp-json\/wp\/v2\/pages"}],"about":[{"href":"https:\/\/us.edu.pl\/wydzial\/wns\/wp-json\/wp\/v2\/types\/page"}],"author":[{"embeddable":true,"href":"https:\/\/us.edu.pl\/wydzial\/wns\/wp-json\/wp\/v2\/users\/134"}],"replies":[{"embeddable":true,"href":"https:\/\/us.edu.pl\/wydzial\/wns\/wp-json\/wp\/v2\/comments?post=5941"}],"version-history":[{"count":2,"href":"https:\/\/us.edu.pl\/wydzial\/wns\/wp-json\/wp\/v2\/pages\/5941\/revisions"}],"predecessor-version":[{"id":6118,"href":"https:\/\/us.edu.pl\/wydzial\/wns\/wp-json\/wp\/v2\/pages\/5941\/revisions\/6118"}],"up":[{"embeddable":true,"href":"https:\/\/us.edu.pl\/wydzial\/wns\/wp-json\/wp\/v2\/pages\/419"}],"wp:attachment":[{"href":"https:\/\/us.edu.pl\/wydzial\/wns\/wp-json\/wp\/v2\/media?parent=5941"}],"curies":[{"name":"wp","href":"https:\/\/api.w.org\/{rel}","templated":true}]}}